{"id":989,"date":"2025-08-13T13:55:05","date_gmt":"2025-08-13T13:55:05","guid":{"rendered":"https:\/\/www.blackprodesign.dz\/?page_id=989"},"modified":"2025-08-15T07:03:07","modified_gmt":"2025-08-15T07:03:07","slug":"retortproof-iml","status":"publish","type":"page","link":"https:\/\/www.blackprodesign.dz\/tr\/retortproof-iml\/","title":{"rendered":"RetortProof IML"},"content":{"rendered":"<div data-elementor-type=\"wp-page\" data-elementor-id=\"989\" class=\"elementor elementor-989\" data-elementor-post-type=\"page\">\n\t\t\t\t<div class=\"elementor-element elementor-element-417ceb49 e-flex e-con-boxed e-con e-parent\" data-id=\"417ceb49\" data-element_type=\"container\" data-e-type=\"container\" data-settings=\"{&quot;background_background&quot;:&quot;classic&quot;}\">\n\t\t\t\t\t<div class=\"e-con-inner\">\n\t\t<div class=\"elementor-element elementor-element-4e22ce70 e-con-full e-flex e-con e-child\" data-id=\"4e22ce70\" data-element_type=\"container\" data-e-type=\"container\">\n\t\t\t\t<div class=\"elementor-element elementor-element-4f0d8db0 elementor-widget elementor-widget-heading\" data-id=\"4f0d8db0\" data-element_type=\"widget\" data-e-type=\"widget\" data-widget_type=\"heading.default\">\n\t\t\t\t\t<h2 class=\"elementor-heading-title elementor-size-default\">RetortProof IML <\/h2>\t\t\t\t<\/div>\n\t\t\t\t<div class=\"elementor-element elementor-element-16f87bb9 elementor-widget elementor-widget-text-editor\" data-id=\"16f87bb9\" data-element_type=\"widget\" data-e-type=\"widget\" data-widget_type=\"text-editor.default\">\n\t\t\t\t\t\t\t\t\t<div class=\"app-section-c3__content app-wysiwyg-content\"><p>Prot\u00e8ge vos \u00e9tiquettes des conditions difficiles du traitement thermique<\/p><\/div>\t\t\t\t\t\t\t\t<\/div>\n\t\t\t\t<\/div>\n\t\t<div class=\"elementor-element elementor-element-1b08c23f e-con-full e-flex e-con e-child\" data-id=\"1b08c23f\" data-element_type=\"container\" data-e-type=\"container\">\n\t\t\t\t<div class=\"elementor-element elementor-element-80b8a85 elementor-widget elementor-widget-image\" data-id=\"80b8a85\" data-element_type=\"widget\" data-e-type=\"widget\" data-widget_type=\"image.default\">\n\t\t\t\t\t\t\t\t\t\t\t\t\t\t\t<img fetchpriority=\"high\" decoding=\"async\" width=\"734\" height=\"480\" src=\"https:\/\/www.blackprodesign.dz\/wp-content\/uploads\/2025\/08\/623.png\" class=\"attachment-large size-large wp-image-937\" alt=\"\" srcset=\"https:\/\/www.blackprodesign.dz\/wp-content\/uploads\/2025\/08\/623.png 734w, https:\/\/www.blackprodesign.dz\/wp-content\/uploads\/2025\/08\/623-300x196.png 300w, https:\/\/www.blackprodesign.dz\/wp-content\/uploads\/2025\/08\/623-18x12.png 18w\" sizes=\"(max-width: 734px) 100vw, 734px\" \/>\t\t\t\t\t\t\t\t\t\t\t\t\t\t\t<\/div>\n\t\t\t\t<\/div>\n\t\t\t\t\t<\/div>\n\t\t\t\t<\/div>\n\t\t<div class=\"elementor-element elementor-element-584cf76c e-flex e-con-boxed e-con e-parent\" data-id=\"584cf76c\" data-element_type=\"container\" data-e-type=\"container\">\n\t\t\t\t\t<div class=\"e-con-inner\">\n\t\t<div class=\"elementor-element elementor-element-2b1f47a2 e-con-full e-flex e-con e-child\" data-id=\"2b1f47a2\" data-element_type=\"container\" data-e-type=\"container\">\n\t\t\t\t<\/div>\n\t\t<div class=\"elementor-element elementor-element-10e4b661 e-con-full e-flex e-con e-child\" data-id=\"10e4b661\" data-element_type=\"container\" data-e-type=\"container\">\n\t\t\t\t<div class=\"elementor-element elementor-element-5541f396 elementor-widget elementor-widget-text-editor\" data-id=\"5541f396\" data-element_type=\"widget\" data-e-type=\"widget\" data-widget_type=\"text-editor.default\">\n\t\t\t\t\t\t\t\t\t<p>Dans le secteur de l&rsquo;agroalimentaire, le traitement par autoclave est utilis\u00e9 pour prolonger la dur\u00e9e de conservation des produits tout en garantissant leur s\u00e9curit\u00e9. Il s&rsquo;agit d&rsquo;un traitement thermique qui r\u00e9duit (<strong>pasteurisation<\/strong>) ou \u00e9limine (<strong>st\u00e9rilisation<\/strong>) les micro-organismes pathog\u00e8nes.\u00a0<\/p>\t\t\t\t\t\t\t\t<\/div>\n\t\t\t\t<div class=\"elementor-element elementor-element-568deb08 elementor-widget elementor-widget-text-editor\" data-id=\"568deb08\" data-element_type=\"widget\" data-e-type=\"widget\" data-widget_type=\"text-editor.default\">\n\t\t\t\t\t\t\t\t\t<h3><strong>Pasteurisation<\/strong><\/h3><p>La <strong>pasteurisation thermique\u00a0<\/strong>est une technologie largement adopt\u00e9e qui utilise la chaleur pour r\u00e9duire les agents pathog\u00e8nes ainsi que les micro-organismes de d\u00e9t\u00e9rioration \u00e0 un niveau si bas qu&rsquo;ils ne provoquent pas de maladies. Les aliments sont soumis \u00e0 des temp\u00e9ratures \u00e9lev\u00e9es pendant une dur\u00e9e allant de quelques minutes \u00e0 quelques heures. Ce processus est g\u00e9n\u00e9ralement r\u00e9alis\u00e9 dans des conditions d&rsquo;humidit\u00e9 de 100 %, par exemple en immergeant l&#8217;emballage ou en le traitant \u00e0 la vapeur.<\/p><h3><strong>St\u00e9rilisation<\/strong><\/h3><p>La <strong>st\u00e9rilisation<\/strong> vise \u00e0 \u00e9liminer compl\u00e8tement tous les micro-organismes, en utilisant des temp\u00e9ratures et des pressions \u00e9lev\u00e9es pendant une p\u00e9riode plus longue. Les temp\u00e9ratures de st\u00e9rilisation pouvant varier de 110 \u00e0 135\u00a0\u00b0C, cela peut avoir un impact significatif sur les propri\u00e9t\u00e9s du produit et sur l&#8217;emballage.\u00a0<\/p><h3><strong>L&rsquo;IML \u00e0 l&rsquo;\u00e9preuve du traitement par autoclave<\/strong><\/h3><p>Il va sans dire que le processus d&rsquo;autoclave a un impact sur l&rsquo;encre et les vernis des \u00e9tiquettes IML.\u00a0<\/p><p>Gr\u00e2ce \u00e0 une combinaison sp\u00e9cifique d&rsquo;encres et \u00e0 une laque sp\u00e9ciale, les \u00e9tiquettes IML r\u00e9sistantes au traitement thermique emp\u00eachent les encres des \u00e9tiquettes de \u00ab\u00a0couler et de se d\u00e9colorer\u00a0\u00bb et prot\u00e8gent la laque. Les \u00e9tiquettes IML r\u00e9sistantes au traitement thermique conservent leur qualit\u00e9 et leur apparence m\u00eame apr\u00e8s un traitement par autoclave.<\/p>\t\t\t\t\t\t\t\t<\/div>\n\t\t\t\t<\/div>\n\t\t<div class=\"elementor-element elementor-element-d74bbf3 e-con-full e-flex e-con e-child\" data-id=\"d74bbf3\" data-element_type=\"container\" data-e-type=\"container\">\n\t\t\t\t<\/div>\n\t\t\t\t\t<\/div>\n\t\t\t\t<\/div>\n\t\t<div class=\"elementor-element elementor-element-592ca28f e-flex e-con-boxed e-con e-parent\" data-id=\"592ca28f\" data-element_type=\"container\" data-e-type=\"container\">\n\t\t\t\t\t<div class=\"e-con-inner\">\n\t\t\t\t<div class=\"elementor-element elementor-element-2706876c elementor-widget elementor-widget-heading\" data-id=\"2706876c\" data-element_type=\"widget\" data-e-type=\"widget\" data-widget_type=\"heading.default\">\n\t\t\t\t\t<h2 class=\"elementor-heading-title elementor-size-default\">\nBa\u015far\u0131 hikayeleri <br> ilham verici\n<\/h2>\t\t\t\t<\/div>\n\t\t\t\t\t<\/div>\n\t\t\t\t<\/div>\n\t\t<div class=\"elementor-element elementor-element-2cb90505 e-flex e-con-boxed e-con e-parent\" data-id=\"2cb90505\" data-element_type=\"container\" data-e-type=\"container\">\n\t\t\t\t\t<div class=\"e-con-inner\">\n\t\t<div class=\"elementor-element elementor-element-59257bc4 e-con-full e-flex e-con e-child\" data-id=\"59257bc4\" data-element_type=\"container\" data-e-type=\"container\">\n\t\t\t\t<\/div>\n\t\t<div class=\"elementor-element elementor-element-7243676f e-con-full e-flex e-con e-child\" data-id=\"7243676f\" data-element_type=\"container\" data-e-type=\"container\">\n\t\t\t\t<div class=\"elementor-element elementor-element-f15c6df elementor-widget elementor-widget-image\" data-id=\"f15c6df\" data-element_type=\"widget\" data-e-type=\"widget\" data-widget_type=\"image.default\">\n\t\t\t\t\t\t\t\t\t\t\t\t\t\t\t<img decoding=\"async\" width=\"800\" height=\"513\" src=\"https:\/\/www.blackprodesign.dz\/wp-content\/uploads\/2025\/08\/Case007_Europrom_20210512_PI_1.png\" class=\"attachment-large size-large wp-image-1329\" alt=\"\" srcset=\"https:\/\/www.blackprodesign.dz\/wp-content\/uploads\/2025\/08\/Case007_Europrom_20210512_PI_1.png 846w, https:\/\/www.blackprodesign.dz\/wp-content\/uploads\/2025\/08\/Case007_Europrom_20210512_PI_1-300x193.png 300w, https:\/\/www.blackprodesign.dz\/wp-content\/uploads\/2025\/08\/Case007_Europrom_20210512_PI_1-768x493.png 768w, https:\/\/www.blackprodesign.dz\/wp-content\/uploads\/2025\/08\/Case007_Europrom_20210512_PI_1-18x12.png 18w\" sizes=\"(max-width: 800px) 100vw, 800px\" \/>\t\t\t\t\t\t\t\t\t\t\t\t\t\t\t<\/div>\n\t\t\t\t<div class=\"elementor-element elementor-element-3f0546dc elementor-widget elementor-widget-text-editor\" data-id=\"3f0546dc\" data-element_type=\"widget\" data-e-type=\"widget\" data-widget_type=\"text-editor.default\">\n\t\t\t\t\t\t\t\t\t<p>Cream Fish d\u2019Europrom : une approche originale en mati\u00e8re d\u2019emballage<\/p>\t\t\t\t\t\t\t\t<\/div>\n\t\t\t\t<\/div>\n\t\t<div class=\"elementor-element elementor-element-47493ed1 e-con-full e-flex e-con e-child\" data-id=\"47493ed1\" data-element_type=\"container\" data-e-type=\"container\">\n\t\t\t\t<div class=\"elementor-element elementor-element-51727ab5 elementor-widget elementor-widget-image\" data-id=\"51727ab5\" data-element_type=\"widget\" data-e-type=\"widget\" data-widget_type=\"image.default\">\n\t\t\t\t\t\t\t\t\t\t\t\t\t\t\t<img decoding=\"async\" width=\"800\" height=\"513\" src=\"https:\/\/www.blackprodesign.dz\/wp-content\/uploads\/2025\/08\/Case038_Palais_20220517_PI.png\" class=\"attachment-large size-large wp-image-1330\" alt=\"\" srcset=\"https:\/\/www.blackprodesign.dz\/wp-content\/uploads\/2025\/08\/Case038_Palais_20220517_PI.png 846w, https:\/\/www.blackprodesign.dz\/wp-content\/uploads\/2025\/08\/Case038_Palais_20220517_PI-300x193.png 300w, https:\/\/www.blackprodesign.dz\/wp-content\/uploads\/2025\/08\/Case038_Palais_20220517_PI-768x493.png 768w, https:\/\/www.blackprodesign.dz\/wp-content\/uploads\/2025\/08\/Case038_Palais_20220517_PI-18x12.png 18w\" sizes=\"(max-width: 800px) 100vw, 800px\" \/>\t\t\t\t\t\t\t\t\t\t\t\t\t\t\t<\/div>\n\t\t\t\t<div class=\"elementor-element elementor-element-7964c4b8 elementor-widget elementor-widget-text-editor\" data-id=\"7964c4b8\" data-element_type=\"widget\" data-e-type=\"widget\" data-widget_type=\"text-editor.default\">\n\t\t\t\t\t\t\t\t\t<p>Pa&rsquo;lais : l&#8217;emballage trop charmant pour \u00eatre jet\u00e9<\/p>\t\t\t\t\t\t\t\t<\/div>\n\t\t\t\t<\/div>\n\t\t\t\t\t<\/div>\n\t\t\t\t<\/div>\n\t\t<div class=\"elementor-element elementor-element-299fa637 e-flex e-con-boxed e-con e-parent\" data-id=\"299fa637\" data-element_type=\"container\" data-e-type=\"container\">\n\t\t\t\t\t<div class=\"e-con-inner\">\n\t\t<div class=\"elementor-element elementor-element-2a70c3c9 e-con-full e-flex e-con e-child\" data-id=\"2a70c3c9\" data-element_type=\"container\" data-e-type=\"container\">\n\t\t\t\t<div class=\"elementor-element elementor-element-5de92fa8 elementor-widget elementor-widget-heading\" data-id=\"5de92fa8\" data-element_type=\"widget\" data-e-type=\"widget\" data-widget_type=\"heading.default\">\n\t\t\t\t\t<h2 class=\"elementor-heading-title elementor-size-default\">Apprenez tout ce qu'il y a \u00e0 savoir sur le moulage par injection IML !<\/h2>\t\t\t\t<\/div>\n\t\t\t\t<div class=\"elementor-element elementor-element-2cccf330 elementor-widget elementor-widget-text-editor\" data-id=\"2cccf330\" data-element_type=\"widget\" data-e-type=\"widget\" data-widget_type=\"text-editor.default\">\n\t\t\t\t\t\t\t\t\t<h3>D\u00e9couvrez les nombreuses options de look and feel ainsi que toutes les fonctionnalit\u00e9s !<\/h3>\t\t\t\t\t\t\t\t<\/div>\n\t\t<div class=\"elementor-element elementor-element-6f39d386 e-con-full e-flex e-con e-child\" data-id=\"6f39d386\" data-element_type=\"container\" data-e-type=\"container\" data-settings=\"{&quot;background_background&quot;:&quot;classic&quot;}\">\n\t\t\t\t<div class=\"elementor-element elementor-element-33925304 elementor-align-center elementor-icon-list--layout-traditional elementor-list-item-link-full_width elementor-widget elementor-widget-icon-list\" data-id=\"33925304\" data-element_type=\"widget\" data-e-type=\"widget\" data-widget_type=\"icon-list.default\">\n\t\t\t\t\t\t\t<ul class=\"elementor-icon-list-items\">\n\t\t\t\t\t\t\t<li class=\"elementor-icon-list-item\">\n\t\t\t\t\t\t\t\t\t\t<span class=\"elementor-icon-list-text\">\u0130lham kutunuzu al\u0131n <br> Bariyer IML burada<\/span>\n\t\t\t\t\t\t\t\t\t<\/li>\n\t\t\t\t\t\t<\/ul>\n\t\t\t\t\t\t<\/div>\n\t\t\t\t<\/div>\n\t\t\t\t<\/div>\n\t\t<div class=\"elementor-element elementor-element-c606442 e-con-full e-flex e-con e-child\" data-id=\"c606442\" data-element_type=\"container\" data-e-type=\"container\" data-settings=\"{&quot;background_background&quot;:&quot;classic&quot;}\">\n\t\t\t\t<div class=\"elementor-element elementor-element-4bf97282 elementor-widget elementor-widget-image\" data-id=\"4bf97282\" data-element_type=\"widget\" data-e-type=\"widget\" data-widget_type=\"image.default\">\n\t\t\t\t\t\t\t\t\t\t\t\t\t\t\t<img loading=\"lazy\" decoding=\"async\" width=\"800\" height=\"513\" src=\"https:\/\/www.blackprodesign.dz\/wp-content\/uploads\/2025\/08\/10_IML_I_Samplekit_20250805_FR.png\" class=\"attachment-large size-large wp-image-1331\" alt=\"\" srcset=\"https:\/\/www.blackprodesign.dz\/wp-content\/uploads\/2025\/08\/10_IML_I_Samplekit_20250805_FR.png 846w, https:\/\/www.blackprodesign.dz\/wp-content\/uploads\/2025\/08\/10_IML_I_Samplekit_20250805_FR-300x193.png 300w, https:\/\/www.blackprodesign.dz\/wp-content\/uploads\/2025\/08\/10_IML_I_Samplekit_20250805_FR-768x493.png 768w, https:\/\/www.blackprodesign.dz\/wp-content\/uploads\/2025\/08\/10_IML_I_Samplekit_20250805_FR-18x12.png 18w\" sizes=\"(max-width: 800px) 100vw, 800px\" \/>\t\t\t\t\t\t\t\t\t\t\t\t\t\t\t<\/div>\n\t\t\t\t<\/div>\n\t\t\t\t\t<\/div>\n\t\t\t\t<\/div>\n\t\t<div class=\"elementor-element elementor-element-3a8469f3 e-flex e-con-boxed e-con e-parent\" data-id=\"3a8469f3\" data-element_type=\"container\" data-e-type=\"container\">\n\t\t\t\t\t<div class=\"e-con-inner\">\n\t\t<div class=\"elementor-element elementor-element-364b2fcb e-con-full e-flex e-con e-child\" data-id=\"364b2fcb\" data-element_type=\"container\" data-e-type=\"container\" data-settings=\"{&quot;background_background&quot;:&quot;classic&quot;}\">\n\t\t\t\t<div class=\"elementor-element elementor-element-5f6d2045 elementor-widget elementor-widget-heading\" data-id=\"5f6d2045\" data-element_type=\"widget\" data-e-type=\"widget\" data-widget_type=\"heading.default\">\n\t\t\t\t\t<h2 class=\"elementor-heading-title elementor-size-default\">Daha fazlas\u0131n\u0131 m\u0131 \u00f6\u011frenmek istiyorsunuz ?<\/h2>\t\t\t\t<\/div>\n\t\t\t\t<div class=\"elementor-element elementor-element-1b25bf5 elementor-widget elementor-widget-text-editor\" data-id=\"1b25bf5\" data-element_type=\"widget\" data-e-type=\"widget\" data-widget_type=\"text-editor.default\">\n\t\t\t\t\t\t\t\t\t<p>Bizimle ileti\u015fime ge\u00e7in, birlikte projenizi ba\u015far\u0131ya ula\u015ft\u0131ral\u0131m.<\/p>\t\t\t\t\t\t\t\t<\/div>\n\t\t\t\t<\/div>\n\t\t<div class=\"elementor-element elementor-element-7551f0cf e-con-full e-flex e-con e-child\" data-id=\"7551f0cf\" data-element_type=\"container\" data-e-type=\"container\" data-settings=\"{&quot;background_background&quot;:&quot;classic&quot;}\">\n\t\t<div class=\"elementor-element elementor-element-27efa40c e-con-full e-flex e-con e-child\" data-id=\"27efa40c\" data-element_type=\"container\" data-e-type=\"container\" data-settings=\"{&quot;background_background&quot;:&quot;classic&quot;}\">\n\t\t\t\t<div class=\"elementor-element elementor-element-44982ff4 elementor-align-center elementor-icon-list--layout-traditional elementor-list-item-link-full_width elementor-widget elementor-widget-icon-list\" data-id=\"44982ff4\" data-element_type=\"widget\" data-e-type=\"widget\" data-widget_type=\"icon-list.default\">\n\t\t\t\t\t\t\t<ul class=\"elementor-icon-list-items\">\n\t\t\t\t\t\t\t<li class=\"elementor-icon-list-item\">\n\t\t\t\t\t\t\t\t\t\t\t<a href=\"https:\/\/www.blackprodesign.dz\/tr\/contact\/\">\n\n\t\t\t\t\t\t\t\t\t\t\t<span class=\"elementor-icon-list-text\">Bizimle ileti\u015fime ge\u00e7in <br> bizimle<\/span>\n\t\t\t\t\t\t\t\t\t\t\t<\/a>\n\t\t\t\t\t\t\t\t\t<\/li>\n\t\t\t\t\t\t<\/ul>\n\t\t\t\t\t\t<\/div>\n\t\t\t\t<\/div>\n\t\t\t\t<\/div>\n\t\t\t\t\t<\/div>\n\t\t\t\t<\/div>\n\t\t\t\t<\/div>","protected":false},"excerpt":{"rendered":"<p>RetortProof IML Prot\u00e8ge vos \u00e9tiquettes des conditions difficiles du traitement thermique Dans le secteur de l&rsquo;agroalimentaire, le traitement par autoclave est utilis\u00e9 pour prolonger la dur\u00e9e de conservation des produits tout en garantissant leur s\u00e9curit\u00e9. Il s&rsquo;agit d&rsquo;un traitement thermique qui r\u00e9duit (pasteurisation) ou \u00e9limine (st\u00e9rilisation) les micro-organismes pathog\u00e8nes.\u00a0 Pasteurisation La pasteurisation thermique\u00a0est une technologie [&hellip;]<\/p>\n","protected":false},"author":1,"featured_media":0,"parent":0,"menu_order":0,"comment_status":"closed","ping_status":"closed","template":"elementor_header_footer","meta":{"footnotes":""},"class_list":["post-989","page","type-page","status-publish","hentry"],"_links":{"self":[{"href":"https:\/\/www.blackprodesign.dz\/tr\/wp-json\/wp\/v2\/pages\/989","targetHints":{"allow":["GET"]}}],"collection":[{"href":"https:\/\/www.blackprodesign.dz\/tr\/wp-json\/wp\/v2\/pages"}],"about":[{"href":"https:\/\/www.blackprodesign.dz\/tr\/wp-json\/wp\/v2\/types\/page"}],"author":[{"embeddable":true,"href":"https:\/\/www.blackprodesign.dz\/tr\/wp-json\/wp\/v2\/users\/1"}],"replies":[{"embeddable":true,"href":"https:\/\/www.blackprodesign.dz\/tr\/wp-json\/wp\/v2\/comments?post=989"}],"version-history":[{"count":7,"href":"https:\/\/www.blackprodesign.dz\/tr\/wp-json\/wp\/v2\/pages\/989\/revisions"}],"predecessor-version":[{"id":1334,"href":"https:\/\/www.blackprodesign.dz\/tr\/wp-json\/wp\/v2\/pages\/989\/revisions\/1334"}],"wp:attachment":[{"href":"https:\/\/www.blackprodesign.dz\/tr\/wp-json\/wp\/v2\/media?parent=989"}],"curies":[{"name":"wp","href":"https:\/\/api.w.org\/{rel}","templated":true}]}}