{"id":980,"date":"2025-08-13T13:53:22","date_gmt":"2025-08-13T13:53:22","guid":{"rendered":"https:\/\/www.blackprodesign.dz\/?page_id=980"},"modified":"2025-08-14T15:11:29","modified_gmt":"2025-08-14T15:11:29","slug":"variabledata-iml","status":"publish","type":"page","link":"https:\/\/www.blackprodesign.dz\/tr\/variabledata-iml\/","title":{"rendered":"VariableData IML"},"content":{"rendered":"<div data-elementor-type=\"wp-page\" data-elementor-id=\"980\" class=\"elementor elementor-980\" data-elementor-post-type=\"page\">\n\t\t\t\t<div class=\"elementor-element elementor-element-3c711ef e-flex e-con-boxed e-con e-parent\" data-id=\"3c711ef\" data-element_type=\"container\" data-e-type=\"container\" data-settings=\"{&quot;background_background&quot;:&quot;classic&quot;}\">\n\t\t\t\t\t<div class=\"e-con-inner\">\n\t\t<div class=\"elementor-element elementor-element-7be1e7c7 e-con-full e-flex e-con e-child\" data-id=\"7be1e7c7\" data-element_type=\"container\" data-e-type=\"container\">\n\t\t\t\t<div class=\"elementor-element elementor-element-2682e072 elementor-widget elementor-widget-heading\" data-id=\"2682e072\" data-element_type=\"widget\" data-e-type=\"widget\" data-widget_type=\"heading.default\">\n\t\t\t\t\t<h2 class=\"elementor-heading-title elementor-size-default\">VariableData IML<\/h2>\t\t\t\t<\/div>\n\t\t\t\t<div class=\"elementor-element elementor-element-60e79d34 elementor-widget elementor-widget-text-editor\" data-id=\"60e79d34\" data-element_type=\"widget\" data-e-type=\"widget\" data-widget_type=\"text-editor.default\">\n\t\t\t\t\t\t\t\t\t<div class=\"app-section-c3__content app-wysiwyg-content\"><p>Her IML etiketini benzersiz yap\u0131n<\/p><\/div>\t\t\t\t\t\t\t\t<\/div>\n\t\t\t\t<\/div>\n\t\t<div class=\"elementor-element elementor-element-35c4f82a e-con-full e-flex e-con e-child\" data-id=\"35c4f82a\" data-element_type=\"container\" data-e-type=\"container\">\n\t\t\t\t<div class=\"elementor-element elementor-element-64d693d1 elementor-widget elementor-widget-image\" data-id=\"64d693d1\" data-element_type=\"widget\" data-e-type=\"widget\" data-widget_type=\"image.default\">\n\t\t\t\t\t\t\t\t\t\t\t\t\t\t\t<img fetchpriority=\"high\" decoding=\"async\" width=\"734\" height=\"480\" src=\"https:\/\/www.blackprodesign.dz\/wp-content\/uploads\/2025\/08\/264.png\" class=\"attachment-large size-large wp-image-930\" alt=\"\" srcset=\"https:\/\/www.blackprodesign.dz\/wp-content\/uploads\/2025\/08\/264.png 734w, https:\/\/www.blackprodesign.dz\/wp-content\/uploads\/2025\/08\/264-300x196.png 300w, https:\/\/www.blackprodesign.dz\/wp-content\/uploads\/2025\/08\/264-18x12.png 18w\" sizes=\"(max-width: 734px) 100vw, 734px\" \/>\t\t\t\t\t\t\t\t\t\t\t\t\t\t\t<\/div>\n\t\t\t\t<\/div>\n\t\t\t\t\t<\/div>\n\t\t\t\t<\/div>\n\t\t<div class=\"elementor-element elementor-element-570b60dd e-flex e-con-boxed e-con e-parent\" data-id=\"570b60dd\" data-element_type=\"container\" data-e-type=\"container\">\n\t\t\t\t\t<div class=\"e-con-inner\">\n\t\t<div class=\"elementor-element elementor-element-10e070a7 e-con-full e-flex e-con e-child\" data-id=\"10e070a7\" data-element_type=\"container\" data-e-type=\"container\">\n\t\t\t\t<\/div>\n\t\t<div class=\"elementor-element elementor-element-3d19496f e-con-full e-flex e-con e-child\" data-id=\"3d19496f\" data-element_type=\"container\" data-e-type=\"container\">\n\t\t\t\t<div class=\"elementor-element elementor-element-295668e8 elementor-widget elementor-widget-text-editor\" data-id=\"295668e8\" data-element_type=\"widget\" data-e-type=\"widget\" data-widget_type=\"text-editor.default\">\n\t\t\t\t\t\t\t\t\t<h2><strong>VariableData IML nedir?<\/strong><\/h2><p>VariableData IML, IML etiketlerinde benzersiz kodlama i\u00e7in bir \u00e7\u00f6z\u00fcmd\u00fcr. Benzersiz kod, IML etiketiyle ayn\u0131 i\u015flem s\u0131ras\u0131nda bas\u0131l\u0131r: d\u00f6n\u00fc\u015ft\u00fcr\u00fcc\u00fcler, marka sahipleri veya perakendeciler i\u00e7in, kodu ambalajda g\u00f6r\u00fcnt\u00fclemek i\u00e7in herhangi bir ek yat\u0131r\u0131m veya bask\u0131 ad\u0131m\u0131na gerek yoktur.<\/p>\t\t\t\t\t\t\t\t<\/div>\n\t\t\t\t<div class=\"elementor-element elementor-element-106e1460 elementor-widget elementor-widget-text-editor\" data-id=\"106e1460\" data-element_type=\"widget\" data-e-type=\"widget\" data-widget_type=\"text-editor.default\">\n\t\t\t\t\t\t\t\t\t<p>Benzersiz kod, IML etiket tasar\u0131m\u0131na entegre edilebilir ve b\u00f6ylece ambalaj\u0131n kusursuz g\u00f6r\u00fcnmesi sa\u011flan\u0131r.<\/p>\t\t\t\t\t\t\t\t<\/div>\n\t\t\t\t<div class=\"elementor-element elementor-element-1180db11 elementor-widget elementor-widget-text-editor\" data-id=\"1180db11\" data-element_type=\"widget\" data-e-type=\"widget\" data-widget_type=\"text-editor.default\">\n\t\t\t\t\t\t\t\t\t<h2><strong>VariableData IML ne i\u00e7in kullan\u0131l\u0131r?<\/strong><\/h2><p>VariableData IML, her etiketi benzersiz k\u0131lar. \u0130zlenebilirlik, tescil d\u00fczenlemeleri, veri toplama, marka korumas\u0131 veya pazarlama hedefleri: Ambalaj\u0131n\u0131za benzersiz kodlama uygulamak istemenizin nedeni ne olursa olsun, VariableData IML size yard\u0131mc\u0131 olur.<\/p>\t\t\t\t\t\t\t\t<\/div>\n\t\t\t\t<div class=\"elementor-element elementor-element-1272e06 elementor-widget elementor-widget-text-editor\" data-id=\"1272e06\" data-element_type=\"widget\" data-e-type=\"widget\" data-widget_type=\"text-editor.default\">\n\t\t\t\t\t\t\t\t\t<h2><strong>VariableData IML hangi \u00fcr\u00fcnler veya pazarlar i\u00e7in faydal\u0131d\u0131r?<\/strong><\/h2><p>VariableData IML, herhangi bir IML etiketine uygulanabilir, ancak \u00f6zellikle yeniden kullan\u0131labilir \u00fcr\u00fcnler, bardaklar, t\u0131bbi uygulamalar ve benzersiz kodlaman\u0131n gerekli oldu\u011fu di\u011fer t\u00fcm pazarlar i\u00e7in kullan\u0131\u015fl\u0131d\u0131r. VariableData IML, \u00f6zellikle yeniden kullan\u0131labilir \u00fcr\u00fcnler i\u00e7in uygundur.<\/p>\t\t\t\t\t\t\t\t<\/div>\n\t\t\t\t<\/div>\n\t\t<div class=\"elementor-element elementor-element-a8358c6 e-con-full e-flex e-con e-child\" data-id=\"a8358c6\" data-element_type=\"container\" data-e-type=\"container\">\n\t\t\t\t<\/div>\n\t\t\t\t\t<\/div>\n\t\t\t\t<\/div>\n\t\t<div class=\"elementor-element elementor-element-6a0c889d e-flex e-con-boxed e-con e-parent\" data-id=\"6a0c889d\" data-element_type=\"container\" data-e-type=\"container\" data-settings=\"{&quot;background_background&quot;:&quot;classic&quot;}\">\n\t\t\t\t\t<div class=\"e-con-inner\">\n\t\t<div class=\"elementor-element elementor-element-70bb56cd e-con-full e-flex e-con e-child\" data-id=\"70bb56cd\" data-element_type=\"container\" data-e-type=\"container\">\n\t\t\t\t<\/div>\n\t\t<div class=\"elementor-element elementor-element-60835219 e-con-full e-flex e-con e-child\" data-id=\"60835219\" data-element_type=\"container\" data-e-type=\"container\">\n\t\t\t\t<div class=\"elementor-element elementor-element-2d546eab elementor-widget elementor-widget-heading\" data-id=\"2d546eab\" data-element_type=\"widget\" data-e-type=\"widget\" data-widget_type=\"heading.default\">\n\t\t\t\t\t<h2 class=\"elementor-heading-title elementor-size-default\">Yeniden kullan\u0131labilir bardaklar\u0131n ve ambalajlar\u0131n izlenebilirli\u011fi i\u00e7in benzersiz kodlama<\/h2>\t\t\t\t<\/div>\n\t\t\t\t<div class=\"elementor-element elementor-element-91b7263 elementor-widget elementor-widget-text-editor\" data-id=\"91b7263\" data-element_type=\"widget\" data-e-type=\"widget\" data-widget_type=\"text-editor.default\">\n\t\t\t\t\t\t\t\t\t<p><strong>\u0130ade ve yeniden da\u011f\u0131t\u0131m\u0131n etkinli\u011fi<\/strong><\/p><p>Yeniden kullan\u0131labilir bardak sistemleri genellikle t\u00fcketici davran\u0131\u015f\u0131na dayan\u0131r: Son kullan\u0131c\u0131lar\u0131n bardaklar\u0131 iade etme s\u00fcrecine dahil olmas\u0131 gerekir ve bu da depozito sistemleri, m\u00fc\u015fteri sadakat programlar\u0131 veya mobil uygulamalar gibi te\u015fvikler gerektirebilir. Benzersiz tan\u0131mlay\u0131c\u0131lar, bir m\u00fc\u015fterinin barda\u011f\u0131 ne zaman teslim al\u0131p iade etti\u011fini takip eder ve iade sonras\u0131nda depozitolar iade edilir.<\/p><p><strong>Temizlik kay\u0131tlar\u0131<\/strong><\/p><p>Her barda\u011f\u0131n temizlik d\u00f6ng\u00fcs\u00fc kaydedilebilir ve bardaklar\u0131n m\u00fc\u015fterilere yeniden da\u011f\u0131t\u0131lmadan \u00f6nce uygun \u015fekilde dezenfekte edilmesi sa\u011flan\u0131r. Bu sayede sa\u011fl\u0131k ve g\u00fcvenlik standartlar\u0131na uyum sa\u011flan\u0131r, i\u015fletmeler ve t\u00fcketiciler i\u00e7in \u015feffafl\u0131k ve g\u00fcven sa\u011flan\u0131r.<\/p><p><strong>Ya\u015fam d\u00f6ng\u00fcs\u00fc izleme<\/strong><\/p><p>Bardaklar s\u0131kl\u0131kla kullan\u0131l\u0131p dezenfekte edildi\u011finden, a\u015f\u0131nma ve y\u0131pranmaya kar\u015f\u0131 hassast\u0131rlar. Kullan\u0131m \u00f6m\u00fcrlerini takip etmek, a\u015f\u0131nm\u0131\u015f veya hasarl\u0131 bardaklar\u0131n dola\u015f\u0131mda kalmas\u0131n\u0131 \u00f6nlemeye yard\u0131mc\u0131 olur.<\/p><p><strong>Sustainable development data<\/strong><\/p><p>Yeniden kullan\u0131m oranlar\u0131, tek kullan\u0131ml\u0131k bardak tasarrufu ve CO emisyonlar\u0131na ili\u015fkin veriler<sub>2<\/sub>vb. kolayca izlenebilir ve iletilebilir. \u00c7evresel etki, uzun vadede, birden fazla yeniden kullan\u0131m d\u00f6ng\u00fcs\u00fc boyunca \u00f6l\u00e7\u00fcl\u00fcr ve d\u00fczenleyicilere ve t\u00fcketicilere kolayca iletilebilir.<\/p>\t\t\t\t\t\t\t\t<\/div>\n\t\t\t\t<div class=\"elementor-element elementor-element-c1c79e2 elementor-widget elementor-widget-heading\" data-id=\"c1c79e2\" data-element_type=\"widget\" data-e-type=\"widget\" data-widget_type=\"heading.default\">\n\t\t\t\t\t<h2 class=\"elementor-heading-title elementor-size-default\">Mevzuata uyumu sa\u011flamak i\u00e7in benzersiz kodlama<\/h2>\t\t\t\t<\/div>\n\t\t\t\t<div class=\"elementor-element elementor-element-15a7a2c elementor-widget elementor-widget-text-editor\" data-id=\"15a7a2c\" data-element_type=\"widget\" data-e-type=\"widget\" data-widget_type=\"text-editor.default\">\n\t\t\t\t\t\t\t\t\t<p>Baz\u0131 b\u00f6lgelerde ve\/veya pazar segmentlerinde, benzersiz bir kod, i\u00e7erdi\u011fi \u00fcr\u00fcn\u00fcn orijinalli\u011fini, kalitesini ve men\u015feini garanti alt\u0131na almak i\u00e7in ambalaj\u0131n zorunlu bir unsurudur. VariableData IML, herhangi bir yat\u0131r\u0131m gerektirmeden, temiz, y\u00fcksek kaliteli ve tek ad\u0131ml\u0131 bir i\u015flemle ambalaj tasar\u0131m\u0131n\u0131za benzersiz bir kod eklemenin ideal yoludur.\u00a0<\/p><p><strong>Passeport num\u00e9rique de produit<\/strong><\/p><p>Benzersiz bir kod, \u00fcr\u00fcn\u00fcn\u00fcz\u00fcn men\u015fei, malzemeleri, \u00fcretim s\u00fcreci ve ya\u015fam d\u00f6ng\u00fcs\u00fc hakk\u0131nda ayr\u0131nt\u0131l\u0131 bilgi aktarmak i\u00e7in ideal bir ara\u00e7t\u0131r. Bu dijital \u00fcr\u00fcn pasaportu (DPP), t\u00fcketiciler i\u00e7in \u015feffafl\u0131\u011f\u0131 art\u0131r\u0131r ve bilin\u00e7li sat\u0131n alma kararlar\u0131n\u0131 ve s\u00fcrd\u00fcr\u00fclebilir t\u00fcketimi te\u015fvik eder.<\/p>\t\t\t\t\t\t\t\t<\/div>\n\t\t\t\t<div class=\"elementor-element elementor-element-48efe5b elementor-widget elementor-widget-heading\" data-id=\"48efe5b\" data-element_type=\"widget\" data-e-type=\"widget\" data-widget_type=\"heading.default\">\n\t\t\t\t\t<h2 class=\"elementor-heading-title elementor-size-default\">Marka Koruma ve Pazarlama<\/h2>\t\t\t\t<\/div>\n\t\t\t\t<div class=\"elementor-element elementor-element-dd2f927 elementor-widget elementor-widget-text-editor\" data-id=\"dd2f927\" data-element_type=\"widget\" data-e-type=\"widget\" data-widget_type=\"text-editor.default\">\n\t\t\t\t\t\t\t\t\t<p><strong>Ger\u00e7eklik kontrolleri<\/strong><\/p><p>Sahtecilik sorunlar\u0131n\u0131n ya\u015fand\u0131\u011f\u0131 pazar segmentlerinde VariableData IML, t\u00fcketicinin \u00fcr\u00fcn me\u015fruiyetini garanti alt\u0131na almak i\u00e7in basit ve h\u0131zl\u0131 kimlik do\u011frulama kontrol\u00fc sa\u011flar.\u00a0<\/p><p><strong>Sadakat programlar\u0131 ve promosyonlar<\/strong><\/p><p>Tekrarlanan sat\u0131n al\u0131mlar i\u00e7in \u00f6d\u00fcller sunarak marka sadakatini ve \u00fcr\u00fcn tekrar sat\u0131n al\u0131m\u0131n\u0131 g\u00fc\u00e7lendirin. Veya (yeni) \u00fcr\u00fcnler hakk\u0131nda geri bildirim isteyin ve size \u00f6zel promosyonlar sunun.\u00a0<\/p><p><strong>Ludifikasyon<\/strong><\/p><p>Give your customers the chance to win a prize through a contest, raffle, or lucky number!<\/p>\t\t\t\t\t\t\t\t<\/div>\n\t\t\t\t<\/div>\n\t\t<div class=\"elementor-element elementor-element-11017255 e-con-full e-flex e-con e-child\" data-id=\"11017255\" data-element_type=\"container\" data-e-type=\"container\">\n\t\t\t\t<\/div>\n\t\t\t\t\t<\/div>\n\t\t\t\t<\/div>\n\t\t<div class=\"elementor-element elementor-element-7cb48ed7 e-flex e-con-boxed e-con e-parent\" data-id=\"7cb48ed7\" data-element_type=\"container\" data-e-type=\"container\">\n\t\t\t\t\t<div class=\"e-con-inner\">\n\t\t<div class=\"elementor-element elementor-element-4f925820 e-con-full e-flex e-con e-child\" data-id=\"4f925820\" data-element_type=\"container\" data-e-type=\"container\" data-settings=\"{&quot;background_background&quot;:&quot;classic&quot;}\">\n\t\t\t\t<div class=\"elementor-element elementor-element-3bcc75d elementor-widget elementor-widget-heading\" data-id=\"3bcc75d\" data-element_type=\"widget\" data-e-type=\"widget\" data-widget_type=\"heading.default\">\n\t\t\t\t\t<h2 class=\"elementor-heading-title elementor-size-default\">Daha fazlas\u0131n\u0131 m\u0131 \u00f6\u011frenmek istiyorsunuz ?<\/h2>\t\t\t\t<\/div>\n\t\t\t\t<div class=\"elementor-element elementor-element-5f1ea5ed elementor-widget elementor-widget-text-editor\" data-id=\"5f1ea5ed\" data-element_type=\"widget\" data-e-type=\"widget\" data-widget_type=\"text-editor.default\">\n\t\t\t\t\t\t\t\t\t<p>Bizimle ileti\u015fime ge\u00e7in, birlikte projenizi ba\u015far\u0131ya ula\u015ft\u0131ral\u0131m.<\/p>\t\t\t\t\t\t\t\t<\/div>\n\t\t\t\t<\/div>\n\t\t<div class=\"elementor-element elementor-element-53fd2994 e-con-full e-flex e-con e-child\" data-id=\"53fd2994\" data-element_type=\"container\" data-e-type=\"container\" data-settings=\"{&quot;background_background&quot;:&quot;classic&quot;}\">\n\t\t<div class=\"elementor-element elementor-element-486f8cc9 e-con-full e-flex e-con e-child\" data-id=\"486f8cc9\" data-element_type=\"container\" data-e-type=\"container\" data-settings=\"{&quot;background_background&quot;:&quot;classic&quot;}\">\n\t\t\t\t<div class=\"elementor-element elementor-element-548eedef elementor-align-center elementor-icon-list--layout-traditional elementor-list-item-link-full_width elementor-widget elementor-widget-icon-list\" data-id=\"548eedef\" data-element_type=\"widget\" data-e-type=\"widget\" data-widget_type=\"icon-list.default\">\n\t\t\t\t\t\t\t<ul class=\"elementor-icon-list-items\">\n\t\t\t\t\t\t\t<li class=\"elementor-icon-list-item\">\n\t\t\t\t\t\t\t\t\t\t\t<a href=\"https:\/\/www.blackprodesign.dz\/tr\/contact\/\">\n\n\t\t\t\t\t\t\t\t\t\t\t<span class=\"elementor-icon-list-text\">Bizimle ileti\u015fime ge\u00e7in <br> bizimle<\/span>\n\t\t\t\t\t\t\t\t\t\t\t<\/a>\n\t\t\t\t\t\t\t\t\t<\/li>\n\t\t\t\t\t\t<\/ul>\n\t\t\t\t\t\t<\/div>\n\t\t\t\t<\/div>\n\t\t\t\t<\/div>\n\t\t\t\t\t<\/div>\n\t\t\t\t<\/div>\n\t\t\t\t<\/div>","protected":false},"excerpt":{"rendered":"<p>VariableData IML Rendre chaque \u00e9tiquette IML unique Qu\u2019est-ce que VariableData IML\u00a0? VariableData IML est une solution pour le codage unique sur les \u00e9tiquettes IML. Le code unique est imprim\u00e9 au cours du m\u00eame processus que l\u2019\u00e9tiquette IML : pour les transformateurs, les propri\u00e9taires de marques ou les d\u00e9taillants, il n\u2019y a besoin d\u2019aucun investissement ni [&hellip;]<\/p>\n","protected":false},"author":1,"featured_media":0,"parent":0,"menu_order":0,"comment_status":"closed","ping_status":"closed","template":"elementor_header_footer","meta":{"footnotes":""},"class_list":["post-980","page","type-page","status-publish","hentry"],"_links":{"self":[{"href":"https:\/\/www.blackprodesign.dz\/tr\/wp-json\/wp\/v2\/pages\/980","targetHints":{"allow":["GET"]}}],"collection":[{"href":"https:\/\/www.blackprodesign.dz\/tr\/wp-json\/wp\/v2\/pages"}],"about":[{"href":"https:\/\/www.blackprodesign.dz\/tr\/wp-json\/wp\/v2\/types\/page"}],"author":[{"embeddable":true,"href":"https:\/\/www.blackprodesign.dz\/tr\/wp-json\/wp\/v2\/users\/1"}],"replies":[{"embeddable":true,"href":"https:\/\/www.blackprodesign.dz\/tr\/wp-json\/wp\/v2\/comments?post=980"}],"version-history":[{"count":10,"href":"https:\/\/www.blackprodesign.dz\/tr\/wp-json\/wp\/v2\/pages\/980\/revisions"}],"predecessor-version":[{"id":1283,"href":"https:\/\/www.blackprodesign.dz\/tr\/wp-json\/wp\/v2\/pages\/980\/revisions\/1283"}],"wp:attachment":[{"href":"https:\/\/www.blackprodesign.dz\/tr\/wp-json\/wp\/v2\/media?parent=980"}],"curies":[{"name":"wp","href":"https:\/\/api.w.org\/{rel}","templated":true}]}}