{"id":972,"date":"2025-08-13T13:50:43","date_gmt":"2025-08-13T13:50:43","guid":{"rendered":"https:\/\/www.blackprodesign.dz\/?page_id=972"},"modified":"2025-08-14T10:46:55","modified_gmt":"2025-08-14T10:46:55","slug":"inspection-friendly-iml","status":"publish","type":"page","link":"https:\/\/www.blackprodesign.dz\/tr\/inspection-friendly-iml\/","title":{"rendered":"Denetim Dostu IML"},"content":{"rendered":"<div data-elementor-type=\"wp-page\" data-elementor-id=\"972\" class=\"elementor elementor-972\" data-elementor-post-type=\"page\">\n\t\t\t\t<div class=\"elementor-element elementor-element-41ec732a e-flex e-con-boxed e-con e-parent\" data-id=\"41ec732a\" data-element_type=\"container\" data-e-type=\"container\" data-settings=\"{&quot;background_background&quot;:&quot;classic&quot;}\">\n\t\t\t\t\t<div class=\"e-con-inner\">\n\t\t<div class=\"elementor-element elementor-element-2ea1fd96 e-con-full e-flex e-con e-child\" data-id=\"2ea1fd96\" data-element_type=\"container\" data-e-type=\"container\">\n\t\t\t\t<div class=\"elementor-element elementor-element-4cd8901b elementor-widget elementor-widget-heading\" data-id=\"4cd8901b\" data-element_type=\"widget\" data-e-type=\"widget\" data-widget_type=\"heading.default\">\n\t\t\t\t\t<h2 class=\"elementor-heading-title elementor-size-default\">Denetim Dostu IML<\/h2>\t\t\t\t<\/div>\n\t\t\t\t<div class=\"elementor-element elementor-element-298287b1 elementor-widget elementor-widget-text-editor\" data-id=\"298287b1\" data-element_type=\"widget\" data-e-type=\"widget\" data-widget_type=\"text-editor.default\">\n\t\t\t\t\t\t\t\t\t<div class=\"app-section-c3__content app-wysiwyg-content\"><p>Muayeneye Uygun IML etiketler kaliteyi ve \u00fcretim verimlili\u011fini art\u0131r\u0131r, tasarruf etmenizi sa\u011flar.<\/p><\/div>\t\t\t\t\t\t\t\t<\/div>\n\t\t\t\t<\/div>\n\t\t<div class=\"elementor-element elementor-element-4c62fad0 e-con-full e-flex e-con e-child\" data-id=\"4c62fad0\" data-element_type=\"container\" data-e-type=\"container\">\n\t\t\t\t<div class=\"elementor-element elementor-element-5d617783 elementor-widget elementor-widget-image\" data-id=\"5d617783\" data-element_type=\"widget\" data-e-type=\"widget\" data-widget_type=\"image.default\">\n\t\t\t\t\t\t\t\t\t\t\t\t\t\t\t<img fetchpriority=\"high\" decoding=\"async\" width=\"734\" height=\"480\" src=\"https:\/\/www.blackprodesign.dz\/wp-content\/uploads\/2025\/08\/879.png\" class=\"attachment-large size-large wp-image-923\" alt=\"\" srcset=\"https:\/\/www.blackprodesign.dz\/wp-content\/uploads\/2025\/08\/879.png 734w, https:\/\/www.blackprodesign.dz\/wp-content\/uploads\/2025\/08\/879-300x196.png 300w, https:\/\/www.blackprodesign.dz\/wp-content\/uploads\/2025\/08\/879-18x12.png 18w\" sizes=\"(max-width: 734px) 100vw, 734px\" \/>\t\t\t\t\t\t\t\t\t\t\t\t\t\t\t<\/div>\n\t\t\t\t<\/div>\n\t\t\t\t\t<\/div>\n\t\t\t\t<\/div>\n\t\t<div class=\"elementor-element elementor-element-75e9f28a e-flex e-con-boxed e-con e-parent\" data-id=\"75e9f28a\" data-element_type=\"container\" data-e-type=\"container\">\n\t\t\t\t\t<div class=\"e-con-inner\">\n\t\t<div class=\"elementor-element elementor-element-646eb421 e-con-full e-flex e-con e-child\" data-id=\"646eb421\" data-element_type=\"container\" data-e-type=\"container\">\n\t\t\t\t<\/div>\n\t\t<div class=\"elementor-element elementor-element-7bc6496e e-con-full e-flex e-con e-child\" data-id=\"7bc6496e\" data-element_type=\"container\" data-e-type=\"container\">\n\t\t\t\t<div class=\"elementor-element elementor-element-1e28e0cb elementor-widget elementor-widget-text-editor\" data-id=\"1e28e0cb\" data-element_type=\"widget\" data-e-type=\"widget\" data-widget_type=\"text-editor.default\">\n\t\t\t\t\t\t\t\t\t<p>D\u00f6n\u00fc\u015ft\u00fcr\u00fcc\u00fcler, her paketin kalitesini izlemek ve ret oranlar\u0131n\u0131 azaltmak i\u00e7in ileri teknoloji kamera denetim sistemleri kullan\u0131r. Bu g\u00f6r\u00fcnt\u00fcleme sistemleri, tepsideki etiketin varl\u0131\u011f\u0131n\u0131 ve konumunu do\u011frular, s\u0131z\u0131nt\u0131y\u0131 tespit eder ve do\u011fru SKU etiketinin kullan\u0131lmas\u0131n\u0131 sa\u011flar.<\/p>\t\t\t\t\t\t\t\t<\/div>\n\t\t\t\t<div class=\"elementor-element elementor-element-4183446c elementor-widget elementor-widget-text-editor\" data-id=\"4183446c\" data-element_type=\"widget\" data-e-type=\"widget\" data-widget_type=\"text-editor.default\">\n\t\t\t\t\t\t\t\t\t<p>\u015eeffaf ambalajlar\u0131n \u00fczerindeki \u015feffaf etiketler veya etiketin kritik b\u00f6lgelerine bask\u0131 yap\u0131lmam\u0131\u015f beyaz ambalajlar\u0131n \u00fczerindeki beyaz etiketler, g\u00f6r\u00fc\u015f sistemlerinin etiketin ger\u00e7ek keskin kenarlar\u0131n\u0131 tespit etmesini zorla\u015ft\u0131r\u0131r ve \u00e7o\u011fu zaman \u00e7\u00f6p kutusuna giden yanl\u0131\u015f negatif sonu\u00e7larla sonu\u00e7lan\u0131r.<\/p>\t\t\t\t\t\t\t\t<\/div>\n\t\t\t\t<div class=\"elementor-element elementor-element-3ddb2872 elementor-widget elementor-widget-text-editor\" data-id=\"3ddb2872\" data-element_type=\"widget\" data-e-type=\"widget\" data-widget_type=\"text-editor.default\">\n\t\t\t\t\t\t\t\t\t<p>Bu sorun, etiket tasar\u0131m\u0131na g\u00f6r\u00fcn\u00fcr veri matrisi veya QR kodlar\u0131 eklenerek \u00e7\u00f6z\u00fclebilir ve kamera inceleme sistemlerinin etiketin referans\u0131n\u0131 do\u011frulamas\u0131na olanak tan\u0131r. Ancak bu kodlar etikette yer kaplar ve tasar\u0131m\u0131n genel g\u00f6r\u00fcn\u00fcm\u00fcn\u00fc etkiler. Bu QR veya veri matrisi kodlar\u0131 g\u00f6r\u00fcnmez m\u00fcrekkeple bas\u0131ld\u0131\u011f\u0131nda, normal \u0131\u015f\u0131k ko\u015fullar\u0131nda alg\u0131lanamaz ve yaln\u0131zca kamera \u00f6zel bir UV \u0131\u015f\u0131\u011f\u0131yla ayd\u0131nlatt\u0131\u011f\u0131nda ortaya \u00e7\u0131kar.<\/p>\t\t\t\t\t\t\t\t<\/div>\n\t\t\t\t<\/div>\n\t\t<div class=\"elementor-element elementor-element-7946488 e-con-full e-flex e-con e-child\" data-id=\"7946488\" data-element_type=\"container\" data-e-type=\"container\">\n\t\t\t\t<\/div>\n\t\t\t\t\t<\/div>\n\t\t\t\t<\/div>\n\t\t<div class=\"elementor-element elementor-element-33e6238d e-flex e-con-boxed e-con e-parent\" data-id=\"33e6238d\" data-element_type=\"container\" data-e-type=\"container\">\n\t\t\t\t\t<div class=\"e-con-inner\">\n\t\t<div class=\"elementor-element elementor-element-56738446 e-con-full e-flex e-con e-child\" data-id=\"56738446\" data-element_type=\"container\" data-e-type=\"container\">\n\t\t\t\t<\/div>\n\t\t<div class=\"elementor-element elementor-element-64fc7af3 e-con-full e-flex e-con e-child\" data-id=\"64fc7af3\" data-element_type=\"container\" data-e-type=\"container\">\n\t\t\t\t<div class=\"elementor-element elementor-element-671981e1 elementor-widget elementor-widget-heading\" data-id=\"671981e1\" data-element_type=\"widget\" data-e-type=\"widget\" data-widget_type=\"heading.default\">\n\t\t\t\t\t<h2 class=\"elementor-heading-title elementor-size-default\">Dostane IML Denetimi hakk\u0131nda daha fazla bilgi edinmek ister misiniz?<\/h2>\t\t\t\t<\/div>\n\t\t\t\t<div class=\"elementor-element elementor-element-64965ddd elementor-widget elementor-widget-text-editor\" data-id=\"64965ddd\" data-element_type=\"widget\" data-e-type=\"widget\" data-widget_type=\"text-editor.default\">\n\t\t\t\t\t\t\t\t\t<p>IML Inspection Friendly etiketlerinin kaliteyi nas\u0131l iyile\u015ftirdi\u011fini, \u00fcretim verimlili\u011fini nas\u0131l art\u0131rd\u0131\u011f\u0131n\u0131 ve size nas\u0131l para kazand\u0131rd\u0131\u011f\u0131n\u0131 ke\u015ffedin.<\/p>\t\t\t\t\t\t\t\t<\/div>\n\t\t\t\t<div class=\"elementor-element elementor-element-39920bb3 elementor-widget elementor-widget-text-editor\" data-id=\"39920bb3\" data-element_type=\"widget\" data-e-type=\"widget\" data-widget_type=\"text-editor.default\">\n\t\t\t\t\t\t\t\t\t<p><strong><span style=\"color: #333333;\"><a style=\"color: #333333;\" href=\"https:\/\/www.blackprodesign.dz\/tr\/contact\/\">Muayeneye uygun IML kutunuzu talep edin<\/a><\/span><\/strong><\/p>\t\t\t\t\t\t\t\t<\/div>\n\t\t\t\t<\/div>\n\t\t<div class=\"elementor-element elementor-element-1143013e e-con-full e-flex e-con e-child\" data-id=\"1143013e\" data-element_type=\"container\" data-e-type=\"container\">\n\t\t\t\t<div class=\"elementor-element elementor-element-d599353 elementor-widget elementor-widget-image\" data-id=\"d599353\" data-element_type=\"widget\" data-e-type=\"widget\" data-widget_type=\"image.default\">\n\t\t\t\t\t\t\t\t\t\t\t\t\t\t\t<img decoding=\"async\" width=\"480\" height=\"312\" src=\"https:\/\/www.blackprodesign.dz\/wp-content\/uploads\/2025\/08\/09_InspectionFriendlyIML_Samplekit_20250806_FR.png\" class=\"attachment-large size-large wp-image-1182\" alt=\"\" srcset=\"https:\/\/www.blackprodesign.dz\/wp-content\/uploads\/2025\/08\/09_InspectionFriendlyIML_Samplekit_20250806_FR.png 480w, https:\/\/www.blackprodesign.dz\/wp-content\/uploads\/2025\/08\/09_InspectionFriendlyIML_Samplekit_20250806_FR-300x195.png 300w, https:\/\/www.blackprodesign.dz\/wp-content\/uploads\/2025\/08\/09_InspectionFriendlyIML_Samplekit_20250806_FR-18x12.png 18w\" sizes=\"(max-width: 480px) 100vw, 480px\" \/>\t\t\t\t\t\t\t\t\t\t\t\t\t\t\t<\/div>\n\t\t\t\t<\/div>\n\t\t<div class=\"elementor-element elementor-element-d09e06d e-con-full e-flex e-con e-child\" data-id=\"d09e06d\" data-element_type=\"container\" data-e-type=\"container\">\n\t\t\t\t<\/div>\n\t\t\t\t\t<\/div>\n\t\t\t\t<\/div>\n\t\t<div class=\"elementor-element elementor-element-7ef47ba7 e-flex e-con-boxed e-con e-parent\" data-id=\"7ef47ba7\" data-element_type=\"container\" data-e-type=\"container\">\n\t\t\t\t\t<div class=\"e-con-inner\">\n\t\t<div class=\"elementor-element elementor-element-c7ee4c6 e-con-full e-flex e-con e-child\" data-id=\"c7ee4c6\" data-element_type=\"container\" data-e-type=\"container\">\n\t\t\t\t<\/div>\n\t\t<div class=\"elementor-element elementor-element-1268be7a e-con-full e-flex e-con e-child\" data-id=\"1268be7a\" data-element_type=\"container\" data-e-type=\"container\">\n\t\t\t\t<div class=\"elementor-element elementor-element-4dff7df9 elementor-widget elementor-widget-heading\" data-id=\"4dff7df9\" data-element_type=\"widget\" data-e-type=\"widget\" data-widget_type=\"heading.default\">\n\t\t\t\t\t<h2 class=\"elementor-heading-title elementor-size-default\">G\u00f6r\u00fcnmez m\u00fcrekkep<\/h2>\t\t\t\t<\/div>\n\t\t\t\t<div class=\"elementor-element elementor-element-769ea43b elementor-widget elementor-widget-text-editor\" data-id=\"769ea43b\" data-element_type=\"widget\" data-e-type=\"widget\" data-widget_type=\"text-editor.default\">\n\t\t\t\t\t\t\t\t\t<p>G\u00f6r\u00fcnmez m\u00fcrekkep, normal \u0131\u015f\u0131k ko\u015fullar\u0131nda alg\u0131lanamayan, ancak belirli UV \u0131\u015f\u0131\u011f\u0131 alt\u0131nda g\u00f6r\u00fclebilen \u00f6zel bir m\u00fcrekkeptir. \u015eeffaf m\u00fcrekkep, g\u00f6rsel denetim sistemi taraf\u0131ndan a\u00e7\u0131\u011fa \u00e7\u0131kar\u0131lan UV \u0131\u015f\u0131\u011f\u0131n\u0131 emer ve kameran\u0131n g\u00f6r\u00fcnt\u00fcy\u00fc g\u00f6rebilmesi i\u00e7in belirli bir dalga boyunu yans\u0131t\u0131r. Etiketin t\u00fcm kenarlar\u0131na g\u00f6r\u00fcnmez m\u00fcrekkep eklenerek, etiketin kesik kenarlar\u0131 vurgulanabilir ve b\u00f6ylece kamera denetim sistemleri taraf\u0131ndan g\u00f6r\u00fclebilir hale getirilebilir. Kamera art\u0131k etiketin kab\u0131n alt\u0131ndaki konumunu, hizas\u0131n\u0131 ve hatta s\u0131z\u0131nt\u0131y\u0131 bile kontrol edebilir. Herkes kazan\u0131r!<\/p>\t\t\t\t\t\t\t\t<\/div>\n\t\t\t\t<\/div>\n\t\t<div class=\"elementor-element elementor-element-55cddc2d e-con-full e-flex e-con e-child\" data-id=\"55cddc2d\" data-element_type=\"container\" data-e-type=\"container\">\n\t\t\t\t<\/div>\n\t\t\t\t\t<\/div>\n\t\t\t\t<\/div>\n\t\t<div class=\"elementor-element elementor-element-35f7ffd7 e-flex e-con-boxed e-con e-parent\" data-id=\"35f7ffd7\" data-element_type=\"container\" data-e-type=\"container\">\n\t\t\t\t\t<div class=\"e-con-inner\">\n\t\t<div class=\"elementor-element elementor-element-5250ed40 e-con-full e-flex e-con e-child\" data-id=\"5250ed40\" data-element_type=\"container\" data-e-type=\"container\">\n\t\t\t\t<div class=\"elementor-element elementor-element-2261bdcb elementor-widget elementor-widget-heading\" data-id=\"2261bdcb\" data-element_type=\"widget\" data-e-type=\"widget\" data-widget_type=\"heading.default\">\n\t\t\t\t\t<h2 class=\"elementor-heading-title elementor-size-default\">IML Denetim Dostu etiketlerin avantajlar\u0131n\u0131 ke\u015ffedin<\/h2>\t\t\t\t<\/div>\n\t\t\t\t<div class=\"elementor-element elementor-element-36179084 elementor-widget elementor-widget-text-editor\" data-id=\"36179084\" data-element_type=\"widget\" data-e-type=\"widget\" data-widget_type=\"text-editor.default\">\n\t\t\t\t\t\t\t\t\t<h3>\u00dcretim kalitesinde ve verimlili\u011finde art\u0131\u015f \u2013 daha ne isteyebilirsiniz ki?<\/h3>\t\t\t\t\t\t\t\t<\/div>\n\t\t<div class=\"elementor-element elementor-element-9849a56 e-con-full e-flex e-con e-child\" data-id=\"9849a56\" data-element_type=\"container\" data-e-type=\"container\" data-settings=\"{&quot;background_background&quot;:&quot;classic&quot;}\">\n\t\t\t\t<div class=\"elementor-element elementor-element-2ff8475a elementor-align-center elementor-icon-list--layout-traditional elementor-list-item-link-full_width elementor-widget elementor-widget-icon-list\" data-id=\"2ff8475a\" data-element_type=\"widget\" data-e-type=\"widget\" data-widget_type=\"icon-list.default\">\n\t\t\t\t\t\t\t<ul class=\"elementor-icon-list-items\">\n\t\t\t\t\t\t\t<li class=\"elementor-icon-list-item\">\n\t\t\t\t\t\t\t\t\t\t<span class=\"elementor-icon-list-text\">\u0130lham kutunuzu al\u0131n <br> Bariyer IML burada<\/span>\n\t\t\t\t\t\t\t\t\t<\/li>\n\t\t\t\t\t\t<\/ul>\n\t\t\t\t\t\t<\/div>\n\t\t\t\t<\/div>\n\t\t\t\t<\/div>\n\t\t<div class=\"elementor-element elementor-element-6efc135 e-con-full e-flex e-con e-child\" data-id=\"6efc135\" data-element_type=\"container\" data-e-type=\"container\" data-settings=\"{&quot;background_background&quot;:&quot;classic&quot;}\">\n\t\t\t\t<div class=\"elementor-element elementor-element-647ab82a elementor-widget elementor-widget-image\" data-id=\"647ab82a\" data-element_type=\"widget\" data-e-type=\"widget\" data-widget_type=\"image.default\">\n\t\t\t\t\t\t\t\t\t\t\t\t\t\t\t<img decoding=\"async\" width=\"480\" height=\"312\" src=\"https:\/\/www.blackprodesign.dz\/wp-content\/uploads\/2025\/08\/09_InspectionFriendlyIML_Samplekit_20250806_FR.png\" class=\"attachment-large size-large wp-image-1182\" alt=\"\" srcset=\"https:\/\/www.blackprodesign.dz\/wp-content\/uploads\/2025\/08\/09_InspectionFriendlyIML_Samplekit_20250806_FR.png 480w, https:\/\/www.blackprodesign.dz\/wp-content\/uploads\/2025\/08\/09_InspectionFriendlyIML_Samplekit_20250806_FR-300x195.png 300w, https:\/\/www.blackprodesign.dz\/wp-content\/uploads\/2025\/08\/09_InspectionFriendlyIML_Samplekit_20250806_FR-18x12.png 18w\" sizes=\"(max-width: 480px) 100vw, 480px\" \/>\t\t\t\t\t\t\t\t\t\t\t\t\t\t\t<\/div>\n\t\t\t\t<\/div>\n\t\t\t\t\t<\/div>\n\t\t\t\t<\/div>\n\t\t<div class=\"elementor-element elementor-element-70a405f7 e-flex e-con-boxed e-con e-parent\" data-id=\"70a405f7\" data-element_type=\"container\" data-e-type=\"container\">\n\t\t\t\t\t<div class=\"e-con-inner\">\n\t\t<div class=\"elementor-element elementor-element-23343adf e-con-full e-flex e-con e-child\" data-id=\"23343adf\" data-element_type=\"container\" data-e-type=\"container\" data-settings=\"{&quot;background_background&quot;:&quot;classic&quot;}\">\n\t\t\t\t<div class=\"elementor-element elementor-element-4fe3bdcc elementor-widget elementor-widget-heading\" data-id=\"4fe3bdcc\" data-element_type=\"widget\" data-e-type=\"widget\" data-widget_type=\"heading.default\">\n\t\t\t\t\t<h2 class=\"elementor-heading-title elementor-size-default\">Daha fazlas\u0131n\u0131 m\u0131 \u00f6\u011frenmek istiyorsunuz ?<\/h2>\t\t\t\t<\/div>\n\t\t\t\t<div class=\"elementor-element elementor-element-4f7c0bd7 elementor-widget elementor-widget-text-editor\" data-id=\"4f7c0bd7\" data-element_type=\"widget\" data-e-type=\"widget\" data-widget_type=\"text-editor.default\">\n\t\t\t\t\t\t\t\t\t<p>Bizimle ileti\u015fime ge\u00e7in, birlikte projenizi ba\u015far\u0131ya ula\u015ft\u0131ral\u0131m.<\/p>\t\t\t\t\t\t\t\t<\/div>\n\t\t\t\t<\/div>\n\t\t<div class=\"elementor-element elementor-element-688ad436 e-con-full e-flex e-con e-child\" data-id=\"688ad436\" data-element_type=\"container\" data-e-type=\"container\" data-settings=\"{&quot;background_background&quot;:&quot;classic&quot;}\">\n\t\t<div class=\"elementor-element elementor-element-4c10cd57 e-con-full e-flex e-con e-child\" data-id=\"4c10cd57\" data-element_type=\"container\" data-e-type=\"container\" data-settings=\"{&quot;background_background&quot;:&quot;classic&quot;}\">\n\t\t\t\t<div class=\"elementor-element elementor-element-4a00f24c elementor-align-center elementor-icon-list--layout-traditional elementor-list-item-link-full_width elementor-widget elementor-widget-icon-list\" data-id=\"4a00f24c\" data-element_type=\"widget\" data-e-type=\"widget\" data-widget_type=\"icon-list.default\">\n\t\t\t\t\t\t\t<ul class=\"elementor-icon-list-items\">\n\t\t\t\t\t\t\t<li class=\"elementor-icon-list-item\">\n\t\t\t\t\t\t\t\t\t\t\t<a href=\"https:\/\/www.blackprodesign.dz\/tr\/contact\/\">\n\n\t\t\t\t\t\t\t\t\t\t\t<span class=\"elementor-icon-list-text\">Bizimle ileti\u015fime ge\u00e7in <br> bizimle<\/span>\n\t\t\t\t\t\t\t\t\t\t\t<\/a>\n\t\t\t\t\t\t\t\t\t<\/li>\n\t\t\t\t\t\t<\/ul>\n\t\t\t\t\t\t<\/div>\n\t\t\t\t<\/div>\n\t\t\t\t<\/div>\n\t\t\t\t\t<\/div>\n\t\t\t\t<\/div>\n\t\t\t\t<\/div>","protected":false},"excerpt":{"rendered":"<p>Inspection Friendly IML Des \u00e9tiquettes Inspection Friendly IML am\u00e9liorent la qualit\u00e9, l&rsquo;efficacit\u00e9 de votre production et vous font \u00e9conomiser de l&rsquo;argent. Les transformateurs utilisent des syst\u00e8mes d&rsquo;inspection par cam\u00e9ra de haute technologie pour contr\u00f4ler la qualit\u00e9 de chaque emballage et r\u00e9duire le taux de rebut. Ces syst\u00e8mes de vision v\u00e9rifient la pr\u00e9sence et la position [&hellip;]<\/p>\n","protected":false},"author":1,"featured_media":0,"parent":0,"menu_order":0,"comment_status":"closed","ping_status":"closed","template":"elementor_header_footer","meta":{"footnotes":""},"class_list":["post-972","page","type-page","status-publish","hentry"],"_links":{"self":[{"href":"https:\/\/www.blackprodesign.dz\/tr\/wp-json\/wp\/v2\/pages\/972","targetHints":{"allow":["GET"]}}],"collection":[{"href":"https:\/\/www.blackprodesign.dz\/tr\/wp-json\/wp\/v2\/pages"}],"about":[{"href":"https:\/\/www.blackprodesign.dz\/tr\/wp-json\/wp\/v2\/types\/page"}],"author":[{"embeddable":true,"href":"https:\/\/www.blackprodesign.dz\/tr\/wp-json\/wp\/v2\/users\/1"}],"replies":[{"embeddable":true,"href":"https:\/\/www.blackprodesign.dz\/tr\/wp-json\/wp\/v2\/comments?post=972"}],"version-history":[{"count":19,"href":"https:\/\/www.blackprodesign.dz\/tr\/wp-json\/wp\/v2\/pages\/972\/revisions"}],"predecessor-version":[{"id":1201,"href":"https:\/\/www.blackprodesign.dz\/tr\/wp-json\/wp\/v2\/pages\/972\/revisions\/1201"}],"wp:attachment":[{"href":"https:\/\/www.blackprodesign.dz\/tr\/wp-json\/wp\/v2\/media?parent=972"}],"curies":[{"name":"wp","href":"https:\/\/api.w.org\/{rel}","templated":true}]}}