{"id":967,"date":"2025-08-13T13:49:57","date_gmt":"2025-08-13T13:49:57","guid":{"rendered":"https:\/\/www.blackprodesign.dz\/?page_id=967"},"modified":"2025-08-14T10:21:04","modified_gmt":"2025-08-14T10:21:04","slug":"doublesided-iml","status":"publish","type":"page","link":"https:\/\/www.blackprodesign.dz\/tr\/doublesided-iml\/","title":{"rendered":"\u00c7ift Tarafl\u0131 IML"},"content":{"rendered":"<div data-elementor-type=\"wp-page\" data-elementor-id=\"967\" class=\"elementor elementor-967\" data-elementor-post-type=\"page\">\n\t\t\t\t<div class=\"elementor-element elementor-element-155794a6 e-flex e-con-boxed e-con e-parent\" data-id=\"155794a6\" data-element_type=\"container\" data-e-type=\"container\" data-settings=\"{&quot;background_background&quot;:&quot;classic&quot;}\">\n\t\t\t\t\t<div class=\"e-con-inner\">\n\t\t<div class=\"elementor-element elementor-element-44df4324 e-con-full e-flex e-con e-child\" data-id=\"44df4324\" data-element_type=\"container\" data-e-type=\"container\">\n\t\t\t\t<div class=\"elementor-element elementor-element-d2aa2e5 elementor-widget elementor-widget-heading\" data-id=\"d2aa2e5\" data-element_type=\"widget\" data-e-type=\"widget\" data-widget_type=\"heading.default\">\n\t\t\t\t\t<h2 class=\"elementor-heading-title elementor-size-default\">\u00c7ift Tarafl\u0131 IML <\/h2>\t\t\t\t<\/div>\n\t\t\t\t<div class=\"elementor-element elementor-element-a781b5d elementor-widget elementor-widget-text-editor\" data-id=\"a781b5d\" data-element_type=\"widget\" data-e-type=\"widget\" data-widget_type=\"text-editor.default\">\n\t\t\t\t\t\t\t\t\t<p>\u00c7ift tarafl\u0131 IML, her iki y\u00fcz\u00fcne de bask\u0131 yap\u0131lan bir IML etikettir.<\/p>\t\t\t\t\t\t\t\t<\/div>\n\t\t\t\t<\/div>\n\t\t<div class=\"elementor-element elementor-element-34f88e05 e-con-full e-flex e-con e-child\" data-id=\"34f88e05\" data-element_type=\"container\" data-e-type=\"container\">\n\t\t\t\t<div class=\"elementor-element elementor-element-16aa7e2e elementor-widget elementor-widget-image\" data-id=\"16aa7e2e\" data-element_type=\"widget\" data-e-type=\"widget\" data-widget_type=\"image.default\">\n\t\t\t\t\t\t\t\t\t\t\t\t\t\t\t<img fetchpriority=\"high\" decoding=\"async\" width=\"734\" height=\"480\" src=\"https:\/\/www.blackprodesign.dz\/wp-content\/uploads\/2025\/08\/2-258.png\" class=\"attachment-large size-large wp-image-922\" alt=\"\" srcset=\"https:\/\/www.blackprodesign.dz\/wp-content\/uploads\/2025\/08\/2-258.png 734w, https:\/\/www.blackprodesign.dz\/wp-content\/uploads\/2025\/08\/2-258-300x196.png 300w, https:\/\/www.blackprodesign.dz\/wp-content\/uploads\/2025\/08\/2-258-18x12.png 18w\" sizes=\"(max-width: 734px) 100vw, 734px\" \/>\t\t\t\t\t\t\t\t\t\t\t\t\t\t\t<\/div>\n\t\t\t\t<\/div>\n\t\t\t\t\t<\/div>\n\t\t\t\t<\/div>\n\t\t<div class=\"elementor-element elementor-element-74798142 e-flex e-con-boxed e-con e-parent\" data-id=\"74798142\" data-element_type=\"container\" data-e-type=\"container\">\n\t\t\t\t\t<div class=\"e-con-inner\">\n\t\t<div class=\"elementor-element elementor-element-62dba3fd e-con-full e-flex e-con e-child\" data-id=\"62dba3fd\" data-element_type=\"container\" data-e-type=\"container\">\n\t\t\t\t<\/div>\n\t\t<div class=\"elementor-element elementor-element-1d3b5bc2 e-con-full e-flex e-con e-child\" data-id=\"1d3b5bc2\" data-element_type=\"container\" data-e-type=\"container\">\n\t\t\t\t<div class=\"elementor-element elementor-element-39090baa elementor-widget elementor-widget-text-editor\" data-id=\"39090baa\" data-element_type=\"widget\" data-e-type=\"widget\" data-widget_type=\"text-editor.default\">\n\t\t\t\t\t\t\t\t\t<p>Ambalajlar\u0131n\u0131zda \u00e7ift tarafl\u0131 IML kullanman\u0131z i\u00e7in bir\u00e7ok neden vard\u0131r:<\/p>\t\t\t\t\t\t\t\t<\/div>\n\t\t\t\t<div class=\"elementor-element elementor-element-9ca76b5 elementor-widget elementor-widget-text-editor\" data-id=\"9ca76b5\" data-element_type=\"widget\" data-e-type=\"widget\" data-widget_type=\"text-editor.default\">\n\t\t\t\t\t\t\t\t\t<p><strong>Bariyer IML \u00fcretim s\u00fcrecini \u00f6nemli \u00f6l\u00e7\u00fcde basitle\u015ftirir:<\/strong><\/p><ul class=\"app-checkbox-ul\"><li><p>\u00dcr\u00fcn\u00fcn\u00fcz\u00fc kullanman\u0131n bir yolunu, \u00f6rne\u011fin bir tarif \u00f6nerin.<\/p><\/li><li><p>T\u00fcketiciyi \u00fcr\u00fcn\u00fc sat\u0131n almaya devam etmeye davet edin.<\/p><\/li><li><p>T\u00fcketicilerinize \u00fcr\u00fcn\u00fcn\u00fcz\u00fc sat\u0131n ald\u0131klar\u0131 i\u00e7in te\u015fekk\u00fcr edin.<\/p><\/li><li>Dozaj\u0131 kolayla\u015ft\u0131rmak i\u00e7in dereceli bir \u00f6l\u00e7ek g\u00f6sterin.<\/li><li>\u0130nsanlar\u0131 \u015firketinizin web sitesini ziyaret etmeye veya bir yar\u0131\u015fmaya kat\u0131lmaya te\u015fvik edin.<\/li><li>Markan\u0131z\u0131n di\u011fer \u00fcr\u00fcnlerini tan\u0131tarak \u00e7apraz sat\u0131\u015f\u0131 art\u0131r\u0131n.<\/li><li>Etikette bulunmas\u0131 gereken t\u00fcm yasal bilgileri sa\u011flay\u0131n.<\/li><\/ul>\t\t\t\t\t\t\t\t<\/div>\n\t\t\t\t<div class=\"elementor-element elementor-element-4029aef0 elementor-widget elementor-widget-text-editor\" data-id=\"4029aef0\" data-element_type=\"widget\" data-e-type=\"widget\" data-widget_type=\"text-editor.default\">\n\t\t\t\t\t\t\t\t\t\u00c7ift tarafl\u0131 IML, g\u0131da etiketlerinde daha fazla bilgi gerektiren yeni Avrupa mevzuat\u0131na bir \u00e7\u00f6z\u00fcm sunuyor. \u00c7ift tarafl\u0131 IML etiketler, g\u0131da \u00fcreticilerine geleneksel IML etiketlere k\u0131yasla iki kat daha fazla bask\u0131 alan\u0131 sunuyor.\n<br><br>\n\n\u00c7ift tarafl\u0131 IML etiket se\u00e7erken dikkat edilmesi gereken baz\u0131 teknik ve tasar\u0131msal hususlar vard\u0131r.\t\t\t\t\t\t\t\t<\/div>\n\t\t\t\t<\/div>\n\t\t<div class=\"elementor-element elementor-element-1584355e e-con-full e-flex e-con e-child\" data-id=\"1584355e\" data-element_type=\"container\" data-e-type=\"container\">\n\t\t\t\t<\/div>\n\t\t\t\t\t<\/div>\n\t\t\t\t<\/div>\n\t\t<div class=\"elementor-element elementor-element-49215766 e-flex e-con-boxed e-con e-parent\" data-id=\"49215766\" data-element_type=\"container\" data-e-type=\"container\" data-settings=\"{&quot;background_background&quot;:&quot;classic&quot;}\">\n\t\t\t\t\t<div class=\"e-con-inner\">\n\t\t<div class=\"elementor-element elementor-element-f259552 e-con-full e-flex e-con e-child\" data-id=\"f259552\" data-element_type=\"container\" data-e-type=\"container\">\n\t\t\t\t<\/div>\n\t\t<div class=\"elementor-element elementor-element-295cbe6f e-con-full e-flex e-con e-child\" data-id=\"295cbe6f\" data-element_type=\"container\" data-e-type=\"container\">\n\t\t\t\t<div class=\"elementor-element elementor-element-35d7986f elementor-widget elementor-widget-heading\" data-id=\"35d7986f\" data-element_type=\"widget\" data-e-type=\"widget\" data-widget_type=\"heading.default\">\n\t\t\t\t\t<h2 class=\"elementor-heading-title elementor-size-default\">Ana \u00f6zellikler<\/h2>\t\t\t\t<\/div>\n\t\t\t\t<div class=\"elementor-element elementor-element-6d41da86 elementor-icon-list--layout-traditional elementor-list-item-link-full_width elementor-widget elementor-widget-icon-list\" data-id=\"6d41da86\" data-element_type=\"widget\" data-e-type=\"widget\" data-widget_type=\"icon-list.default\">\n\t\t\t\t\t\t\t<ul class=\"elementor-icon-list-items\">\n\t\t\t\t\t\t\t<li class=\"elementor-icon-list-item\">\n\t\t\t\t\t\t\t\t\t\t\t<span class=\"elementor-icon-list-icon\">\n\t\t\t\t\t\t\t<svg aria-hidden=\"true\" class=\"e-font-icon-svg e-fas-check\" viewbox=\"0 0 512 512\" xmlns=\"http:\/\/www.w3.org\/2000\/svg\"><path d=\"M173.898 439.404l-166.4-166.4c-9.997-9.997-9.997-26.206 0-36.204l36.203-36.204c9.997-9.998 26.207-9.998 36.204 0L192 312.69 432.095 72.596c9.997-9.997 26.207-9.997 36.204 0l36.203 36.204c9.997 9.997 9.997 26.206 0 36.204l-294.4 294.401c-9.998 9.997-26.207 9.997-36.204-.001z\"><\/path><\/svg>\t\t\t\t\t\t<\/span>\n\t\t\t\t\t\t\t\t\t\t<span class=\"elementor-icon-list-text\">Bask\u0131 alan\u0131n\u0131 ikiye katlay\u0131n<\/span>\n\t\t\t\t\t\t\t\t\t<\/li>\n\t\t\t\t\t\t<\/ul>\n\t\t\t\t\t\t<\/div>\n\t\t\t\t<div class=\"elementor-element elementor-element-65aa344f elementor-icon-list--layout-traditional elementor-list-item-link-full_width elementor-widget elementor-widget-icon-list\" data-id=\"65aa344f\" data-element_type=\"widget\" data-e-type=\"widget\" data-widget_type=\"icon-list.default\">\n\t\t\t\t\t\t\t<ul class=\"elementor-icon-list-items\">\n\t\t\t\t\t\t\t<li class=\"elementor-icon-list-item\">\n\t\t\t\t\t\t\t\t\t\t\t<span class=\"elementor-icon-list-icon\">\n\t\t\t\t\t\t\t<svg aria-hidden=\"true\" class=\"e-font-icon-svg e-fas-check\" viewbox=\"0 0 512 512\" xmlns=\"http:\/\/www.w3.org\/2000\/svg\"><path d=\"M173.898 439.404l-166.4-166.4c-9.997-9.997-9.997-26.206 0-36.204l36.203-36.204c9.997-9.998 26.207-9.998 36.204 0L192 312.69 432.095 72.596c9.997-9.997 26.207-9.997 36.204 0l36.203 36.204c9.997 9.997 9.997 26.206 0 36.204l-294.4 294.401c-9.998 9.997-26.207 9.997-36.204-.001z\"><\/path><\/svg>\t\t\t\t\t\t<\/span>\n\t\t\t\t\t\t\t\t\t\t<span class=\"elementor-icon-list-text\">Pazarlama F\u0131rsatlar\u0131<\/span>\n\t\t\t\t\t\t\t\t\t<\/li>\n\t\t\t\t\t\t<\/ul>\n\t\t\t\t\t\t<\/div>\n\t\t\t\t<div class=\"elementor-element elementor-element-278fae41 elementor-icon-list--layout-traditional elementor-list-item-link-full_width elementor-widget elementor-widget-icon-list\" data-id=\"278fae41\" data-element_type=\"widget\" data-e-type=\"widget\" data-widget_type=\"icon-list.default\">\n\t\t\t\t\t\t\t<ul class=\"elementor-icon-list-items\">\n\t\t\t\t\t\t\t<li class=\"elementor-icon-list-item\">\n\t\t\t\t\t\t\t\t\t\t\t<span class=\"elementor-icon-list-icon\">\n\t\t\t\t\t\t\t<svg aria-hidden=\"true\" class=\"e-font-icon-svg e-fas-check\" viewbox=\"0 0 512 512\" xmlns=\"http:\/\/www.w3.org\/2000\/svg\"><path d=\"M173.898 439.404l-166.4-166.4c-9.997-9.997-9.997-26.206 0-36.204l36.203-36.204c9.997-9.998 26.207-9.998 36.204 0L192 312.69 432.095 72.596c9.997-9.997 26.207-9.997 36.204 0l36.203 36.204c9.997 9.997 9.997 26.206 0 36.204l-294.4 294.401c-9.998 9.997-26.207 9.997-36.204-.001z\"><\/path><\/svg>\t\t\t\t\t\t<\/span>\n\t\t\t\t\t\t\t\t\t\t<span class=\"elementor-icon-list-text\">\u00d6zel tasar\u0131m ve enjeksiyon kal\u0131plama y\u00f6nergeleri<\/span>\n\t\t\t\t\t\t\t\t\t<\/li>\n\t\t\t\t\t\t<\/ul>\n\t\t\t\t\t\t<\/div>\n\t\t\t\t<\/div>\n\t\t<div class=\"elementor-element elementor-element-6bb3032a e-con-full e-flex e-con e-child\" data-id=\"6bb3032a\" data-element_type=\"container\" data-e-type=\"container\">\n\t\t\t\t<\/div>\n\t\t\t\t\t<\/div>\n\t\t\t\t<\/div>\n\t\t<div class=\"elementor-element elementor-element-612a1193 e-flex e-con-boxed e-con e-parent\" data-id=\"612a1193\" data-element_type=\"container\" data-e-type=\"container\">\n\t\t\t\t\t<div class=\"e-con-inner\">\n\t\t<div class=\"elementor-element elementor-element-41f36b5b e-con-full e-flex e-con e-child\" data-id=\"41f36b5b\" data-element_type=\"container\" data-e-type=\"container\">\n\t\t\t\t<div class=\"elementor-element elementor-element-3c907e76 elementor-widget elementor-widget-heading\" data-id=\"3c907e76\" data-element_type=\"widget\" data-e-type=\"widget\" data-widget_type=\"heading.default\">\n\t\t\t\t\t<h2 class=\"elementor-heading-title elementor-size-default\">DoubleSided IML'nin i\u00e7 ve d\u0131\u015f tasar\u0131m\u0131n\u0131 ke\u015ffedin<\/h2>\t\t\t\t<\/div>\n\t\t\t\t<div class=\"elementor-element elementor-element-62c14a5e elementor-widget elementor-widget-text-editor\" data-id=\"62c14a5e\" data-element_type=\"widget\" data-e-type=\"widget\" data-widget_type=\"text-editor.default\">\n\t\t\t\t\t\t\t\t\t<p>\u0130ki kat daha fazla etiket alan\u0131yla neler yapabilece\u011finizi \u00f6\u011frenin<\/p>\t\t\t\t\t\t\t\t<\/div>\n\t\t<div class=\"elementor-element elementor-element-48e3b57a e-con-full e-flex e-con e-child\" data-id=\"48e3b57a\" data-element_type=\"container\" data-e-type=\"container\" data-settings=\"{&quot;background_background&quot;:&quot;classic&quot;}\">\n\t\t\t\t<div class=\"elementor-element elementor-element-7df15274 elementor-align-center elementor-icon-list--layout-traditional elementor-list-item-link-full_width elementor-widget elementor-widget-icon-list\" data-id=\"7df15274\" data-element_type=\"widget\" data-e-type=\"widget\" data-widget_type=\"icon-list.default\">\n\t\t\t\t\t\t\t<ul class=\"elementor-icon-list-items\">\n\t\t\t\t\t\t\t<li class=\"elementor-icon-list-item\">\n\t\t\t\t\t\t\t\t\t\t<span class=\"elementor-icon-list-text\">\u0130lham kutunuzu al\u0131n <br> Bariyer IML burada<\/span>\n\t\t\t\t\t\t\t\t\t<\/li>\n\t\t\t\t\t\t<\/ul>\n\t\t\t\t\t\t<\/div>\n\t\t\t\t<\/div>\n\t\t\t\t<\/div>\n\t\t<div class=\"elementor-element elementor-element-44d4e073 e-con-full e-flex e-con e-child\" data-id=\"44d4e073\" data-element_type=\"container\" data-e-type=\"container\" data-settings=\"{&quot;background_background&quot;:&quot;classic&quot;}\">\n\t\t\t\t<div class=\"elementor-element elementor-element-46e312a5 elementor-widget elementor-widget-image\" data-id=\"46e312a5\" data-element_type=\"widget\" data-e-type=\"widget\" data-widget_type=\"image.default\">\n\t\t\t\t\t\t\t\t\t\t\t\t\t\t\t<img decoding=\"async\" width=\"800\" height=\"513\" src=\"https:\/\/www.blackprodesign.dz\/wp-content\/uploads\/2025\/08\/08_DoubleSidedIML_Samplekit_20250708_FR.png\" class=\"attachment-large size-large wp-image-1174\" alt=\"\" srcset=\"https:\/\/www.blackprodesign.dz\/wp-content\/uploads\/2025\/08\/08_DoubleSidedIML_Samplekit_20250708_FR.png 846w, https:\/\/www.blackprodesign.dz\/wp-content\/uploads\/2025\/08\/08_DoubleSidedIML_Samplekit_20250708_FR-300x193.png 300w, https:\/\/www.blackprodesign.dz\/wp-content\/uploads\/2025\/08\/08_DoubleSidedIML_Samplekit_20250708_FR-768x493.png 768w, https:\/\/www.blackprodesign.dz\/wp-content\/uploads\/2025\/08\/08_DoubleSidedIML_Samplekit_20250708_FR-18x12.png 18w\" sizes=\"(max-width: 800px) 100vw, 800px\" \/>\t\t\t\t\t\t\t\t\t\t\t\t\t\t\t<\/div>\n\t\t\t\t<\/div>\n\t\t\t\t\t<\/div>\n\t\t\t\t<\/div>\n\t\t<div class=\"elementor-element elementor-element-13bc0d7b e-flex e-con-boxed e-con e-parent\" data-id=\"13bc0d7b\" data-element_type=\"container\" data-e-type=\"container\">\n\t\t\t\t\t<div class=\"e-con-inner\">\n\t\t<div class=\"elementor-element elementor-element-36c71d1a e-con-full e-flex e-con e-child\" data-id=\"36c71d1a\" data-element_type=\"container\" data-e-type=\"container\" data-settings=\"{&quot;background_background&quot;:&quot;classic&quot;}\">\n\t\t\t\t<div class=\"elementor-element elementor-element-5136bc2b elementor-widget elementor-widget-heading\" data-id=\"5136bc2b\" data-element_type=\"widget\" data-e-type=\"widget\" data-widget_type=\"heading.default\">\n\t\t\t\t\t<h2 class=\"elementor-heading-title elementor-size-default\">Daha fazlas\u0131n\u0131 m\u0131 \u00f6\u011frenmek istiyorsunuz ?<\/h2>\t\t\t\t<\/div>\n\t\t\t\t<div class=\"elementor-element elementor-element-33e57203 elementor-widget elementor-widget-text-editor\" data-id=\"33e57203\" data-element_type=\"widget\" data-e-type=\"widget\" data-widget_type=\"text-editor.default\">\n\t\t\t\t\t\t\t\t\t<p>Bizimle ileti\u015fime ge\u00e7in, birlikte projenizi ba\u015far\u0131ya ula\u015ft\u0131ral\u0131m.<\/p>\t\t\t\t\t\t\t\t<\/div>\n\t\t\t\t<\/div>\n\t\t<div class=\"elementor-element elementor-element-3bc138ee e-con-full e-flex e-con e-child\" data-id=\"3bc138ee\" data-element_type=\"container\" data-e-type=\"container\" data-settings=\"{&quot;background_background&quot;:&quot;classic&quot;}\">\n\t\t<div class=\"elementor-element elementor-element-7d010b44 e-con-full e-flex e-con e-child\" data-id=\"7d010b44\" data-element_type=\"container\" data-e-type=\"container\" data-settings=\"{&quot;background_background&quot;:&quot;classic&quot;}\">\n\t\t\t\t<div class=\"elementor-element elementor-element-3ea48373 elementor-align-center elementor-icon-list--layout-traditional elementor-list-item-link-full_width elementor-widget elementor-widget-icon-list\" data-id=\"3ea48373\" data-element_type=\"widget\" data-e-type=\"widget\" data-widget_type=\"icon-list.default\">\n\t\t\t\t\t\t\t<ul class=\"elementor-icon-list-items\">\n\t\t\t\t\t\t\t<li class=\"elementor-icon-list-item\">\n\t\t\t\t\t\t\t\t\t\t\t<a href=\"https:\/\/www.blackprodesign.dz\/tr\/contact\/\">\n\n\t\t\t\t\t\t\t\t\t\t\t<span class=\"elementor-icon-list-text\">Bizimle ileti\u015fime ge\u00e7in <br> bizimle<\/span>\n\t\t\t\t\t\t\t\t\t\t\t<\/a>\n\t\t\t\t\t\t\t\t\t<\/li>\n\t\t\t\t\t\t<\/ul>\n\t\t\t\t\t\t<\/div>\n\t\t\t\t<\/div>\n\t\t\t\t<\/div>\n\t\t\t\t\t<\/div>\n\t\t\t\t<\/div>\n\t\t\t\t<\/div>","protected":false},"excerpt":{"rendered":"<p>DoubleSided IML L&rsquo;IML double face est une \u00e9tiquette IML imprim\u00e9e recto\/verso. De nombreuses raisons justifient l&rsquo;utilisation de l&rsquo;IML double face pour votre emballage : L\u2019IML barri\u00e8re simplifie consid\u00e9rablement le processus de production: Sugg\u00e9rer une fa\u00e7on d&rsquo;utiliser votre produit, une recette par exemple. Inviter le consommateur \u00e0 continuer \u00e0 acheter le produit. Remercier vos consommateurs d&rsquo;avoir [&hellip;]<\/p>\n","protected":false},"author":1,"featured_media":0,"parent":0,"menu_order":0,"comment_status":"closed","ping_status":"closed","template":"elementor_header_footer","meta":{"footnotes":""},"class_list":["post-967","page","type-page","status-publish","hentry"],"_links":{"self":[{"href":"https:\/\/www.blackprodesign.dz\/tr\/wp-json\/wp\/v2\/pages\/967","targetHints":{"allow":["GET"]}}],"collection":[{"href":"https:\/\/www.blackprodesign.dz\/tr\/wp-json\/wp\/v2\/pages"}],"about":[{"href":"https:\/\/www.blackprodesign.dz\/tr\/wp-json\/wp\/v2\/types\/page"}],"author":[{"embeddable":true,"href":"https:\/\/www.blackprodesign.dz\/tr\/wp-json\/wp\/v2\/users\/1"}],"replies":[{"embeddable":true,"href":"https:\/\/www.blackprodesign.dz\/tr\/wp-json\/wp\/v2\/comments?post=967"}],"version-history":[{"count":13,"href":"https:\/\/www.blackprodesign.dz\/tr\/wp-json\/wp\/v2\/pages\/967\/revisions"}],"predecessor-version":[{"id":1180,"href":"https:\/\/www.blackprodesign.dz\/tr\/wp-json\/wp\/v2\/pages\/967\/revisions\/1180"}],"wp:attachment":[{"href":"https:\/\/www.blackprodesign.dz\/tr\/wp-json\/wp\/v2\/media?parent=967"}],"curies":[{"name":"wp","href":"https:\/\/api.w.org\/{rel}","templated":true}]}}