{"id":961,"date":"2025-08-13T13:49:25","date_gmt":"2025-08-13T13:49:25","guid":{"rendered":"https:\/\/www.blackprodesign.dz\/?page_id=961"},"modified":"2025-08-14T09:53:12","modified_gmt":"2025-08-14T09:53:12","slug":"metallic-iml","status":"publish","type":"page","link":"https:\/\/www.blackprodesign.dz\/tr\/metallic-iml\/","title":{"rendered":"Metalik IML"},"content":{"rendered":"<div data-elementor-type=\"wp-page\" data-elementor-id=\"961\" class=\"elementor elementor-961\" data-elementor-post-type=\"page\">\n\t\t\t\t<div class=\"elementor-element elementor-element-4c88e2c2 e-flex e-con-boxed e-con e-parent\" data-id=\"4c88e2c2\" data-element_type=\"container\" data-e-type=\"container\" data-settings=\"{&quot;background_background&quot;:&quot;classic&quot;}\">\n\t\t\t\t\t<div class=\"e-con-inner\">\n\t\t<div class=\"elementor-element elementor-element-65af01c5 e-con-full e-flex e-con e-child\" data-id=\"65af01c5\" data-element_type=\"container\" data-e-type=\"container\">\n\t\t\t\t<div class=\"elementor-element elementor-element-113ac17 elementor-widget elementor-widget-heading\" data-id=\"113ac17\" data-element_type=\"widget\" data-e-type=\"widget\" data-widget_type=\"heading.default\">\n\t\t\t\t\t<h2 class=\"elementor-heading-title elementor-size-default\">Metalik IML<\/h2>\t\t\t\t<\/div>\n\t\t\t\t<div class=\"elementor-element elementor-element-4d156a4c elementor-widget elementor-widget-text-editor\" data-id=\"4d156a4c\" data-element_type=\"widget\" data-e-type=\"widget\" data-widget_type=\"text-editor.default\">\n\t\t\t\t\t\t\t\t\t<div class=\"app-section-c3__content app-wysiwyg-content\"><p>M\u00fc\u015fterinin dikkatini \u00e7ekmek, ambalaj\u0131n amac\u0131d\u0131r. Metalize IML se\u00e7eneklerimizle, bunu ba\u015farman\u0131n yeni ve olduk\u00e7a cazip yollar\u0131n\u0131 sunuyoruz.<\/p><\/div>\t\t\t\t\t\t\t\t<\/div>\n\t\t\t\t<\/div>\n\t\t<div class=\"elementor-element elementor-element-100c9c6f e-con-full e-flex e-con e-child\" data-id=\"100c9c6f\" data-element_type=\"container\" data-e-type=\"container\">\n\t\t\t\t<div class=\"elementor-element elementor-element-39507c27 elementor-widget elementor-widget-image\" data-id=\"39507c27\" data-element_type=\"widget\" data-e-type=\"widget\" data-widget_type=\"image.default\">\n\t\t\t\t\t\t\t\t\t\t\t\t\t\t\t<img fetchpriority=\"high\" decoding=\"async\" width=\"734\" height=\"480\" src=\"https:\/\/www.blackprodesign.dz\/wp-content\/uploads\/2025\/08\/145.png\" class=\"attachment-large size-large wp-image-918\" alt=\"\" srcset=\"https:\/\/www.blackprodesign.dz\/wp-content\/uploads\/2025\/08\/145.png 734w, https:\/\/www.blackprodesign.dz\/wp-content\/uploads\/2025\/08\/145-300x196.png 300w, https:\/\/www.blackprodesign.dz\/wp-content\/uploads\/2025\/08\/145-18x12.png 18w\" sizes=\"(max-width: 734px) 100vw, 734px\" \/>\t\t\t\t\t\t\t\t\t\t\t\t\t\t\t<\/div>\n\t\t\t\t<\/div>\n\t\t\t\t\t<\/div>\n\t\t\t\t<\/div>\n\t\t<div class=\"elementor-element elementor-element-4b5316c3 e-flex e-con-boxed e-con e-parent\" data-id=\"4b5316c3\" data-element_type=\"container\" data-e-type=\"container\">\n\t\t\t\t\t<div class=\"e-con-inner\">\n\t\t<div class=\"elementor-element elementor-element-7111dc96 e-con-full e-flex e-con e-child\" data-id=\"7111dc96\" data-element_type=\"container\" data-e-type=\"container\">\n\t\t\t\t<\/div>\n\t\t<div class=\"elementor-element elementor-element-40d93a1 e-con-full e-flex e-con e-child\" data-id=\"40d93a1\" data-element_type=\"container\" data-e-type=\"container\">\n\t\t\t\t<div class=\"elementor-element elementor-element-40a81785 elementor-widget elementor-widget-text-editor\" data-id=\"40a81785\" data-element_type=\"widget\" data-e-type=\"widget\" data-widget_type=\"text-editor.default\">\n\t\t\t\t\t\t\t\t\t<p>IML'lerimiz<sup>FOIL<\/sup>\u00a0Metalik ve IML<sup>INK<\/sup>\u00a0Metalik, her \u00fcr\u00fcn\u00fcn rafta \u00f6ne \u00e7\u0131kmas\u0131n\u0131 sa\u011flayan metalik efektler \u00fcretir.<\/p>\t\t\t\t\t\t\t\t<\/div>\n\t\t\t\t<div class=\"elementor-element elementor-element-507029dc elementor-widget elementor-widget-text-editor\" data-id=\"507029dc\" data-element_type=\"widget\" data-e-type=\"widget\" data-widget_type=\"text-editor.default\">\n\t\t\t\t\t\t\t\t\t<p><strong>Neden metalik IML?<\/strong><\/p><ul class=\"app-checkbox-ul\"><li><p>To draw the customer's attention to the products on the shelf.<\/p><\/li><li><p>To maintain a metallic look when transitioning from metal to plastic packaging.<\/p><\/li><li><p>To give your product a very high quality finished look.<\/p><\/li><\/ul>\t\t\t\t\t\t\t\t<\/div>\n\t\t\t\t<div class=\"elementor-element elementor-element-2d4f839f elementor-widget elementor-widget-text-editor\" data-id=\"2d4f839f\" data-element_type=\"widget\" data-e-type=\"widget\" data-widget_type=\"text-editor.default\">\n\t\t\t\t\t\t\t\t\tMetalize IML etiketlerimizi benimseyen ilk pazarlar boya ve kozmetik sekt\u00f6rleri oldu. O zamandan beri, bir\u00e7ok g\u0131da markas\u0131 ambalajlar\u0131n\u0131 metalize IML ile zenginle\u015ftirmeyi tercih etti.\n<h2><strong>Metalik IML<sup>FOIL<\/sup><\/strong><\/h2>\nIML metalize film etiketleri (IML<sup>FOIL<\/sup> Metalik) folyolar, istenilen taban folyosuna al\u00fcminyum folyo uygulanarak \u00fcretilir. Bu metalize folyonun do\u011fal g\u00fcm\u00fc\u015f rengi korunabilir. Bu film \u00fczerine ba\u015fka renkler de bas\u0131labilir. IML'nin temel avantaj\u0131<sup>FOIL<\/sup> Metalik, metalik g\u00f6r\u00fcn\u00fcm\u00fcn\u00fcn standart metalik m\u00fcrekkeplerin sundu\u011fundan \u00e7ok daha y\u00fcksek kalitede olmas\u0131d\u0131r. IML<sup>FOIL<\/sup> Metallic m\u00e9tallis\u00e9 sont utilis\u00e9 sur les march\u00e9s suivants:\n<h4><strong>Resimler<\/strong><\/h4>\nL\u2019IML<sup>FOIL<\/sup>\u00a0Metalik, plasti\u011fe metal saks\u0131larla ayn\u0131 parlakl\u0131\u011f\u0131 kazand\u0131r\u0131r. Ayr\u0131ca foto\u011fraf kalitesini de garantiler.\n<h4><strong>Kozmetikler<\/strong><\/h4>\nBu pazar yaln\u0131zca kullan\u0131c\u0131 dostu ambalajlarla etkilemek istemiyor. \u00c7ekici ve hedef odakl\u0131 tasar\u0131mlar da \u00f6nemli.<sup>FOIL<\/sup> Metalik, ambalaj\u0131n ihtiya\u00e7 duydu\u011fu o k\u00fc\u00e7\u00fck ekstra \u00f6zelli\u011fi katabilir!\n<h3><strong>\u015eark\u00fcteri<\/strong><\/h3>\nL&rsquo;utilisation de l\u2019IML<sup>FOIL<\/sup>\u00a0 Metalik renk, ambalaja \u00fcr\u00fcn\u00fcn konumland\u0131r\u0131lmas\u0131na, yani ayr\u0131cal\u0131kl\u0131 g\u00f6r\u00fcn\u00fcm\u00fcne uygun bir g\u00f6r\u00fcn\u00fcm kazand\u0131racakt\u0131r.\n<h3><strong>Depolama kutular\u0131<\/strong><\/h3>\nIML kullanarak saklama kutunuzu standart kutulardan farkl\u0131 k\u0131l\u0131n<sup>FOIL<\/sup> Metalik. Bu yenilik, kutunuza benzersiz ve orijinal bir g\u00f6r\u00fcn\u00fcm kazand\u0131r\u0131r.\n\n\u00c7e\u015fitli marka sahipleri, IML'nin sundu\u011fu yeni f\u0131rsatlar\u0131 takdir ediyor.<sup>FOIL<\/sup> Markala\u015fma ve \u00e7e\u015fitlendirme a\u00e7\u0131s\u0131ndan metalik. Metal ambalajdan metalize IML ile plastik ambalaja ge\u00e7i\u015f, uygun maliyetli bir \u00e7\u00f6z\u00fcmd\u00fcr.\n<br><br>\nIML'yi se\u00e7ti\u011finizde<sup>FOIL<\/sup> Metalik al\u0131rken baz\u0131 teknik \u00f6zelliklere dikkat etmek gerekiyor.\t\t\t\t\t\t\t\t<\/div>\n\t\t\t\t<\/div>\n\t\t<div class=\"elementor-element elementor-element-6281999a e-con-full e-flex e-con e-child\" data-id=\"6281999a\" data-element_type=\"container\" data-e-type=\"container\">\n\t\t\t\t<\/div>\n\t\t\t\t\t<\/div>\n\t\t\t\t<\/div>\n\t\t<div class=\"elementor-element elementor-element-596e57f6 e-flex e-con-boxed e-con e-parent\" data-id=\"596e57f6\" data-element_type=\"container\" data-e-type=\"container\">\n\t\t\t\t\t<div class=\"e-con-inner\">\n\t\t<div class=\"elementor-element elementor-element-260b763e e-con-full e-flex e-con e-child\" data-id=\"260b763e\" data-element_type=\"container\" data-e-type=\"container\">\n\t\t\t\t<\/div>\n\t\t<div class=\"elementor-element elementor-element-46a93c0a e-con-full e-flex e-con e-child\" data-id=\"46a93c0a\" data-element_type=\"container\" data-e-type=\"container\">\n\t\t\t\t<div class=\"elementor-element elementor-element-73d225bf elementor-widget elementor-widget-heading\" data-id=\"73d225bf\" data-element_type=\"widget\" data-e-type=\"widget\" data-widget_type=\"heading.default\">\n\t\t\t\t\t<h2 class=\"elementor-heading-title elementor-size-default\">Metalik IML hakk\u0131nda daha fazla bilgi edinmek ister misiniz?<\/h2>\t\t\t\t<\/div>\n\t\t\t\t<div class=\"elementor-element elementor-element-617d05c elementor-widget elementor-widget-text-editor\" data-id=\"617d05c\" data-element_type=\"widget\" data-e-type=\"widget\" data-widget_type=\"text-editor.default\">\n\t\t\t\t\t\t\t\t\t<p>Metalik IML'nin markan\u0131za nas\u0131l renk katabilece\u011fini ke\u015ffedin<\/p>\t\t\t\t\t\t\t\t<\/div>\n\t\t\t\t<div class=\"elementor-element elementor-element-67acf212 elementor-widget elementor-widget-text-editor\" data-id=\"67acf212\" data-element_type=\"widget\" data-e-type=\"widget\" data-widget_type=\"text-editor.default\">\n\t\t\t\t\t\t\t\t\t<p><span style=\"color: #333333;\"><strong><a style=\"color: #333333;\" href=\"https:\/\/www.blackprodesign.dz\/tr\/contact\/\">IML Metalik \u0130lham Kutunuzu Al\u0131n<\/a><\/strong><\/span><\/p>\t\t\t\t\t\t\t\t<\/div>\n\t\t\t\t<\/div>\n\t\t<div class=\"elementor-element elementor-element-44f6a308 e-con-full e-flex e-con e-child\" data-id=\"44f6a308\" data-element_type=\"container\" data-e-type=\"container\">\n\t\t\t\t<div class=\"elementor-element elementor-element-3296efcb elementor-widget elementor-widget-image\" data-id=\"3296efcb\" data-element_type=\"widget\" data-e-type=\"widget\" data-widget_type=\"image.default\">\n\t\t\t\t\t\t\t\t\t\t\t\t\t\t\t<img decoding=\"async\" width=\"480\" height=\"312\" src=\"https:\/\/www.blackprodesign.dz\/wp-content\/uploads\/2025\/08\/02_MetallicIML_Samplekit_20230704_FR.png\" class=\"attachment-large size-large wp-image-1152\" alt=\"\" srcset=\"https:\/\/www.blackprodesign.dz\/wp-content\/uploads\/2025\/08\/02_MetallicIML_Samplekit_20230704_FR.png 480w, https:\/\/www.blackprodesign.dz\/wp-content\/uploads\/2025\/08\/02_MetallicIML_Samplekit_20230704_FR-300x195.png 300w, https:\/\/www.blackprodesign.dz\/wp-content\/uploads\/2025\/08\/02_MetallicIML_Samplekit_20230704_FR-18x12.png 18w\" sizes=\"(max-width: 480px) 100vw, 480px\" \/>\t\t\t\t\t\t\t\t\t\t\t\t\t\t\t<\/div>\n\t\t\t\t<\/div>\n\t\t<div class=\"elementor-element elementor-element-3d842672 e-con-full e-flex e-con e-child\" data-id=\"3d842672\" data-element_type=\"container\" data-e-type=\"container\">\n\t\t\t\t<\/div>\n\t\t\t\t\t<\/div>\n\t\t\t\t<\/div>\n\t\t<div class=\"elementor-element elementor-element-78eccce0 e-flex e-con-boxed e-con e-parent\" data-id=\"78eccce0\" data-element_type=\"container\" data-e-type=\"container\">\n\t\t\t\t\t<div class=\"e-con-inner\">\n\t\t<div class=\"elementor-element elementor-element-e986fc7 e-con-full e-flex e-con e-child\" data-id=\"e986fc7\" data-element_type=\"container\" data-e-type=\"container\">\n\t\t\t\t<\/div>\n\t\t<div class=\"elementor-element elementor-element-26352e41 e-con-full e-flex e-con e-child\" data-id=\"26352e41\" data-element_type=\"container\" data-e-type=\"container\">\n\t\t\t\t<div class=\"elementor-element elementor-element-69a69c4a elementor-widget elementor-widget-heading\" data-id=\"69a69c4a\" data-element_type=\"widget\" data-e-type=\"widget\" data-widget_type=\"heading.default\">\n\t\t\t\t\t<h2 class=\"elementor-heading-title elementor-size-default\">Metallic IMLINK<\/h2>\t\t\t\t<\/div>\n\t\t\t\t<div class=\"elementor-element elementor-element-bec3303 elementor-widget elementor-widget-text-editor\" data-id=\"bec3303\" data-element_type=\"widget\" data-e-type=\"widget\" data-widget_type=\"text-editor.default\">\n\t\t\t\t\t\t\t\t\t<p>So\u011fuk folyoya dayal\u0131 metalik IML etiketlerine ek olarak, MCC Verstraete art\u0131k UV metalik m\u00fcrekkeple bas\u0131lm\u0131\u015f IML etiketleri de \u00fcretiyor (Metalik IML<sup>INK<\/sup>). Metalik efekt art\u0131k kullan\u0131lan folyo t\u00fcr\u00fcyle de\u011fil, g\u00fcm\u00fc\u015f m\u00fcrekkep kullan\u0131m\u0131yla elde ediliyor. Geleneksel IML etiketlerini metalik g\u00fcm\u00fc\u015f m\u00fcrekkeple basan MCC Verstraete, metalik IML etiketlerin premium \u00e7\u00f6z\u00fcm\u00fcn\u00fcn uygun olmad\u0131\u011f\u0131 ambalajlar i\u00e7in daha uygun fiyatl\u0131 bir alternatif sunuyor.<\/p><p>MCC Verstraete, metalik g\u00fcm\u00fc\u015f m\u00fcrekkep kullanarak rotograv\u00fcr ve fleksografiye \u00e7ok benzer bir sonu\u00e7 elde ediyor, ancak \u00e7ok daha d\u00fc\u015f\u00fck bir fiyata ve tabaka ofset bask\u0131n\u0131n t\u00fcm avantajlar\u0131na sahip. Unilever, margarin ambalajlar\u0131 i\u00e7in yeni \u00e7\u00f6z\u00fcm\u00fcm\u00fcz\u00fc tercih eden ilk m\u00fc\u015fteriydi. Raflarda, metalik g\u00fcm\u00fc\u015f m\u00fcrekkepli IML etiketlerimiz ger\u00e7ek bir fark yarat\u0131yor.<\/p>\t\t\t\t\t\t\t\t<\/div>\n\t\t\t\t<\/div>\n\t\t<div class=\"elementor-element elementor-element-7773f9ce e-con-full e-flex e-con e-child\" data-id=\"7773f9ce\" data-element_type=\"container\" data-e-type=\"container\">\n\t\t\t\t<\/div>\n\t\t\t\t\t<\/div>\n\t\t\t\t<\/div>\n\t\t<div class=\"elementor-element elementor-element-2ee5fc03 e-flex e-con-boxed e-con e-parent\" data-id=\"2ee5fc03\" data-element_type=\"container\" data-e-type=\"container\">\n\t\t\t\t\t<div class=\"e-con-inner\">\n\t\t\t\t<div class=\"elementor-element elementor-element-39d97b44 elementor-widget elementor-widget-heading\" data-id=\"39d97b44\" data-element_type=\"widget\" data-e-type=\"widget\" data-widget_type=\"heading.default\">\n\t\t\t\t\t<h2 class=\"elementor-heading-title elementor-size-default\">\nBa\u015far\u0131 hikayeleri <br> ilham verici\n<\/h2>\t\t\t\t<\/div>\n\t\t\t\t\t<\/div>\n\t\t\t\t<\/div>\n\t\t<div class=\"elementor-element elementor-element-2b45ec1e e-flex e-con-boxed e-con e-parent\" data-id=\"2b45ec1e\" data-element_type=\"container\" data-e-type=\"container\">\n\t\t\t\t\t<div class=\"e-con-inner\">\n\t\t<div class=\"elementor-element elementor-element-53401062 e-con-full e-flex e-con e-child\" data-id=\"53401062\" data-element_type=\"container\" data-e-type=\"container\">\n\t\t\t\t<\/div>\n\t\t<div class=\"elementor-element elementor-element-71387071 e-con-full e-flex e-con e-child\" data-id=\"71387071\" data-element_type=\"container\" data-e-type=\"container\">\n\t\t\t\t<div class=\"elementor-element elementor-element-69e68aaf elementor-widget elementor-widget-image\" data-id=\"69e68aaf\" data-element_type=\"widget\" data-e-type=\"widget\" data-widget_type=\"image.default\">\n\t\t\t\t\t\t\t\t\t\t\t\t\t\t\t<img decoding=\"async\" width=\"800\" height=\"513\" src=\"https:\/\/www.blackprodesign.dz\/wp-content\/uploads\/2025\/08\/Case042_Kware_20220819_PI.png\" class=\"attachment-large size-large wp-image-1157\" alt=\"\" srcset=\"https:\/\/www.blackprodesign.dz\/wp-content\/uploads\/2025\/08\/Case042_Kware_20220819_PI.png 846w, https:\/\/www.blackprodesign.dz\/wp-content\/uploads\/2025\/08\/Case042_Kware_20220819_PI-300x193.png 300w, https:\/\/www.blackprodesign.dz\/wp-content\/uploads\/2025\/08\/Case042_Kware_20220819_PI-768x493.png 768w, https:\/\/www.blackprodesign.dz\/wp-content\/uploads\/2025\/08\/Case042_Kware_20220819_PI-18x12.png 18w\" sizes=\"(max-width: 800px) 100vw, 800px\" \/>\t\t\t\t\t\t\t\t\t\t\t\t\t\t\t<\/div>\n\t\t\t\t<div class=\"elementor-element elementor-element-75af5ffe elementor-widget elementor-widget-text-editor\" data-id=\"75af5ffe\" data-element_type=\"widget\" data-e-type=\"widget\" data-widget_type=\"text-editor.default\">\n\t\t\t\t\t\t\t\t\t<p>Metalik IML, Kware'in yeni kraliyet kremas\u0131 serisine \u0131\u015f\u0131lt\u0131 kat\u0131yor<\/p>\t\t\t\t\t\t\t\t<\/div>\n\t\t\t\t<\/div>\n\t\t<div class=\"elementor-element elementor-element-40af5bdd e-con-full e-flex e-con e-child\" data-id=\"40af5bdd\" data-element_type=\"container\" data-e-type=\"container\">\n\t\t\t\t<div class=\"elementor-element elementor-element-6492c454 elementor-widget elementor-widget-image\" data-id=\"6492c454\" data-element_type=\"widget\" data-e-type=\"widget\" data-widget_type=\"image.default\">\n\t\t\t\t\t\t\t\t\t\t\t\t\t\t\t<img loading=\"lazy\" decoding=\"async\" width=\"800\" height=\"513\" src=\"https:\/\/www.blackprodesign.dz\/wp-content\/uploads\/2025\/08\/Case028_EnglishLakes_20210420_PI.png\" class=\"attachment-large size-large wp-image-1158\" alt=\"\" srcset=\"https:\/\/www.blackprodesign.dz\/wp-content\/uploads\/2025\/08\/Case028_EnglishLakes_20210420_PI.png 846w, https:\/\/www.blackprodesign.dz\/wp-content\/uploads\/2025\/08\/Case028_EnglishLakes_20210420_PI-300x193.png 300w, https:\/\/www.blackprodesign.dz\/wp-content\/uploads\/2025\/08\/Case028_EnglishLakes_20210420_PI-768x493.png 768w, https:\/\/www.blackprodesign.dz\/wp-content\/uploads\/2025\/08\/Case028_EnglishLakes_20210420_PI-18x12.png 18w\" sizes=\"(max-width: 800px) 100vw, 800px\" \/>\t\t\t\t\t\t\t\t\t\t\t\t\t\t\t<\/div>\n\t\t\t\t<div class=\"elementor-element elementor-element-69cd0e77 elementor-widget elementor-widget-text-editor\" data-id=\"69cd0e77\" data-element_type=\"widget\" data-e-type=\"widget\" data-widget_type=\"text-editor.default\">\n\t\t\t\t\t\t\t\t\t<p>English Lakes Dondurmas\u0131, Parlak Yeni Tasar\u0131m\u0131yla T\u00fcketicileri B\u00fcy\u00fcl\u00fcyor<\/p>\t\t\t\t\t\t\t\t<\/div>\n\t\t\t\t<\/div>\n\t\t<div class=\"elementor-element elementor-element-e7cd1c3 e-con-full e-flex e-con e-child\" data-id=\"e7cd1c3\" data-element_type=\"container\" data-e-type=\"container\">\n\t\t\t\t<div class=\"elementor-element elementor-element-60f50b8d elementor-widget elementor-widget-image\" data-id=\"60f50b8d\" data-element_type=\"widget\" data-e-type=\"widget\" data-widget_type=\"image.default\">\n\t\t\t\t\t\t\t\t\t\t\t\t\t\t\t<img loading=\"lazy\" decoding=\"async\" width=\"800\" height=\"513\" src=\"https:\/\/www.blackprodesign.dz\/wp-content\/uploads\/2025\/08\/Case027_Milegrin_20210512_PI_3.png\" class=\"attachment-large size-large wp-image-1159\" alt=\"\" srcset=\"https:\/\/www.blackprodesign.dz\/wp-content\/uploads\/2025\/08\/Case027_Milegrin_20210512_PI_3.png 846w, https:\/\/www.blackprodesign.dz\/wp-content\/uploads\/2025\/08\/Case027_Milegrin_20210512_PI_3-300x193.png 300w, https:\/\/www.blackprodesign.dz\/wp-content\/uploads\/2025\/08\/Case027_Milegrin_20210512_PI_3-768x493.png 768w, https:\/\/www.blackprodesign.dz\/wp-content\/uploads\/2025\/08\/Case027_Milegrin_20210512_PI_3-18x12.png 18w\" sizes=\"(max-width: 800px) 100vw, 800px\" \/>\t\t\t\t\t\t\t\t\t\t\t\t\t\t\t<\/div>\n\t\t\t\t<div class=\"elementor-element elementor-element-4899a422 elementor-widget elementor-widget-text-editor\" data-id=\"4899a422\" data-element_type=\"widget\" data-e-type=\"widget\" data-widget_type=\"text-editor.default\">\n\t\t\t\t\t\t\t\t\t<p>Metalik IML, Milegrin konserve deniz \u00fcr\u00fcnlerinin tad\u0131 kadar g\u00fczel g\u00f6r\u00fcnd\u00fc\u011f\u00fc anlam\u0131na gelir<\/p>\t\t\t\t\t\t\t\t<\/div>\n\t\t\t\t<\/div>\n\t\t\t\t\t<\/div>\n\t\t\t\t<\/div>\n\t\t<div class=\"elementor-element elementor-element-382201e4 e-flex e-con-boxed e-con e-parent\" data-id=\"382201e4\" data-element_type=\"container\" data-e-type=\"container\">\n\t\t\t\t\t<div class=\"e-con-inner\">\n\t\t<div class=\"elementor-element elementor-element-2c1d73f e-con-full e-flex e-con e-child\" data-id=\"2c1d73f\" data-element_type=\"container\" data-e-type=\"container\">\n\t\t\t\t<div class=\"elementor-element elementor-element-27f5e127 elementor-widget elementor-widget-heading\" data-id=\"27f5e127\" data-element_type=\"widget\" data-e-type=\"widget\" data-widget_type=\"heading.default\">\n\t\t\t\t\t<h2 class=\"elementor-heading-title elementor-size-default\">Metalik IML'nin 7 tonunu ke\u015ffedin<\/h2>\t\t\t\t<\/div>\n\t\t\t\t<div class=\"elementor-element elementor-element-66e0bfdb elementor-widget elementor-widget-text-editor\" data-id=\"66e0bfdb\" data-element_type=\"widget\" data-e-type=\"widget\" data-widget_type=\"text-editor.default\">\n\t\t\t\t\t\t\t\t\t<p>Ambalaj\u0131n\u0131za birinci s\u0131n\u0131f ve l\u00fcks bir g\u00f6r\u00fcn\u00fcm kazand\u0131r\u0131n<\/p>\t\t\t\t\t\t\t\t<\/div>\n\t\t<div class=\"elementor-element elementor-element-5b2bfab2 e-con-full e-flex e-con e-child\" data-id=\"5b2bfab2\" data-element_type=\"container\" data-e-type=\"container\" data-settings=\"{&quot;background_background&quot;:&quot;classic&quot;}\">\n\t\t\t\t<div class=\"elementor-element elementor-element-160d66bb elementor-align-center elementor-icon-list--layout-traditional elementor-list-item-link-full_width elementor-widget elementor-widget-icon-list\" data-id=\"160d66bb\" data-element_type=\"widget\" data-e-type=\"widget\" data-widget_type=\"icon-list.default\">\n\t\t\t\t\t\t\t<ul class=\"elementor-icon-list-items\">\n\t\t\t\t\t\t\t<li class=\"elementor-icon-list-item\">\n\t\t\t\t\t\t\t\t\t\t<span class=\"elementor-icon-list-text\">\u0130lham kutunuzu al\u0131n <br> Bariyer IML burada<\/span>\n\t\t\t\t\t\t\t\t\t<\/li>\n\t\t\t\t\t\t<\/ul>\n\t\t\t\t\t\t<\/div>\n\t\t\t\t<\/div>\n\t\t\t\t<\/div>\n\t\t<div class=\"elementor-element elementor-element-1bc25aa e-con-full e-flex e-con e-child\" data-id=\"1bc25aa\" data-element_type=\"container\" data-e-type=\"container\" data-settings=\"{&quot;background_background&quot;:&quot;classic&quot;}\">\n\t\t\t\t<div class=\"elementor-element elementor-element-6ab9f5b4 elementor-widget elementor-widget-image\" data-id=\"6ab9f5b4\" data-element_type=\"widget\" data-e-type=\"widget\" data-widget_type=\"image.default\">\n\t\t\t\t\t\t\t\t\t\t\t\t\t\t\t<img decoding=\"async\" width=\"480\" height=\"312\" src=\"https:\/\/www.blackprodesign.dz\/wp-content\/uploads\/2025\/08\/02_MetallicIML_Samplekit_20230704_FR.png\" class=\"attachment-large size-large wp-image-1152\" alt=\"\" srcset=\"https:\/\/www.blackprodesign.dz\/wp-content\/uploads\/2025\/08\/02_MetallicIML_Samplekit_20230704_FR.png 480w, https:\/\/www.blackprodesign.dz\/wp-content\/uploads\/2025\/08\/02_MetallicIML_Samplekit_20230704_FR-300x195.png 300w, https:\/\/www.blackprodesign.dz\/wp-content\/uploads\/2025\/08\/02_MetallicIML_Samplekit_20230704_FR-18x12.png 18w\" sizes=\"(max-width: 480px) 100vw, 480px\" \/>\t\t\t\t\t\t\t\t\t\t\t\t\t\t\t<\/div>\n\t\t\t\t<\/div>\n\t\t\t\t\t<\/div>\n\t\t\t\t<\/div>\n\t\t<div class=\"elementor-element elementor-element-4b23c104 e-flex e-con-boxed e-con e-parent\" data-id=\"4b23c104\" data-element_type=\"container\" data-e-type=\"container\">\n\t\t\t\t\t<div class=\"e-con-inner\">\n\t\t<div class=\"elementor-element elementor-element-3c63076c e-con-full e-flex e-con e-child\" data-id=\"3c63076c\" data-element_type=\"container\" data-e-type=\"container\" data-settings=\"{&quot;background_background&quot;:&quot;classic&quot;}\">\n\t\t\t\t<div class=\"elementor-element elementor-element-684ffccf elementor-widget elementor-widget-heading\" data-id=\"684ffccf\" data-element_type=\"widget\" data-e-type=\"widget\" data-widget_type=\"heading.default\">\n\t\t\t\t\t<h2 class=\"elementor-heading-title elementor-size-default\">Daha fazlas\u0131n\u0131 m\u0131 \u00f6\u011frenmek istiyorsunuz ?<\/h2>\t\t\t\t<\/div>\n\t\t\t\t<div class=\"elementor-element elementor-element-4cb69572 elementor-widget elementor-widget-text-editor\" data-id=\"4cb69572\" data-element_type=\"widget\" data-e-type=\"widget\" data-widget_type=\"text-editor.default\">\n\t\t\t\t\t\t\t\t\t<p>Bizimle ileti\u015fime ge\u00e7in, birlikte projenizi ba\u015far\u0131ya ula\u015ft\u0131ral\u0131m.<\/p>\t\t\t\t\t\t\t\t<\/div>\n\t\t\t\t<\/div>\n\t\t<div class=\"elementor-element elementor-element-2bdcf874 e-con-full e-flex e-con e-child\" data-id=\"2bdcf874\" data-element_type=\"container\" data-e-type=\"container\" data-settings=\"{&quot;background_background&quot;:&quot;classic&quot;}\">\n\t\t<div class=\"elementor-element elementor-element-5070f889 e-con-full e-flex e-con e-child\" data-id=\"5070f889\" data-element_type=\"container\" data-e-type=\"container\" data-settings=\"{&quot;background_background&quot;:&quot;classic&quot;}\">\n\t\t\t\t<div class=\"elementor-element elementor-element-41524f5f elementor-align-center elementor-icon-list--layout-traditional elementor-list-item-link-full_width elementor-widget elementor-widget-icon-list\" data-id=\"41524f5f\" data-element_type=\"widget\" data-e-type=\"widget\" data-widget_type=\"icon-list.default\">\n\t\t\t\t\t\t\t<ul class=\"elementor-icon-list-items\">\n\t\t\t\t\t\t\t<li class=\"elementor-icon-list-item\">\n\t\t\t\t\t\t\t\t\t\t\t<a href=\"https:\/\/www.blackprodesign.dz\/tr\/contact\/\">\n\n\t\t\t\t\t\t\t\t\t\t\t<span class=\"elementor-icon-list-text\">Bizimle ileti\u015fime ge\u00e7in <br> bizimle<\/span>\n\t\t\t\t\t\t\t\t\t\t\t<\/a>\n\t\t\t\t\t\t\t\t\t<\/li>\n\t\t\t\t\t\t<\/ul>\n\t\t\t\t\t\t<\/div>\n\t\t\t\t<\/div>\n\t\t\t\t<\/div>\n\t\t\t\t\t<\/div>\n\t\t\t\t<\/div>\n\t\t\t\t<\/div>","protected":false},"excerpt":{"rendered":"<p>Metallic IML Attirer l&rsquo;attention du client, telle est la vocation d&rsquo;un emballage. Gr\u00e2ce \u00e0 nos options d&rsquo;IML m\u00e9tallis\u00e9e, nous offrons de nouvelles m\u00e9thodes tr\u00e8s attractives pour y parvenir. Nos IMLFOIL\u00a0M\u00e9tallis\u00e9 et IMLINK\u00a0M\u00e9tallis\u00e9e produisent des effets m\u00e9tallis\u00e9s qui permettent \u00e0 chaque produit de se d\u00e9marquer dans le rayon. Pourquoi l&rsquo;IML m\u00e9tallis\u00e9e ? Pour attirer l&rsquo;attention du [&hellip;]<\/p>\n","protected":false},"author":1,"featured_media":0,"parent":0,"menu_order":0,"comment_status":"closed","ping_status":"closed","template":"elementor_header_footer","meta":{"footnotes":""},"class_list":["post-961","page","type-page","status-publish","hentry"],"_links":{"self":[{"href":"https:\/\/www.blackprodesign.dz\/tr\/wp-json\/wp\/v2\/pages\/961","targetHints":{"allow":["GET"]}}],"collection":[{"href":"https:\/\/www.blackprodesign.dz\/tr\/wp-json\/wp\/v2\/pages"}],"about":[{"href":"https:\/\/www.blackprodesign.dz\/tr\/wp-json\/wp\/v2\/types\/page"}],"author":[{"embeddable":true,"href":"https:\/\/www.blackprodesign.dz\/tr\/wp-json\/wp\/v2\/users\/1"}],"replies":[{"embeddable":true,"href":"https:\/\/www.blackprodesign.dz\/tr\/wp-json\/wp\/v2\/comments?post=961"}],"version-history":[{"count":19,"href":"https:\/\/www.blackprodesign.dz\/tr\/wp-json\/wp\/v2\/pages\/961\/revisions"}],"predecessor-version":[{"id":1165,"href":"https:\/\/www.blackprodesign.dz\/tr\/wp-json\/wp\/v2\/pages\/961\/revisions\/1165"}],"wp:attachment":[{"href":"https:\/\/www.blackprodesign.dz\/tr\/wp-json\/wp\/v2\/media?parent=961"}],"curies":[{"name":"wp","href":"https:\/\/api.w.org\/{rel}","templated":true}]}}