{"id":859,"date":"2025-08-11T17:38:12","date_gmt":"2025-08-11T17:38:12","guid":{"rendered":"https:\/\/www.blackprodesign.dz\/?page_id=859"},"modified":"2025-09-14T08:54:39","modified_gmt":"2025-09-14T08:54:39","slug":"papier-thermo-soudable","status":"publish","type":"page","link":"https:\/\/www.blackprodesign.dz\/tr\/papier-thermo-soudable\/","title":{"rendered":"Papier Thermo Soudable"},"content":{"rendered":"<div data-elementor-type=\"wp-page\" data-elementor-id=\"859\" class=\"elementor elementor-859\" data-elementor-post-type=\"page\">\n\t\t\t\t<div class=\"elementor-element elementor-element-1934caa e-flex e-con-boxed e-con e-parent\" data-id=\"1934caa\" data-element_type=\"container\" data-e-type=\"container\">\n\t\t\t\t\t<div class=\"e-con-inner\">\n\t\t<div class=\"elementor-element elementor-element-84754f3 e-con-full e-flex e-con e-child\" data-id=\"84754f3\" data-element_type=\"container\" data-e-type=\"container\">\n\t\t\t\t<div class=\"elementor-element elementor-element-026bc41 elementor-widget elementor-widget-heading\" data-id=\"026bc41\" data-element_type=\"widget\" data-e-type=\"widget\" data-widget_type=\"heading.default\">\n\t\t\t\t\t<h2 class=\"elementor-heading-title elementor-size-default\">Papier thermo soudable\n\n\n<\/h2>\t\t\t\t<\/div>\n\t\t\t\t<div class=\"elementor-element elementor-element-13c4f3d elementor-widget elementor-widget-text-editor\" data-id=\"13c4f3d\" data-element_type=\"widget\" data-e-type=\"widget\" data-widget_type=\"text-editor.default\">\n\t\t\t\t\t\t\t\t\t<p>\u00a0Le papier thermo soudable est un papier enduit d&rsquo;une couche de poly\u00e9thyl\u00e8ne qui permet de sceller le papier par chaleur, cr\u00e9ant ainsi un emballage herm\u00e9tique id\u00e9al pour la conservation des aliments. Il r\u00e9siste aux graisses, \u00e0 l&rsquo;humidit\u00e9 et aux odeurs, et est utilis\u00e9 par les commerces de bouche (boucheries, charcuteries, fromageries)pour emballer des produits frais comme la viande, le poisson ou les fromages<\/p>\t\t\t\t\t\t\t\t<\/div>\n\t\t\t\t<\/div>\n\t\t<div class=\"elementor-element elementor-element-1c3f9b9 e-con-full e-flex e-con e-child\" data-id=\"1c3f9b9\" data-element_type=\"container\" data-e-type=\"container\">\n\t\t\t\t<div class=\"elementor-element elementor-element-1237b70 elementor-invisible elementor-widget elementor-widget-image\" data-id=\"1237b70\" data-element_type=\"widget\" data-e-type=\"widget\" data-settings=\"{&quot;_animation&quot;:&quot;fadeInRight&quot;}\" data-widget_type=\"image.default\">\n\t\t\t\t\t\t\t\t\t\t\t\t\t\t\t<img fetchpriority=\"high\" decoding=\"async\" width=\"800\" height=\"800\" src=\"https:\/\/www.blackprodesign.dz\/wp-content\/uploads\/2025\/09\/43-31-086.jpg\" class=\"attachment-large size-large wp-image-2258\" alt=\"\" srcset=\"https:\/\/www.blackprodesign.dz\/wp-content\/uploads\/2025\/09\/43-31-086.jpg 800w, https:\/\/www.blackprodesign.dz\/wp-content\/uploads\/2025\/09\/43-31-086-300x300.jpg 300w, https:\/\/www.blackprodesign.dz\/wp-content\/uploads\/2025\/09\/43-31-086-150x150.jpg 150w, https:\/\/www.blackprodesign.dz\/wp-content\/uploads\/2025\/09\/43-31-086-768x768.jpg 768w, https:\/\/www.blackprodesign.dz\/wp-content\/uploads\/2025\/09\/43-31-086-12x12.jpg 12w\" sizes=\"(max-width: 800px) 100vw, 800px\" \/>\t\t\t\t\t\t\t\t\t\t\t\t\t\t\t<\/div>\n\t\t\t\t<\/div>\n\t\t\t\t\t<\/div>\n\t\t\t\t<\/div>\n\t\t<div class=\"elementor-element elementor-element-2a7b3fb e-flex e-con-boxed e-con e-parent\" data-id=\"2a7b3fb\" data-element_type=\"container\" data-e-type=\"container\">\n\t\t\t\t\t<div class=\"e-con-inner\">\n\t\t<div class=\"elementor-element elementor-element-0b8a994 e-con-full e-flex e-con e-child\" data-id=\"0b8a994\" data-element_type=\"container\" data-e-type=\"container\">\n\t\t\t\t<div class=\"elementor-element elementor-element-057ce98 elementor-widget elementor-widget-heading\" data-id=\"057ce98\" data-element_type=\"widget\" data-e-type=\"widget\" data-widget_type=\"heading.default\">\n\t\t\t\t\t<h2 class=\"elementor-heading-title elementor-size-default\">\u00d6zellikler\n<\/h2>\t\t\t\t<\/div>\n\t\t\t\t<div class=\"elementor-element elementor-element-4f40475 elementor-widget elementor-widget-text-editor\" data-id=\"4f40475\" data-element_type=\"widget\" data-e-type=\"widget\" data-widget_type=\"text-editor.default\">\n\t\t\t\t\t\t\t\t\t<p><strong>Couche de poly\u00e9thyl\u00e8ne :<\/strong><br \/>une fine couche de poly\u00e9thyl\u00e8ne est appliqu\u00e9e sur le papier, lui onf\u00e9rant ses propri\u00e9t\u00e9s thermoscellables et sa r\u00e9sistance.<br \/><strong>Soudabilit\u00e9 \u00e0 la chaleur :<\/strong><br \/>le papier peut \u00eatre scell\u00e9 avec une machine thermoscelleuse pour un emballage totalement herm\u00e9tique.<br \/><strong>R\u00e9sistance aux graisses et \u00e0 l&rsquo;humidit\u00e9 :<\/strong><br \/>cette couche le rend \u00e9tanche aux liquides et aux graisses, prot\u00e9geant ainsi les aliments.<br \/><strong>Conservation des aliments :<\/strong><br \/>il pr\u00e9serve la fra\u00eecheur, les saveurs et les nutriments des aliments.<\/p><p>\u00a0<\/p>\t\t\t\t\t\t\t\t<\/div>\n\t\t\t\t<\/div>\n\t\t<div class=\"elementor-element elementor-element-e955677 e-con-full e-flex e-con e-child\" data-id=\"e955677\" data-element_type=\"container\" data-e-type=\"container\">\n\t\t\t\t<div class=\"elementor-element elementor-element-ee59e95 elementor-invisible elementor-widget elementor-widget-image\" data-id=\"ee59e95\" data-element_type=\"widget\" data-e-type=\"widget\" data-settings=\"{&quot;_animation&quot;:&quot;fadeInLeft&quot;}\" data-widget_type=\"image.default\">\n\t\t\t\t\t\t\t\t\t\t\t\t<figure class=\"wp-caption\">\n\t\t\t\t\t\t\t\t\t\t\t<a href=\"https:\/\/www.blackprodesign.dz\/wp-content\/uploads\/2025\/09\/31-415.png\" data-elementor-open-lightbox=\"yes\" data-elementor-lightbox-title=\"-31-415\" data-e-action-hash=\"#elementor-action%3Aaction%3Dlightbox%26settings%3DeyJpZCI6MjI2MCwidXJsIjoiaHR0cHM6XC9cL3d3dy5ibGFja3Byb2Rlc2lnbi5kelwvd3AtY29udGVudFwvdXBsb2Fkc1wvMjAyNVwvMDlcLzMxLTQxNS5wbmcifQ%3D%3D\">\n\t\t\t\t\t\t\t<img decoding=\"async\" width=\"800\" height=\"800\" src=\"https:\/\/www.blackprodesign.dz\/wp-content\/uploads\/2025\/09\/31-415.png\" class=\"attachment-large size-large wp-image-2260\" alt=\"\" srcset=\"https:\/\/www.blackprodesign.dz\/wp-content\/uploads\/2025\/09\/31-415.png 1000w, https:\/\/www.blackprodesign.dz\/wp-content\/uploads\/2025\/09\/31-415-300x300.png 300w, https:\/\/www.blackprodesign.dz\/wp-content\/uploads\/2025\/09\/31-415-150x150.png 150w, https:\/\/www.blackprodesign.dz\/wp-content\/uploads\/2025\/09\/31-415-768x768.png 768w, https:\/\/www.blackprodesign.dz\/wp-content\/uploads\/2025\/09\/31-415-12x12.png 12w\" sizes=\"(max-width: 800px) 100vw, 800px\" \/>\t\t\t\t\t\t\t\t<\/a>\n\t\t\t\t\t\t\t\t\t\t\t<figcaption class=\"widget-image-caption wp-caption-text\"><\/figcaption>\n\t\t\t\t\t\t\t\t\t\t<\/figure>\n\t\t\t\t\t\t\t\t\t<\/div>\n\t\t\t\t<\/div>\n\t\t\t\t\t<\/div>\n\t\t\t\t<\/div>\n\t\t<div class=\"elementor-element elementor-element-a61f61b e-flex e-con-boxed e-con e-parent\" data-id=\"a61f61b\" data-element_type=\"container\" data-e-type=\"container\">\n\t\t\t\t\t<div class=\"e-con-inner\">\n\t\t<div class=\"elementor-element elementor-element-f1e3412 e-con-full e-flex e-con e-child\" data-id=\"f1e3412\" data-element_type=\"container\" data-e-type=\"container\">\n\t\t\t\t<div class=\"elementor-element elementor-element-67f6a14 elementor-invisible elementor-widget elementor-widget-image\" data-id=\"67f6a14\" data-element_type=\"widget\" data-e-type=\"widget\" data-settings=\"{&quot;_animation&quot;:&quot;fadeInRight&quot;}\" data-widget_type=\"image.default\">\n\t\t\t\t\t\t\t\t\t\t\t\t<figure class=\"wp-caption\">\n\t\t\t\t\t\t\t\t\t\t\t<a href=\"https:\/\/www.blackprodesign.dz\/wp-content\/uploads\/2025\/09\/48.jpg\" data-elementor-open-lightbox=\"yes\" data-elementor-lightbox-title=\"48\" data-e-action-hash=\"#elementor-action%3Aaction%3Dlightbox%26settings%3DeyJpZCI6MjI2MSwidXJsIjoiaHR0cHM6XC9cL3d3dy5ibGFja3Byb2Rlc2lnbi5kelwvd3AtY29udGVudFwvdXBsb2Fkc1wvMjAyNVwvMDlcLzQ4LmpwZyJ9\">\n\t\t\t\t\t\t\t<img decoding=\"async\" width=\"601\" height=\"737\" src=\"https:\/\/www.blackprodesign.dz\/wp-content\/uploads\/2025\/09\/48.jpg\" class=\"attachment-large size-large wp-image-2261\" alt=\"\" srcset=\"https:\/\/www.blackprodesign.dz\/wp-content\/uploads\/2025\/09\/48.jpg 601w, https:\/\/www.blackprodesign.dz\/wp-content\/uploads\/2025\/09\/48-245x300.jpg 245w, https:\/\/www.blackprodesign.dz\/wp-content\/uploads\/2025\/09\/48-10x12.jpg 10w\" sizes=\"(max-width: 601px) 100vw, 601px\" \/>\t\t\t\t\t\t\t\t<\/a>\n\t\t\t\t\t\t\t\t\t\t\t<figcaption class=\"widget-image-caption wp-caption-text\"><\/figcaption>\n\t\t\t\t\t\t\t\t\t\t<\/figure>\n\t\t\t\t\t\t\t\t\t<\/div>\n\t\t\t\t<\/div>\n\t\t<div class=\"elementor-element elementor-element-0ae57eb e-con-full e-flex e-con e-child\" data-id=\"0ae57eb\" data-element_type=\"container\" data-e-type=\"container\">\n\t\t\t\t<div class=\"elementor-element elementor-element-0628731 elementor-widget elementor-widget-heading\" data-id=\"0628731\" data-element_type=\"widget\" data-e-type=\"widget\" data-widget_type=\"heading.default\">\n\t\t\t\t\t<h2 class=\"elementor-heading-title elementor-size-default\">Applications\n<\/h2>\t\t\t\t<\/div>\n\t\t\t\t<div class=\"elementor-element elementor-element-ce3f521 elementor-widget elementor-widget-text-editor\" data-id=\"ce3f521\" data-element_type=\"widget\" data-e-type=\"widget\" data-widget_type=\"text-editor.default\">\n\t\t\t\t\t\t\t\t\t<p><strong>M\u00e9tiers de bouche :<\/strong> il est largement utilis\u00e9 par les bouchers, charcutiers, poissonniers et fromagers pour l&#8217;emballage de leurs produits frais.<br \/><strong>Restauration rapide :<\/strong> il convient \u00e9galement aux traiteurs, glaciers et pizzerias.<br \/><strong>Confectionner des emballages personnalis\u00e9s :<\/strong> il peut \u00eatre achet\u00e9 en feuilles ou en bobines et est souvent disponible en diff\u00e9rentes couleurs.<\/p>\t\t\t\t\t\t\t\t<\/div>\n\t\t\t\t<\/div>\n\t\t\t\t\t<\/div>\n\t\t\t\t<\/div>\n\t\t\t\t<\/div>","protected":false},"excerpt":{"rendered":"<p>Papier thermo soudable \u00a0Le papier thermo soudable est un papier enduit d&rsquo;une couche de poly\u00e9thyl\u00e8ne qui permet de sceller le papier par chaleur, cr\u00e9ant ainsi un emballage herm\u00e9tique id\u00e9al pour la conservation des aliments. Il r\u00e9siste aux graisses, \u00e0 l&rsquo;humidit\u00e9 et aux odeurs, et est utilis\u00e9 par les commerces de bouche (boucheries, charcuteries, fromageries)pour emballer [&hellip;]<\/p>\n","protected":false},"author":1,"featured_media":0,"parent":0,"menu_order":0,"comment_status":"closed","ping_status":"closed","template":"elementor_header_footer","meta":{"footnotes":""},"class_list":["post-859","page","type-page","status-publish","hentry"],"_links":{"self":[{"href":"https:\/\/www.blackprodesign.dz\/tr\/wp-json\/wp\/v2\/pages\/859","targetHints":{"allow":["GET"]}}],"collection":[{"href":"https:\/\/www.blackprodesign.dz\/tr\/wp-json\/wp\/v2\/pages"}],"about":[{"href":"https:\/\/www.blackprodesign.dz\/tr\/wp-json\/wp\/v2\/types\/page"}],"author":[{"embeddable":true,"href":"https:\/\/www.blackprodesign.dz\/tr\/wp-json\/wp\/v2\/users\/1"}],"replies":[{"embeddable":true,"href":"https:\/\/www.blackprodesign.dz\/tr\/wp-json\/wp\/v2\/comments?post=859"}],"version-history":[{"count":7,"href":"https:\/\/www.blackprodesign.dz\/tr\/wp-json\/wp\/v2\/pages\/859\/revisions"}],"predecessor-version":[{"id":2267,"href":"https:\/\/www.blackprodesign.dz\/tr\/wp-json\/wp\/v2\/pages\/859\/revisions\/2267"}],"wp:attachment":[{"href":"https:\/\/www.blackprodesign.dz\/tr\/wp-json\/wp\/v2\/media?parent=859"}],"curies":[{"name":"wp","href":"https:\/\/api.w.org\/{rel}","templated":true}]}}