{"id":847,"date":"2025-08-11T17:36:00","date_gmt":"2025-08-11T17:36:00","guid":{"rendered":"https:\/\/www.blackprodesign.dz\/?page_id=847"},"modified":"2025-09-11T09:42:28","modified_gmt":"2025-09-11T09:42:28","slug":"bopp-lamines","status":"publish","type":"page","link":"https:\/\/www.blackprodesign.dz\/tr\/bopp-lamines\/","title":{"rendered":"BOPP Lamin\u00e9s"},"content":{"rendered":"<div data-elementor-type=\"wp-page\" data-elementor-id=\"847\" class=\"elementor elementor-847\" data-elementor-post-type=\"page\">\n\t\t\t\t<div class=\"elementor-element elementor-element-dcaea2f e-flex e-con-boxed e-con e-parent\" data-id=\"dcaea2f\" data-element_type=\"container\" data-e-type=\"container\">\n\t\t\t\t\t<div class=\"e-con-inner\">\n\t\t<div class=\"elementor-element elementor-element-0c6b85c e-con-full e-flex e-con e-child\" data-id=\"0c6b85c\" data-element_type=\"container\" data-e-type=\"container\">\n\t\t\t\t<div class=\"elementor-element elementor-element-ac5b2d3 elementor-widget elementor-widget-heading\" data-id=\"ac5b2d3\" data-element_type=\"widget\" data-e-type=\"widget\" data-widget_type=\"heading.default\">\n\t\t\t\t\t<h2 class=\"elementor-heading-title elementor-size-default\">BOPP Lamin\u00e9\n<\/h2>\t\t\t\t<\/div>\n\t\t\t\t<div class=\"elementor-element elementor-element-3e50065 elementor-widget elementor-widget-text-editor\" data-id=\"3e50065\" data-element_type=\"widget\" data-e-type=\"widget\" data-widget_type=\"text-editor.default\">\n\t\t\t\t\t\t\t\t\t<p>Le BOPP lamin\u00e9 (Polypropyl\u00e8ne Biaxialement Orient\u00e9 lamin\u00e9) est un film plastique utilis\u00e9 principalement dans l&#8217;emballage. Il est fabriqu\u00e9 \u00e0 partir de polypropyl\u00e8ne orient\u00e9 dans deux directions pour am\u00e9liorer ses propri\u00e9t\u00e9s m\u00e9caniques et optiques. Lorsqu&rsquo;il est lamin\u00e9,il est combin\u00e9 avec d&rsquo;autres mat\u00e9riaux comme le papier,l&rsquo;aluminium ou d&rsquo;autres plastiques pour cr\u00e9er des couches multiples. Cela am\u00e9liore sa r\u00e9sistance, son \u00e9tanch\u00e9it\u00e9, sa durabilit\u00e9 et sa capacit\u00e9 \u00e0 prot\u00e9ger le contenu contre l&rsquo;humidit\u00e9, la lumi\u00e8re, l&rsquo;oxyg\u00e8ne et d&rsquo;autres facteurs environnementaux. Le BOPP lamin\u00e9 est couramment utilis\u00e9 dans l&#8217;emballage de produits alimentaires, cosm\u00e9tiques et industriels en raison de sa flexibilit\u00e9, de sa transparence et de ses excellentes propri\u00e9t\u00e9s barri\u00e8res.<\/p>\t\t\t\t\t\t\t\t<\/div>\n\t\t\t\t<\/div>\n\t\t<div class=\"elementor-element elementor-element-7e6dd5e e-con-full e-flex e-con e-child\" data-id=\"7e6dd5e\" data-element_type=\"container\" data-e-type=\"container\">\n\t\t\t\t<div class=\"elementor-element elementor-element-100ceef elementor-invisible elementor-widget elementor-widget-image\" data-id=\"100ceef\" data-element_type=\"widget\" data-e-type=\"widget\" data-settings=\"{&quot;_animation&quot;:&quot;fadeInRight&quot;}\" data-widget_type=\"image.default\">\n\t\t\t\t\t\t\t\t\t\t\t\t\t\t\t<img fetchpriority=\"high\" decoding=\"async\" width=\"800\" height=\"800\" src=\"https:\/\/www.blackprodesign.dz\/wp-content\/uploads\/2025\/09\/28-663.jpg\" class=\"attachment-large size-large wp-image-2228\" alt=\"\" srcset=\"https:\/\/www.blackprodesign.dz\/wp-content\/uploads\/2025\/09\/28-663.jpg 850w, https:\/\/www.blackprodesign.dz\/wp-content\/uploads\/2025\/09\/28-663-300x300.jpg 300w, https:\/\/www.blackprodesign.dz\/wp-content\/uploads\/2025\/09\/28-663-150x150.jpg 150w, https:\/\/www.blackprodesign.dz\/wp-content\/uploads\/2025\/09\/28-663-768x768.jpg 768w, https:\/\/www.blackprodesign.dz\/wp-content\/uploads\/2025\/09\/28-663-12x12.jpg 12w\" sizes=\"(max-width: 800px) 100vw, 800px\" \/>\t\t\t\t\t\t\t\t\t\t\t\t\t\t\t<\/div>\n\t\t\t\t<\/div>\n\t\t\t\t\t<\/div>\n\t\t\t\t<\/div>\n\t\t<div class=\"elementor-element elementor-element-f61f968 e-flex e-con-boxed e-con e-parent\" data-id=\"f61f968\" data-element_type=\"container\" data-e-type=\"container\">\n\t\t\t\t\t<div class=\"e-con-inner\">\n\t\t<div class=\"elementor-element elementor-element-c761e86 e-con-full e-flex e-con e-child\" data-id=\"c761e86\" data-element_type=\"container\" data-e-type=\"container\">\n\t\t\t\t<div class=\"elementor-element elementor-element-1035066 elementor-widget elementor-widget-heading\" data-id=\"1035066\" data-element_type=\"widget\" data-e-type=\"widget\" data-widget_type=\"heading.default\">\n\t\t\t\t\t<h2 class=\"elementor-heading-title elementor-size-default\">\u00d6zellikler\n<\/h2>\t\t\t\t<\/div>\n\t\t\t\t<div class=\"elementor-element elementor-element-f5852ab elementor-widget elementor-widget-text-editor\" data-id=\"f5852ab\" data-element_type=\"widget\" data-e-type=\"widget\" data-widget_type=\"text-editor.default\">\n\t\t\t\t\t\t\t\t\t<ul><li><strong>Haute r\u00e9sistance :<\/strong> Durable et r\u00e9sistant aux d\u00e9chirures.<\/li><li><strong>Transparence :<\/strong> Bonne visibilit\u00e9 du produit.<\/li><li><strong>Propri\u00e9t\u00e9s barri\u00e8res :<\/strong> Prot\u00e8ge contre l&rsquo;humidit\u00e9, l&rsquo;air et la lumi\u00e8re.<\/li><li><strong>Facilit\u00e9 de scellage :<\/strong> Soudure simple pour une \u00e9tanch\u00e9it\u00e9 optimale.<\/li><li><strong>Recyclable :<\/strong> Mat\u00e9riau recyclable et r\u00e9utilisable.<\/li><li><strong>Impression de qualit\u00e9 :<\/strong> Supporte des impressions claires et durables.<\/li><li><strong>L\u00e9g\u00e8ret\u00e9 :<\/strong> Moins lourd que d&rsquo;autres mat\u00e9riaux d&#8217;emballage.<\/li><\/ul>\t\t\t\t\t\t\t\t<\/div>\n\t\t\t\t<\/div>\n\t\t<div class=\"elementor-element elementor-element-8c202e0 e-con-full e-flex e-con e-child\" data-id=\"8c202e0\" data-element_type=\"container\" data-e-type=\"container\">\n\t\t\t\t<div class=\"elementor-element elementor-element-f6be794 elementor-invisible elementor-widget elementor-widget-image\" data-id=\"f6be794\" data-element_type=\"widget\" data-e-type=\"widget\" data-settings=\"{&quot;_animation&quot;:&quot;fadeInLeft&quot;}\" data-widget_type=\"image.default\">\n\t\t\t\t\t\t\t\t\t\t\t\t<figure class=\"wp-caption\">\n\t\t\t\t\t\t\t\t\t\t\t<a href=\"https:\/\/www.blackprodesign.dz\/wp-content\/uploads\/2025\/09\/258.jpg\" data-elementor-open-lightbox=\"yes\" data-elementor-lightbox-title=\"-258\" data-e-action-hash=\"#elementor-action%3Aaction%3Dlightbox%26settings%3DeyJpZCI6MjIzNSwidXJsIjoiaHR0cHM6XC9cL3d3dy5ibGFja3Byb2Rlc2lnbi5kelwvd3AtY29udGVudFwvdXBsb2Fkc1wvMjAyNVwvMDlcLzI1OC5qcGcifQ%3D%3D\">\n\t\t\t\t\t\t\t<img decoding=\"async\" width=\"674\" height=\"674\" src=\"https:\/\/www.blackprodesign.dz\/wp-content\/uploads\/2025\/09\/258.jpg\" class=\"attachment-large size-large wp-image-2235\" alt=\"\" srcset=\"https:\/\/www.blackprodesign.dz\/wp-content\/uploads\/2025\/09\/258.jpg 674w, https:\/\/www.blackprodesign.dz\/wp-content\/uploads\/2025\/09\/258-300x300.jpg 300w, https:\/\/www.blackprodesign.dz\/wp-content\/uploads\/2025\/09\/258-150x150.jpg 150w, https:\/\/www.blackprodesign.dz\/wp-content\/uploads\/2025\/09\/258-12x12.jpg 12w\" sizes=\"(max-width: 674px) 100vw, 674px\" \/>\t\t\t\t\t\t\t\t<\/a>\n\t\t\t\t\t\t\t\t\t\t\t<figcaption class=\"widget-image-caption wp-caption-text\"><\/figcaption>\n\t\t\t\t\t\t\t\t\t\t<\/figure>\n\t\t\t\t\t\t\t\t\t<\/div>\n\t\t\t\t<\/div>\n\t\t\t\t\t<\/div>\n\t\t\t\t<\/div>\n\t\t<div class=\"elementor-element elementor-element-ecbee8f e-flex e-con-boxed e-con e-parent\" data-id=\"ecbee8f\" data-element_type=\"container\" data-e-type=\"container\">\n\t\t\t\t\t<div class=\"e-con-inner\">\n\t\t<div class=\"elementor-element elementor-element-24b2f96 e-con-full e-flex e-con e-child\" data-id=\"24b2f96\" data-element_type=\"container\" data-e-type=\"container\">\n\t\t\t\t<div class=\"elementor-element elementor-element-8302f7a elementor-invisible elementor-widget elementor-widget-image\" data-id=\"8302f7a\" data-element_type=\"widget\" data-e-type=\"widget\" data-settings=\"{&quot;_animation&quot;:&quot;fadeInRight&quot;}\" data-widget_type=\"image.default\">\n\t\t\t\t\t\t\t\t\t\t\t\t<figure class=\"wp-caption\">\n\t\t\t\t\t\t\t\t\t\t\t<a href=\"https:\/\/www.blackprodesign.dz\/wp-content\/uploads\/2025\/09\/43-28-294.jpg\" data-elementor-open-lightbox=\"yes\" data-elementor-lightbox-title=\"43-28-294\" data-e-action-hash=\"#elementor-action%3Aaction%3Dlightbox%26settings%3DeyJpZCI6MjI0MCwidXJsIjoiaHR0cHM6XC9cL3d3dy5ibGFja3Byb2Rlc2lnbi5kelwvd3AtY29udGVudFwvdXBsb2Fkc1wvMjAyNVwvMDlcLzQzLTI4LTI5NC5qcGcifQ%3D%3D\">\n\t\t\t\t\t\t\t<img decoding=\"async\" width=\"800\" height=\"800\" src=\"https:\/\/www.blackprodesign.dz\/wp-content\/uploads\/2025\/09\/43-28-294.jpg\" class=\"attachment-large size-large wp-image-2240\" alt=\"\" srcset=\"https:\/\/www.blackprodesign.dz\/wp-content\/uploads\/2025\/09\/43-28-294.jpg 850w, https:\/\/www.blackprodesign.dz\/wp-content\/uploads\/2025\/09\/43-28-294-300x300.jpg 300w, https:\/\/www.blackprodesign.dz\/wp-content\/uploads\/2025\/09\/43-28-294-150x150.jpg 150w, https:\/\/www.blackprodesign.dz\/wp-content\/uploads\/2025\/09\/43-28-294-768x768.jpg 768w, https:\/\/www.blackprodesign.dz\/wp-content\/uploads\/2025\/09\/43-28-294-12x12.jpg 12w\" sizes=\"(max-width: 800px) 100vw, 800px\" \/>\t\t\t\t\t\t\t\t<\/a>\n\t\t\t\t\t\t\t\t\t\t\t<figcaption class=\"widget-image-caption wp-caption-text\"><\/figcaption>\n\t\t\t\t\t\t\t\t\t\t<\/figure>\n\t\t\t\t\t\t\t\t\t<\/div>\n\t\t\t\t<\/div>\n\t\t<div class=\"elementor-element elementor-element-a910149 e-con-full e-flex e-con e-child\" data-id=\"a910149\" data-element_type=\"container\" data-e-type=\"container\">\n\t\t\t\t<div class=\"elementor-element elementor-element-02eacf8 elementor-widget elementor-widget-heading\" data-id=\"02eacf8\" data-element_type=\"widget\" data-e-type=\"widget\" data-widget_type=\"heading.default\">\n\t\t\t\t\t<h2 class=\"elementor-heading-title elementor-size-default\">Applications\n<\/h2>\t\t\t\t<\/div>\n\t\t\t\t<div class=\"elementor-element elementor-element-0996827 elementor-widget elementor-widget-text-editor\" data-id=\"0996827\" data-element_type=\"widget\" data-e-type=\"widget\" data-widget_type=\"text-editor.default\">\n\t\t\t\t\t\t\t\t\t<ul><li><strong>Laitier :<\/strong> Beurres, fromages, lait en poudre.<\/li><li><strong>Biscuits &amp; confiserie :<\/strong> Biscuit,boulangerie, chocolat, &#8230;<\/li><li><strong>Pates &amp; C\u00e9r\u00e9ales :<\/strong> Pates, riz,couscous.<\/li><li><strong>Aides culinaires :<\/strong> Sauces, soupes,\u00e9pices\u2026<\/li><li><strong>Ingr\u00e9dients P\u00e2tisserie :<\/strong> Levures,pr\u00e9paration, sucre.<\/li><li><strong>Boissons :<\/strong> Caf\u00e9, th\u00e9, boissons instantan\u00e9es.<\/li><li><strong>Hygi\u00e8ne :<\/strong> D\u00e9tergents, savons,lingettes, dosettes.<\/li><\/ul>\t\t\t\t\t\t\t\t<\/div>\n\t\t\t\t<\/div>\n\t\t\t\t\t<\/div>\n\t\t\t\t<\/div>\n\t\t\t\t<\/div>","protected":false},"excerpt":{"rendered":"<p>BOPP Lamin\u00e9 Le BOPP lamin\u00e9 (Polypropyl\u00e8ne Biaxialement Orient\u00e9 lamin\u00e9) est un film plastique utilis\u00e9 principalement dans l&#8217;emballage. Il est fabriqu\u00e9 \u00e0 partir de polypropyl\u00e8ne orient\u00e9 dans deux directions pour am\u00e9liorer ses propri\u00e9t\u00e9s m\u00e9caniques et optiques. Lorsqu&rsquo;il est lamin\u00e9,il est combin\u00e9 avec d&rsquo;autres mat\u00e9riaux comme le papier,l&rsquo;aluminium ou d&rsquo;autres plastiques pour cr\u00e9er des couches multiples. Cela [&hellip;]<\/p>\n","protected":false},"author":1,"featured_media":0,"parent":0,"menu_order":0,"comment_status":"closed","ping_status":"closed","template":"elementor_header_footer","meta":{"footnotes":""},"class_list":["post-847","page","type-page","status-publish","hentry"],"_links":{"self":[{"href":"https:\/\/www.blackprodesign.dz\/tr\/wp-json\/wp\/v2\/pages\/847","targetHints":{"allow":["GET"]}}],"collection":[{"href":"https:\/\/www.blackprodesign.dz\/tr\/wp-json\/wp\/v2\/pages"}],"about":[{"href":"https:\/\/www.blackprodesign.dz\/tr\/wp-json\/wp\/v2\/types\/page"}],"author":[{"embeddable":true,"href":"https:\/\/www.blackprodesign.dz\/tr\/wp-json\/wp\/v2\/users\/1"}],"replies":[{"embeddable":true,"href":"https:\/\/www.blackprodesign.dz\/tr\/wp-json\/wp\/v2\/comments?post=847"}],"version-history":[{"count":25,"href":"https:\/\/www.blackprodesign.dz\/tr\/wp-json\/wp\/v2\/pages\/847\/revisions"}],"predecessor-version":[{"id":2256,"href":"https:\/\/www.blackprodesign.dz\/tr\/wp-json\/wp\/v2\/pages\/847\/revisions\/2256"}],"wp:attachment":[{"href":"https:\/\/www.blackprodesign.dz\/tr\/wp-json\/wp\/v2\/media?parent=847"}],"curies":[{"name":"wp","href":"https:\/\/api.w.org\/{rel}","templated":true}]}}