{"id":839,"date":"2025-08-11T17:33:32","date_gmt":"2025-08-11T17:33:32","guid":{"rendered":"https:\/\/www.blackprodesign.dz\/?page_id=839"},"modified":"2025-09-11T08:45:38","modified_gmt":"2025-09-11T08:45:38","slug":"film-opp-blanc-etiquette","status":"publish","type":"page","link":"https:\/\/www.blackprodesign.dz\/tr\/film-opp-blanc-etiquette\/","title":{"rendered":"Film OPP Blanc \u00c9tiquette"},"content":{"rendered":"<div data-elementor-type=\"wp-page\" data-elementor-id=\"839\" class=\"elementor elementor-839\" data-elementor-post-type=\"page\">\n\t\t\t\t<div class=\"elementor-element elementor-element-846b32a e-flex e-con-boxed e-con e-parent\" data-id=\"846b32a\" data-element_type=\"container\" data-e-type=\"container\">\n\t\t\t\t\t<div class=\"e-con-inner\">\n\t\t<div class=\"elementor-element elementor-element-693a403 e-con-full e-flex e-con e-child\" data-id=\"693a403\" data-element_type=\"container\" data-e-type=\"container\">\n\t\t\t\t<div class=\"elementor-element elementor-element-2c1b5e4 elementor-widget elementor-widget-heading\" data-id=\"2c1b5e4\" data-element_type=\"widget\" data-e-type=\"widget\" data-widget_type=\"heading.default\">\n\t\t\t\t\t<h2 class=\"elementor-heading-title elementor-size-default\">Film OPP blanc \u00e9tiquettes\n\n<\/h2>\t\t\t\t<\/div>\n\t\t\t\t<div class=\"elementor-element elementor-element-dc0da26 elementor-widget elementor-widget-heading\" data-id=\"dc0da26\" data-element_type=\"widget\" data-e-type=\"widget\" data-widget_type=\"heading.default\">\n\t\t\t\t\t<h2 class=\"elementor-heading-title elementor-size-default\">ETIQUETTES\n<\/h2>\t\t\t\t<\/div>\n\t\t\t\t<div class=\"elementor-element elementor-element-084255f elementor-widget elementor-widget-text-editor\" data-id=\"084255f\" data-element_type=\"widget\" data-e-type=\"widget\" data-widget_type=\"text-editor.default\">\n\t\t\t\t\t\t\t\t\t<p>Nos Etiquettes films entourantes, utilis\u00e9es pour habiller vos bouteilles, sont disponibles en Mono ou multi-structures.<br \/>Elles conviennent \u00e0 toutes vos machines d&rsquo;\u00e9tiquetage et peuvent fonctionner \u00e0 haute cadence.<br \/>Elles sont livr\u00e9es Pr\u00e9d\u00e9coup\u00e9es ou en Bobines.<br \/>Transparentes ou Blanches, nos \u00e9tiquettes sont munies d&rsquo;une protection anti-UV et imprimables en haute brillance.<\/p>\t\t\t\t\t\t\t\t<\/div>\n\t\t\t\t<\/div>\n\t\t<div class=\"elementor-element elementor-element-e6d4f06 e-con-full e-flex e-con e-child\" data-id=\"e6d4f06\" data-element_type=\"container\" data-e-type=\"container\">\n\t\t\t\t<div class=\"elementor-element elementor-element-d757970 elementor-invisible elementor-widget elementor-widget-image\" data-id=\"d757970\" data-element_type=\"widget\" data-e-type=\"widget\" data-settings=\"{&quot;_animation&quot;:&quot;fadeInRight&quot;}\" data-widget_type=\"image.default\">\n\t\t\t\t\t\t\t\t\t\t\t\t\t\t\t<img fetchpriority=\"high\" decoding=\"async\" width=\"600\" height=\"738\" src=\"https:\/\/www.blackprodesign.dz\/wp-content\/uploads\/2025\/09\/image_viber_2025-09-10_19-49-32-935.jpg\" class=\"attachment-large size-large wp-image-2205\" alt=\"\" srcset=\"https:\/\/www.blackprodesign.dz\/wp-content\/uploads\/2025\/09\/image_viber_2025-09-10_19-49-32-935.jpg 600w, https:\/\/www.blackprodesign.dz\/wp-content\/uploads\/2025\/09\/image_viber_2025-09-10_19-49-32-935-244x300.jpg 244w, https:\/\/www.blackprodesign.dz\/wp-content\/uploads\/2025\/09\/image_viber_2025-09-10_19-49-32-935-10x12.jpg 10w\" sizes=\"(max-width: 600px) 100vw, 600px\" \/>\t\t\t\t\t\t\t\t\t\t\t\t\t\t\t<\/div>\n\t\t\t\t<\/div>\n\t\t\t\t\t<\/div>\n\t\t\t\t<\/div>\n\t\t<div class=\"elementor-element elementor-element-6f138f6 e-flex e-con-boxed e-con e-parent\" data-id=\"6f138f6\" data-element_type=\"container\" data-e-type=\"container\">\n\t\t\t\t\t<div class=\"e-con-inner\">\n\t\t<div class=\"elementor-element elementor-element-06dbf6d e-con-full e-flex e-con e-child\" data-id=\"06dbf6d\" data-element_type=\"container\" data-e-type=\"container\">\n\t\t\t\t<div class=\"elementor-element elementor-element-eb05557 elementor-widget elementor-widget-heading\" data-id=\"eb05557\" data-element_type=\"widget\" data-e-type=\"widget\" data-widget_type=\"heading.default\">\n\t\t\t\t\t<h2 class=\"elementor-heading-title elementor-size-default\">\u00d6zellikler\n<\/h2>\t\t\t\t<\/div>\n\t\t\t\t<div class=\"elementor-element elementor-element-755252b elementor-widget elementor-widget-text-editor\" data-id=\"755252b\" data-element_type=\"widget\" data-e-type=\"widget\" data-widget_type=\"text-editor.default\">\n\t\t\t\t\t\t\t\t\t<ul><li>Film transparent ou blanc en mono ou multi-structures pour bouteilles PET.<\/li><li>R\u00e9siste \u00e0 l&rsquo;humidit\u00e9, aux basses temp\u00e9ratures et \u00e0 l&rsquo;\u00e9tirement.<\/li><li>Impression en H\u00e9liogravure ou Flexographie jusqu&rsquo;\u00e0 10\/8 couleurs avec protection Rayon UV.<\/li><li>Possibilit\u00e9 d&rsquo;impression en haute brillance.<\/li><li>Livrables en Bobines ou Pr\u00e9d\u00e9coup\u00e9es.<\/li><\/ul>\t\t\t\t\t\t\t\t<\/div>\n\t\t\t\t<\/div>\n\t\t<div class=\"elementor-element elementor-element-c70bab4 e-con-full e-flex e-con e-child\" data-id=\"c70bab4\" data-element_type=\"container\" data-e-type=\"container\">\n\t\t\t\t<div class=\"elementor-element elementor-element-a96372c elementor-invisible elementor-widget elementor-widget-image\" data-id=\"a96372c\" data-element_type=\"widget\" data-e-type=\"widget\" data-settings=\"{&quot;_animation&quot;:&quot;fadeInLeft&quot;}\" data-widget_type=\"image.default\">\n\t\t\t\t\t\t\t\t\t\t\t\t<figure class=\"wp-caption\">\n\t\t\t\t\t\t\t\t\t\t\t<a href=\"https:\/\/www.blackprodesign.dz\/wp-content\/uploads\/2025\/09\/0_19-49-32-301.jpg\" data-elementor-open-lightbox=\"yes\" data-elementor-lightbox-title=\"0_19-49-32-301\" data-e-action-hash=\"#elementor-action%3Aaction%3Dlightbox%26settings%3DeyJpZCI6MjIxMiwidXJsIjoiaHR0cHM6XC9cL3d3dy5ibGFja3Byb2Rlc2lnbi5kelwvd3AtY29udGVudFwvdXBsb2Fkc1wvMjAyNVwvMDlcLzBfMTktNDktMzItMzAxLmpwZyJ9\">\n\t\t\t\t\t\t\t<img decoding=\"async\" width=\"480\" height=\"450\" src=\"https:\/\/www.blackprodesign.dz\/wp-content\/uploads\/2025\/09\/0_19-49-32-301.jpg\" class=\"attachment-large size-large wp-image-2212\" alt=\"\" srcset=\"https:\/\/www.blackprodesign.dz\/wp-content\/uploads\/2025\/09\/0_19-49-32-301.jpg 480w, https:\/\/www.blackprodesign.dz\/wp-content\/uploads\/2025\/09\/0_19-49-32-301-300x281.jpg 300w, https:\/\/www.blackprodesign.dz\/wp-content\/uploads\/2025\/09\/0_19-49-32-301-13x12.jpg 13w\" sizes=\"(max-width: 480px) 100vw, 480px\" \/>\t\t\t\t\t\t\t\t<\/a>\n\t\t\t\t\t\t\t\t\t\t\t<figcaption class=\"widget-image-caption wp-caption-text\"><\/figcaption>\n\t\t\t\t\t\t\t\t\t\t<\/figure>\n\t\t\t\t\t\t\t\t\t<\/div>\n\t\t\t\t<\/div>\n\t\t\t\t\t<\/div>\n\t\t\t\t<\/div>\n\t\t<div class=\"elementor-element elementor-element-ffc8920 e-flex e-con-boxed e-con e-parent\" data-id=\"ffc8920\" data-element_type=\"container\" data-e-type=\"container\">\n\t\t\t\t\t<div class=\"e-con-inner\">\n\t\t<div class=\"elementor-element elementor-element-9036bb2 e-con-full e-flex e-con e-child\" data-id=\"9036bb2\" data-element_type=\"container\" data-e-type=\"container\">\n\t\t\t\t<div class=\"elementor-element elementor-element-93f1765 elementor-invisible elementor-widget elementor-widget-image\" data-id=\"93f1765\" data-element_type=\"widget\" data-e-type=\"widget\" data-settings=\"{&quot;_animation&quot;:&quot;fadeInRight&quot;}\" data-widget_type=\"image.default\">\n\t\t\t\t\t\t\t\t\t\t\t\t<figure class=\"wp-caption\">\n\t\t\t\t\t\t\t\t\t\t\t<a href=\"https:\/\/www.blackprodesign.dz\/wp-content\/uploads\/2025\/09\/image_viber_2025-09-10_19-49-33-396.jpg\" data-elementor-open-lightbox=\"yes\" data-elementor-lightbox-title=\"image_viber_2025-09-10_19-49-33-396\" data-e-action-hash=\"#elementor-action%3Aaction%3Dlightbox%26settings%3DeyJpZCI6MjIyMCwidXJsIjoiaHR0cHM6XC9cL3d3dy5ibGFja3Byb2Rlc2lnbi5kelwvd3AtY29udGVudFwvdXBsb2Fkc1wvMjAyNVwvMDlcL2ltYWdlX3ZpYmVyXzIwMjUtMDktMTBfMTktNDktMzMtMzk2LmpwZyJ9\">\n\t\t\t\t\t\t\t<img decoding=\"async\" width=\"600\" height=\"737\" src=\"https:\/\/www.blackprodesign.dz\/wp-content\/uploads\/2025\/09\/image_viber_2025-09-10_19-49-33-396.jpg\" class=\"attachment-large size-large wp-image-2220\" alt=\"\" srcset=\"https:\/\/www.blackprodesign.dz\/wp-content\/uploads\/2025\/09\/image_viber_2025-09-10_19-49-33-396.jpg 600w, https:\/\/www.blackprodesign.dz\/wp-content\/uploads\/2025\/09\/image_viber_2025-09-10_19-49-33-396-244x300.jpg 244w, https:\/\/www.blackprodesign.dz\/wp-content\/uploads\/2025\/09\/image_viber_2025-09-10_19-49-33-396-10x12.jpg 10w\" sizes=\"(max-width: 600px) 100vw, 600px\" \/>\t\t\t\t\t\t\t\t<\/a>\n\t\t\t\t\t\t\t\t\t\t\t<figcaption class=\"widget-image-caption wp-caption-text\"><\/figcaption>\n\t\t\t\t\t\t\t\t\t\t<\/figure>\n\t\t\t\t\t\t\t\t\t<\/div>\n\t\t\t\t<\/div>\n\t\t<div class=\"elementor-element elementor-element-7765b21 e-con-full e-flex e-con e-child\" data-id=\"7765b21\" data-element_type=\"container\" data-e-type=\"container\">\n\t\t\t\t<div class=\"elementor-element elementor-element-ac50b0c elementor-widget elementor-widget-heading\" data-id=\"ac50b0c\" data-element_type=\"widget\" data-e-type=\"widget\" data-widget_type=\"heading.default\">\n\t\t\t\t\t<h2 class=\"elementor-heading-title elementor-size-default\">Applications\n<\/h2>\t\t\t\t<\/div>\n\t\t\t\t<div class=\"elementor-element elementor-element-475cf64 elementor-widget elementor-widget-text-editor\" data-id=\"475cf64\" data-element_type=\"widget\" data-e-type=\"widget\" data-widget_type=\"text-editor.default\">\n\t\t\t\t\t\t\t\t\t<p><strong>Boissons :<\/strong> Bouteilles d&rsquo;eau, jus et boissons gazeuses.<\/p><p><strong>aide culinaire :<\/strong> Bouteilles d&rsquo;huile.<\/p><p><strong>Hygi\u00e8ne :<\/strong> Bouteille d\u00e9tergents.<\/p>\t\t\t\t\t\t\t\t<\/div>\n\t\t\t\t<\/div>\n\t\t\t\t\t<\/div>\n\t\t\t\t<\/div>\n\t\t\t\t<\/div>","protected":false},"excerpt":{"rendered":"<p>Film OPP blanc \u00e9tiquettes ETIQUETTES Nos Etiquettes films entourantes, utilis\u00e9es pour habiller vos bouteilles, sont disponibles en Mono ou multi-structures.Elles conviennent \u00e0 toutes vos machines d&rsquo;\u00e9tiquetage et peuvent fonctionner \u00e0 haute cadence.Elles sont livr\u00e9es Pr\u00e9d\u00e9coup\u00e9es ou en Bobines.Transparentes ou Blanches, nos \u00e9tiquettes sont munies d&rsquo;une protection anti-UV et imprimables en haute brillance. Caract\u00e9ristiques Film transparent [&hellip;]<\/p>\n","protected":false},"author":1,"featured_media":0,"parent":0,"menu_order":0,"comment_status":"closed","ping_status":"closed","template":"elementor_header_footer","meta":{"footnotes":""},"class_list":["post-839","page","type-page","status-publish","hentry"],"_links":{"self":[{"href":"https:\/\/www.blackprodesign.dz\/tr\/wp-json\/wp\/v2\/pages\/839","targetHints":{"allow":["GET"]}}],"collection":[{"href":"https:\/\/www.blackprodesign.dz\/tr\/wp-json\/wp\/v2\/pages"}],"about":[{"href":"https:\/\/www.blackprodesign.dz\/tr\/wp-json\/wp\/v2\/types\/page"}],"author":[{"embeddable":true,"href":"https:\/\/www.blackprodesign.dz\/tr\/wp-json\/wp\/v2\/users\/1"}],"replies":[{"embeddable":true,"href":"https:\/\/www.blackprodesign.dz\/tr\/wp-json\/wp\/v2\/comments?post=839"}],"version-history":[{"count":22,"href":"https:\/\/www.blackprodesign.dz\/tr\/wp-json\/wp\/v2\/pages\/839\/revisions"}],"predecessor-version":[{"id":2226,"href":"https:\/\/www.blackprodesign.dz\/tr\/wp-json\/wp\/v2\/pages\/839\/revisions\/2226"}],"wp:attachment":[{"href":"https:\/\/www.blackprodesign.dz\/tr\/wp-json\/wp\/v2\/media?parent=839"}],"curies":[{"name":"wp","href":"https:\/\/api.w.org\/{rel}","templated":true}]}}