{"id":810,"date":"2025-08-11T17:24:38","date_gmt":"2025-08-11T17:24:38","guid":{"rendered":"https:\/\/www.blackprodesign.dz\/?page_id=810"},"modified":"2025-09-10T07:43:10","modified_gmt":"2025-09-10T07:43:10","slug":"pet","status":"publish","type":"page","link":"https:\/\/www.blackprodesign.dz\/tr\/pet\/","title":{"rendered":"PET"},"content":{"rendered":"<div data-elementor-type=\"wp-page\" data-elementor-id=\"810\" class=\"elementor elementor-810\" data-elementor-post-type=\"page\">\n\t\t\t\t<div class=\"elementor-element elementor-element-819af92 e-flex e-con-boxed e-con e-parent\" data-id=\"819af92\" data-element_type=\"container\" data-e-type=\"container\">\n\t\t\t\t\t<div class=\"e-con-inner\">\n\t\t<div class=\"elementor-element elementor-element-c7301ab e-con-full e-flex e-con e-child\" data-id=\"c7301ab\" data-element_type=\"container\" data-e-type=\"container\">\n\t\t\t\t<div class=\"elementor-element elementor-element-b1eace1 elementor-widget elementor-widget-image\" data-id=\"b1eace1\" data-element_type=\"widget\" data-e-type=\"widget\" data-widget_type=\"image.default\">\n\t\t\t\t\t\t\t\t\t\t\t\t\t\t\t<img fetchpriority=\"high\" decoding=\"async\" width=\"440\" height=\"452\" src=\"https:\/\/www.blackprodesign.dz\/wp-content\/uploads\/2025\/09\/5-09-09_12-02-07-623.png\" class=\"attachment-large size-large wp-image-2154\" alt=\"\" srcset=\"https:\/\/www.blackprodesign.dz\/wp-content\/uploads\/2025\/09\/5-09-09_12-02-07-623.png 440w, https:\/\/www.blackprodesign.dz\/wp-content\/uploads\/2025\/09\/5-09-09_12-02-07-623-292x300.png 292w, https:\/\/www.blackprodesign.dz\/wp-content\/uploads\/2025\/09\/5-09-09_12-02-07-623-12x12.png 12w\" sizes=\"(max-width: 440px) 100vw, 440px\" \/>\t\t\t\t\t\t\t\t\t\t\t\t\t\t\t<\/div>\n\t\t\t\t<\/div>\n\t\t<div class=\"elementor-element elementor-element-d7dfc71 e-con-full e-flex e-con e-child\" data-id=\"d7dfc71\" data-element_type=\"container\" data-e-type=\"container\">\n\t\t\t\t<div class=\"elementor-element elementor-element-9b7a3fa elementor-widget elementor-widget-text-editor\" data-id=\"9b7a3fa\" data-element_type=\"widget\" data-e-type=\"widget\" data-widget_type=\"text-editor.default\">\n\t\t\t\t\t\t\t\t\t<p>Beyaz PET etiketleri<br \/>\u00dcr\u00fcnlerinizi \u00e7e\u015fitli end\u00fcstriyel ortamlarda tan\u0131mlamak i\u00e7in g\u00fcvenilir bir se\u00e7enek olan BLACK PRO DESIGN beyaz PET barkod etiketini sunuyoruz. Dayan\u0131kl\u0131l\u0131\u011f\u0131, etkileyici mukavemeti ve g\u00fc\u00e7l\u00fc yap\u0131\u015fma \u00f6zelli\u011fi, bu etiketi piyasadaki standart etiketleme \u00e7\u00f6z\u00fcmlerinden a\u00e7\u0131k\u00e7a \u00f6ne \u00e7\u0131kar\u0131yor.<\/p>\t\t\t\t\t\t\t\t<\/div>\n\t\t\t\t<\/div>\n\t\t\t\t\t<\/div>\n\t\t\t\t<\/div>\n\t\t<div class=\"elementor-element elementor-element-26be581 e-flex e-con-boxed e-con e-parent\" data-id=\"26be581\" data-element_type=\"container\" data-e-type=\"container\">\n\t\t\t\t\t<div class=\"e-con-inner\">\n\t\t\t\t<div class=\"elementor-element elementor-element-517c4ef elementor-widget elementor-widget-text-editor\" data-id=\"517c4ef\" data-element_type=\"widget\" data-e-type=\"widget\" data-widget_type=\"text-editor.default\">\n\t\t\t\t\t\t\t\t\t<p>1. Ola\u011fan\u00fcst\u00fc Dayan\u0131kl\u0131l\u0131k: Dayan\u0131kl\u0131l\u0131\u011f\u0131yla bilinen beyaz PET malzemeden \u00fcretilen bu etiket, d\u0131\u015f etkenlere kar\u015f\u0131 etkili bir \u015fekilde diren\u00e7 g\u00f6sterir. Koruyucu laminasyonlu yap\u0131s\u0131 sayesinde a\u015f\u0131nmaya, kire ve ultraviyole \u0131\u015f\u0131nlar\u0131na dayan\u0131kl\u0131 olacak \u015fekilde tasarlanm\u0131\u015ft\u0131r. Akrilik yap\u0131\u015ft\u0131r\u0131c\u0131s\u0131 dayan\u0131kl\u0131 ve g\u00fcvenilir bir yap\u0131\u015fma sa\u011flayarak bu etiketleri uzun vadede uygun maliyetli bir se\u00e7enek haline getirir.<\/p>\t\t\t\t\t\t\t\t<\/div>\n\t\t\t\t\t<\/div>\n\t\t\t\t<\/div>\n\t\t<div class=\"elementor-element elementor-element-ba96737 e-flex e-con-boxed e-con e-parent\" data-id=\"ba96737\" data-element_type=\"container\" data-e-type=\"container\">\n\t\t\t\t\t<div class=\"e-con-inner\">\n\t\t<div class=\"elementor-element elementor-element-641c656 e-con-full e-flex e-con e-child\" data-id=\"641c656\" data-element_type=\"container\" data-e-type=\"container\">\n\t\t\t\t<div class=\"elementor-element elementor-element-b7c5090 elementor-widget elementor-widget-text-editor\" data-id=\"b7c5090\" data-element_type=\"widget\" data-e-type=\"widget\" data-widget_type=\"text-editor.default\">\n\t\t\t\t\t\t\t\t\t<p>2. \u00d6zelle\u015ftirilebilir ve pratik:<br \/>PET etiketler, \u00f6zel ihtiya\u00e7lar\u0131n\u0131z\u0131 kar\u015f\u0131lamak i\u00e7in \u00e7e\u015fitli formatlarda mevcuttur. \u0130ster etiketi \u00fcr\u00fcn\u00fcn\u00fcze tam olarak uyacak \u015fekilde \u00f6zel bir kal\u0131p kesimi, ister k\u00f6\u015feler i\u00e7in<br \/>Rounded for an aesthetically pleasing finish, BLACK PRO DESIGN has a solution for you. In addition, this label has been created to be perfectly readable by barcode scanners, ensuring efficient management of your inventory.<\/p>\t\t\t\t\t\t\t\t<\/div>\n\t\t\t\t<\/div>\n\t\t<div class=\"elementor-element elementor-element-eaf570b e-con-full e-flex e-con e-child\" data-id=\"eaf570b\" data-element_type=\"container\" data-e-type=\"container\">\n\t\t\t\t<div class=\"elementor-element elementor-element-5abe181 elementor-widget elementor-widget-image\" data-id=\"5abe181\" data-element_type=\"widget\" data-e-type=\"widget\" data-widget_type=\"image.default\">\n\t\t\t\t\t\t\t\t\t\t\t\t\t\t\t<img decoding=\"async\" width=\"225\" height=\"225\" src=\"https:\/\/www.blackprodesign.dz\/wp-content\/uploads\/2025\/09\/232.jpg\" class=\"attachment-large size-large wp-image-2158\" alt=\"\" srcset=\"https:\/\/www.blackprodesign.dz\/wp-content\/uploads\/2025\/09\/232.jpg 225w, https:\/\/www.blackprodesign.dz\/wp-content\/uploads\/2025\/09\/232-150x150.jpg 150w, https:\/\/www.blackprodesign.dz\/wp-content\/uploads\/2025\/09\/232-12x12.jpg 12w\" sizes=\"(max-width: 225px) 100vw, 225px\" \/>\t\t\t\t\t\t\t\t\t\t\t\t\t\t\t<\/div>\n\t\t\t\t<\/div>\n\t\t\t\t\t<\/div>\n\t\t\t\t<\/div>\n\t\t<div class=\"elementor-element elementor-element-3210e3b e-flex e-con-boxed e-con e-parent\" data-id=\"3210e3b\" data-element_type=\"container\" data-e-type=\"container\">\n\t\t\t\t\t<div class=\"e-con-inner\">\n\t\t\t\t<div class=\"elementor-element elementor-element-28fa217 elementor-widget elementor-widget-text-editor\" data-id=\"28fa217\" data-element_type=\"widget\" data-e-type=\"widget\" data-widget_type=\"text-editor.default\">\n\t\t\t\t\t\t\t\t\t<p>3. \u00c7ok Y\u00f6nl\u00fcl\u00fck: \u00dcr\u00fcn etiketlemenin yan\u0131 s\u0131ra, bu etiketler par\u00e7a takibi, varl\u0131k tan\u0131mlama ve hatta \u00fcr\u00fcn bilgisi g\u00f6sterimi gibi \u00e7e\u015fitli end\u00fcstriyel uygulamalarda da kullan\u0131labilir. Sekt\u00f6r\u00fcn\u00fcz ne olursa olsun, ister lojistik, ister g\u0131da, ister kozmetik veya ila\u00e7 sekt\u00f6r\u00fcnde \u00e7al\u0131\u015f\u0131n, bu etiketler i\u00e7in de\u011ferli kullan\u0131m alanlar\u0131 bulacaks\u0131n\u0131z.<\/p>\t\t\t\t\t\t\t\t<\/div>\n\t\t\t\t\t<\/div>\n\t\t\t\t<\/div>\n\t\t<div class=\"elementor-element elementor-element-91fba36 e-flex e-con-boxed e-con e-parent\" data-id=\"91fba36\" data-element_type=\"container\" data-e-type=\"container\">\n\t\t\t\t\t<div class=\"e-con-inner\">\n\t\t<div class=\"elementor-element elementor-element-f27c2f0 e-con-full e-flex e-con e-child\" data-id=\"f27c2f0\" data-element_type=\"container\" data-e-type=\"container\">\n\t\t\t\t<div class=\"elementor-element elementor-element-adf9b64 elementor-widget elementor-widget-image\" data-id=\"adf9b64\" data-element_type=\"widget\" data-e-type=\"widget\" data-widget_type=\"image.default\">\n\t\t\t\t\t\t\t\t\t\t\t\t\t\t\t<img decoding=\"async\" width=\"372\" height=\"496\" src=\"https:\/\/www.blackprodesign.dz\/wp-content\/uploads\/2025\/09\/12-02-03-926.jpg\" class=\"attachment-large size-large wp-image-2164\" alt=\"\" srcset=\"https:\/\/www.blackprodesign.dz\/wp-content\/uploads\/2025\/09\/12-02-03-926.jpg 372w, https:\/\/www.blackprodesign.dz\/wp-content\/uploads\/2025\/09\/12-02-03-926-225x300.jpg 225w, https:\/\/www.blackprodesign.dz\/wp-content\/uploads\/2025\/09\/12-02-03-926-9x12.jpg 9w\" sizes=\"(max-width: 372px) 100vw, 372px\" \/>\t\t\t\t\t\t\t\t\t\t\t\t\t\t\t<\/div>\n\t\t\t\t<\/div>\n\t\t<div class=\"elementor-element elementor-element-3b1cf87 e-con-full e-flex e-con e-child\" data-id=\"3b1cf87\" data-element_type=\"container\" data-e-type=\"container\">\n\t\t\t\t<div class=\"elementor-element elementor-element-b00b91a elementor-widget elementor-widget-text-editor\" data-id=\"b00b91a\" data-element_type=\"widget\" data-e-type=\"widget\" data-widget_type=\"text-editor.default\">\n\t\t\t\t\t\t\t\t\t<p>VFFS\/torba yap\u0131m\u0131\/kaplama i\u00e7in PA PE EVOH y\u00fcksek bariyerli film ile lamine edilmi\u015f PET lamineli \u00f6zel bask\u0131 filmi<\/p>\t\t\t\t\t\t\t\t<\/div>\n\t\t\t\t<div class=\"elementor-element elementor-element-608f36d elementor-widget elementor-widget-text-editor\" data-id=\"608f36d\" data-element_type=\"widget\" data-e-type=\"widget\" data-widget_type=\"text-editor.default\">\n\t\t\t\t\t\t\t\t\t<p>VFFS\/\u00fcretim i\u00e7in PA PE EVOH y\u00fcksek bariyerli film ile lamine edilmi\u015f PET'e \u00f6zel bask\u0131 filmi <\/p>\t\t\t\t\t\t\t\t<\/div>\n\t\t\t\t<\/div>\n\t\t\t\t\t<\/div>\n\t\t\t\t<\/div>\n\t\t<div class=\"elementor-element elementor-element-ec34427 e-flex e-con-boxed e-con e-parent\" data-id=\"ec34427\" data-element_type=\"container\" data-e-type=\"container\">\n\t\t\t\t\t<div class=\"e-con-inner\">\n\t\t\t\t<div class=\"elementor-element elementor-element-7365532 elementor-widget elementor-widget-text-editor\" data-id=\"7365532\" data-element_type=\"widget\" data-e-type=\"widget\" data-widget_type=\"text-editor.default\">\n\t\t\t\t\t\t\t\t\t<p><span class=\"fontstyle0\">4. Art\u0131r\u0131lm\u0131\u015f dayan\u0131kl\u0131l\u0131k: PET etiketler, ek i\u015flem olana\u011f\u0131 sayesinde \u0131s\u0131ya ve kimyasallara kar\u015f\u0131 ola\u011fan\u00fcst\u00fc dayan\u0131kl\u0131l\u0131k sunar. \u0130ster y\u00fcksek s\u0131cakl\u0131k ortam\u0131nda ister kimyasallara maruz kals\u0131n, etiketleriniz sa\u011flam ve okunakl\u0131 kal\u0131r ve tutarl\u0131 bir performans seviyesi sunar.<\/span> <\/p><p><span class=\"fontstyle0\">PET barkod etiketlerinin dayan\u0131kl\u0131, \u00e7ok y\u00f6nl\u00fc ve diren\u00e7li \u00f6zelliklerinden yararlanarak, i\u015fletmeniz bu etiketlerin \u00e7ok y\u00f6nl\u00fc faydalar\u0131n\u0131 h\u0131zla fark edecektir. BLACK PRO DESIGN'\u0131n beyaz PET barkod etiketini tercih ederek \u00fcr\u00fcnlerinizin net bir \u015fekilde tan\u0131mland\u0131\u011f\u0131ndan ve d\u0131\u015f etkenlerden korundu\u011fundan emin olun.<\/span> <\/p>\t\t\t\t\t\t\t\t<\/div>\n\t\t\t\t\t<\/div>\n\t\t\t\t<\/div>\n\t\t<div class=\"elementor-element elementor-element-c37cabb e-flex e-con-boxed e-con e-parent\" data-id=\"c37cabb\" data-element_type=\"container\" data-e-type=\"container\">\n\t\t\t\t\t<div class=\"e-con-inner\">\n\t\t<div class=\"elementor-element elementor-element-4379d4f e-con-full e-flex e-con e-child\" data-id=\"4379d4f\" data-element_type=\"container\" data-e-type=\"container\">\n\t\t\t\t<div class=\"elementor-element elementor-element-83acaa0 elementor-widget elementor-widget-heading\" data-id=\"83acaa0\" data-element_type=\"widget\" data-e-type=\"widget\" data-widget_type=\"heading.default\">\n\t\t\t\t\t<h2 class=\"elementor-heading-title elementor-size-default\">\u00d6zellikler\n<\/h2>\t\t\t\t<\/div>\n\t\t\t\t<div class=\"elementor-element elementor-element-465eaa3 elementor-widget elementor-widget-text-editor\" data-id=\"465eaa3\" data-element_type=\"widget\" data-e-type=\"widget\" data-widget_type=\"text-editor.default\">\n\t\t\t\t\t\t\t\t\t<p>Malzeme: beyaz PET<br \/>Laminasyon: A\u015f\u0131nmaya, kire ve \u0131\u015f\u0131nlara kar\u015f\u0131 koruma<br \/>UV Kesim: \u00d6zel veya yuvarlak k\u00f6\u015feler<br \/>Tutkal: Y\u00fcksek mukavemetli akrilik<br \/>Olas\u0131 tedavi: Is\u0131ya veya kimyasal maddelere kar\u015f\u0131 diren\u00e7<br \/>Uyarlanm\u0131\u015f: Barkodlar<br \/>Diren\u00e7: Dayan\u0131kl\u0131 ve diren\u00e7li<br \/>Bi\u00e7im : Standart<\/p>\t\t\t\t\t\t\t\t<\/div>\n\t\t\t\t<div class=\"elementor-element elementor-element-36fb8db elementor-widget elementor-widget-heading\" data-id=\"36fb8db\" data-element_type=\"widget\" data-e-type=\"widget\" data-widget_type=\"heading.default\">\n\t\t\t\t\t<h2 class=\"elementor-heading-title elementor-size-default\">Uygulama alanlar\u0131\n\n<\/h2>\t\t\t\t<\/div>\n\t\t\t\t<div class=\"elementor-element elementor-element-d06760a elementor-widget elementor-widget-text-editor\" data-id=\"d06760a\" data-element_type=\"widget\" data-e-type=\"widget\" data-widget_type=\"text-editor.default\">\n\t\t\t\t\t\t\t\t\t<p><span class=\"fontstyle0\">*Otomotiv *Havac\u0131l\u0131k *\u0130la\u00e7 *G\u0131da *Kimya *Elektronik<\/span> <\/p>\t\t\t\t\t\t\t\t<\/div>\n\t\t\t\t<\/div>\n\t\t<div class=\"elementor-element elementor-element-9e4c0ac e-con-full e-flex e-con e-child\" data-id=\"9e4c0ac\" data-element_type=\"container\" data-e-type=\"container\">\n\t\t\t\t<\/div>\n\t\t\t\t\t<\/div>\n\t\t\t\t<\/div>\n\t\t\t\t<\/div>","protected":false},"excerpt":{"rendered":"<p>Etiquettes PET blancPr\u00e9sentons l&rsquo;\u00e9tiquette PET blanc pour codes-barres par BLACK PRO DESIGN, un choix fiable pour identifier vos produits dans divers contextes industriels. Gr\u00e2ce \u00e0 sa durabilit\u00e9, sa r\u00e9sistance impressionnante et sa forte adh\u00e9rence, cette \u00e9tiquette se distingue nettement des solutions d&rsquo;\u00e9tiquetage standard du march\u00e9 1. Durabilit\u00e9 exceptionnelle : Fabriqu\u00e9e en PET blanc, un mat\u00e9riau [&hellip;]<\/p>\n","protected":false},"author":1,"featured_media":0,"parent":0,"menu_order":0,"comment_status":"closed","ping_status":"closed","template":"elementor_header_footer","meta":{"footnotes":""},"class_list":["post-810","page","type-page","status-publish","hentry"],"_links":{"self":[{"href":"https:\/\/www.blackprodesign.dz\/tr\/wp-json\/wp\/v2\/pages\/810","targetHints":{"allow":["GET"]}}],"collection":[{"href":"https:\/\/www.blackprodesign.dz\/tr\/wp-json\/wp\/v2\/pages"}],"about":[{"href":"https:\/\/www.blackprodesign.dz\/tr\/wp-json\/wp\/v2\/types\/page"}],"author":[{"embeddable":true,"href":"https:\/\/www.blackprodesign.dz\/tr\/wp-json\/wp\/v2\/users\/1"}],"replies":[{"embeddable":true,"href":"https:\/\/www.blackprodesign.dz\/tr\/wp-json\/wp\/v2\/comments?post=810"}],"version-history":[{"count":16,"href":"https:\/\/www.blackprodesign.dz\/tr\/wp-json\/wp\/v2\/pages\/810\/revisions"}],"predecessor-version":[{"id":2170,"href":"https:\/\/www.blackprodesign.dz\/tr\/wp-json\/wp\/v2\/pages\/810\/revisions\/2170"}],"wp:attachment":[{"href":"https:\/\/www.blackprodesign.dz\/tr\/wp-json\/wp\/v2\/media?parent=810"}],"curies":[{"name":"wp","href":"https:\/\/api.w.org\/{rel}","templated":true}]}}