{"id":756,"date":"2025-08-10T10:47:14","date_gmt":"2025-08-10T10:47:14","guid":{"rendered":"https:\/\/www.blackprodesign.dz\/?page_id=756"},"modified":"2025-10-04T16:04:00","modified_gmt":"2025-10-04T16:04:00","slug":"etiquettes-r-v","status":"publish","type":"page","link":"https:\/\/www.blackprodesign.dz\/tr\/etiquettes-r-v\/","title":{"rendered":"\u00c9tiquettes R\/V"},"content":{"rendered":"<div data-elementor-type=\"wp-page\" data-elementor-id=\"756\" class=\"elementor elementor-756\" data-elementor-post-type=\"page\">\n\t\t\t\t<div class=\"elementor-element elementor-element-7ca28778 e-flex e-con-boxed e-con e-parent\" data-id=\"7ca28778\" data-element_type=\"container\" data-e-type=\"container\">\n\t\t\t\t\t<div class=\"e-con-inner\">\n\t\t\t\t<div class=\"elementor-element elementor-element-449cc3f6 elementor-widget elementor-widget-heading\" data-id=\"449cc3f6\" data-element_type=\"widget\" data-e-type=\"widget\" data-widget_type=\"heading.default\">\n\t\t\t\t\t<h2 class=\"elementor-heading-title elementor-size-default\">\u00c9tiquettes R\/V\n<\/h2>\t\t\t\t<\/div>\n\t\t\t\t\t<\/div>\n\t\t\t\t<\/div>\n\t\t<div class=\"elementor-element elementor-element-49d3609c e-flex e-con-boxed e-con e-parent\" data-id=\"49d3609c\" data-element_type=\"container\" data-e-type=\"container\">\n\t\t\t\t\t<div class=\"e-con-inner\">\n\t\t<div class=\"elementor-element elementor-element-2788fa5 e-con-full e-flex e-con e-child\" data-id=\"2788fa5\" data-element_type=\"container\" data-e-type=\"container\">\n\t\t\t\t<div class=\"elementor-element elementor-element-58b6c5c5 elementor-widget elementor-widget-image\" data-id=\"58b6c5c5\" data-element_type=\"widget\" data-e-type=\"widget\" data-widget_type=\"image.default\">\n\t\t\t\t\t\t\t\t\t\t\t\t\t\t\t<img fetchpriority=\"high\" decoding=\"async\" width=\"443\" height=\"447\" src=\"https:\/\/www.blackprodesign.dz\/wp-content\/uploads\/2025\/09\/012.jpg\" class=\"attachment-large size-large wp-image-2812\" alt=\"\" srcset=\"https:\/\/www.blackprodesign.dz\/wp-content\/uploads\/2025\/09\/012.jpg 443w, https:\/\/www.blackprodesign.dz\/wp-content\/uploads\/2025\/09\/012-297x300.jpg 297w, https:\/\/www.blackprodesign.dz\/wp-content\/uploads\/2025\/09\/012-150x150.jpg 150w, https:\/\/www.blackprodesign.dz\/wp-content\/uploads\/2025\/09\/012-12x12.jpg 12w\" sizes=\"(max-width: 443px) 100vw, 443px\" \/>\t\t\t\t\t\t\t\t\t\t\t\t\t\t\t<\/div>\n\t\t\t\t<\/div>\n\t\t<div class=\"elementor-element elementor-element-79199504 e-con-full e-flex e-con e-child\" data-id=\"79199504\" data-element_type=\"container\" data-e-type=\"container\">\n\t\t\t\t<div class=\"elementor-element elementor-element-2edaf2b8 elementor-widget elementor-widget-image\" data-id=\"2edaf2b8\" data-element_type=\"widget\" data-e-type=\"widget\" data-widget_type=\"image.default\">\n\t\t\t\t\t\t\t\t\t\t\t\t\t\t\t<img decoding=\"async\" width=\"443\" height=\"447\" src=\"https:\/\/www.blackprodesign.dz\/wp-content\/uploads\/2025\/09\/014.jpg\" class=\"attachment-large size-large wp-image-2813\" alt=\"\" srcset=\"https:\/\/www.blackprodesign.dz\/wp-content\/uploads\/2025\/09\/014.jpg 443w, https:\/\/www.blackprodesign.dz\/wp-content\/uploads\/2025\/09\/014-297x300.jpg 297w, https:\/\/www.blackprodesign.dz\/wp-content\/uploads\/2025\/09\/014-150x150.jpg 150w, https:\/\/www.blackprodesign.dz\/wp-content\/uploads\/2025\/09\/014-12x12.jpg 12w\" sizes=\"(max-width: 443px) 100vw, 443px\" \/>\t\t\t\t\t\t\t\t\t\t\t\t\t\t\t<\/div>\n\t\t\t\t<\/div>\n\t\t<div class=\"elementor-element elementor-element-1bb34303 e-con-full e-flex e-con e-child\" data-id=\"1bb34303\" data-element_type=\"container\" data-e-type=\"container\">\n\t\t\t\t<div class=\"elementor-element elementor-element-44ab7bc3 elementor-widget elementor-widget-image\" data-id=\"44ab7bc3\" data-element_type=\"widget\" data-e-type=\"widget\" data-widget_type=\"image.default\">\n\t\t\t\t\t\t\t\t\t\t\t\t\t\t\t<img decoding=\"async\" width=\"443\" height=\"447\" src=\"https:\/\/www.blackprodesign.dz\/wp-content\/uploads\/2025\/09\/015.jpg\" class=\"attachment-large size-large wp-image-2817\" alt=\"\" srcset=\"https:\/\/www.blackprodesign.dz\/wp-content\/uploads\/2025\/09\/015.jpg 443w, https:\/\/www.blackprodesign.dz\/wp-content\/uploads\/2025\/09\/015-297x300.jpg 297w, https:\/\/www.blackprodesign.dz\/wp-content\/uploads\/2025\/09\/015-150x150.jpg 150w, https:\/\/www.blackprodesign.dz\/wp-content\/uploads\/2025\/09\/015-12x12.jpg 12w\" sizes=\"(max-width: 443px) 100vw, 443px\" \/>\t\t\t\t\t\t\t\t\t\t\t\t\t\t\t<\/div>\n\t\t\t\t<\/div>\n\t\t<div class=\"elementor-element elementor-element-3a02c64b e-con-full e-flex e-con e-child\" data-id=\"3a02c64b\" data-element_type=\"container\" data-e-type=\"container\">\n\t\t\t\t<div class=\"elementor-element elementor-element-2773dda6 elementor-widget elementor-widget-image\" data-id=\"2773dda6\" data-element_type=\"widget\" data-e-type=\"widget\" data-widget_type=\"image.default\">\n\t\t\t\t\t\t\t\t\t\t\t\t\t\t\t<img loading=\"lazy\" decoding=\"async\" width=\"443\" height=\"447\" src=\"https:\/\/www.blackprodesign.dz\/wp-content\/uploads\/2025\/09\/016.jpg\" class=\"attachment-large size-large wp-image-2818\" alt=\"\" srcset=\"https:\/\/www.blackprodesign.dz\/wp-content\/uploads\/2025\/09\/016.jpg 443w, https:\/\/www.blackprodesign.dz\/wp-content\/uploads\/2025\/09\/016-297x300.jpg 297w, https:\/\/www.blackprodesign.dz\/wp-content\/uploads\/2025\/09\/016-150x150.jpg 150w, https:\/\/www.blackprodesign.dz\/wp-content\/uploads\/2025\/09\/016-12x12.jpg 12w\" sizes=\"(max-width: 443px) 100vw, 443px\" \/>\t\t\t\t\t\t\t\t\t\t\t\t\t\t\t<\/div>\n\t\t\t\t<\/div>\n\t\t\t\t\t<\/div>\n\t\t\t\t<\/div>\n\t\t<div class=\"elementor-element elementor-element-66d73b49 e-flex e-con-boxed e-con e-parent\" data-id=\"66d73b49\" data-element_type=\"container\" data-e-type=\"container\">\n\t\t\t\t\t<div class=\"e-con-inner\">\n\t\t\t\t<div class=\"elementor-element elementor-element-1fcd847f elementor-widget elementor-widget-text-editor\" data-id=\"1fcd847f\" data-element_type=\"widget\" data-e-type=\"widget\" data-widget_type=\"text-editor.default\">\n\t\t\t\t\t\t\t\t\t<p><span style=\"color: #0f75bc;\"><strong>\u00c9tiquettes double face imprim\u00e9es recto et verso : dites-en plus sur votre produit?!<\/strong><\/span><br \/>Les \u00e9tiquettes doubles face imprim\u00e9es recto et verso font partie de la cat\u00e9gorie des \u00e9tiquettes \u00e0 fonction en bobine. Elles sont command\u00e9es par les professionnels ou revendeurs sur des supports transparents et permettent d&rsquo;augmenter la surface d&rsquo;impression efficacement.<br \/><strong><span style=\"color: #0f75bc;\">Avantages de l&rsquo;\u00e9tiquette double face imprim\u00e9e recto-verso<\/span><\/strong><br \/>Les \u00e9tiquettes adh\u00e9sives imprim\u00e9es recto et verso offrent de nombreux avantages :<\/p><ul><li>Elles r\u00e9duisent vos co\u00fbts d\u2019impression de 50 %.<\/li><li>Elles vous permettent d\u2019a\u00e9rer vos textes, en particulier sur la surface recto.<\/li><li>Vous pouvez transmettre plus d\u2019informations \u00e0 vos consommateurs gr\u00e2ce aux informations au verso.<\/li><li>Elles vous permettent de faire un geste pour la plan\u00e8te en r\u00e9duisant votre impact environnemental.<\/li><li>En effet, l\u2019impression a lieu sur une surface d\u2019\u00e9tiquette moindre que celle uniquement recto. De plus, elles sont recyclables.<\/li><li>Elles r\u00e9sistent \u00e0 l\u2019humidit\u00e9, au frottement, au nettoyage et \u00e0 la lumi\u00e8re.<\/li><\/ul><p>\u00a0<\/p><p><strong><span style=\"color: #0f75bc;\">Les professionnels<\/span><\/strong> qui font confiance \u00e0 <strong>BLACK PRO DESIGN<\/strong> commandent leurs \u00e9tiquettes double face imprim\u00e9es recto et verso pour:<\/p><ul><li>Les bouteilles d&rsquo;huile, d&rsquo;eau, de sirop, boissons (th\u00e9, sodas&#8230;).<\/li><li>Bouteilles d&rsquo;alcool transparentes (gin, vodka, liqueur, tequila&#8230;).<\/li><li>Bouteilles de vin ros\u00e9 ou blanc.<\/li><li>Pots en verre, bocaux (l\u00e9gumes, mais, haricots verts, asperges..), soupes, potages&#8230;<\/li><li>Flacons et pots pour m\u00e9dicaments, pastilles, g\u00e9lules, comprim\u00e9s&#8230;<\/li><li>Sachets, Tupperware de confiseries, bonbons, assortiments&#8230;<\/li><li>Communication publicitaire ou de s\u00e9curit\u00e9 sur vitrages (fen\u00eatre, porte fen\u00eatre, velux, v\u00e9randas, verri\u00e8res&#8230;).<\/li><li>Sachets, Tupperware de confiseries, bonbons, assortiments&#8230;<\/li><\/ul>\t\t\t\t\t\t\t\t<\/div>\n\t\t\t\t\t<\/div>\n\t\t\t\t<\/div>\n\t\t\t\t<\/div>","protected":false},"excerpt":{"rendered":"<p>\u00c9tiquettes R\/V \u00c9tiquettes double face imprim\u00e9es recto et verso : dites-en plus sur votre produit?!Les \u00e9tiquettes doubles face imprim\u00e9es recto et verso font partie de la cat\u00e9gorie des \u00e9tiquettes \u00e0 fonction en bobine. Elles sont command\u00e9es par les professionnels ou revendeurs sur des supports transparents et permettent d&rsquo;augmenter la surface d&rsquo;impression efficacement.Avantages de l&rsquo;\u00e9tiquette double [&hellip;]<\/p>\n","protected":false},"author":1,"featured_media":0,"parent":0,"menu_order":0,"comment_status":"closed","ping_status":"closed","template":"elementor_header_footer","meta":{"footnotes":""},"class_list":["post-756","page","type-page","status-publish","hentry"],"_links":{"self":[{"href":"https:\/\/www.blackprodesign.dz\/tr\/wp-json\/wp\/v2\/pages\/756","targetHints":{"allow":["GET"]}}],"collection":[{"href":"https:\/\/www.blackprodesign.dz\/tr\/wp-json\/wp\/v2\/pages"}],"about":[{"href":"https:\/\/www.blackprodesign.dz\/tr\/wp-json\/wp\/v2\/types\/page"}],"author":[{"embeddable":true,"href":"https:\/\/www.blackprodesign.dz\/tr\/wp-json\/wp\/v2\/users\/1"}],"replies":[{"embeddable":true,"href":"https:\/\/www.blackprodesign.dz\/tr\/wp-json\/wp\/v2\/comments?post=756"}],"version-history":[{"count":31,"href":"https:\/\/www.blackprodesign.dz\/tr\/wp-json\/wp\/v2\/pages\/756\/revisions"}],"predecessor-version":[{"id":2936,"href":"https:\/\/www.blackprodesign.dz\/tr\/wp-json\/wp\/v2\/pages\/756\/revisions\/2936"}],"wp:attachment":[{"href":"https:\/\/www.blackprodesign.dz\/tr\/wp-json\/wp\/v2\/media?parent=756"}],"curies":[{"name":"wp","href":"https:\/\/api.w.org\/{rel}","templated":true}]}}