{"id":741,"date":"2025-08-10T10:42:58","date_gmt":"2025-08-10T10:42:58","guid":{"rendered":"https:\/\/www.blackprodesign.dz\/?page_id=741"},"modified":"2025-09-28T13:52:46","modified_gmt":"2025-09-28T13:52:46","slug":"pp-pvc-transparentes","status":"publish","type":"page","link":"https:\/\/www.blackprodesign.dz\/tr\/pp-pvc-transparentes\/","title":{"rendered":"PP PVC Transparentes"},"content":{"rendered":"<div data-elementor-type=\"wp-page\" data-elementor-id=\"741\" class=\"elementor elementor-741\" data-elementor-post-type=\"page\">\n\t\t\t\t<div class=\"elementor-element elementor-element-25b3240f e-flex e-con-boxed e-con e-parent\" data-id=\"25b3240f\" data-element_type=\"container\" data-e-type=\"container\">\n\t\t\t\t\t<div class=\"e-con-inner\">\n\t\t\t\t<div class=\"elementor-element elementor-element-64b8f9f5 elementor-widget elementor-widget-heading\" data-id=\"64b8f9f5\" data-element_type=\"widget\" data-e-type=\"widget\" data-widget_type=\"heading.default\">\n\t\t\t\t\t<h2 class=\"elementor-heading-title elementor-size-default\">PP PVC Transparente :\n<\/h2>\t\t\t\t<\/div>\n\t\t\t\t\t<\/div>\n\t\t\t\t<\/div>\n\t\t<div class=\"elementor-element elementor-element-c791e98 e-flex e-con-boxed e-con e-parent\" data-id=\"c791e98\" data-element_type=\"container\" data-e-type=\"container\">\n\t\t\t\t\t<div class=\"e-con-inner\">\n\t\t<div class=\"elementor-element elementor-element-473ea1a9 e-con-full e-flex e-con e-child\" data-id=\"473ea1a9\" data-element_type=\"container\" data-e-type=\"container\">\n\t\t\t\t<div class=\"elementor-element elementor-element-6613db4e elementor-widget elementor-widget-image\" data-id=\"6613db4e\" data-element_type=\"widget\" data-e-type=\"widget\" data-widget_type=\"image.default\">\n\t\t\t\t\t\t\t\t\t\t\t\t\t\t\t<img fetchpriority=\"high\" decoding=\"async\" width=\"443\" height=\"447\" src=\"https:\/\/www.blackprodesign.dz\/wp-content\/uploads\/2025\/09\/06.jpg\" class=\"attachment-large size-large wp-image-2730\" alt=\"\" srcset=\"https:\/\/www.blackprodesign.dz\/wp-content\/uploads\/2025\/09\/06.jpg 443w, https:\/\/www.blackprodesign.dz\/wp-content\/uploads\/2025\/09\/06-297x300.jpg 297w, https:\/\/www.blackprodesign.dz\/wp-content\/uploads\/2025\/09\/06-150x150.jpg 150w, https:\/\/www.blackprodesign.dz\/wp-content\/uploads\/2025\/09\/06-12x12.jpg 12w\" sizes=\"(max-width: 443px) 100vw, 443px\" \/>\t\t\t\t\t\t\t\t\t\t\t\t\t\t\t<\/div>\n\t\t\t\t<\/div>\n\t\t<div class=\"elementor-element elementor-element-5bdcb87c e-con-full e-flex e-con e-child\" data-id=\"5bdcb87c\" data-element_type=\"container\" data-e-type=\"container\">\n\t\t\t\t<div class=\"elementor-element elementor-element-60db905e elementor-widget elementor-widget-image\" data-id=\"60db905e\" data-element_type=\"widget\" data-e-type=\"widget\" data-widget_type=\"image.default\">\n\t\t\t\t\t\t\t\t\t\t\t\t\t\t\t<img decoding=\"async\" width=\"443\" height=\"447\" src=\"https:\/\/www.blackprodesign.dz\/wp-content\/uploads\/2025\/09\/01.jpg\" class=\"attachment-large size-large wp-image-2731\" alt=\"\" srcset=\"https:\/\/www.blackprodesign.dz\/wp-content\/uploads\/2025\/09\/01.jpg 443w, https:\/\/www.blackprodesign.dz\/wp-content\/uploads\/2025\/09\/01-297x300.jpg 297w, https:\/\/www.blackprodesign.dz\/wp-content\/uploads\/2025\/09\/01-150x150.jpg 150w, https:\/\/www.blackprodesign.dz\/wp-content\/uploads\/2025\/09\/01-12x12.jpg 12w\" sizes=\"(max-width: 443px) 100vw, 443px\" \/>\t\t\t\t\t\t\t\t\t\t\t\t\t\t\t<\/div>\n\t\t\t\t<\/div>\n\t\t<div class=\"elementor-element elementor-element-584600e3 e-con-full e-flex e-con e-child\" data-id=\"584600e3\" data-element_type=\"container\" data-e-type=\"container\">\n\t\t\t\t<div class=\"elementor-element elementor-element-1058f55e elementor-widget elementor-widget-image\" data-id=\"1058f55e\" data-element_type=\"widget\" data-e-type=\"widget\" data-widget_type=\"image.default\">\n\t\t\t\t\t\t\t\t\t\t\t\t\t\t\t<img decoding=\"async\" width=\"443\" height=\"447\" src=\"https:\/\/www.blackprodesign.dz\/wp-content\/uploads\/2025\/09\/502.jpg\" class=\"attachment-large size-large wp-image-2732\" alt=\"\" srcset=\"https:\/\/www.blackprodesign.dz\/wp-content\/uploads\/2025\/09\/502.jpg 443w, https:\/\/www.blackprodesign.dz\/wp-content\/uploads\/2025\/09\/502-297x300.jpg 297w, https:\/\/www.blackprodesign.dz\/wp-content\/uploads\/2025\/09\/502-150x150.jpg 150w, https:\/\/www.blackprodesign.dz\/wp-content\/uploads\/2025\/09\/502-12x12.jpg 12w\" sizes=\"(max-width: 443px) 100vw, 443px\" \/>\t\t\t\t\t\t\t\t\t\t\t\t\t\t\t<\/div>\n\t\t\t\t<\/div>\n\t\t<div class=\"elementor-element elementor-element-1db775da e-con-full e-flex e-con e-child\" data-id=\"1db775da\" data-element_type=\"container\" data-e-type=\"container\">\n\t\t\t\t<div class=\"elementor-element elementor-element-1817eb89 elementor-widget elementor-widget-image\" data-id=\"1817eb89\" data-element_type=\"widget\" data-e-type=\"widget\" data-widget_type=\"image.default\">\n\t\t\t\t\t\t\t\t\t\t\t\t\t\t\t<img loading=\"lazy\" decoding=\"async\" width=\"443\" height=\"447\" src=\"https:\/\/www.blackprodesign.dz\/wp-content\/uploads\/2025\/09\/03.jpg\" class=\"attachment-large size-large wp-image-2733\" alt=\"\" srcset=\"https:\/\/www.blackprodesign.dz\/wp-content\/uploads\/2025\/09\/03.jpg 443w, https:\/\/www.blackprodesign.dz\/wp-content\/uploads\/2025\/09\/03-297x300.jpg 297w, https:\/\/www.blackprodesign.dz\/wp-content\/uploads\/2025\/09\/03-150x150.jpg 150w, https:\/\/www.blackprodesign.dz\/wp-content\/uploads\/2025\/09\/03-12x12.jpg 12w\" sizes=\"(max-width: 443px) 100vw, 443px\" \/>\t\t\t\t\t\t\t\t\t\t\t\t\t\t\t<\/div>\n\t\t\t\t<\/div>\n\t\t\t\t\t<\/div>\n\t\t\t\t<\/div>\n\t\t<div class=\"elementor-element elementor-element-5967cc80 e-flex e-con-boxed e-con e-parent\" data-id=\"5967cc80\" data-element_type=\"container\" data-e-type=\"container\">\n\t\t\t\t\t<div class=\"e-con-inner\">\n\t\t\t\t<div class=\"elementor-element elementor-element-73506e8 elementor-widget elementor-widget-text-editor\" data-id=\"73506e8\" data-element_type=\"widget\" data-e-type=\"widget\" data-widget_type=\"text-editor.default\">\n\t\t\t\t\t\t\t\t\t<p>Principales diff\u00e9rences entre les \u00e9tiquettes PP et PVC :**<br \/>. **Composition du mat\u00e9riau :<br \/>Les \u00e9tiquettes PP sont fabriqu\u00e9es \u00e0 partir de polypropyl\u00e8ne, un polym\u00e8re thermoplastique<br \/>.- Les \u00e9tiquettes en PVC sont fabriqu\u00e9es \u00e0 partir de polychlorure de vinyle, un polym\u00e8re plastique synth\u00e9tique.<br \/>Transparence:<br \/>Les \u00e9tiquettes PP ont une grande transparence, offrant une excellente visibilit\u00e9 du produit en dessous.<br \/>Les \u00e9tiquettes en PVC ne sont pas aussi transparentes que les \u00e9tiquettes en PP.<br \/>La flexibilit\u00e9:<br \/>Les \u00e9tiquettes PP sont tr\u00e8s flexibles et peuvent s&rsquo;adapter aux conteneurs incurv\u00e9s et de forme irr\u00e9guli\u00e8re.<br \/>Les \u00e9tiquettes en PVC sont relativement moins flexibles que les \u00e9tiquettes en PP.<br \/>R\u00e9sistance:<br \/>Les \u00e9tiquettes PP ont une excellente r\u00e9sistance \u00e0 l\u2019humidit\u00e9 et aux produits chimiques.<br \/>Les \u00e9tiquettes en PVC sont tr\u00e8s r\u00e9sistantes aux conditions m\u00e9t\u00e9orologiques, aux huiles, aux produits chimiques et aux rayons UV.<\/p>\t\t\t\t\t\t\t\t<\/div>\n\t\t\t\t\t<\/div>\n\t\t\t\t<\/div>\n\t\t\t\t<\/div>","protected":false},"excerpt":{"rendered":"<p>PP PVC Transparente : Principales diff\u00e9rences entre les \u00e9tiquettes PP et PVC :**. **Composition du mat\u00e9riau :Les \u00e9tiquettes PP sont fabriqu\u00e9es \u00e0 partir de polypropyl\u00e8ne, un polym\u00e8re thermoplastique.- Les \u00e9tiquettes en PVC sont fabriqu\u00e9es \u00e0 partir de polychlorure de vinyle, un polym\u00e8re plastique synth\u00e9tique.Transparence:Les \u00e9tiquettes PP ont une grande transparence, offrant une excellente visibilit\u00e9 du [&hellip;]<\/p>\n","protected":false},"author":1,"featured_media":0,"parent":0,"menu_order":0,"comment_status":"closed","ping_status":"closed","template":"elementor_header_footer","meta":{"footnotes":""},"class_list":["post-741","page","type-page","status-publish","hentry"],"_links":{"self":[{"href":"https:\/\/www.blackprodesign.dz\/tr\/wp-json\/wp\/v2\/pages\/741","targetHints":{"allow":["GET"]}}],"collection":[{"href":"https:\/\/www.blackprodesign.dz\/tr\/wp-json\/wp\/v2\/pages"}],"about":[{"href":"https:\/\/www.blackprodesign.dz\/tr\/wp-json\/wp\/v2\/types\/page"}],"author":[{"embeddable":true,"href":"https:\/\/www.blackprodesign.dz\/tr\/wp-json\/wp\/v2\/users\/1"}],"replies":[{"embeddable":true,"href":"https:\/\/www.blackprodesign.dz\/tr\/wp-json\/wp\/v2\/comments?post=741"}],"version-history":[{"count":16,"href":"https:\/\/www.blackprodesign.dz\/tr\/wp-json\/wp\/v2\/pages\/741\/revisions"}],"predecessor-version":[{"id":2853,"href":"https:\/\/www.blackprodesign.dz\/tr\/wp-json\/wp\/v2\/pages\/741\/revisions\/2853"}],"wp:attachment":[{"href":"https:\/\/www.blackprodesign.dz\/tr\/wp-json\/wp\/v2\/media?parent=741"}],"curies":[{"name":"wp","href":"https:\/\/api.w.org\/{rel}","templated":true}]}}