{"id":736,"date":"2025-08-10T10:41:51","date_gmt":"2025-08-10T10:41:51","guid":{"rendered":"https:\/\/www.blackprodesign.dz\/?page_id=736"},"modified":"2025-09-28T13:55:37","modified_gmt":"2025-09-28T13:55:37","slug":"pp-silver","status":"publish","type":"page","link":"https:\/\/www.blackprodesign.dz\/tr\/pp-silver\/","title":{"rendered":"PP SILVER"},"content":{"rendered":"<div data-elementor-type=\"wp-page\" data-elementor-id=\"736\" class=\"elementor elementor-736\" data-elementor-post-type=\"page\">\n\t\t\t\t<div class=\"elementor-element elementor-element-3959f932 e-flex e-con-boxed e-con e-parent\" data-id=\"3959f932\" data-element_type=\"container\" data-e-type=\"container\">\n\t\t\t\t\t<div class=\"e-con-inner\">\n\t\t\t\t<div class=\"elementor-element elementor-element-64e098a4 elementor-widget elementor-widget-heading\" data-id=\"64e098a4\" data-element_type=\"widget\" data-e-type=\"widget\" data-widget_type=\"heading.default\">\n\t\t\t\t\t<h2 class=\"elementor-heading-title elementor-size-default\">PP Silver \n<\/h2>\t\t\t\t<\/div>\n\t\t\t\t\t<\/div>\n\t\t\t\t<\/div>\n\t\t<div class=\"elementor-element elementor-element-4458e899 e-flex e-con-boxed e-con e-parent\" data-id=\"4458e899\" data-element_type=\"container\" data-e-type=\"container\">\n\t\t\t\t\t<div class=\"e-con-inner\">\n\t\t<div class=\"elementor-element elementor-element-40bf125c e-con-full e-flex e-con e-child\" data-id=\"40bf125c\" data-element_type=\"container\" data-e-type=\"container\">\n\t\t\t\t<div class=\"elementor-element elementor-element-47213e96 elementor-widget elementor-widget-image\" data-id=\"47213e96\" data-element_type=\"widget\" data-e-type=\"widget\" data-widget_type=\"image.default\">\n\t\t\t\t\t\t\t\t\t\t\t\t\t\t\t<img fetchpriority=\"high\" decoding=\"async\" width=\"443\" height=\"447\" src=\"https:\/\/www.blackprodesign.dz\/wp-content\/uploads\/2025\/09\/022.jpg\" class=\"attachment-large size-large wp-image-2710\" alt=\"\" srcset=\"https:\/\/www.blackprodesign.dz\/wp-content\/uploads\/2025\/09\/022.jpg 443w, https:\/\/www.blackprodesign.dz\/wp-content\/uploads\/2025\/09\/022-297x300.jpg 297w, https:\/\/www.blackprodesign.dz\/wp-content\/uploads\/2025\/09\/022-150x150.jpg 150w, https:\/\/www.blackprodesign.dz\/wp-content\/uploads\/2025\/09\/022-12x12.jpg 12w\" sizes=\"(max-width: 443px) 100vw, 443px\" \/>\t\t\t\t\t\t\t\t\t\t\t\t\t\t\t<\/div>\n\t\t\t\t<\/div>\n\t\t<div class=\"elementor-element elementor-element-c958122 e-con-full e-flex e-con e-child\" data-id=\"c958122\" data-element_type=\"container\" data-e-type=\"container\">\n\t\t\t\t<div class=\"elementor-element elementor-element-453517a elementor-widget elementor-widget-image\" data-id=\"453517a\" data-element_type=\"widget\" data-e-type=\"widget\" data-widget_type=\"image.default\">\n\t\t\t\t\t\t\t\t\t\t\t\t\t\t\t<img decoding=\"async\" width=\"443\" height=\"447\" src=\"https:\/\/www.blackprodesign.dz\/wp-content\/uploads\/2025\/09\/087.jpg\" class=\"attachment-large size-large wp-image-2711\" alt=\"\" srcset=\"https:\/\/www.blackprodesign.dz\/wp-content\/uploads\/2025\/09\/087.jpg 443w, https:\/\/www.blackprodesign.dz\/wp-content\/uploads\/2025\/09\/087-297x300.jpg 297w, https:\/\/www.blackprodesign.dz\/wp-content\/uploads\/2025\/09\/087-150x150.jpg 150w, https:\/\/www.blackprodesign.dz\/wp-content\/uploads\/2025\/09\/087-12x12.jpg 12w\" sizes=\"(max-width: 443px) 100vw, 443px\" \/>\t\t\t\t\t\t\t\t\t\t\t\t\t\t\t<\/div>\n\t\t\t\t<\/div>\n\t\t<div class=\"elementor-element elementor-element-6ec3ada e-con-full e-flex e-con e-child\" data-id=\"6ec3ada\" data-element_type=\"container\" data-e-type=\"container\">\n\t\t\t\t<div class=\"elementor-element elementor-element-a408291 elementor-widget elementor-widget-image\" data-id=\"a408291\" data-element_type=\"widget\" data-e-type=\"widget\" data-widget_type=\"image.default\">\n\t\t\t\t\t\t\t\t\t\t\t\t\t\t\t<img decoding=\"async\" width=\"443\" height=\"447\" src=\"https:\/\/www.blackprodesign.dz\/wp-content\/uploads\/2025\/09\/pp-silver-metallic-sticker-108.jpg\" class=\"attachment-large size-large wp-image-2712\" alt=\"\" srcset=\"https:\/\/www.blackprodesign.dz\/wp-content\/uploads\/2025\/09\/pp-silver-metallic-sticker-108.jpg 443w, https:\/\/www.blackprodesign.dz\/wp-content\/uploads\/2025\/09\/pp-silver-metallic-sticker-108-297x300.jpg 297w, https:\/\/www.blackprodesign.dz\/wp-content\/uploads\/2025\/09\/pp-silver-metallic-sticker-108-150x150.jpg 150w, https:\/\/www.blackprodesign.dz\/wp-content\/uploads\/2025\/09\/pp-silver-metallic-sticker-108-12x12.jpg 12w\" sizes=\"(max-width: 443px) 100vw, 443px\" \/>\t\t\t\t\t\t\t\t\t\t\t\t\t\t\t<\/div>\n\t\t\t\t<\/div>\n\t\t<div class=\"elementor-element elementor-element-b2f20bd e-con-full e-flex e-con e-child\" data-id=\"b2f20bd\" data-element_type=\"container\" data-e-type=\"container\">\n\t\t\t\t<div class=\"elementor-element elementor-element-5134251 elementor-widget elementor-widget-image\" data-id=\"5134251\" data-element_type=\"widget\" data-e-type=\"widget\" data-widget_type=\"image.default\">\n\t\t\t\t\t\t\t\t\t\t\t\t\t\t\t<img loading=\"lazy\" decoding=\"async\" width=\"443\" height=\"447\" src=\"https:\/\/www.blackprodesign.dz\/wp-content\/uploads\/2025\/09\/pp.jpg\" class=\"attachment-large size-large wp-image-2713\" alt=\"\" srcset=\"https:\/\/www.blackprodesign.dz\/wp-content\/uploads\/2025\/09\/pp.jpg 443w, https:\/\/www.blackprodesign.dz\/wp-content\/uploads\/2025\/09\/pp-297x300.jpg 297w, https:\/\/www.blackprodesign.dz\/wp-content\/uploads\/2025\/09\/pp-150x150.jpg 150w, https:\/\/www.blackprodesign.dz\/wp-content\/uploads\/2025\/09\/pp-12x12.jpg 12w\" sizes=\"(max-width: 443px) 100vw, 443px\" \/>\t\t\t\t\t\t\t\t\t\t\t\t\t\t\t<\/div>\n\t\t\t\t<\/div>\n\t\t\t\t\t<\/div>\n\t\t\t\t<\/div>\n\t\t<div class=\"elementor-element elementor-element-701aa27 e-flex e-con-boxed e-con e-parent\" data-id=\"701aa27\" data-element_type=\"container\" data-e-type=\"container\">\n\t\t\t\t\t<div class=\"e-con-inner\">\n\t\t\t\t<div class=\"elementor-element elementor-element-f26e752 elementor-widget elementor-widget-text-editor\" data-id=\"f26e752\" data-element_type=\"widget\" data-e-type=\"widget\" data-widget_type=\"text-editor.default\">\n\t\t\t\t\t\t\t\t\t<p>L&rsquo;autocollant PP Sliver est un produit polyvalent et innovant con\u00e7u pour am\u00e9liorer diverses applications et industries.<\/p>\t\t\t\t\t\t\t\t<\/div>\n\t\t\t\t<div class=\"elementor-element elementor-element-153a613 elementor-widget elementor-widget-heading\" data-id=\"153a613\" data-element_type=\"widget\" data-e-type=\"widget\" data-widget_type=\"heading.default\">\n\t\t\t\t\t<h2 class=\"elementor-heading-title elementor-size-default\">SILVER POLYPROPYLENE<\/h2>\t\t\t\t<\/div>\n\t\t\t\t<div class=\"elementor-element elementor-element-ea58fe1 elementor-widget elementor-widget-text-editor\" data-id=\"ea58fe1\" data-element_type=\"widget\" data-e-type=\"widget\" data-widget_type=\"text-editor.default\">\n\t\t\t\t\t\t\t\t\t<p>Le PP Argent Brillant est un film polypropyl\u00e8ne argent\u00e9 avec couche de finition brillante, garantissant des couleurs pures et des r\u00e9sultats d&rsquo;impression parfaits. Il est sp\u00e9cialement con\u00e7u pour l&rsquo;application d&rsquo;\u00e9tiquettes sur diverses surfaces dures et sp\u00e9cifiques.<\/p>\t\t\t\t\t\t\t\t<\/div>\n\t\t\t\t<div class=\"elementor-element elementor-element-10d1038 elementor-widget elementor-widget-text-editor\" data-id=\"10d1038\" data-element_type=\"widget\" data-e-type=\"widget\" data-widget_type=\"text-editor.default\">\n\t\t\t\t\t\t\t\t\t<p>Le PP est id\u00e9al pour les applications n\u00e9cessitant une r\u00e9sistance \u00e0 l&rsquo;eau, \u00e0 l&rsquo;huile et aux produits chimiques, notamment dans les secteurs de l&rsquo;alimentation, des boissons, des produits m\u00e9nagers et des soins personnels.<\/p>\t\t\t\t\t\t\t\t<\/div>\n\t\t\t\t\t<\/div>\n\t\t\t\t<\/div>\n\t\t\t\t<\/div>","protected":false},"excerpt":{"rendered":"<p>PP Silver L&rsquo;autocollant PP Sliver est un produit polyvalent et innovant con\u00e7u pour am\u00e9liorer diverses applications et industries. SILVER POLYPROPYLENE Le PP Argent Brillant est un film polypropyl\u00e8ne argent\u00e9 avec couche de finition brillante, garantissant des couleurs pures et des r\u00e9sultats d&rsquo;impression parfaits. Il est sp\u00e9cialement con\u00e7u pour l&rsquo;application d&rsquo;\u00e9tiquettes sur diverses surfaces dures et [&hellip;]<\/p>\n","protected":false},"author":1,"featured_media":0,"parent":0,"menu_order":0,"comment_status":"closed","ping_status":"closed","template":"elementor_header_footer","meta":{"footnotes":""},"class_list":["post-736","page","type-page","status-publish","hentry"],"_links":{"self":[{"href":"https:\/\/www.blackprodesign.dz\/tr\/wp-json\/wp\/v2\/pages\/736","targetHints":{"allow":["GET"]}}],"collection":[{"href":"https:\/\/www.blackprodesign.dz\/tr\/wp-json\/wp\/v2\/pages"}],"about":[{"href":"https:\/\/www.blackprodesign.dz\/tr\/wp-json\/wp\/v2\/types\/page"}],"author":[{"embeddable":true,"href":"https:\/\/www.blackprodesign.dz\/tr\/wp-json\/wp\/v2\/users\/1"}],"replies":[{"embeddable":true,"href":"https:\/\/www.blackprodesign.dz\/tr\/wp-json\/wp\/v2\/comments?post=736"}],"version-history":[{"count":16,"href":"https:\/\/www.blackprodesign.dz\/tr\/wp-json\/wp\/v2\/pages\/736\/revisions"}],"predecessor-version":[{"id":2859,"href":"https:\/\/www.blackprodesign.dz\/tr\/wp-json\/wp\/v2\/pages\/736\/revisions\/2859"}],"wp:attachment":[{"href":"https:\/\/www.blackprodesign.dz\/tr\/wp-json\/wp\/v2\/media?parent=736"}],"curies":[{"name":"wp","href":"https:\/\/api.w.org\/{rel}","templated":true}]}}