{"id":731,"date":"2025-08-10T10:41:06","date_gmt":"2025-08-10T10:41:06","guid":{"rendered":"https:\/\/www.blackprodesign.dz\/?page_id=731"},"modified":"2025-09-28T13:54:34","modified_gmt":"2025-09-28T13:54:34","slug":"pp-blanc","status":"publish","type":"page","link":"https:\/\/www.blackprodesign.dz\/tr\/pp-blanc\/","title":{"rendered":"PP BLANC"},"content":{"rendered":"\t\t<div data-elementor-type=\"wp-page\" data-elementor-id=\"731\" class=\"elementor elementor-731\" data-elementor-post-type=\"page\">\n\t\t\t\t<div class=\"elementor-element elementor-element-3d38ee1 e-flex e-con-boxed e-con e-parent\" data-id=\"3d38ee1\" data-element_type=\"container\" data-e-type=\"container\">\n\t\t\t\t\t<div class=\"e-con-inner\">\n\t\t\t\t<div class=\"elementor-element elementor-element-f561888 elementor-widget elementor-widget-heading\" data-id=\"f561888\" data-element_type=\"widget\" data-e-type=\"widget\" data-widget_type=\"heading.default\">\n\t\t\t\t\t<h2 class=\"elementor-heading-title elementor-size-default\">PP Blanc\n<\/h2>\t\t\t\t<\/div>\n\t\t\t\t\t<\/div>\n\t\t\t\t<\/div>\n\t\t<div class=\"elementor-element elementor-element-5528f85 e-flex e-con-boxed e-con e-parent\" data-id=\"5528f85\" data-element_type=\"container\" data-e-type=\"container\">\n\t\t\t\t\t<div class=\"e-con-inner\">\n\t\t<div class=\"elementor-element elementor-element-3264daf e-con-full e-flex e-con e-child\" data-id=\"3264daf\" data-element_type=\"container\" data-e-type=\"container\">\n\t\t\t\t<div class=\"elementor-element elementor-element-d489d30 elementor-widget elementor-widget-heading\" data-id=\"d489d30\" data-element_type=\"widget\" data-e-type=\"widget\" data-widget_type=\"heading.default\">\n\t\t\t\t\t<h2 class=\"elementor-heading-title elementor-size-default\">1- Papier Blanc Brillant<\/h2>\t\t\t\t<\/div>\n\t\t\t\t<div class=\"elementor-element elementor-element-c213da7 elementor-widget elementor-widget-image\" data-id=\"c213da7\" data-element_type=\"widget\" data-e-type=\"widget\" data-widget_type=\"image.default\">\n\t\t\t\t\t\t\t\t\t\t\t\t\t\t\t<img fetchpriority=\"high\" decoding=\"async\" width=\"443\" height=\"447\" src=\"https:\/\/www.blackprodesign.dz\/wp-content\/uploads\/2025\/09\/09.jpg\" class=\"attachment-large size-large wp-image-2579\" alt=\"\" srcset=\"https:\/\/www.blackprodesign.dz\/wp-content\/uploads\/2025\/09\/09.jpg 443w, https:\/\/www.blackprodesign.dz\/wp-content\/uploads\/2025\/09\/09-297x300.jpg 297w, https:\/\/www.blackprodesign.dz\/wp-content\/uploads\/2025\/09\/09-150x150.jpg 150w, https:\/\/www.blackprodesign.dz\/wp-content\/uploads\/2025\/09\/09-12x12.jpg 12w\" sizes=\"(max-width: 443px) 100vw, 443px\" \/>\t\t\t\t\t\t\t\t\t\t\t\t\t\t\t<\/div>\n\t\t\t\t<div class=\"elementor-element elementor-element-40e1e80 elementor-widget__width-initial elementor-widget elementor-widget-html\" data-id=\"40e1e80\" data-element_type=\"widget\" data-e-type=\"widget\" data-widget_type=\"html.default\">\n\t\t\t\t\t<div class=\"card\">\n  <div class=\"image-wrapper\">\n    <img decoding=\"async\" src=\"IMAGE_URL\" alt=\"\">\n    <details>\n      <summary>En savoir plus<\/summary>\n      <div class=\"product-desc\">\n        <p>\n          Notre papier blanc brillant est particuli\u00e8rement adapt\u00e9 \u00e0 l\u2019impression d\u2019\u00e9tiquettes en couleur.<br> Ce support est donc une norme absolue dans de nombreuses industries et est l\u2019un de nos papiers les plus utilis\u00e9s. Ce support convient \u00e9galement \u00e0  la surimpression par transfert thermique.\n        <\/p>\n      <\/div>\n    <\/details>\n  <\/div>\n<\/div>\n\n<style>\n.card { max-width: 320px; font-family: Arial, sans-serif; margin: 1rem auto; }\n.image-wrapper { position: relative; }\n.card img { width: 100%; border-radius: 18px; display: block; }\nsummary {\n  display: block;\n  margin-top: 12px;\n  background: #4a90e2;\n  color: #fff;\n  border: 4px solid #fff;\n  padding: 8px 16px;\n  border-radius: 8px;\n  cursor: pointer;\n  font-weight: 600;\n  box-shadow: 0 2px 6px rgba(0,0,0,0.18);\n  list-style: none;\n}\nsummary::-webkit-details-marker { display: none; } \/* cache le triangle *\/\ndetails[open] summary { background: #3b7bd6; }\n.product-desc {\n  margin-top: 12px;\n  line-height: 1.5;\n  font-size: 15px;\n  color: #111;\n  transition: all .3s ease;\n}\n<\/style>\n\t\t\t\t<\/div>\n\t\t\t\t<\/div>\n\t\t<div class=\"elementor-element elementor-element-2d3e76b e-con-full e-flex e-con e-child\" data-id=\"2d3e76b\" data-element_type=\"container\" data-e-type=\"container\">\n\t\t\t\t<div class=\"elementor-element elementor-element-71f8b51 elementor-widget elementor-widget-heading\" data-id=\"71f8b51\" data-element_type=\"widget\" data-e-type=\"widget\" data-widget_type=\"heading.default\">\n\t\t\t\t\t<h2 class=\"elementor-heading-title elementor-size-default\">2-Papier Blanc Mat<\/h2>\t\t\t\t<\/div>\n\t\t\t\t<div class=\"elementor-element elementor-element-2c85643 elementor-widget elementor-widget-image\" data-id=\"2c85643\" data-element_type=\"widget\" data-e-type=\"widget\" data-widget_type=\"image.default\">\n\t\t\t\t\t\t\t\t\t\t\t\t\t\t\t<img decoding=\"async\" width=\"443\" height=\"447\" src=\"https:\/\/www.blackprodesign.dz\/wp-content\/uploads\/2025\/09\/rouleau-etiquettes-adhesives-polyester-lame.jpg\" class=\"attachment-large size-large wp-image-2667\" alt=\"\" srcset=\"https:\/\/www.blackprodesign.dz\/wp-content\/uploads\/2025\/09\/rouleau-etiquettes-adhesives-polyester-lame.jpg 443w, https:\/\/www.blackprodesign.dz\/wp-content\/uploads\/2025\/09\/rouleau-etiquettes-adhesives-polyester-lame-297x300.jpg 297w, https:\/\/www.blackprodesign.dz\/wp-content\/uploads\/2025\/09\/rouleau-etiquettes-adhesives-polyester-lame-150x150.jpg 150w, https:\/\/www.blackprodesign.dz\/wp-content\/uploads\/2025\/09\/rouleau-etiquettes-adhesives-polyester-lame-12x12.jpg 12w\" sizes=\"(max-width: 443px) 100vw, 443px\" \/>\t\t\t\t\t\t\t\t\t\t\t\t\t\t\t<\/div>\n\t\t\t\t<div class=\"elementor-element elementor-element-282c79c elementor-widget__width-initial elementor-widget elementor-widget-html\" data-id=\"282c79c\" data-element_type=\"widget\" data-e-type=\"widget\" data-widget_type=\"html.default\">\n\t\t\t\t\t<div class=\"card\">\n  <div class=\"image-wrapper\">\n    <img decoding=\"async\" src=\"IMAGE_URL\" alt=\"\">\n    <details>\n      <summary>En savoir plus<\/summary>\n      <div class=\"product-desc\">\n        <p>\n          Notre papier blanc mat est une\nlternative \u00e0 notre papier blanc brillant.\n\u2019\u00e9l\u00e9gance \u00e9pur\u00e9e de ce papier se marie particuli\u00e8rement bien avec les \u00e9tiquettes imprim\u00e9es qui pr\u00e9sentent des finitions haut de gamme. <br>La surface mate donne aux \u00e9tiquettes imprim\u00e9es en couleur un aspect sp\u00e9cial, l\u00e9g\u00e8rement plus haut de gamme. Ce papier convient \u00e9galement pour le repiquage par transfert\nhermique.\n        <\/p>\n      <\/div>\n    <\/details>\n  <\/div>\n<\/div>\n\n<style>\n.card { max-width: 320px; font-family: Arial, sans-serif; margin: 1rem auto; }\n.image-wrapper { position: relative; }\n.card img { width: 100%; border-radius: 18px; display: block; }\nsummary {\n  display: block;\n  margin-top: 12px;\n  background: #4a90e2;\n  color: #fff;\n  border: 4px solid #fff;\n  padding: 8px 16px;\n  border-radius: 8px;\n  cursor: pointer;\n  font-weight: 600;\n  box-shadow: 0 2px 6px rgba(0,0,0,0.18);\n  list-style: none;\n}\nsummary::-webkit-details-marker { display: none; } \/* cache le triangle *\/\ndetails[open] summary { background: #3b7bd6; }\n.product-desc {\n  margin-top: 12px;\n  line-height: 1.5;\n  font-size: 15px;\n  color: #111;\n  transition: all .3s ease;\n}\n<\/style>\n\t\t\t\t<\/div>\n\t\t\t\t<\/div>\n\t\t<div class=\"elementor-element elementor-element-0f28346 e-con-full e-flex e-con e-child\" data-id=\"0f28346\" data-element_type=\"container\" data-e-type=\"container\">\n\t\t\t\t<div class=\"elementor-element elementor-element-3dee29e elementor-widget elementor-widget-heading\" data-id=\"3dee29e\" data-element_type=\"widget\" data-e-type=\"widget\" data-widget_type=\"heading.default\">\n\t\t\t\t\t<h2 class=\"elementor-heading-title elementor-size-default\">3- Papier Verg\u00e9 Blanc<\/h2>\t\t\t\t<\/div>\n\t\t\t\t<div class=\"elementor-element elementor-element-13fc0dd elementor-widget elementor-widget-image\" data-id=\"13fc0dd\" data-element_type=\"widget\" data-e-type=\"widget\" data-widget_type=\"image.default\">\n\t\t\t\t\t\t\t\t\t\t\t\t\t\t\t<img decoding=\"async\" width=\"443\" height=\"447\" src=\"https:\/\/www.blackprodesign.dz\/wp-content\/uploads\/2025\/09\/04.jpg\" class=\"attachment-large size-large wp-image-2671\" alt=\"\" srcset=\"https:\/\/www.blackprodesign.dz\/wp-content\/uploads\/2025\/09\/04.jpg 443w, https:\/\/www.blackprodesign.dz\/wp-content\/uploads\/2025\/09\/04-297x300.jpg 297w, https:\/\/www.blackprodesign.dz\/wp-content\/uploads\/2025\/09\/04-150x150.jpg 150w, https:\/\/www.blackprodesign.dz\/wp-content\/uploads\/2025\/09\/04-12x12.jpg 12w\" sizes=\"(max-width: 443px) 100vw, 443px\" \/>\t\t\t\t\t\t\t\t\t\t\t\t\t\t\t<\/div>\n\t\t\t\t<div class=\"elementor-element elementor-element-24d62cf elementor-widget__width-initial elementor-widget elementor-widget-html\" data-id=\"24d62cf\" data-element_type=\"widget\" data-e-type=\"widget\" data-widget_type=\"html.default\">\n\t\t\t\t\t<div class=\"card\">\n  <div class=\"image-wrapper\">\n    <img decoding=\"async\" src=\"IMAGE_URL\" alt=\"\">\n    <details>\n      <summary>En savoir plus<\/summary>\n      <div class=\"product-desc\">\n        <p>\n         Du fait de leur texture, les papiers textur\u00e9s verg\u00e9 blanc et verg\u00e9 extra blanc donnent \u00e0 vos \u00e9tiquettes un aspect particuli\u00e8rement unique et naturel.<br>\nL\u2019utilisation d\u2019une dorure \u00e0 chaud sur ce papier cr\u00e9e un contraste et un rendu de qualit\u00e9 exceptionnels.\n        <\/p>\n      <\/div>\n    <\/details>\n  <\/div>\n<\/div>\n\n<style>\n.card { max-width: 320px; font-family: Arial, sans-serif; margin: 1rem auto; }\n.image-wrapper { position: relative; }\n.card img { width: 100%; border-radius: 18px; display: block; }\nsummary {\n  display: block;\n  margin-top: 12px;\n  background: #4a90e2;\n  color: #fff;\n  border: 4px solid #fff;\n  padding: 8px 16px;\n  border-radius: 8px;\n  cursor: pointer;\n  font-weight: 600;\n  box-shadow: 0 2px 6px rgba(0,0,0,0.18);\n  list-style: none;\n}\nsummary::-webkit-details-marker { display: none; } \/* cache le triangle *\/\ndetails[open] summary { background: #3b7bd6; }\n.product-desc {\n  margin-top: 12px;\n  line-height: 1.5;\n  font-size: 15px;\n  color: #111;\n  transition: all .3s ease;\n}\n<\/style>\n\t\t\t\t<\/div>\n\t\t\t\t<\/div>\n\t\t\t\t\t<\/div>\n\t\t\t\t<\/div>\n\t\t<div class=\"elementor-element elementor-element-82d4b29 e-flex e-con-boxed e-con e-parent\" data-id=\"82d4b29\" data-element_type=\"container\" data-e-type=\"container\">\n\t\t\t\t\t<div class=\"e-con-inner\">\n\t\t<div class=\"elementor-element elementor-element-d4c0bfe e-con-full e-flex e-con e-child\" data-id=\"d4c0bfe\" data-element_type=\"container\" data-e-type=\"container\">\n\t\t\t\t<div class=\"elementor-element elementor-element-5ebbb17 elementor-widget elementor-widget-heading\" data-id=\"5ebbb17\" data-element_type=\"widget\" data-e-type=\"widget\" data-widget_type=\"heading.default\">\n\t\t\t\t\t<h2 class=\"elementor-heading-title elementor-size-default\">4- Film PP Blanc Mat<\/h2>\t\t\t\t<\/div>\n\t\t\t\t<div class=\"elementor-element elementor-element-938444e elementor-widget elementor-widget-image\" data-id=\"938444e\" data-element_type=\"widget\" data-e-type=\"widget\" data-widget_type=\"image.default\">\n\t\t\t\t\t\t\t\t\t\t\t\t\t\t\t<img loading=\"lazy\" decoding=\"async\" width=\"443\" height=\"447\" src=\"https:\/\/www.blackprodesign.dz\/wp-content\/uploads\/2025\/09\/102.jpg\" class=\"attachment-large size-large wp-image-2690\" alt=\"\" srcset=\"https:\/\/www.blackprodesign.dz\/wp-content\/uploads\/2025\/09\/102.jpg 443w, https:\/\/www.blackprodesign.dz\/wp-content\/uploads\/2025\/09\/102-297x300.jpg 297w, https:\/\/www.blackprodesign.dz\/wp-content\/uploads\/2025\/09\/102-150x150.jpg 150w, https:\/\/www.blackprodesign.dz\/wp-content\/uploads\/2025\/09\/102-12x12.jpg 12w\" sizes=\"(max-width: 443px) 100vw, 443px\" \/>\t\t\t\t\t\t\t\t\t\t\t\t\t\t\t<\/div>\n\t\t\t\t<div class=\"elementor-element elementor-element-ef59503 elementor-widget__width-initial elementor-widget elementor-widget-html\" data-id=\"ef59503\" data-element_type=\"widget\" data-e-type=\"widget\" data-widget_type=\"html.default\">\n\t\t\t\t\t<div class=\"card\">\n  <div class=\"image-wrapper\">\n    <img decoding=\"async\" src=\"IMAGE_URL\" alt=\"\">\n    <details>\n      <summary>En savoir plus<\/summary>\n      <div class=\"product-desc\">\n        <p>\n          Le film PP blanc mat s\u2019adapte parfaitement aux lignes d\u2019embouteillage.\na forte adh\u00e9rence et son traitement simple le caract\u00e9risent. <br>Ces \u00e9tiquettes r\u00e9pondent \u00e0 toutes les exigences, pour un embouteillage et un \u00e9tiquetage optimis\u00e9s.\n        <\/p>\n      <\/div>\n    <\/details>\n  <\/div>\n<\/div>\n\n<style>\n.card { max-width: 320px; font-family: Arial, sans-serif; margin: 1rem auto; }\n.image-wrapper { position: relative; }\n.card img { width: 100%; border-radius: 18px; display: block; }\nsummary {\n  display: block;\n  margin-top: 12px;\n  background: #4a90e2;\n  color: #fff;\n  border: 4px solid #fff;\n  padding: 8px 16px;\n  border-radius: 8px;\n  cursor: pointer;\n  font-weight: 600;\n  box-shadow: 0 2px 6px rgba(0,0,0,0.18);\n  list-style: none;\n}\nsummary::-webkit-details-marker { display: none; } \/* cache le triangle *\/\ndetails[open] summary { background: #3b7bd6; }\n.product-desc {\n  margin-top: 12px;\n  line-height: 1.5;\n  font-size: 15px;\n  color: #111;\n  transition: all .3s ease;\n}\n<\/style>\n\t\t\t\t<\/div>\n\t\t\t\t<\/div>\n\t\t<div class=\"elementor-element elementor-element-cb11ffc e-con-full e-flex e-con e-child\" data-id=\"cb11ffc\" data-element_type=\"container\" data-e-type=\"container\">\n\t\t\t\t<div class=\"elementor-element elementor-element-f9c9025 elementor-widget elementor-widget-heading\" data-id=\"f9c9025\" data-element_type=\"widget\" data-e-type=\"widget\" data-widget_type=\"heading.default\">\n\t\t\t\t\t<h2 class=\"elementor-heading-title elementor-size-default\">5- Film PP Blanc Brillant<\/h2>\t\t\t\t<\/div>\n\t\t\t\t<div class=\"elementor-element elementor-element-391c5a5 elementor-widget elementor-widget-image\" data-id=\"391c5a5\" data-element_type=\"widget\" data-e-type=\"widget\" data-widget_type=\"image.default\">\n\t\t\t\t\t\t\t\t\t\t\t\t\t\t\t<img loading=\"lazy\" decoding=\"async\" width=\"443\" height=\"447\" src=\"https:\/\/www.blackprodesign.dz\/wp-content\/uploads\/2025\/09\/209.jpg\" class=\"attachment-large size-large wp-image-2679\" alt=\"\" srcset=\"https:\/\/www.blackprodesign.dz\/wp-content\/uploads\/2025\/09\/209.jpg 443w, https:\/\/www.blackprodesign.dz\/wp-content\/uploads\/2025\/09\/209-297x300.jpg 297w, https:\/\/www.blackprodesign.dz\/wp-content\/uploads\/2025\/09\/209-150x150.jpg 150w, https:\/\/www.blackprodesign.dz\/wp-content\/uploads\/2025\/09\/209-12x12.jpg 12w\" sizes=\"(max-width: 443px) 100vw, 443px\" \/>\t\t\t\t\t\t\t\t\t\t\t\t\t\t\t<\/div>\n\t\t\t\t<div class=\"elementor-element elementor-element-933b6e0 elementor-widget__width-initial elementor-widget elementor-widget-html\" data-id=\"933b6e0\" data-element_type=\"widget\" data-e-type=\"widget\" data-widget_type=\"html.default\">\n\t\t\t\t\t<div class=\"card\">\n  <div class=\"image-wrapper\">\n    <img decoding=\"async\" src=\"IMAGE_URL\" alt=\"\">\n    <details>\n      <summary>En savoir plus<\/summary>\n      <div class=\"product-desc\">\n        <p>\n         Le film polypropyl\u00e8ne blanc brillant avec adh\u00e9sif repositionnable est tr\u00e8s facile d\u2019utilisation. Vous pouvez ais\u00e9ment le coller et le d\u00e9coller \u00e0 multiples reprises de votre produit.<br> Il est \u00e9galement tr\u00e8s r\u00e9sistant \u00e0 l\u2019eau, \u00e0 l\u2019huile et aux produits chimiques..\n        <\/p>\n      <\/div>\n    <\/details>\n  <\/div>\n<\/div>\n\n<style>\n.card { max-width: 320px; font-family: Arial, sans-serif; margin: 1rem auto; }\n.image-wrapper { position: relative; }\n.card img { width: 100%; border-radius: 18px; display: block; }\nsummary {\n  display: block;\n  margin-top: 12px;\n  background: #4a90e2;\n  color: #fff;\n  border: 4px solid #fff;\n  padding: 8px 16px;\n  border-radius: 8px;\n  cursor: pointer;\n  font-weight: 600;\n  box-shadow: 0 2px 6px rgba(0,0,0,0.18);\n  list-style: none;\n}\nsummary::-webkit-details-marker { display: none; } \/* cache le triangle *\/\ndetails[open] summary { background: #3b7bd6; }\n.product-desc {\n  margin-top: 12px;\n  line-height: 1.5;\n  font-size: 15px;\n  color: #111;\n  transition: all .3s ease;\n}\n<\/style>\n\t\t\t\t<\/div>\n\t\t\t\t<\/div>\n\t\t<div class=\"elementor-element elementor-element-078cce8 e-con-full e-flex e-con e-child\" data-id=\"078cce8\" data-element_type=\"container\" data-e-type=\"container\">\n\t\t\t\t<div class=\"elementor-element elementor-element-5d66b42 elementor-widget elementor-widget-heading\" data-id=\"5d66b42\" data-element_type=\"widget\" data-e-type=\"widget\" data-widget_type=\"heading.default\">\n\t\t\t\t\t<h2 class=\"elementor-heading-title elementor-size-default\">6- Papier Cotton Touch<\/h2>\t\t\t\t<\/div>\n\t\t\t\t<div class=\"elementor-element elementor-element-150f710 elementor-widget elementor-widget-image\" data-id=\"150f710\" data-element_type=\"widget\" data-e-type=\"widget\" data-widget_type=\"image.default\">\n\t\t\t\t\t\t\t\t\t\t\t\t\t\t\t<img loading=\"lazy\" decoding=\"async\" width=\"443\" height=\"447\" src=\"https:\/\/www.blackprodesign.dz\/wp-content\/uploads\/2025\/09\/042.jpg\" class=\"attachment-large size-large wp-image-2680\" alt=\"\" srcset=\"https:\/\/www.blackprodesign.dz\/wp-content\/uploads\/2025\/09\/042.jpg 443w, https:\/\/www.blackprodesign.dz\/wp-content\/uploads\/2025\/09\/042-297x300.jpg 297w, https:\/\/www.blackprodesign.dz\/wp-content\/uploads\/2025\/09\/042-150x150.jpg 150w, https:\/\/www.blackprodesign.dz\/wp-content\/uploads\/2025\/09\/042-12x12.jpg 12w\" sizes=\"(max-width: 443px) 100vw, 443px\" \/>\t\t\t\t\t\t\t\t\t\t\t\t\t\t\t<\/div>\n\t\t\t\t<div class=\"elementor-element elementor-element-eb78bec elementor-widget__width-initial elementor-widget elementor-widget-html\" data-id=\"eb78bec\" data-element_type=\"widget\" data-e-type=\"widget\" data-widget_type=\"html.default\">\n\t\t\t\t\t<div class=\"card\">\n  <div class=\"image-wrapper\">\n    <img decoding=\"async\" src=\"IMAGE_URL\" alt=\"\">\n    <details>\n      <summary>En savoir plus<\/summary>\n      <div class=\"product-desc\">\n        <p>\n         Le papier Cotton Touch est un papier naturel de haute qualit\u00e9. Le toucher sp\u00e9cial du coton donne vos produits une apparence \u00e9l\u00e9gante et luxueuse. <br>Ce papier est parfait pour les produits alimentaires et boissons haut de gamme.\n        <\/p>\n      <\/div>\n    <\/details>\n  <\/div>\n<\/div>\n\n<style>\n.card { max-width: 320px; font-family: Arial, sans-serif; margin: 1rem auto; }\n.image-wrapper { position: relative; }\n.card img { width: 100%; border-radius: 18px; display: block; }\nsummary {\n  display: block;\n  margin-top: 12px;\n  background: #4a90e2;\n  color: #fff;\n  border: 4px solid #fff;\n  padding: 8px 16px;\n  border-radius: 8px;\n  cursor: pointer;\n  font-weight: 600;\n  box-shadow: 0 2px 6px rgba(0,0,0,0.18);\n  list-style: none;\n}\nsummary::-webkit-details-marker { display: none; } \/* cache le triangle *\/\ndetails[open] summary { background: #3b7bd6; }\n.product-desc {\n  margin-top: 12px;\n  line-height: 1.5;\n  font-size: 15px;\n  color: #111;\n  transition: all .3s ease;\n}\n<\/style>\n\t\t\t\t<\/div>\n\t\t\t\t<\/div>\n\t\t\t\t\t<\/div>\n\t\t\t\t<\/div>\n\t\t\t\t<\/div>\n\t\t","protected":false},"excerpt":{"rendered":"<p>PP Blanc 1- Papier Blanc Brillant En savoir plus Notre papier blanc brillant est particuli\u00e8rement adapt\u00e9 \u00e0 l\u2019impression d\u2019\u00e9tiquettes en couleur. Ce support est donc une norme absolue dans de nombreuses industries et est l\u2019un de nos papiers les plus utilis\u00e9s. Ce support convient \u00e9galement \u00e0 la surimpression par transfert thermique. 2-Papier Blanc Mat En [&hellip;]<\/p>\n","protected":false},"author":1,"featured_media":0,"parent":0,"menu_order":0,"comment_status":"closed","ping_status":"closed","template":"elementor_header_footer","meta":{"footnotes":""},"class_list":["post-731","page","type-page","status-publish","hentry"],"_links":{"self":[{"href":"https:\/\/www.blackprodesign.dz\/tr\/wp-json\/wp\/v2\/pages\/731","targetHints":{"allow":["GET"]}}],"collection":[{"href":"https:\/\/www.blackprodesign.dz\/tr\/wp-json\/wp\/v2\/pages"}],"about":[{"href":"https:\/\/www.blackprodesign.dz\/tr\/wp-json\/wp\/v2\/types\/page"}],"author":[{"embeddable":true,"href":"https:\/\/www.blackprodesign.dz\/tr\/wp-json\/wp\/v2\/users\/1"}],"replies":[{"embeddable":true,"href":"https:\/\/www.blackprodesign.dz\/tr\/wp-json\/wp\/v2\/comments?post=731"}],"version-history":[{"count":130,"href":"https:\/\/www.blackprodesign.dz\/tr\/wp-json\/wp\/v2\/pages\/731\/revisions"}],"predecessor-version":[{"id":2856,"href":"https:\/\/www.blackprodesign.dz\/tr\/wp-json\/wp\/v2\/pages\/731\/revisions\/2856"}],"wp:attachment":[{"href":"https:\/\/www.blackprodesign.dz\/tr\/wp-json\/wp\/v2\/media?parent=731"}],"curies":[{"name":"wp","href":"https:\/\/api.w.org\/{rel}","templated":true}]}}