{"id":995,"date":"2025-08-13T13:56:31","date_gmt":"2025-08-13T13:56:31","guid":{"rendered":"https:\/\/www.blackprodesign.dz\/?page_id=995"},"modified":"2025-08-15T20:50:30","modified_gmt":"2025-08-15T20:50:30","slug":"etiquettes-iml-resistantes-au-lave-vaisselle","status":"publish","type":"page","link":"https:\/\/www.blackprodesign.dz\/en\/etiquettes-iml-resistantes-au-lave-vaisselle\/","title":{"rendered":"Etiquettes IML r\u00e9sistantes au lave-vaisselle"},"content":{"rendered":"<div data-elementor-type=\"wp-page\" data-elementor-id=\"995\" class=\"elementor elementor-995\" data-elementor-post-type=\"page\">\n\t\t\t\t<div class=\"elementor-element elementor-element-2b246cd0 e-flex e-con-boxed e-con e-parent\" data-id=\"2b246cd0\" data-element_type=\"container\" data-e-type=\"container\" data-settings=\"{&quot;background_background&quot;:&quot;classic&quot;}\">\n\t\t\t\t\t<div class=\"e-con-inner\">\n\t\t<div class=\"elementor-element elementor-element-43097367 e-con-full e-flex e-con e-child\" data-id=\"43097367\" data-element_type=\"container\" data-e-type=\"container\">\n\t\t\t\t<div class=\"elementor-element elementor-element-241e453e elementor-widget elementor-widget-heading\" data-id=\"241e453e\" data-element_type=\"widget\" data-e-type=\"widget\" data-widget_type=\"heading.default\">\n\t\t\t\t\t<h2 class=\"elementor-heading-title elementor-size-default\">Etiquettes IML r\u00e9sistantes au lave-vaisselle<\/h2>\t\t\t\t<\/div>\n\t\t\t\t<div class=\"elementor-element elementor-element-166eb65f elementor-widget elementor-widget-text-editor\" data-id=\"166eb65f\" data-element_type=\"widget\" data-e-type=\"widget\" data-widget_type=\"text-editor.default\">\n\t\t\t\t\t\t\t\t\t<div class=\"app-section-c3__content app-wysiwyg-content\"><p>L&rsquo;\u00e9tiquette qui prot\u00e8ge vos produits r\u00e9utilisables des ravages des lave-vaisselle.\u00a0<\/p><\/div>\t\t\t\t\t\t\t\t<\/div>\n\t\t\t\t<\/div>\n\t\t<div class=\"elementor-element elementor-element-30258497 e-con-full e-flex e-con e-child\" data-id=\"30258497\" data-element_type=\"container\" data-e-type=\"container\">\n\t\t\t\t<div class=\"elementor-element elementor-element-3c9502c1 elementor-widget elementor-widget-image\" data-id=\"3c9502c1\" data-element_type=\"widget\" data-e-type=\"widget\" data-widget_type=\"image.default\">\n\t\t\t\t\t\t\t\t\t\t\t\t\t\t\t<img fetchpriority=\"high\" decoding=\"async\" width=\"734\" height=\"480\" src=\"https:\/\/www.blackprodesign.dz\/wp-content\/uploads\/2025\/08\/534.png\" class=\"attachment-large size-large wp-image-946\" alt=\"\" srcset=\"https:\/\/www.blackprodesign.dz\/wp-content\/uploads\/2025\/08\/534.png 734w, https:\/\/www.blackprodesign.dz\/wp-content\/uploads\/2025\/08\/534-300x196.png 300w, https:\/\/www.blackprodesign.dz\/wp-content\/uploads\/2025\/08\/534-18x12.png 18w\" sizes=\"(max-width: 734px) 100vw, 734px\" \/>\t\t\t\t\t\t\t\t\t\t\t\t\t\t\t<\/div>\n\t\t\t\t<\/div>\n\t\t\t\t\t<\/div>\n\t\t\t\t<\/div>\n\t\t<div class=\"elementor-element elementor-element-7bd0062f e-flex e-con-boxed e-con e-parent\" data-id=\"7bd0062f\" data-element_type=\"container\" data-e-type=\"container\">\n\t\t\t\t\t<div class=\"e-con-inner\">\n\t\t<div class=\"elementor-element elementor-element-4f544ca4 e-con-full e-flex e-con e-child\" data-id=\"4f544ca4\" data-element_type=\"container\" data-e-type=\"container\">\n\t\t\t\t<\/div>\n\t\t<div class=\"elementor-element elementor-element-78dbc428 e-con-full e-flex e-con e-child\" data-id=\"78dbc428\" data-element_type=\"container\" data-e-type=\"container\">\n\t\t\t\t<div class=\"elementor-element elementor-element-5a599dc3 elementor-widget elementor-widget-text-editor\" data-id=\"5a599dc3\" data-element_type=\"widget\" data-e-type=\"widget\" data-widget_type=\"text-editor.default\">\n\t\t\t\t\t\t\t\t\t<div class=\"row\"><div class=\"col-12 col-md-10 offset-md-1 col-lg-8 offset-lg-2\"><div class=\"app-wysiwyg-content\"><p>Les produits r\u00e9utilisables, telles que les bo\u00eetes \u00e0 sandwich et les tasses en plastique, doivent r\u00e9sister \u00e0 la temp\u00e9rature \u00e9lev\u00e9e, \u00e0 l&rsquo;humidit\u00e9 et aux agents nettoyants du lave-vaisselle apr\u00e8s de multiples utilisations. Lors de la production d&rsquo;\u00e9tiquettes IML r\u00e9sistantes au lave-vaisselle, nous appliquons des encres speciaux et un vernis sp\u00e9cial pour prot\u00e9ger les couleurs et la qualit\u00e9 de l&rsquo;\u00e9tiquette IML.<\/p><p>Comme les exigences en termes de r\u00e9sistance au lave-vaisselle peuvent \u00eatre diff\u00e9rentes d&rsquo;un produit \u00e0 l&rsquo;autre, il est fortement recommand\u00e9 de tester cette caract\u00e9ristique de mani\u00e8re intensive.<\/p><\/div><\/div><\/div>\t\t\t\t\t\t\t\t<\/div>\n\t\t\t\t<\/div>\n\t\t<div class=\"elementor-element elementor-element-5161d6c8 e-con-full e-flex e-con e-child\" data-id=\"5161d6c8\" data-element_type=\"container\" data-e-type=\"container\">\n\t\t\t\t<\/div>\n\t\t\t\t\t<\/div>\n\t\t\t\t<\/div>\n\t\t<div class=\"elementor-element elementor-element-6b286198 e-flex e-con-boxed e-con e-parent\" data-id=\"6b286198\" data-element_type=\"container\" data-e-type=\"container\">\n\t\t\t\t\t<div class=\"e-con-inner\">\n\t\t<div class=\"elementor-element elementor-element-60d57424 e-con-full e-flex e-con e-child\" data-id=\"60d57424\" data-element_type=\"container\" data-e-type=\"container\">\n\t\t\t\t<div class=\"elementor-element elementor-element-4fa80b5d elementor-widget elementor-widget-heading\" data-id=\"4fa80b5d\" data-element_type=\"widget\" data-e-type=\"widget\" data-widget_type=\"heading.default\">\n\t\t\t\t\t<h2 class=\"elementor-heading-title elementor-size-default\">Rendez vos emballages r\u00e9utilisables gr\u00e2ce \u00e0 l'IML<\/h2>\t\t\t\t<\/div>\n\t\t\t\t<div class=\"elementor-element elementor-element-4a932fd7 elementor-widget elementor-widget-text-editor\" data-id=\"4a932fd7\" data-element_type=\"widget\" data-e-type=\"widget\" data-widget_type=\"text-editor.default\">\n\t\t\t\t\t\t\t\t\t<h3>D\u00e9couvrez nos solutions pour les emballages r\u00e9utilisables<\/h3>\t\t\t\t\t\t\t\t<\/div>\n\t\t<div class=\"elementor-element elementor-element-1f54fbaf e-con-full e-flex e-con e-child\" data-id=\"1f54fbaf\" data-element_type=\"container\" data-e-type=\"container\" data-settings=\"{&quot;background_background&quot;:&quot;classic&quot;}\">\n\t\t\t\t<div class=\"elementor-element elementor-element-f647375 elementor-align-center elementor-icon-list--layout-traditional elementor-list-item-link-full_width elementor-widget elementor-widget-icon-list\" data-id=\"f647375\" data-element_type=\"widget\" data-e-type=\"widget\" data-widget_type=\"icon-list.default\">\n\t\t\t\t\t\t\t<ul class=\"elementor-icon-list-items\">\n\t\t\t\t\t\t\t<li class=\"elementor-icon-list-item\">\n\t\t\t\t\t\t\t\t\t\t<span class=\"elementor-icon-list-text\">Get your inspiration box <\/span>\n\t\t\t\t\t\t\t\t\t<\/li>\n\t\t\t\t\t\t<\/ul>\n\t\t\t\t\t\t<\/div>\n\t\t\t\t<\/div>\n\t\t\t\t<\/div>\n\t\t<div class=\"elementor-element elementor-element-31f0b8d0 e-con-full e-flex e-con e-child\" data-id=\"31f0b8d0\" data-element_type=\"container\" data-e-type=\"container\" data-settings=\"{&quot;background_background&quot;:&quot;classic&quot;}\">\n\t\t\t\t<div class=\"elementor-element elementor-element-3900cb45 elementor-widget elementor-widget-image\" data-id=\"3900cb45\" data-element_type=\"widget\" data-e-type=\"widget\" data-widget_type=\"image.default\">\n\t\t\t\t\t\t\t\t\t\t\t\t\t\t\t<img decoding=\"async\" width=\"480\" height=\"308\" src=\"https:\/\/www.blackprodesign.dz\/wp-content\/uploads\/2025\/08\/MCCV_ReusableIML_CTA_846x543px-\u2013-FR.png\" class=\"attachment-large size-large wp-image-1240\" alt=\"\" srcset=\"https:\/\/www.blackprodesign.dz\/wp-content\/uploads\/2025\/08\/MCCV_ReusableIML_CTA_846x543px-\u2013-FR.png 480w, https:\/\/www.blackprodesign.dz\/wp-content\/uploads\/2025\/08\/MCCV_ReusableIML_CTA_846x543px-\u2013-FR-300x193.png 300w, https:\/\/www.blackprodesign.dz\/wp-content\/uploads\/2025\/08\/MCCV_ReusableIML_CTA_846x543px-\u2013-FR-18x12.png 18w\" sizes=\"(max-width: 480px) 100vw, 480px\" \/>\t\t\t\t\t\t\t\t\t\t\t\t\t\t\t<\/div>\n\t\t\t\t<\/div>\n\t\t\t\t\t<\/div>\n\t\t\t\t<\/div>\n\t\t<div class=\"elementor-element elementor-element-4d3de4da e-flex e-con-boxed e-con e-parent\" data-id=\"4d3de4da\" data-element_type=\"container\" data-e-type=\"container\">\n\t\t\t\t\t<div class=\"e-con-inner\">\n\t\t<div class=\"elementor-element elementor-element-22c1fe45 e-con-full e-flex e-con e-child\" data-id=\"22c1fe45\" data-element_type=\"container\" data-e-type=\"container\" data-settings=\"{&quot;background_background&quot;:&quot;classic&quot;}\">\n\t\t\t\t<div class=\"elementor-element elementor-element-7ab83ab0 elementor-widget elementor-widget-heading\" data-id=\"7ab83ab0\" data-element_type=\"widget\" data-e-type=\"widget\" data-widget_type=\"heading.default\">\n\t\t\t\t\t<h2 class=\"elementor-heading-title elementor-size-default\">Want to know more ?<\/h2>\t\t\t\t<\/div>\n\t\t\t\t<div class=\"elementor-element elementor-element-4f8da5da elementor-widget elementor-widget-text-editor\" data-id=\"4f8da5da\" data-element_type=\"widget\" data-e-type=\"widget\" data-widget_type=\"text-editor.default\">\n\t\t\t\t\t\t\t\t\t<p>Contact us and together we can make your project a success.<\/p>\t\t\t\t\t\t\t\t<\/div>\n\t\t\t\t<\/div>\n\t\t<div class=\"elementor-element elementor-element-2b4946bf e-con-full e-flex e-con e-child\" data-id=\"2b4946bf\" data-element_type=\"container\" data-e-type=\"container\" data-settings=\"{&quot;background_background&quot;:&quot;classic&quot;}\">\n\t\t<div class=\"elementor-element elementor-element-41db11f8 e-con-full e-flex e-con e-child\" data-id=\"41db11f8\" data-element_type=\"container\" data-e-type=\"container\" data-settings=\"{&quot;background_background&quot;:&quot;classic&quot;}\">\n\t\t\t\t<div class=\"elementor-element elementor-element-153a633 elementor-align-center elementor-icon-list--layout-traditional elementor-list-item-link-full_width elementor-widget elementor-widget-icon-list\" data-id=\"153a633\" data-element_type=\"widget\" data-e-type=\"widget\" data-widget_type=\"icon-list.default\">\n\t\t\t\t\t\t\t<ul class=\"elementor-icon-list-items\">\n\t\t\t\t\t\t\t<li class=\"elementor-icon-list-item\">\n\t\t\t\t\t\t\t\t\t\t\t<a href=\"https:\/\/www.blackprodesign.dz\/en\/contact\/\">\n\n\t\t\t\t\t\t\t\t\t\t\t<span class=\"elementor-icon-list-text\">Get in touch <br> with us<\/span>\n\t\t\t\t\t\t\t\t\t\t\t<\/a>\n\t\t\t\t\t\t\t\t\t<\/li>\n\t\t\t\t\t\t<\/ul>\n\t\t\t\t\t\t<\/div>\n\t\t\t\t<\/div>\n\t\t\t\t<\/div>\n\t\t\t\t\t<\/div>\n\t\t\t\t<\/div>\n\t\t\t\t<\/div>","protected":false},"excerpt":{"rendered":"<p>Etiquettes IML r\u00e9sistantes au lave-vaisselle L&rsquo;\u00e9tiquette qui prot\u00e8ge vos produits r\u00e9utilisables des ravages des lave-vaisselle.\u00a0 Les produits r\u00e9utilisables, telles que les bo\u00eetes \u00e0 sandwich et les tasses en plastique, doivent r\u00e9sister \u00e0 la temp\u00e9rature \u00e9lev\u00e9e, \u00e0 l&rsquo;humidit\u00e9 et aux agents nettoyants du lave-vaisselle apr\u00e8s de multiples utilisations. Lors de la production d&rsquo;\u00e9tiquettes IML r\u00e9sistantes au [&hellip;]<\/p>\n","protected":false},"author":1,"featured_media":0,"parent":0,"menu_order":0,"comment_status":"closed","ping_status":"closed","template":"elementor_header_footer","meta":{"footnotes":""},"class_list":["post-995","page","type-page","status-publish","hentry"],"_links":{"self":[{"href":"https:\/\/www.blackprodesign.dz\/en\/wp-json\/wp\/v2\/pages\/995","targetHints":{"allow":["GET"]}}],"collection":[{"href":"https:\/\/www.blackprodesign.dz\/en\/wp-json\/wp\/v2\/pages"}],"about":[{"href":"https:\/\/www.blackprodesign.dz\/en\/wp-json\/wp\/v2\/types\/page"}],"author":[{"embeddable":true,"href":"https:\/\/www.blackprodesign.dz\/en\/wp-json\/wp\/v2\/users\/1"}],"replies":[{"embeddable":true,"href":"https:\/\/www.blackprodesign.dz\/en\/wp-json\/wp\/v2\/comments?post=995"}],"version-history":[{"count":7,"href":"https:\/\/www.blackprodesign.dz\/en\/wp-json\/wp\/v2\/pages\/995\/revisions"}],"predecessor-version":[{"id":1376,"href":"https:\/\/www.blackprodesign.dz\/en\/wp-json\/wp\/v2\/pages\/995\/revisions\/1376"}],"wp:attachment":[{"href":"https:\/\/www.blackprodesign.dz\/en\/wp-json\/wp\/v2\/media?parent=995"}],"curies":[{"name":"wp","href":"https:\/\/api.w.org\/{rel}","templated":true}]}}