{"id":993,"date":"2025-08-13T13:55:57","date_gmt":"2025-08-13T13:55:57","guid":{"rendered":"https:\/\/www.blackprodesign.dz\/?page_id=993"},"modified":"2025-08-15T20:41:04","modified_gmt":"2025-08-15T20:41:04","slug":"matte-iml-et-spot-ultragloss-iml","status":"publish","type":"page","link":"https:\/\/www.blackprodesign.dz\/en\/matte-iml-et-spot-ultragloss-iml\/","title":{"rendered":"Matte IML and Spot UltraGloss IML"},"content":{"rendered":"<div data-elementor-type=\"wp-page\" data-elementor-id=\"993\" class=\"elementor elementor-993\" data-elementor-post-type=\"page\">\n\t\t\t\t<div class=\"elementor-element elementor-element-13af68af e-flex e-con-boxed e-con e-parent\" data-id=\"13af68af\" data-element_type=\"container\" data-e-type=\"container\" data-settings=\"{&quot;background_background&quot;:&quot;classic&quot;}\">\n\t\t\t\t\t<div class=\"e-con-inner\">\n\t\t<div class=\"elementor-element elementor-element-2faadb04 e-con-full e-flex e-con e-child\" data-id=\"2faadb04\" data-element_type=\"container\" data-e-type=\"container\">\n\t\t\t\t<div class=\"elementor-element elementor-element-753e3a7a elementor-widget elementor-widget-heading\" data-id=\"753e3a7a\" data-element_type=\"widget\" data-e-type=\"widget\" data-widget_type=\"heading.default\">\n\t\t\t\t\t<h2 class=\"elementor-heading-title elementor-size-default\">Matte IML and Spot UltraGloss IML<\/h2>\t\t\t\t<\/div>\n\t\t\t\t<div class=\"elementor-element elementor-element-178b43e2 elementor-widget elementor-widget-text-editor\" data-id=\"178b43e2\" data-element_type=\"widget\" data-e-type=\"widget\" data-widget_type=\"text-editor.default\">\n\t\t\t\t\t\t\t\t\t<div class=\"app-section-c3__content app-wysiwyg-content\"><p>Matte IML is an IML label that gives your packaging a matte, natural finish. Spot UltraGloss IML gives labels an ultra-glossy appearance with even more intense colors.<\/p><\/div>\t\t\t\t\t\t\t\t<\/div>\n\t\t\t\t<\/div>\n\t\t<div class=\"elementor-element elementor-element-11527dc4 e-con-full e-flex e-con e-child\" data-id=\"11527dc4\" data-element_type=\"container\" data-e-type=\"container\">\n\t\t\t\t<div class=\"elementor-element elementor-element-1f6785e elementor-widget elementor-widget-image\" data-id=\"1f6785e\" data-element_type=\"widget\" data-e-type=\"widget\" data-widget_type=\"image.default\">\n\t\t\t\t\t\t\t\t\t\t\t\t\t\t\t<img fetchpriority=\"high\" decoding=\"async\" width=\"734\" height=\"480\" src=\"https:\/\/www.blackprodesign.dz\/wp-content\/uploads\/2025\/08\/096.png\" class=\"attachment-large size-large wp-image-945\" alt=\"\" srcset=\"https:\/\/www.blackprodesign.dz\/wp-content\/uploads\/2025\/08\/096.png 734w, https:\/\/www.blackprodesign.dz\/wp-content\/uploads\/2025\/08\/096-300x196.png 300w, https:\/\/www.blackprodesign.dz\/wp-content\/uploads\/2025\/08\/096-18x12.png 18w\" sizes=\"(max-width: 734px) 100vw, 734px\" \/>\t\t\t\t\t\t\t\t\t\t\t\t\t\t\t<\/div>\n\t\t\t\t<\/div>\n\t\t\t\t\t<\/div>\n\t\t\t\t<\/div>\n\t\t<div class=\"elementor-element elementor-element-7af6402b e-flex e-con-boxed e-con e-parent\" data-id=\"7af6402b\" data-element_type=\"container\" data-e-type=\"container\">\n\t\t\t\t\t<div class=\"e-con-inner\">\n\t\t<div class=\"elementor-element elementor-element-28a50870 e-con-full e-flex e-con e-child\" data-id=\"28a50870\" data-element_type=\"container\" data-e-type=\"container\">\n\t\t\t\t<\/div>\n\t\t<div class=\"elementor-element elementor-element-fae826 e-con-full e-flex e-con e-child\" data-id=\"fae826\" data-element_type=\"container\" data-e-type=\"container\">\n\t\t\t\t<div class=\"elementor-element elementor-element-216b68a3 elementor-widget elementor-widget-text-editor\" data-id=\"216b68a3\" data-element_type=\"widget\" data-e-type=\"widget\" data-widget_type=\"text-editor.default\">\n\t\t\t\t\t\t\t\t\t<p>Matte IML is an IML label that gives your packaging a matte, natural finish. Spot UltraGloss IML gives labels an ultra-glossy appearance with even more intense colors.<\/p>\t\t\t\t\t\t\t\t<\/div>\n\t\t\t\t<div class=\"elementor-element elementor-element-7565315 elementor-icon-list--layout-traditional elementor-list-item-link-full_width elementor-widget elementor-widget-icon-list\" data-id=\"7565315\" data-element_type=\"widget\" data-e-type=\"widget\" data-widget_type=\"icon-list.default\">\n\t\t\t\t\t\t\t<ul class=\"elementor-icon-list-items\">\n\t\t\t\t\t\t\t<li class=\"elementor-icon-list-item\">\n\t\t\t\t\t\t\t\t\t\t\t<span class=\"elementor-icon-list-icon\">\n\t\t\t\t\t\t\t<svg aria-hidden=\"true\" class=\"e-font-icon-svg e-fas-check\" viewbox=\"0 0 512 512\" xmlns=\"http:\/\/www.w3.org\/2000\/svg\"><path d=\"M173.898 439.404l-166.4-166.4c-9.997-9.997-9.997-26.206 0-36.204l36.203-36.204c9.997-9.998 26.207-9.998 36.204 0L192 312.69 432.095 72.596c9.997-9.997 26.207-9.997 36.204 0l36.203 36.204c9.997 9.997 9.997 26.206 0 36.204l-294.4 294.401c-9.998 9.997-26.207 9.997-36.204-.001z\"><\/path><\/svg>\t\t\t\t\t\t<\/span>\n\t\t\t\t\t\t\t\t\t\t<span class=\"elementor-icon-list-text\">     Ma\u011faza raflar\u0131nda farkl\u0131la\u015fma<\/span>\n\t\t\t\t\t\t\t\t\t<\/li>\n\t\t\t\t\t\t<\/ul>\n\t\t\t\t\t\t<\/div>\n\t\t\t\t<div class=\"elementor-element elementor-element-aaab4b7 elementor-widget elementor-widget-text-editor\" data-id=\"aaab4b7\" data-element_type=\"widget\" data-e-type=\"widget\" data-widget_type=\"text-editor.default\">\n\t\t\t\t\t\t\t\t\t<p>Ambalaj, kalabal\u0131\u011f\u0131n aras\u0131ndan s\u0131yr\u0131lmal\u0131, merak uyand\u0131rmal\u0131, ba\u015ftan \u00e7\u0131karmal\u0131 ve g\u00f6z a\u00e7\u0131p kapay\u0131ncaya kadar ikna etmelidir. Spot UltraGloss IML ve Matte IML ile \u00fcr\u00fcn\u00fcn\u00fcz ma\u011faza raflar\u0131nda daha da \u00f6ne \u00e7\u0131kacakt\u0131r.<\/p>\t\t\t\t\t\t\t\t<\/div>\n\t\t\t\t<div class=\"elementor-element elementor-element-b6af1a5 elementor-icon-list--layout-traditional elementor-list-item-link-full_width elementor-widget elementor-widget-icon-list\" data-id=\"b6af1a5\" data-element_type=\"widget\" data-e-type=\"widget\" data-widget_type=\"icon-list.default\">\n\t\t\t\t\t\t\t<ul class=\"elementor-icon-list-items\">\n\t\t\t\t\t\t\t<li class=\"elementor-icon-list-item\">\n\t\t\t\t\t\t\t\t\t\t\t<span class=\"elementor-icon-list-icon\">\n\t\t\t\t\t\t\t<svg aria-hidden=\"true\" class=\"e-font-icon-svg e-fas-check\" viewbox=\"0 0 512 512\" xmlns=\"http:\/\/www.w3.org\/2000\/svg\"><path d=\"M173.898 439.404l-166.4-166.4c-9.997-9.997-9.997-26.206 0-36.204l36.203-36.204c9.997-9.998 26.207-9.998 36.204 0L192 312.69 432.095 72.596c9.997-9.997 26.207-9.997 36.204 0l36.203 36.204c9.997 9.997 9.997 26.206 0 36.204l-294.4 294.401c-9.998 9.997-26.207 9.997-36.204-.001z\"><\/path><\/svg>\t\t\t\t\t\t<\/span>\n\t\t\t\t\t\t\t\t\t\t<span class=\"elementor-icon-list-text\">     Ka\u011f\u0131t g\u00f6r\u00fcn\u00fcm\u00fc<\/span>\n\t\t\t\t\t\t\t\t\t<\/li>\n\t\t\t\t\t\t<\/ul>\n\t\t\t\t\t\t<\/div>\n\t\t\t\t<div class=\"elementor-element elementor-element-5e0dd4ec elementor-widget elementor-widget-text-editor\" data-id=\"5e0dd4ec\" data-element_type=\"widget\" data-e-type=\"widget\" data-widget_type=\"text-editor.default\">\n\t\t\t\t\t\t\t\t\t<p>Mat IML, ambalaj\u0131n\u0131za do\u011fal bir g\u00f6r\u00fcn\u00fcm kazand\u0131r\u0131r. Ka\u011f\u0131t g\u00f6r\u00fcn\u00fcml\u00fc bir tasar\u0131m\u0131 Mat IML ambalaj\u0131m\u0131zla ak\u0131ll\u0131ca birle\u015ftirerek, ka\u011f\u0131t g\u00f6r\u00fcn\u00fcm\u00fcne ve dokusuna kavu\u015fabilirsiniz. Bu, ayn\u0131 zamanda \u00e7evre dostu ve 0 geri d\u00f6n\u00fc\u015ft\u00fcr\u00fclebilir, ka\u011f\u0131t g\u00f6r\u00fcn\u00fcml\u00fc IML ambalajlar yaratabilece\u011finiz anlam\u0131na gelir.<\/p>\t\t\t\t\t\t\t\t<\/div>\n\t\t\t\t<\/div>\n\t\t<div class=\"elementor-element elementor-element-e320837 e-con-full e-flex e-con e-child\" data-id=\"e320837\" data-element_type=\"container\" data-e-type=\"container\">\n\t\t\t\t<\/div>\n\t\t\t\t\t<\/div>\n\t\t\t\t<\/div>\n\t\t<div class=\"elementor-element elementor-element-4f9f32d8 e-flex e-con-boxed e-con e-parent\" data-id=\"4f9f32d8\" data-element_type=\"container\" data-e-type=\"container\">\n\t\t\t\t\t<div class=\"e-con-inner\">\n\t\t<div class=\"elementor-element elementor-element-7f32d0c9 e-con-full e-flex e-con e-child\" data-id=\"7f32d0c9\" data-element_type=\"container\" data-e-type=\"container\">\n\t\t\t\t<\/div>\n\t\t<div class=\"elementor-element elementor-element-34fcff46 e-con-full e-flex e-con e-child\" data-id=\"34fcff46\" data-element_type=\"container\" data-e-type=\"container\">\n\t\t\t\t<div class=\"elementor-element elementor-element-44ed3979 elementor-widget elementor-widget-heading\" data-id=\"44ed3979\" data-element_type=\"widget\" data-e-type=\"widget\" data-widget_type=\"heading.default\">\n\t\t\t\t\t<h2 class=\"elementor-heading-title elementor-size-default\">Want to have the most attractive packaging?<\/h2>\t\t\t\t<\/div>\n\t\t\t\t<div class=\"elementor-element elementor-element-1a9931cc elementor-widget elementor-widget-text-editor\" data-id=\"1a9931cc\" data-element_type=\"widget\" data-e-type=\"widget\" data-widget_type=\"text-editor.default\">\n\t\t\t\t\t\t\t\t\t<p>Discover how Matte &amp; UltaGrloss IML can boost your sales<\/p>\t\t\t\t\t\t\t\t<\/div>\n\t\t\t\t<div class=\"elementor-element elementor-element-16386bb6 elementor-widget elementor-widget-text-editor\" data-id=\"16386bb6\" data-element_type=\"widget\" data-e-type=\"widget\" data-widget_type=\"text-editor.default\">\n\t\t\t\t\t\t\t\t\t<p><strong><span style=\"color: #333333;\"><a style=\"color: #333333;\" href=\"https:\/\/www.blackprodesign.dz\/en\/contact\/\">Request your IML Matte &amp; UltraGloss inspiration box<\/a><\/span><\/strong><\/p>\t\t\t\t\t\t\t\t<\/div>\n\t\t\t\t<\/div>\n\t\t<div class=\"elementor-element elementor-element-5721cf2b e-con-full e-flex e-con e-child\" data-id=\"5721cf2b\" data-element_type=\"container\" data-e-type=\"container\">\n\t\t\t\t<div class=\"elementor-element elementor-element-1b561e01 elementor-widget elementor-widget-image\" data-id=\"1b561e01\" data-element_type=\"widget\" data-e-type=\"widget\" data-widget_type=\"image.default\">\n\t\t\t\t\t\t\t\t\t\t\t\t\t\t\t<img decoding=\"async\" width=\"480\" height=\"312\" src=\"https:\/\/www.blackprodesign.dz\/wp-content\/uploads\/2025\/08\/07_MatteUltraGlossIML_Samplekit_FR_20250813-1.png\" class=\"attachment-large size-large wp-image-1208\" alt=\"\" srcset=\"https:\/\/www.blackprodesign.dz\/wp-content\/uploads\/2025\/08\/07_MatteUltraGlossIML_Samplekit_FR_20250813-1.png 480w, https:\/\/www.blackprodesign.dz\/wp-content\/uploads\/2025\/08\/07_MatteUltraGlossIML_Samplekit_FR_20250813-1-300x195.png 300w, https:\/\/www.blackprodesign.dz\/wp-content\/uploads\/2025\/08\/07_MatteUltraGlossIML_Samplekit_FR_20250813-1-18x12.png 18w\" sizes=\"(max-width: 480px) 100vw, 480px\" \/>\t\t\t\t\t\t\t\t\t\t\t\t\t\t\t<\/div>\n\t\t\t\t<\/div>\n\t\t<div class=\"elementor-element elementor-element-79a53081 e-con-full e-flex e-con e-child\" data-id=\"79a53081\" data-element_type=\"container\" data-e-type=\"container\">\n\t\t\t\t<\/div>\n\t\t\t\t\t<\/div>\n\t\t\t\t<\/div>\n\t\t<div class=\"elementor-element elementor-element-60fe7bab e-flex e-con-boxed e-con e-parent\" data-id=\"60fe7bab\" data-element_type=\"container\" data-e-type=\"container\">\n\t\t\t\t\t<div class=\"e-con-inner\">\n\t\t<div class=\"elementor-element elementor-element-3188d2ae e-con-full e-flex e-con e-child\" data-id=\"3188d2ae\" data-element_type=\"container\" data-e-type=\"container\">\n\t\t\t\t<\/div>\n\t\t<div class=\"elementor-element elementor-element-5f7ce523 e-con-full e-flex e-con e-child\" data-id=\"5f7ce523\" data-element_type=\"container\" data-e-type=\"container\">\n\t\t\t\t<div class=\"elementor-element elementor-element-4843f75 elementor-icon-list--layout-traditional elementor-list-item-link-full_width elementor-widget elementor-widget-icon-list\" data-id=\"4843f75\" data-element_type=\"widget\" data-e-type=\"widget\" data-widget_type=\"icon-list.default\">\n\t\t\t\t\t\t\t<ul class=\"elementor-icon-list-items\">\n\t\t\t\t\t\t\t<li class=\"elementor-icon-list-item\">\n\t\t\t\t\t\t\t\t\t\t\t<span class=\"elementor-icon-list-icon\">\n\t\t\t\t\t\t\t<svg aria-hidden=\"true\" class=\"e-font-icon-svg e-fas-check\" viewbox=\"0 0 512 512\" xmlns=\"http:\/\/www.w3.org\/2000\/svg\"><path d=\"M173.898 439.404l-166.4-166.4c-9.997-9.997-9.997-26.206 0-36.204l36.203-36.204c9.997-9.998 26.207-9.998 36.204 0L192 312.69 432.095 72.596c9.997-9.997 26.207-9.997 36.204 0l36.203 36.204c9.997 9.997 9.997 26.206 0 36.204l-294.4 294.401c-9.998 9.997-26.207 9.997-36.204-.001z\"><\/path><\/svg>\t\t\t\t\t\t<\/span>\n\t\t\t\t\t\t\t\t\t\t<span class=\"elementor-icon-list-text\">     Premium or vintage?<\/span>\n\t\t\t\t\t\t\t\t\t<\/li>\n\t\t\t\t\t\t<\/ul>\n\t\t\t\t\t\t<\/div>\n\t\t\t\t<div class=\"elementor-element elementor-element-ea75911 elementor-widget elementor-widget-text-editor\" data-id=\"ea75911\" data-element_type=\"widget\" data-e-type=\"widget\" data-widget_type=\"text-editor.default\">\n\t\t\t\t\t\t\t\t\t<p>A glossy look is a great way to highlight IML packaging. Plus, packaging with Spot UltraGloss IML gives off a sense of quality and luxury. Do you prefer a vintage or retro look? Then Matte IML is the perfect option for you!<\/p>\t\t\t\t\t\t\t\t<\/div>\n\t\t\t\t<div class=\"elementor-element elementor-element-8167791 elementor-icon-list--layout-traditional elementor-list-item-link-full_width elementor-widget elementor-widget-icon-list\" data-id=\"8167791\" data-element_type=\"widget\" data-e-type=\"widget\" data-widget_type=\"icon-list.default\">\n\t\t\t\t\t\t\t<ul class=\"elementor-icon-list-items\">\n\t\t\t\t\t\t\t<li class=\"elementor-icon-list-item\">\n\t\t\t\t\t\t\t\t\t\t\t<span class=\"elementor-icon-list-icon\">\n\t\t\t\t\t\t\t<svg aria-hidden=\"true\" class=\"e-font-icon-svg e-fas-check\" viewbox=\"0 0 512 512\" xmlns=\"http:\/\/www.w3.org\/2000\/svg\"><path d=\"M173.898 439.404l-166.4-166.4c-9.997-9.997-9.997-26.206 0-36.204l36.203-36.204c9.997-9.998 26.207-9.998 36.204 0L192 312.69 432.095 72.596c9.997-9.997 26.207-9.997 36.204 0l36.203 36.204c9.997 9.997 9.997 26.206 0 36.204l-294.4 294.401c-9.998 9.997-26.207 9.997-36.204-.001z\"><\/path><\/svg>\t\t\t\t\t\t<\/span>\n\t\t\t\t\t\t\t\t\t\t<span class=\"elementor-icon-list-text\">     Ayr\u0131nt\u0131lar\u0131 vurgula<\/span>\n\t\t\t\t\t\t\t\t\t<\/li>\n\t\t\t\t\t\t<\/ul>\n\t\t\t\t\t\t<\/div>\n\t\t\t\t<div class=\"elementor-element elementor-element-93ba279 elementor-widget elementor-widget-text-editor\" data-id=\"93ba279\" data-element_type=\"widget\" data-e-type=\"widget\" data-widget_type=\"text-editor.default\">\n\t\t\t\t\t\t\t\t\t<p>Want packaging that stands out? Combine the ultra-glossy effect of Spot UltraGloss IML with the look of Matte IML. The possibilities are endless!<\/p>\t\t\t\t\t\t\t\t<\/div>\n\t\t\t\t<\/div>\n\t\t<div class=\"elementor-element elementor-element-4d68cee0 e-con-full e-flex e-con e-child\" data-id=\"4d68cee0\" data-element_type=\"container\" data-e-type=\"container\">\n\t\t\t\t<\/div>\n\t\t\t\t\t<\/div>\n\t\t\t\t<\/div>\n\t\t<div class=\"elementor-element elementor-element-22cb72d9 e-flex e-con-boxed e-con e-parent\" data-id=\"22cb72d9\" data-element_type=\"container\" data-e-type=\"container\">\n\t\t\t\t\t<div class=\"e-con-inner\">\n\t\t\t\t<div class=\"elementor-element elementor-element-4b8c7a30 elementor-widget elementor-widget-heading\" data-id=\"4b8c7a30\" data-element_type=\"widget\" data-e-type=\"widget\" data-widget_type=\"heading.default\">\n\t\t\t\t\t<h2 class=\"elementor-heading-title elementor-size-default\">\nSuccess stories <br> inspiring\n<\/h2>\t\t\t\t<\/div>\n\t\t\t\t\t<\/div>\n\t\t\t\t<\/div>\n\t\t<div class=\"elementor-element elementor-element-3c1e439b e-flex e-con-boxed e-con e-parent\" data-id=\"3c1e439b\" data-element_type=\"container\" data-e-type=\"container\">\n\t\t\t\t\t<div class=\"e-con-inner\">\n\t\t<div class=\"elementor-element elementor-element-2d703a58 e-con-full e-flex e-con e-child\" data-id=\"2d703a58\" data-element_type=\"container\" data-e-type=\"container\">\n\t\t\t\t<\/div>\n\t\t<div class=\"elementor-element elementor-element-e9deecb e-con-full e-flex e-con e-child\" data-id=\"e9deecb\" data-element_type=\"container\" data-e-type=\"container\">\n\t\t\t\t<div class=\"elementor-element elementor-element-1175ecc5 elementor-widget elementor-widget-image\" data-id=\"1175ecc5\" data-element_type=\"widget\" data-e-type=\"widget\" data-widget_type=\"image.default\">\n\t\t\t\t\t\t\t\t\t\t\t\t\t\t\t<img decoding=\"async\" width=\"800\" height=\"513\" src=\"https:\/\/www.blackprodesign.dz\/wp-content\/uploads\/2025\/08\/Case014_Herrs_20210126_PI.png\" class=\"attachment-large size-large wp-image-1219\" alt=\"\" srcset=\"https:\/\/www.blackprodesign.dz\/wp-content\/uploads\/2025\/08\/Case014_Herrs_20210126_PI.png 846w, https:\/\/www.blackprodesign.dz\/wp-content\/uploads\/2025\/08\/Case014_Herrs_20210126_PI-300x193.png 300w, https:\/\/www.blackprodesign.dz\/wp-content\/uploads\/2025\/08\/Case014_Herrs_20210126_PI-768x493.png 768w, https:\/\/www.blackprodesign.dz\/wp-content\/uploads\/2025\/08\/Case014_Herrs_20210126_PI-18x12.png 18w\" sizes=\"(max-width: 800px) 100vw, 800px\" \/>\t\t\t\t\t\t\t\t\t\t\t\t\t\t\t<\/div>\n\t\t\t\t<div class=\"elementor-element elementor-element-75d937ce elementor-widget elementor-widget-text-editor\" data-id=\"75d937ce\" data-element_type=\"widget\" data-e-type=\"widget\" data-widget_type=\"text-editor.default\">\n\t\t\t\t\t\t\t\t\t<p>IML labels with barrier and Ella Cappuccino: coffee with a lastingly preserved taste<\/p>\t\t\t\t\t\t\t\t<\/div>\n\t\t\t\t<\/div>\n\t\t<div class=\"elementor-element elementor-element-274b7031 e-con-full e-flex e-con e-child\" data-id=\"274b7031\" data-element_type=\"container\" data-e-type=\"container\">\n\t\t\t\t<div class=\"elementor-element elementor-element-4d713077 elementor-widget elementor-widget-image\" data-id=\"4d713077\" data-element_type=\"widget\" data-e-type=\"widget\" data-widget_type=\"image.default\">\n\t\t\t\t\t\t\t\t\t\t\t\t\t\t\t<img loading=\"lazy\" decoding=\"async\" width=\"800\" height=\"513\" src=\"https:\/\/www.blackprodesign.dz\/wp-content\/uploads\/2025\/08\/Case023_SnoBalls_20210128_PI.png\" class=\"attachment-large size-large wp-image-1366\" alt=\"\" srcset=\"https:\/\/www.blackprodesign.dz\/wp-content\/uploads\/2025\/08\/Case023_SnoBalls_20210128_PI.png 846w, https:\/\/www.blackprodesign.dz\/wp-content\/uploads\/2025\/08\/Case023_SnoBalls_20210128_PI-300x193.png 300w, https:\/\/www.blackprodesign.dz\/wp-content\/uploads\/2025\/08\/Case023_SnoBalls_20210128_PI-768x493.png 768w, https:\/\/www.blackprodesign.dz\/wp-content\/uploads\/2025\/08\/Case023_SnoBalls_20210128_PI-18x12.png 18w\" sizes=\"(max-width: 800px) 100vw, 800px\" \/>\t\t\t\t\t\t\t\t\t\t\t\t\t\t\t<\/div>\n\t\t\t\t<div class=\"elementor-element elementor-element-74e263b elementor-widget elementor-widget-text-editor\" data-id=\"74e263b\" data-element_type=\"widget\" data-e-type=\"widget\" data-widget_type=\"text-editor.default\">\n\t\t\t\t\t\t\t\t\t<p>Fresh IML packaging keeps SNO-BALLS TO-GO crushed ice deliciously refreshing<br \/>Lire plus<\/p>\t\t\t\t\t\t\t\t<\/div>\n\t\t\t\t<\/div>\n\t\t<div class=\"elementor-element elementor-element-13f63235 e-con-full e-flex e-con e-child\" data-id=\"13f63235\" data-element_type=\"container\" data-e-type=\"container\">\n\t\t\t\t<div class=\"elementor-element elementor-element-142e6b0a elementor-widget elementor-widget-image\" data-id=\"142e6b0a\" data-element_type=\"widget\" data-e-type=\"widget\" data-widget_type=\"image.default\">\n\t\t\t\t\t\t\t\t\t\t\t\t\t\t\t<img loading=\"lazy\" decoding=\"async\" width=\"734\" height=\"480\" src=\"https:\/\/www.blackprodesign.dz\/wp-content\/uploads\/2025\/08\/066.png\" class=\"attachment-large size-large wp-image-925\" alt=\"\" srcset=\"https:\/\/www.blackprodesign.dz\/wp-content\/uploads\/2025\/08\/066.png 734w, https:\/\/www.blackprodesign.dz\/wp-content\/uploads\/2025\/08\/066-300x196.png 300w, https:\/\/www.blackprodesign.dz\/wp-content\/uploads\/2025\/08\/066-18x12.png 18w\" sizes=\"(max-width: 734px) 100vw, 734px\" \/>\t\t\t\t\t\t\t\t\t\t\t\t\t\t\t<\/div>\n\t\t\t\t<div class=\"elementor-element elementor-element-225533fe elementor-widget elementor-widget-text-editor\" data-id=\"225533fe\" data-element_type=\"widget\" data-e-type=\"widget\" data-widget_type=\"text-editor.default\">\n\t\t\t\t\t\t\t\t\t<p>Brilliant makeover brings new success to Happy Wall Paints<\/p>\t\t\t\t\t\t\t\t<\/div>\n\t\t\t\t<\/div>\n\t\t\t\t\t<\/div>\n\t\t\t\t<\/div>\n\t\t<div class=\"elementor-element elementor-element-3b054ab4 e-flex e-con-boxed e-con e-parent\" data-id=\"3b054ab4\" data-element_type=\"container\" data-e-type=\"container\">\n\t\t\t\t\t<div class=\"e-con-inner\">\n\t\t<div class=\"elementor-element elementor-element-6eefe4ae e-con-full e-flex e-con e-child\" data-id=\"6eefe4ae\" data-element_type=\"container\" data-e-type=\"container\">\n\t\t\t\t<div class=\"elementor-element elementor-element-23051d41 elementor-widget elementor-widget-heading\" data-id=\"23051d41\" data-element_type=\"widget\" data-e-type=\"widget\" data-widget_type=\"heading.default\">\n\t\t\t\t\t<h2 class=\"elementor-heading-title elementor-size-default\">Discover how Matte &amp; UltraGloss IML brings color to life<\/h2>\t\t\t\t<\/div>\n\t\t\t\t<div class=\"elementor-element elementor-element-2e4e2d0d elementor-widget elementor-widget-text-editor\" data-id=\"2e4e2d0d\" data-element_type=\"widget\" data-e-type=\"widget\" data-widget_type=\"text-editor.default\">\n\t\t\t\t\t\t\t\t\t<h3>Let us help you make your packaging irresistible<\/h3>\t\t\t\t\t\t\t\t<\/div>\n\t\t<div class=\"elementor-element elementor-element-2f74caad e-con-full e-flex e-con e-child\" data-id=\"2f74caad\" data-element_type=\"container\" data-e-type=\"container\" data-settings=\"{&quot;background_background&quot;:&quot;classic&quot;}\">\n\t\t\t\t<div class=\"elementor-element elementor-element-36384adc elementor-align-center elementor-icon-list--layout-traditional elementor-list-item-link-full_width elementor-widget elementor-widget-icon-list\" data-id=\"36384adc\" data-element_type=\"widget\" data-e-type=\"widget\" data-widget_type=\"icon-list.default\">\n\t\t\t\t\t\t\t<ul class=\"elementor-icon-list-items\">\n\t\t\t\t\t\t\t<li class=\"elementor-icon-list-item\">\n\t\t\t\t\t\t\t\t\t\t<span class=\"elementor-icon-list-text\">Get your inspiration box <br> Barrier IML here<\/span>\n\t\t\t\t\t\t\t\t\t<\/li>\n\t\t\t\t\t\t<\/ul>\n\t\t\t\t\t\t<\/div>\n\t\t\t\t<\/div>\n\t\t\t\t<\/div>\n\t\t<div class=\"elementor-element elementor-element-4494ba1d e-con-full e-flex e-con e-child\" data-id=\"4494ba1d\" data-element_type=\"container\" data-e-type=\"container\" data-settings=\"{&quot;background_background&quot;:&quot;classic&quot;}\">\n\t\t\t\t<div class=\"elementor-element elementor-element-60532d3a elementor-widget elementor-widget-image\" data-id=\"60532d3a\" data-element_type=\"widget\" data-e-type=\"widget\" data-widget_type=\"image.default\">\n\t\t\t\t\t\t\t\t\t\t\t\t\t\t\t<img decoding=\"async\" width=\"480\" height=\"312\" src=\"https:\/\/www.blackprodesign.dz\/wp-content\/uploads\/2025\/08\/07_MatteUltraGlossIML_Samplekit_FR_20250813-1.png\" class=\"attachment-large size-large wp-image-1208\" alt=\"\" srcset=\"https:\/\/www.blackprodesign.dz\/wp-content\/uploads\/2025\/08\/07_MatteUltraGlossIML_Samplekit_FR_20250813-1.png 480w, https:\/\/www.blackprodesign.dz\/wp-content\/uploads\/2025\/08\/07_MatteUltraGlossIML_Samplekit_FR_20250813-1-300x195.png 300w, https:\/\/www.blackprodesign.dz\/wp-content\/uploads\/2025\/08\/07_MatteUltraGlossIML_Samplekit_FR_20250813-1-18x12.png 18w\" sizes=\"(max-width: 480px) 100vw, 480px\" \/>\t\t\t\t\t\t\t\t\t\t\t\t\t\t\t<\/div>\n\t\t\t\t<\/div>\n\t\t\t\t\t<\/div>\n\t\t\t\t<\/div>\n\t\t<div class=\"elementor-element elementor-element-e0c6eed e-flex e-con-boxed e-con e-parent\" data-id=\"e0c6eed\" data-element_type=\"container\" data-e-type=\"container\">\n\t\t\t\t\t<div class=\"e-con-inner\">\n\t\t<div class=\"elementor-element elementor-element-59d030a7 e-con-full e-flex e-con e-child\" data-id=\"59d030a7\" data-element_type=\"container\" data-e-type=\"container\" data-settings=\"{&quot;background_background&quot;:&quot;classic&quot;}\">\n\t\t\t\t<div class=\"elementor-element elementor-element-6ae554ff elementor-widget elementor-widget-heading\" data-id=\"6ae554ff\" data-element_type=\"widget\" data-e-type=\"widget\" data-widget_type=\"heading.default\">\n\t\t\t\t\t<h2 class=\"elementor-heading-title elementor-size-default\">Want to know more ?<\/h2>\t\t\t\t<\/div>\n\t\t\t\t<div class=\"elementor-element elementor-element-f084516 elementor-widget elementor-widget-text-editor\" data-id=\"f084516\" data-element_type=\"widget\" data-e-type=\"widget\" data-widget_type=\"text-editor.default\">\n\t\t\t\t\t\t\t\t\t<p>Contact us and together we can make your project a success.<\/p>\t\t\t\t\t\t\t\t<\/div>\n\t\t\t\t<\/div>\n\t\t<div class=\"elementor-element elementor-element-585388a e-con-full e-flex e-con e-child\" data-id=\"585388a\" data-element_type=\"container\" data-e-type=\"container\" data-settings=\"{&quot;background_background&quot;:&quot;classic&quot;}\">\n\t\t<div class=\"elementor-element elementor-element-6eb2806 e-con-full e-flex e-con e-child\" data-id=\"6eb2806\" data-element_type=\"container\" data-e-type=\"container\" data-settings=\"{&quot;background_background&quot;:&quot;classic&quot;}\">\n\t\t\t\t<div class=\"elementor-element elementor-element-485d5472 elementor-align-center elementor-icon-list--layout-traditional elementor-list-item-link-full_width elementor-widget elementor-widget-icon-list\" data-id=\"485d5472\" data-element_type=\"widget\" data-e-type=\"widget\" data-widget_type=\"icon-list.default\">\n\t\t\t\t\t\t\t<ul class=\"elementor-icon-list-items\">\n\t\t\t\t\t\t\t<li class=\"elementor-icon-list-item\">\n\t\t\t\t\t\t\t\t\t\t\t<a href=\"https:\/\/www.blackprodesign.dz\/en\/contact\/\">\n\n\t\t\t\t\t\t\t\t\t\t\t<span class=\"elementor-icon-list-text\">Get in touch <br> with us<\/span>\n\t\t\t\t\t\t\t\t\t\t\t<\/a>\n\t\t\t\t\t\t\t\t\t<\/li>\n\t\t\t\t\t\t<\/ul>\n\t\t\t\t\t\t<\/div>\n\t\t\t\t<\/div>\n\t\t\t\t<\/div>\n\t\t\t\t\t<\/div>\n\t\t\t\t<\/div>\n\t\t\t\t<\/div>","protected":false},"excerpt":{"rendered":"<p>Matte IML et Spot UltraGloss IML Matte IML est une \u00e9tiquette IML qui conf\u00e8re \u00e0 vos emballages une finition matte et naturelle. Quant \u00e0 l\u2019Spot UltraGloss IML, il donne aux \u00e9tiquettes un aspect ultrabrillant avec des couleurs encore plus intenses. Avec le Matte IML et l\u2019Spot UltraGloss IML, nous vous offrons une palette de possibilit\u00e9s [&hellip;]<\/p>\n","protected":false},"author":1,"featured_media":0,"parent":0,"menu_order":0,"comment_status":"closed","ping_status":"closed","template":"elementor_header_footer","meta":{"footnotes":""},"class_list":["post-993","page","type-page","status-publish","hentry"],"_links":{"self":[{"href":"https:\/\/www.blackprodesign.dz\/en\/wp-json\/wp\/v2\/pages\/993","targetHints":{"allow":["GET"]}}],"collection":[{"href":"https:\/\/www.blackprodesign.dz\/en\/wp-json\/wp\/v2\/pages"}],"about":[{"href":"https:\/\/www.blackprodesign.dz\/en\/wp-json\/wp\/v2\/types\/page"}],"author":[{"embeddable":true,"href":"https:\/\/www.blackprodesign.dz\/en\/wp-json\/wp\/v2\/users\/1"}],"replies":[{"embeddable":true,"href":"https:\/\/www.blackprodesign.dz\/en\/wp-json\/wp\/v2\/comments?post=993"}],"version-history":[{"count":22,"href":"https:\/\/www.blackprodesign.dz\/en\/wp-json\/wp\/v2\/pages\/993\/revisions"}],"predecessor-version":[{"id":1369,"href":"https:\/\/www.blackprodesign.dz\/en\/wp-json\/wp\/v2\/pages\/993\/revisions\/1369"}],"wp:attachment":[{"href":"https:\/\/www.blackprodesign.dz\/en\/wp-json\/wp\/v2\/media?parent=993"}],"curies":[{"name":"wp","href":"https:\/\/api.w.org\/{rel}","templated":true}]}}