{"id":987,"date":"2025-08-13T13:54:33","date_gmt":"2025-08-13T13:54:33","guid":{"rendered":"https:\/\/www.blackprodesign.dz\/?page_id=987"},"modified":"2025-08-14T22:09:47","modified_gmt":"2025-08-14T22:09:47","slug":"peelable-iml","status":"publish","type":"page","link":"https:\/\/www.blackprodesign.dz\/en\/peelable-iml\/","title":{"rendered":"Peelable IML"},"content":{"rendered":"<div data-elementor-type=\"wp-page\" data-elementor-id=\"987\" class=\"elementor elementor-987\" data-elementor-post-type=\"page\">\n\t\t\t\t<div class=\"elementor-element elementor-element-699d62ad e-flex e-con-boxed e-con e-parent\" data-id=\"699d62ad\" data-element_type=\"container\" data-e-type=\"container\" data-settings=\"{&quot;background_background&quot;:&quot;classic&quot;}\">\n\t\t\t\t\t<div class=\"e-con-inner\">\n\t\t<div class=\"elementor-element elementor-element-76d75651 e-con-full e-flex e-con e-child\" data-id=\"76d75651\" data-element_type=\"container\" data-e-type=\"container\">\n\t\t\t\t<div class=\"elementor-element elementor-element-79c329b5 elementor-widget elementor-widget-heading\" data-id=\"79c329b5\" data-element_type=\"widget\" data-e-type=\"widget\" data-widget_type=\"heading.default\">\n\t\t\t\t\t<h2 class=\"elementor-heading-title elementor-size-default\">Peelable IML<\/h2>\t\t\t\t<\/div>\n\t\t\t\t<div class=\"elementor-element elementor-element-3941afe7 elementor-widget elementor-widget-text-editor\" data-id=\"3941afe7\" data-element_type=\"widget\" data-e-type=\"widget\" data-widget_type=\"text-editor.default\">\n\t\t\t\t\t\t\t\t\t<div class=\"app-section-c3__content app-wysiwyg-content\"><p>Au-del\u00e0 de son attractivit\u00e9 en rayon, l\u2019IML d\u00e9collable permet de fid\u00e9liser les consommateurs et d\u2019oeuvrer en faveur du d\u00e9veloppement durable gr\u00e2ce aux possibilit\u00e9s de r\u00e9utilisation.<\/p><\/div>\t\t\t\t\t\t\t\t<\/div>\n\t\t\t\t<\/div>\n\t\t<div class=\"elementor-element elementor-element-325bb33d e-con-full e-flex e-con e-child\" data-id=\"325bb33d\" data-element_type=\"container\" data-e-type=\"container\">\n\t\t\t\t<div class=\"elementor-element elementor-element-1b17dd72 elementor-widget elementor-widget-image\" data-id=\"1b17dd72\" data-element_type=\"widget\" data-e-type=\"widget\" data-widget_type=\"image.default\">\n\t\t\t\t\t\t\t\t\t\t\t\t\t\t\t<img fetchpriority=\"high\" decoding=\"async\" width=\"734\" height=\"480\" src=\"https:\/\/www.blackprodesign.dz\/wp-content\/uploads\/2025\/08\/900.png\" class=\"attachment-large size-large wp-image-936\" alt=\"\" srcset=\"https:\/\/www.blackprodesign.dz\/wp-content\/uploads\/2025\/08\/900.png 734w, https:\/\/www.blackprodesign.dz\/wp-content\/uploads\/2025\/08\/900-300x196.png 300w, https:\/\/www.blackprodesign.dz\/wp-content\/uploads\/2025\/08\/900-18x12.png 18w\" sizes=\"(max-width: 734px) 100vw, 734px\" \/>\t\t\t\t\t\t\t\t\t\t\t\t\t\t\t<\/div>\n\t\t\t\t<\/div>\n\t\t\t\t\t<\/div>\n\t\t\t\t<\/div>\n\t\t<div class=\"elementor-element elementor-element-7af36f1 e-flex e-con-boxed e-con e-parent\" data-id=\"7af36f1\" data-element_type=\"container\" data-e-type=\"container\">\n\t\t\t\t\t<div class=\"e-con-inner\">\n\t\t<div class=\"elementor-element elementor-element-3ce30b4 e-con-full e-flex e-con e-child\" data-id=\"3ce30b4\" data-element_type=\"container\" data-e-type=\"container\">\n\t\t\t\t<\/div>\n\t\t<div class=\"elementor-element elementor-element-44709535 e-con-full e-flex e-con e-child\" data-id=\"44709535\" data-element_type=\"container\" data-e-type=\"container\">\n\t\t\t\t<div class=\"elementor-element elementor-element-461c6387 elementor-widget elementor-widget-text-editor\" data-id=\"461c6387\" data-element_type=\"widget\" data-e-type=\"widget\" data-widget_type=\"text-editor.default\">\n\t\t\t\t\t\t\t\t\t<div class=\"row\"><div class=\"col-12 col-md-10 offset-md-1 col-lg-8 offset-lg-2\"><div class=\"app-wysiwyg-content\"><p>Une \u00e9tiquette IML pelable est une \u00e9tiquette IML pouvant \u00eatre partiellement ou totalement retir\u00e9e (d\u00e9coll\u00e9e) du contenant par le consommateur. Rassurez-vous : le support adh\u00e9sif des \u00e9tiquettes IML d\u00e9collables est suffisamment r\u00e9sistant pour ne jamais se d\u00e9tacher ou d\u00e9solidariser spontan\u00e9ment du contenant. La fonction de d\u00e9collement de ces \u00e9tiquettes IML permet de proposer au consommateur des exp\u00e9riences all\u00e9chantes et de promouvoir la marque ou le produit.<\/p><\/div><\/div><\/div>\t\t\t\t\t\t\t\t<\/div>\n\t\t\t\t<\/div>\n\t\t<div class=\"elementor-element elementor-element-242b1ba0 e-con-full e-flex e-con e-child\" data-id=\"242b1ba0\" data-element_type=\"container\" data-e-type=\"container\">\n\t\t\t\t<\/div>\n\t\t\t\t\t<\/div>\n\t\t\t\t<\/div>\n\t\t<div class=\"elementor-element elementor-element-40c49ff0 e-flex e-con-boxed e-con e-parent\" data-id=\"40c49ff0\" data-element_type=\"container\" data-e-type=\"container\">\n\t\t\t\t\t<div class=\"e-con-inner\">\n\t\t<div class=\"elementor-element elementor-element-6ea9762b e-con-full e-flex e-con e-child\" data-id=\"6ea9762b\" data-element_type=\"container\" data-e-type=\"container\">\n\t\t\t\t<\/div>\n\t\t<div class=\"elementor-element elementor-element-220ea52c e-con-full e-flex e-con e-child\" data-id=\"220ea52c\" data-element_type=\"container\" data-e-type=\"container\">\n\t\t\t\t<div class=\"elementor-element elementor-element-c40455f elementor-widget elementor-widget-heading\" data-id=\"c40455f\" data-element_type=\"widget\" data-e-type=\"widget\" data-widget_type=\"heading.default\">\n\t\t\t\t\t<h2 class=\"elementor-heading-title elementor-size-default\">Vous voulez en savoir plus sur l'IML Peelable ?<\/h2>\t\t\t\t<\/div>\n\t\t\t\t<div class=\"elementor-element elementor-element-61ec3b46 elementor-widget elementor-widget-text-editor\" data-id=\"61ec3b46\" data-element_type=\"widget\" data-e-type=\"widget\" data-widget_type=\"text-editor.default\">\n\t\t\t\t\t\t\t\t\t<p>Tout savoir sur les caract\u00e9ristiques de l&rsquo;IML Peelable<\/p>\t\t\t\t\t\t\t\t<\/div>\n\t\t\t\t<div class=\"elementor-element elementor-element-13d170f1 elementor-widget elementor-widget-text-editor\" data-id=\"13d170f1\" data-element_type=\"widget\" data-e-type=\"widget\" data-widget_type=\"text-editor.default\">\n\t\t\t\t\t\t\t\t\t<p><strong><span style=\"color: #333333;\"><a style=\"color: #333333;\" href=\"https:\/\/www.blackprodesign.dz\/en\/contact\/\">Obtenez votre bo\u00eete d&rsquo;inspration IML Peelable<\/a><\/span><\/strong><\/p>\t\t\t\t\t\t\t\t<\/div>\n\t\t\t\t<\/div>\n\t\t<div class=\"elementor-element elementor-element-f0e9971 e-con-full e-flex e-con e-child\" data-id=\"f0e9971\" data-element_type=\"container\" data-e-type=\"container\">\n\t\t\t\t<div class=\"elementor-element elementor-element-72d4dea7 elementor-widget elementor-widget-image\" data-id=\"72d4dea7\" data-element_type=\"widget\" data-e-type=\"widget\" data-widget_type=\"image.default\">\n\t\t\t\t\t\t\t\t\t\t\t\t\t\t\t<img decoding=\"async\" width=\"480\" height=\"312\" src=\"https:\/\/www.blackprodesign.dz\/wp-content\/uploads\/2025\/08\/05_PeelableIML_Samplekit_20250626_FR.png\" class=\"attachment-large size-large wp-image-1302\" alt=\"\" srcset=\"https:\/\/www.blackprodesign.dz\/wp-content\/uploads\/2025\/08\/05_PeelableIML_Samplekit_20250626_FR.png 480w, https:\/\/www.blackprodesign.dz\/wp-content\/uploads\/2025\/08\/05_PeelableIML_Samplekit_20250626_FR-300x195.png 300w, https:\/\/www.blackprodesign.dz\/wp-content\/uploads\/2025\/08\/05_PeelableIML_Samplekit_20250626_FR-18x12.png 18w\" sizes=\"(max-width: 480px) 100vw, 480px\" \/>\t\t\t\t\t\t\t\t\t\t\t\t\t\t\t<\/div>\n\t\t\t\t<\/div>\n\t\t<div class=\"elementor-element elementor-element-148d3f77 e-con-full e-flex e-con e-child\" data-id=\"148d3f77\" data-element_type=\"container\" data-e-type=\"container\">\n\t\t\t\t<\/div>\n\t\t\t\t\t<\/div>\n\t\t\t\t<\/div>\n\t\t<div class=\"elementor-element elementor-element-3c22095 e-flex e-con-boxed e-con e-parent\" data-id=\"3c22095\" data-element_type=\"container\" data-e-type=\"container\">\n\t\t\t\t\t<div class=\"e-con-inner\">\n\t\t<div class=\"elementor-element elementor-element-a22b588 e-con-full e-flex e-con e-child\" data-id=\"a22b588\" data-element_type=\"container\" data-e-type=\"container\">\n\t\t\t\t<\/div>\n\t\t<div class=\"elementor-element elementor-element-021ba3c e-con-full e-flex e-con e-child\" data-id=\"021ba3c\" data-element_type=\"container\" data-e-type=\"container\">\n\t\t\t\t<div class=\"elementor-element elementor-element-00e8cc3 elementor-widget elementor-widget-heading\" data-id=\"00e8cc3\" data-element_type=\"widget\" data-e-type=\"widget\" data-widget_type=\"heading.default\">\n\t\t\t\t\t<h2 class=\"elementor-heading-title elementor-size-default\">IML pelable: les avantages<\/h2>\t\t\t\t<\/div>\n\t\t\t\t<div class=\"elementor-element elementor-element-0cc34d6 elementor-widget elementor-widget-text-editor\" data-id=\"0cc34d6\" data-element_type=\"widget\" data-e-type=\"widget\" data-widget_type=\"text-editor.default\">\n\t\t\t\t\t\t\t\t\t<div><section id=\"paragraph-2916\" class=\"app--section-bg--white app-section-c11 app-section-no-top-padding\"><div class=\"container\"><div class=\"row\"><div class=\"col-12 col-md-10 offset-md-1 col-lg-8 offset-lg-2\"><div class=\"app-wysiwyg-content\"><ul><li><p><strong>Engagement des consommateurs<\/strong><\/p><p>Une combinaison avec l\u2019IML DoubleSided (\u00e9tiquette IML imprim\u00e9e des deux c\u00f4t\u00e9s) offre beaucoup d\u2019espace suppl\u00e9mentaire, ce qui ouvre la voie \u00e0 de nombreuses possibilit\u00e9s en termes d\u2019exp\u00e9rience de consommation. Le verso de l\u2019\u00e9tiquette peut contenir toutes sortes d\u2019informations, accessibles en d\u00e9collant l\u2019\u00e9tiquette.<\/p><\/li><li><p><strong>Bons de r\u00e9duction d\u00e9tachables<\/strong><\/p><p>Coupons de r\u00e9duction, jetons donnant droit \u00e0 un \u00e9chantillon gratuit, campagne de r\u00e9duction avec syst\u00e8me de points : laissez libre cours \u00e0 votre cr\u00e9ativit\u00e9 avec l\u2019IML pelable (en combinaison avec VariableData IML) pour stimuler vos ventes.<\/p><\/li><li><p><strong>R\u00e9utilisation<\/strong><\/p><p>Apr\u00e8s avoir retir\u00e9 l\u2019\u00e9tiquette IML pelable, le consommateur se retrouve avec un r\u00e9cipient en plastique neutre qu\u2019il peut r\u00e9utiliser comme bo\u00eete de cong\u00e9lation ou de stockage.\u00a0<\/p><\/li><li><p><strong>Davantage d\u2019espace sur les \u00e9tiquettes<\/strong><\/p><p>Le verso de l\u2019\u00e9tiquette IML pelable offre davantage d\u2019espace pour l\u2019\u00e9tiquetage, ce qui constitue un atout pr\u00e9cieux pour les propri\u00e9taires de marques.<\/p><\/li><li><p><strong>Protection de la marque<\/strong><\/p><p>Utilisez l\u2019IML partiellement pelable comme t\u00e9moin d\u2019int\u00e9grit\u00e9 : le fait qu\u2019une partie de l\u2019\u00e9tiquette ne puisse \u00eatre retir\u00e9e qu\u2019une seule fois garantit aux consommateurs que le produit est authentique et non contrefait.<\/p><\/li><li><p><strong>Emballage avec cuill\u00e8re int\u00e9gr\u00e9e au couvercle<\/strong><\/p><p>Il est possible de fixer des couverts ou des piques \u00e0 l\u2019int\u00e9rieur du couvercle et de les retirer facilement de l\u2019emballage, ce qui s\u2019av\u00e8re tr\u00e8s pratique pour les consommateurs.<\/p><\/li><\/ul><\/div><\/div><\/div><\/div><\/section><\/div>\t\t\t\t\t\t\t\t<\/div>\n\t\t\t\t<\/div>\n\t\t<div class=\"elementor-element elementor-element-0468820 e-con-full e-flex e-con e-child\" data-id=\"0468820\" data-element_type=\"container\" data-e-type=\"container\">\n\t\t\t\t<\/div>\n\t\t\t\t\t<\/div>\n\t\t\t\t<\/div>\n\t\t<div class=\"elementor-element elementor-element-6ff8d10 e-flex e-con-boxed e-con e-parent\" data-id=\"6ff8d10\" data-element_type=\"container\" data-e-type=\"container\" data-settings=\"{&quot;background_background&quot;:&quot;classic&quot;}\">\n\t\t\t\t\t<div class=\"e-con-inner\">\n\t\t<div class=\"elementor-element elementor-element-33b144b0 e-con-full e-flex e-con e-child\" data-id=\"33b144b0\" data-element_type=\"container\" data-e-type=\"container\">\n\t\t\t\t<\/div>\n\t\t<div class=\"elementor-element elementor-element-7c1d74b e-con-full e-flex e-con e-child\" data-id=\"7c1d74b\" data-element_type=\"container\" data-e-type=\"container\">\n\t\t\t\t<div class=\"elementor-element elementor-element-20303d35 elementor-widget elementor-widget-heading\" data-id=\"20303d35\" data-element_type=\"widget\" data-e-type=\"widget\" data-widget_type=\"heading.default\">\n\t\t\t\t\t<h2 class=\"elementor-heading-title elementor-size-default\">Ajoutez un code unique \u00e0 votre \u00e9tiquette IML!<\/h2>\t\t\t\t<\/div>\n\t\t\t\t<div class=\"elementor-element elementor-element-862dff3 elementor-widget elementor-widget-text-editor\" data-id=\"862dff3\" data-element_type=\"widget\" data-e-type=\"widget\" data-widget_type=\"text-editor.default\">\n\t\t\t\t\t\t\t\t\t<p>Une fois retir\u00e9 (\u00e0 l\u2019aide d\u2019IML partiellement ou totalement pelable), le code unique ouvre un monde de possibilit\u00e9s d\u2019engagement du consommateur pour susciter l\u2019interaction, la fid\u00e9lit\u00e9 et l\u2019enthousiasme.<\/p>\t\t\t\t\t\t\t\t<\/div>\n\t\t\t\t<\/div>\n\t\t<div class=\"elementor-element elementor-element-53a2e672 e-con-full e-flex e-con e-child\" data-id=\"53a2e672\" data-element_type=\"container\" data-e-type=\"container\">\n\t\t\t\t<\/div>\n\t\t\t\t\t<\/div>\n\t\t\t\t<\/div>\n\t\t<div class=\"elementor-element elementor-element-1def2ad3 e-flex e-con-boxed e-con e-parent\" data-id=\"1def2ad3\" data-element_type=\"container\" data-e-type=\"container\">\n\t\t\t\t\t<div class=\"e-con-inner\">\n\t\t\t\t<div class=\"elementor-element elementor-element-21371d0d elementor-widget elementor-widget-heading\" data-id=\"21371d0d\" data-element_type=\"widget\" data-e-type=\"widget\" data-widget_type=\"heading.default\">\n\t\t\t\t\t<h2 class=\"elementor-heading-title elementor-size-default\">\nSuccess stories <br> inspiring\n<\/h2>\t\t\t\t<\/div>\n\t\t\t\t\t<\/div>\n\t\t\t\t<\/div>\n\t\t<div class=\"elementor-element elementor-element-25243ab7 e-flex e-con-boxed e-con e-parent\" data-id=\"25243ab7\" data-element_type=\"container\" data-e-type=\"container\">\n\t\t\t\t\t<div class=\"e-con-inner\">\n\t\t<div class=\"elementor-element elementor-element-556cfe9d e-con-full e-flex e-con e-child\" data-id=\"556cfe9d\" data-element_type=\"container\" data-e-type=\"container\">\n\t\t\t\t<\/div>\n\t\t<div class=\"elementor-element elementor-element-1b1d55a9 e-con-full e-flex e-con e-child\" data-id=\"1b1d55a9\" data-element_type=\"container\" data-e-type=\"container\">\n\t\t\t\t<div class=\"elementor-element elementor-element-dd1f3be elementor-widget elementor-widget-image\" data-id=\"dd1f3be\" data-element_type=\"widget\" data-e-type=\"widget\" data-widget_type=\"image.default\">\n\t\t\t\t\t\t\t\t\t\t\t\t\t\t\t<img fetchpriority=\"high\" decoding=\"async\" width=\"734\" height=\"480\" src=\"https:\/\/www.blackprodesign.dz\/wp-content\/uploads\/2025\/08\/900.png\" class=\"attachment-large size-large wp-image-936\" alt=\"\" srcset=\"https:\/\/www.blackprodesign.dz\/wp-content\/uploads\/2025\/08\/900.png 734w, https:\/\/www.blackprodesign.dz\/wp-content\/uploads\/2025\/08\/900-300x196.png 300w, https:\/\/www.blackprodesign.dz\/wp-content\/uploads\/2025\/08\/900-18x12.png 18w\" sizes=\"(max-width: 734px) 100vw, 734px\" \/>\t\t\t\t\t\t\t\t\t\t\t\t\t\t\t<\/div>\n\t\t\t\t<div class=\"elementor-element elementor-element-74428a6a elementor-widget elementor-widget-text-editor\" data-id=\"74428a6a\" data-element_type=\"widget\" data-e-type=\"widget\" data-widget_type=\"text-editor.default\">\n\t\t\t\t\t\t\t\t\t<p>Blockbuster pour Cinemark: les seaux \u00e0 pop-corn avec des bons IML pelable<\/p>\t\t\t\t\t\t\t\t<\/div>\n\t\t\t\t<\/div>\n\t\t<div class=\"elementor-element elementor-element-4067b607 e-con-full e-flex e-con e-child\" data-id=\"4067b607\" data-element_type=\"container\" data-e-type=\"container\">\n\t\t\t\t<div class=\"elementor-element elementor-element-5ee47dbd elementor-widget elementor-widget-image\" data-id=\"5ee47dbd\" data-element_type=\"widget\" data-e-type=\"widget\" data-widget_type=\"image.default\">\n\t\t\t\t\t\t\t\t\t\t\t\t\t\t\t<img decoding=\"async\" width=\"800\" height=\"513\" src=\"https:\/\/www.blackprodesign.dz\/wp-content\/uploads\/2025\/08\/Mirage_734x480px-1.png\" class=\"attachment-large size-large wp-image-1315\" alt=\"\" srcset=\"https:\/\/www.blackprodesign.dz\/wp-content\/uploads\/2025\/08\/Mirage_734x480px-1.png 846w, https:\/\/www.blackprodesign.dz\/wp-content\/uploads\/2025\/08\/Mirage_734x480px-1-300x193.png 300w, https:\/\/www.blackprodesign.dz\/wp-content\/uploads\/2025\/08\/Mirage_734x480px-1-768x493.png 768w, https:\/\/www.blackprodesign.dz\/wp-content\/uploads\/2025\/08\/Mirage_734x480px-1-18x12.png 18w\" sizes=\"(max-width: 800px) 100vw, 800px\" \/>\t\t\t\t\t\t\t\t\t\t\t\t\t\t\t<\/div>\n\t\t\t\t<div class=\"elementor-element elementor-element-702c77b4 elementor-widget elementor-widget-text-editor\" data-id=\"702c77b4\" data-element_type=\"widget\" data-e-type=\"widget\" data-widget_type=\"text-editor.default\">\n\t\t\t\t\t\t\t\t\t<p>\u00c9tiquette IML facilement d\u00e9tachable pour la margarine Mirage<\/p>\t\t\t\t\t\t\t\t<\/div>\n\t\t\t\t<\/div>\n\t\t\t\t\t<\/div>\n\t\t\t\t<\/div>\n\t\t<div class=\"elementor-element elementor-element-1fe16c56 e-flex e-con-boxed e-con e-parent\" data-id=\"1fe16c56\" data-element_type=\"container\" data-e-type=\"container\">\n\t\t\t\t\t<div class=\"e-con-inner\">\n\t\t<div class=\"elementor-element elementor-element-63478fe4 e-con-full e-flex e-con e-child\" data-id=\"63478fe4\" data-element_type=\"container\" data-e-type=\"container\">\n\t\t\t\t<div class=\"elementor-element elementor-element-b10620c elementor-widget elementor-widget-heading\" data-id=\"b10620c\" data-element_type=\"widget\" data-e-type=\"widget\" data-widget_type=\"heading.default\">\n\t\t\t\t\t<h2 class=\"elementor-heading-title elementor-size-default\">D\u00e9couvrez la valeur ajout\u00e9e de l'IML Peelable<\/h2>\t\t\t\t<\/div>\n\t\t\t\t<div class=\"elementor-element elementor-element-740f483f elementor-widget elementor-widget-text-editor\" data-id=\"740f483f\" data-element_type=\"widget\" data-e-type=\"widget\" data-widget_type=\"text-editor.default\">\n\t\t\t\t\t\t\t\t\t<h3>Passer de la r\u00e9utilisation \u00e0 la cr\u00e9ation d&#8217;emballages promotionnels accrocheurs !<\/h3>\t\t\t\t\t\t\t\t<\/div>\n\t\t<div class=\"elementor-element elementor-element-17afec3 e-con-full e-flex e-con e-child\" data-id=\"17afec3\" data-element_type=\"container\" data-e-type=\"container\" data-settings=\"{&quot;background_background&quot;:&quot;classic&quot;}\">\n\t\t\t\t<div class=\"elementor-element elementor-element-51577c6c elementor-align-center elementor-icon-list--layout-traditional elementor-list-item-link-full_width elementor-widget elementor-widget-icon-list\" data-id=\"51577c6c\" data-element_type=\"widget\" data-e-type=\"widget\" data-widget_type=\"icon-list.default\">\n\t\t\t\t\t\t\t<ul class=\"elementor-icon-list-items\">\n\t\t\t\t\t\t\t<li class=\"elementor-icon-list-item\">\n\t\t\t\t\t\t\t\t\t\t<span class=\"elementor-icon-list-text\">Get your inspiration box <br> Barrier IML here<\/span>\n\t\t\t\t\t\t\t\t\t<\/li>\n\t\t\t\t\t\t<\/ul>\n\t\t\t\t\t\t<\/div>\n\t\t\t\t<\/div>\n\t\t\t\t<\/div>\n\t\t<div class=\"elementor-element elementor-element-6f60fe66 e-con-full e-flex e-con e-child\" data-id=\"6f60fe66\" data-element_type=\"container\" data-e-type=\"container\" data-settings=\"{&quot;background_background&quot;:&quot;classic&quot;}\">\n\t\t\t\t<div class=\"elementor-element elementor-element-7f0f4997 elementor-widget elementor-widget-image\" data-id=\"7f0f4997\" data-element_type=\"widget\" data-e-type=\"widget\" data-widget_type=\"image.default\">\n\t\t\t\t\t\t\t\t\t\t\t\t\t\t\t<img decoding=\"async\" width=\"480\" height=\"312\" src=\"https:\/\/www.blackprodesign.dz\/wp-content\/uploads\/2025\/08\/05_PeelableIML_Samplekit_20250626_FR.png\" class=\"attachment-large size-large wp-image-1302\" alt=\"\" srcset=\"https:\/\/www.blackprodesign.dz\/wp-content\/uploads\/2025\/08\/05_PeelableIML_Samplekit_20250626_FR.png 480w, https:\/\/www.blackprodesign.dz\/wp-content\/uploads\/2025\/08\/05_PeelableIML_Samplekit_20250626_FR-300x195.png 300w, https:\/\/www.blackprodesign.dz\/wp-content\/uploads\/2025\/08\/05_PeelableIML_Samplekit_20250626_FR-18x12.png 18w\" sizes=\"(max-width: 480px) 100vw, 480px\" \/>\t\t\t\t\t\t\t\t\t\t\t\t\t\t\t<\/div>\n\t\t\t\t<\/div>\n\t\t\t\t\t<\/div>\n\t\t\t\t<\/div>\n\t\t<div class=\"elementor-element elementor-element-352424af e-flex e-con-boxed e-con e-parent\" data-id=\"352424af\" data-element_type=\"container\" data-e-type=\"container\">\n\t\t\t\t\t<div class=\"e-con-inner\">\n\t\t<div class=\"elementor-element elementor-element-2e14b8db e-con-full e-flex e-con e-child\" data-id=\"2e14b8db\" data-element_type=\"container\" data-e-type=\"container\" data-settings=\"{&quot;background_background&quot;:&quot;classic&quot;}\">\n\t\t\t\t<div class=\"elementor-element elementor-element-515232ed elementor-widget elementor-widget-heading\" data-id=\"515232ed\" data-element_type=\"widget\" data-e-type=\"widget\" data-widget_type=\"heading.default\">\n\t\t\t\t\t<h2 class=\"elementor-heading-title elementor-size-default\">Want to know more ?<\/h2>\t\t\t\t<\/div>\n\t\t\t\t<div class=\"elementor-element elementor-element-64dc95ac elementor-widget elementor-widget-text-editor\" data-id=\"64dc95ac\" data-element_type=\"widget\" data-e-type=\"widget\" data-widget_type=\"text-editor.default\">\n\t\t\t\t\t\t\t\t\t<p>Contact us and together we can make your project a success.<\/p>\t\t\t\t\t\t\t\t<\/div>\n\t\t\t\t<\/div>\n\t\t<div class=\"elementor-element elementor-element-764eca5f e-con-full e-flex e-con e-child\" data-id=\"764eca5f\" data-element_type=\"container\" data-e-type=\"container\" data-settings=\"{&quot;background_background&quot;:&quot;classic&quot;}\">\n\t\t<div class=\"elementor-element elementor-element-6b81dafe e-con-full e-flex e-con e-child\" data-id=\"6b81dafe\" data-element_type=\"container\" data-e-type=\"container\" data-settings=\"{&quot;background_background&quot;:&quot;classic&quot;}\">\n\t\t\t\t<div class=\"elementor-element elementor-element-5d4b893 elementor-align-center elementor-icon-list--layout-traditional elementor-list-item-link-full_width elementor-widget elementor-widget-icon-list\" data-id=\"5d4b893\" data-element_type=\"widget\" data-e-type=\"widget\" data-widget_type=\"icon-list.default\">\n\t\t\t\t\t\t\t<ul class=\"elementor-icon-list-items\">\n\t\t\t\t\t\t\t<li class=\"elementor-icon-list-item\">\n\t\t\t\t\t\t\t\t\t\t\t<a href=\"https:\/\/www.blackprodesign.dz\/en\/contact\/\">\n\n\t\t\t\t\t\t\t\t\t\t\t<span class=\"elementor-icon-list-text\">Get in touch <br> with us<\/span>\n\t\t\t\t\t\t\t\t\t\t\t<\/a>\n\t\t\t\t\t\t\t\t\t<\/li>\n\t\t\t\t\t\t<\/ul>\n\t\t\t\t\t\t<\/div>\n\t\t\t\t<\/div>\n\t\t\t\t<\/div>\n\t\t\t\t\t<\/div>\n\t\t\t\t<\/div>\n\t\t\t\t<\/div>","protected":false},"excerpt":{"rendered":"<p>Peelable IML Au-del\u00e0 de son attractivit\u00e9 en rayon, l\u2019IML d\u00e9collable permet de fid\u00e9liser les consommateurs et d\u2019oeuvrer en faveur du d\u00e9veloppement durable gr\u00e2ce aux possibilit\u00e9s de r\u00e9utilisation. Une \u00e9tiquette IML pelable est une \u00e9tiquette IML pouvant \u00eatre partiellement ou totalement retir\u00e9e (d\u00e9coll\u00e9e) du contenant par le consommateur. Rassurez-vous : le support adh\u00e9sif des \u00e9tiquettes IML [&hellip;]<\/p>\n","protected":false},"author":1,"featured_media":0,"parent":0,"menu_order":0,"comment_status":"closed","ping_status":"closed","template":"elementor_header_footer","meta":{"footnotes":""},"class_list":["post-987","page","type-page","status-publish","hentry"],"_links":{"self":[{"href":"https:\/\/www.blackprodesign.dz\/en\/wp-json\/wp\/v2\/pages\/987","targetHints":{"allow":["GET"]}}],"collection":[{"href":"https:\/\/www.blackprodesign.dz\/en\/wp-json\/wp\/v2\/pages"}],"about":[{"href":"https:\/\/www.blackprodesign.dz\/en\/wp-json\/wp\/v2\/types\/page"}],"author":[{"embeddable":true,"href":"https:\/\/www.blackprodesign.dz\/en\/wp-json\/wp\/v2\/users\/1"}],"replies":[{"embeddable":true,"href":"https:\/\/www.blackprodesign.dz\/en\/wp-json\/wp\/v2\/comments?post=987"}],"version-history":[{"count":25,"href":"https:\/\/www.blackprodesign.dz\/en\/wp-json\/wp\/v2\/pages\/987\/revisions"}],"predecessor-version":[{"id":1324,"href":"https:\/\/www.blackprodesign.dz\/en\/wp-json\/wp\/v2\/pages\/987\/revisions\/1324"}],"wp:attachment":[{"href":"https:\/\/www.blackprodesign.dz\/en\/wp-json\/wp\/v2\/media?parent=987"}],"curies":[{"name":"wp","href":"https:\/\/api.w.org\/{rel}","templated":true}]}}