{"id":980,"date":"2025-08-13T13:53:22","date_gmt":"2025-08-13T13:53:22","guid":{"rendered":"https:\/\/www.blackprodesign.dz\/?page_id=980"},"modified":"2025-08-14T15:11:29","modified_gmt":"2025-08-14T15:11:29","slug":"variabledata-iml","status":"publish","type":"page","link":"https:\/\/www.blackprodesign.dz\/en\/variabledata-iml\/","title":{"rendered":"VariableData IML"},"content":{"rendered":"<div data-elementor-type=\"wp-page\" data-elementor-id=\"980\" class=\"elementor elementor-980\" data-elementor-post-type=\"page\">\n\t\t\t\t<div class=\"elementor-element elementor-element-3c711ef e-flex e-con-boxed e-con e-parent\" data-id=\"3c711ef\" data-element_type=\"container\" data-e-type=\"container\" data-settings=\"{&quot;background_background&quot;:&quot;classic&quot;}\">\n\t\t\t\t\t<div class=\"e-con-inner\">\n\t\t<div class=\"elementor-element elementor-element-7be1e7c7 e-con-full e-flex e-con e-child\" data-id=\"7be1e7c7\" data-element_type=\"container\" data-e-type=\"container\">\n\t\t\t\t<div class=\"elementor-element elementor-element-2682e072 elementor-widget elementor-widget-heading\" data-id=\"2682e072\" data-element_type=\"widget\" data-e-type=\"widget\" data-widget_type=\"heading.default\">\n\t\t\t\t\t<h2 class=\"elementor-heading-title elementor-size-default\">VariableData IML<\/h2>\t\t\t\t<\/div>\n\t\t\t\t<div class=\"elementor-element elementor-element-60e79d34 elementor-widget elementor-widget-text-editor\" data-id=\"60e79d34\" data-element_type=\"widget\" data-e-type=\"widget\" data-widget_type=\"text-editor.default\">\n\t\t\t\t\t\t\t\t\t<div class=\"app-section-c3__content app-wysiwyg-content\"><p>Make each IML label unique<\/p><\/div>\t\t\t\t\t\t\t\t<\/div>\n\t\t\t\t<\/div>\n\t\t<div class=\"elementor-element elementor-element-35c4f82a e-con-full e-flex e-con e-child\" data-id=\"35c4f82a\" data-element_type=\"container\" data-e-type=\"container\">\n\t\t\t\t<div class=\"elementor-element elementor-element-64d693d1 elementor-widget elementor-widget-image\" data-id=\"64d693d1\" data-element_type=\"widget\" data-e-type=\"widget\" data-widget_type=\"image.default\">\n\t\t\t\t\t\t\t\t\t\t\t\t\t\t\t<img fetchpriority=\"high\" decoding=\"async\" width=\"734\" height=\"480\" src=\"https:\/\/www.blackprodesign.dz\/wp-content\/uploads\/2025\/08\/264.png\" class=\"attachment-large size-large wp-image-930\" alt=\"\" srcset=\"https:\/\/www.blackprodesign.dz\/wp-content\/uploads\/2025\/08\/264.png 734w, https:\/\/www.blackprodesign.dz\/wp-content\/uploads\/2025\/08\/264-300x196.png 300w, https:\/\/www.blackprodesign.dz\/wp-content\/uploads\/2025\/08\/264-18x12.png 18w\" sizes=\"(max-width: 734px) 100vw, 734px\" \/>\t\t\t\t\t\t\t\t\t\t\t\t\t\t\t<\/div>\n\t\t\t\t<\/div>\n\t\t\t\t\t<\/div>\n\t\t\t\t<\/div>\n\t\t<div class=\"elementor-element elementor-element-570b60dd e-flex e-con-boxed e-con e-parent\" data-id=\"570b60dd\" data-element_type=\"container\" data-e-type=\"container\">\n\t\t\t\t\t<div class=\"e-con-inner\">\n\t\t<div class=\"elementor-element elementor-element-10e070a7 e-con-full e-flex e-con e-child\" data-id=\"10e070a7\" data-element_type=\"container\" data-e-type=\"container\">\n\t\t\t\t<\/div>\n\t\t<div class=\"elementor-element elementor-element-3d19496f e-con-full e-flex e-con e-child\" data-id=\"3d19496f\" data-element_type=\"container\" data-e-type=\"container\">\n\t\t\t\t<div class=\"elementor-element elementor-element-295668e8 elementor-widget elementor-widget-text-editor\" data-id=\"295668e8\" data-element_type=\"widget\" data-e-type=\"widget\" data-widget_type=\"text-editor.default\">\n\t\t\t\t\t\t\t\t\t<h2><strong>What is VariableData IML?<\/strong><\/h2><p>VariableData IML is a solution for unique coding on IML labels. The unique code is printed during the same process as the IML label: for converters, brand owners, or retailers, there is no need for any additional investment or printing steps to display the code on the packaging.<\/p>\t\t\t\t\t\t\t\t<\/div>\n\t\t\t\t<div class=\"elementor-element elementor-element-106e1460 elementor-widget elementor-widget-text-editor\" data-id=\"106e1460\" data-element_type=\"widget\" data-e-type=\"widget\" data-widget_type=\"text-editor.default\">\n\t\t\t\t\t\t\t\t\t<p>The unique code can be integrated into the IML label design, ensuring the packaging looks flawless.<\/p>\t\t\t\t\t\t\t\t<\/div>\n\t\t\t\t<div class=\"elementor-element elementor-element-1180db11 elementor-widget elementor-widget-text-editor\" data-id=\"1180db11\" data-element_type=\"widget\" data-e-type=\"widget\" data-widget_type=\"text-editor.default\">\n\t\t\t\t\t\t\t\t\t<h2><strong>What is VariableData IML used for?<\/strong><\/h2><p>VariableData IML makes every label unique. Traceability, registration regulations, data collection, brand protection, or marketing objectives: whatever your reason for wanting to apply unique coding to your packaging, VariableData IML has you covered.<\/p>\t\t\t\t\t\t\t\t<\/div>\n\t\t\t\t<div class=\"elementor-element elementor-element-1272e06 elementor-widget elementor-widget-text-editor\" data-id=\"1272e06\" data-element_type=\"widget\" data-e-type=\"widget\" data-widget_type=\"text-editor.default\">\n\t\t\t\t\t\t\t\t\t<h2><strong>What products or markets is VariableData IML useful for?<\/strong><\/h2><p>VariableData IML can be implemented on any IML label, but it is particularly useful for reusable products, cups, medical applications and any other market where unique coding is required. VariableData IML is particularly suitable for reusable products.<\/p>\t\t\t\t\t\t\t\t<\/div>\n\t\t\t\t<\/div>\n\t\t<div class=\"elementor-element elementor-element-a8358c6 e-con-full e-flex e-con e-child\" data-id=\"a8358c6\" data-element_type=\"container\" data-e-type=\"container\">\n\t\t\t\t<\/div>\n\t\t\t\t\t<\/div>\n\t\t\t\t<\/div>\n\t\t<div class=\"elementor-element elementor-element-6a0c889d e-flex e-con-boxed e-con e-parent\" data-id=\"6a0c889d\" data-element_type=\"container\" data-e-type=\"container\" data-settings=\"{&quot;background_background&quot;:&quot;classic&quot;}\">\n\t\t\t\t\t<div class=\"e-con-inner\">\n\t\t<div class=\"elementor-element elementor-element-70bb56cd e-con-full e-flex e-con e-child\" data-id=\"70bb56cd\" data-element_type=\"container\" data-e-type=\"container\">\n\t\t\t\t<\/div>\n\t\t<div class=\"elementor-element elementor-element-60835219 e-con-full e-flex e-con e-child\" data-id=\"60835219\" data-element_type=\"container\" data-e-type=\"container\">\n\t\t\t\t<div class=\"elementor-element elementor-element-2d546eab elementor-widget elementor-widget-heading\" data-id=\"2d546eab\" data-element_type=\"widget\" data-e-type=\"widget\" data-widget_type=\"heading.default\">\n\t\t\t\t\t<h2 class=\"elementor-heading-title elementor-size-default\">Unique coding for the traceability of reusable cups and packaging<\/h2>\t\t\t\t<\/div>\n\t\t\t\t<div class=\"elementor-element elementor-element-91b7263 elementor-widget elementor-widget-text-editor\" data-id=\"91b7263\" data-element_type=\"widget\" data-e-type=\"widget\" data-widget_type=\"text-editor.default\">\n\t\t\t\t\t\t\t\t\t<p><strong>Effectiveness of returns and redistribution<\/strong><\/p><p>Reusable cup systems often rely on consumer behavior: end users must be involved in returning cups, which may require incentives such as deposit systems, customer loyalty programs, or mobile apps. Unique identifiers track when a customer receives and returns a cup, with deposits refunded after return.<\/p><p><strong>Cleaning records<\/strong><\/p><p>The cleaning cycle of each cup can be recorded, ensuring that cups are properly disinfected before being redistributed to customers. This ensures compliance with health and safety standards, providing transparency and confidence for businesses and consumers.<\/p><p><strong>Life cycle monitoring<\/strong><\/p><p>Cups are used and disinfected frequently, making them susceptible to wear and tear. Tracking their lifecycle helps prevent worn or damaged cups from remaining in circulation.<\/p><p><strong>S\u00fcrd\u00fcr\u00fclebilir kalk\u0131nma verileri<\/strong><\/p><p>Data on reuse rates, single-use cup savings and CO emissions<sub>2<\/sub>, etc. can be easily monitored and communicated. The environmental impact is measured over the long term, over multiple reuse cycles, and can be easily communicated to regulators and consumers.<\/p>\t\t\t\t\t\t\t\t<\/div>\n\t\t\t\t<div class=\"elementor-element elementor-element-c1c79e2 elementor-widget elementor-widget-heading\" data-id=\"c1c79e2\" data-element_type=\"widget\" data-e-type=\"widget\" data-widget_type=\"heading.default\">\n\t\t\t\t\t<h2 class=\"elementor-heading-title elementor-size-default\">Unique coding to ensure compliance with legislation<\/h2>\t\t\t\t<\/div>\n\t\t\t\t<div class=\"elementor-element elementor-element-15a7a2c elementor-widget elementor-widget-text-editor\" data-id=\"15a7a2c\" data-element_type=\"widget\" data-e-type=\"widget\" data-widget_type=\"text-editor.default\">\n\t\t\t\t\t\t\t\t\t<p>In some regions and\/or market segments, a unique code is a mandatory element of packaging to guarantee the authenticity, quality, and origin of the product it contains. VariableData IML is the ideal way to add a unique code to your packaging design in a clean, high-quality, and one-step process, without requiring any investment.\u00a0<\/p><p><strong>Passeport num\u00e9rique de produit<\/strong><\/p><p>A unique code is the ideal medium for conveying detailed information about your product's origin, materials, manufacturing process, and life cycle. This digital product passport (DPP) improves transparency for consumers and promotes informed purchasing decisions and sustainable consumption.<\/p>\t\t\t\t\t\t\t\t<\/div>\n\t\t\t\t<div class=\"elementor-element elementor-element-48efe5b elementor-widget elementor-widget-heading\" data-id=\"48efe5b\" data-element_type=\"widget\" data-e-type=\"widget\" data-widget_type=\"heading.default\">\n\t\t\t\t\t<h2 class=\"elementor-heading-title elementor-size-default\">Brand Protection and Marketing<\/h2>\t\t\t\t<\/div>\n\t\t\t\t<div class=\"elementor-element elementor-element-dd2f927 elementor-widget elementor-widget-text-editor\" data-id=\"dd2f927\" data-element_type=\"widget\" data-e-type=\"widget\" data-widget_type=\"text-editor.default\">\n\t\t\t\t\t\t\t\t\t<p><strong>Authenticity checks<\/strong><\/p><p>In market segments experiencing counterfeiting issues, VariableData IML enables simple and rapid authentication control to ensure the consumer's product legitimacy.\u00a0<\/p><p><strong>Loyalty programs and promotions<\/strong><\/p><p>Strengthen brand loyalty and product repurchase by offering rewards for repeat purchases. Or request feedback on (new) products and offer tailored promotions.\u00a0<\/p><p><strong>Ludification<\/strong><\/p><p>M\u00fc\u015fterilerinize bir yar\u0131\u015fma, \u00e7ekili\u015f veya \u015fansl\u0131 bir say\u0131 arac\u0131l\u0131\u011f\u0131yla \u00f6d\u00fcl kazanma \u015fans\u0131 verin!<\/p>\t\t\t\t\t\t\t\t<\/div>\n\t\t\t\t<\/div>\n\t\t<div class=\"elementor-element elementor-element-11017255 e-con-full e-flex e-con e-child\" data-id=\"11017255\" data-element_type=\"container\" data-e-type=\"container\">\n\t\t\t\t<\/div>\n\t\t\t\t\t<\/div>\n\t\t\t\t<\/div>\n\t\t<div class=\"elementor-element elementor-element-7cb48ed7 e-flex e-con-boxed e-con e-parent\" data-id=\"7cb48ed7\" data-element_type=\"container\" data-e-type=\"container\">\n\t\t\t\t\t<div class=\"e-con-inner\">\n\t\t<div class=\"elementor-element elementor-element-4f925820 e-con-full e-flex e-con e-child\" data-id=\"4f925820\" data-element_type=\"container\" data-e-type=\"container\" data-settings=\"{&quot;background_background&quot;:&quot;classic&quot;}\">\n\t\t\t\t<div class=\"elementor-element elementor-element-3bcc75d elementor-widget elementor-widget-heading\" data-id=\"3bcc75d\" data-element_type=\"widget\" data-e-type=\"widget\" data-widget_type=\"heading.default\">\n\t\t\t\t\t<h2 class=\"elementor-heading-title elementor-size-default\">Want to know more ?<\/h2>\t\t\t\t<\/div>\n\t\t\t\t<div class=\"elementor-element elementor-element-5f1ea5ed elementor-widget elementor-widget-text-editor\" data-id=\"5f1ea5ed\" data-element_type=\"widget\" data-e-type=\"widget\" data-widget_type=\"text-editor.default\">\n\t\t\t\t\t\t\t\t\t<p>Contact us and together we can make your project a success.<\/p>\t\t\t\t\t\t\t\t<\/div>\n\t\t\t\t<\/div>\n\t\t<div class=\"elementor-element elementor-element-53fd2994 e-con-full e-flex e-con e-child\" data-id=\"53fd2994\" data-element_type=\"container\" data-e-type=\"container\" data-settings=\"{&quot;background_background&quot;:&quot;classic&quot;}\">\n\t\t<div class=\"elementor-element elementor-element-486f8cc9 e-con-full e-flex e-con e-child\" data-id=\"486f8cc9\" data-element_type=\"container\" data-e-type=\"container\" data-settings=\"{&quot;background_background&quot;:&quot;classic&quot;}\">\n\t\t\t\t<div class=\"elementor-element elementor-element-548eedef elementor-align-center elementor-icon-list--layout-traditional elementor-list-item-link-full_width elementor-widget elementor-widget-icon-list\" data-id=\"548eedef\" data-element_type=\"widget\" data-e-type=\"widget\" data-widget_type=\"icon-list.default\">\n\t\t\t\t\t\t\t<ul class=\"elementor-icon-list-items\">\n\t\t\t\t\t\t\t<li class=\"elementor-icon-list-item\">\n\t\t\t\t\t\t\t\t\t\t\t<a href=\"https:\/\/www.blackprodesign.dz\/en\/contact\/\">\n\n\t\t\t\t\t\t\t\t\t\t\t<span class=\"elementor-icon-list-text\">Get in touch <br> with us<\/span>\n\t\t\t\t\t\t\t\t\t\t\t<\/a>\n\t\t\t\t\t\t\t\t\t<\/li>\n\t\t\t\t\t\t<\/ul>\n\t\t\t\t\t\t<\/div>\n\t\t\t\t<\/div>\n\t\t\t\t<\/div>\n\t\t\t\t\t<\/div>\n\t\t\t\t<\/div>\n\t\t\t\t<\/div>","protected":false},"excerpt":{"rendered":"<p>VariableData IML Rendre chaque \u00e9tiquette IML unique Qu\u2019est-ce que VariableData IML\u00a0? VariableData IML est une solution pour le codage unique sur les \u00e9tiquettes IML. Le code unique est imprim\u00e9 au cours du m\u00eame processus que l\u2019\u00e9tiquette IML : pour les transformateurs, les propri\u00e9taires de marques ou les d\u00e9taillants, il n\u2019y a besoin d\u2019aucun investissement ni [&hellip;]<\/p>\n","protected":false},"author":1,"featured_media":0,"parent":0,"menu_order":0,"comment_status":"closed","ping_status":"closed","template":"elementor_header_footer","meta":{"footnotes":""},"class_list":["post-980","page","type-page","status-publish","hentry"],"_links":{"self":[{"href":"https:\/\/www.blackprodesign.dz\/en\/wp-json\/wp\/v2\/pages\/980","targetHints":{"allow":["GET"]}}],"collection":[{"href":"https:\/\/www.blackprodesign.dz\/en\/wp-json\/wp\/v2\/pages"}],"about":[{"href":"https:\/\/www.blackprodesign.dz\/en\/wp-json\/wp\/v2\/types\/page"}],"author":[{"embeddable":true,"href":"https:\/\/www.blackprodesign.dz\/en\/wp-json\/wp\/v2\/users\/1"}],"replies":[{"embeddable":true,"href":"https:\/\/www.blackprodesign.dz\/en\/wp-json\/wp\/v2\/comments?post=980"}],"version-history":[{"count":10,"href":"https:\/\/www.blackprodesign.dz\/en\/wp-json\/wp\/v2\/pages\/980\/revisions"}],"predecessor-version":[{"id":1283,"href":"https:\/\/www.blackprodesign.dz\/en\/wp-json\/wp\/v2\/pages\/980\/revisions\/1283"}],"wp:attachment":[{"href":"https:\/\/www.blackprodesign.dz\/en\/wp-json\/wp\/v2\/media?parent=980"}],"curies":[{"name":"wp","href":"https:\/\/api.w.org\/{rel}","templated":true}]}}