{"id":972,"date":"2025-08-13T13:50:43","date_gmt":"2025-08-13T13:50:43","guid":{"rendered":"https:\/\/www.blackprodesign.dz\/?page_id=972"},"modified":"2025-08-14T10:46:55","modified_gmt":"2025-08-14T10:46:55","slug":"inspection-friendly-iml","status":"publish","type":"page","link":"https:\/\/www.blackprodesign.dz\/en\/inspection-friendly-iml\/","title":{"rendered":"Inspection Friendly IML"},"content":{"rendered":"<div data-elementor-type=\"wp-page\" data-elementor-id=\"972\" class=\"elementor elementor-972\" data-elementor-post-type=\"page\">\n\t\t\t\t<div class=\"elementor-element elementor-element-41ec732a e-flex e-con-boxed e-con e-parent\" data-id=\"41ec732a\" data-element_type=\"container\" data-e-type=\"container\" data-settings=\"{&quot;background_background&quot;:&quot;classic&quot;}\">\n\t\t\t\t\t<div class=\"e-con-inner\">\n\t\t<div class=\"elementor-element elementor-element-2ea1fd96 e-con-full e-flex e-con e-child\" data-id=\"2ea1fd96\" data-element_type=\"container\" data-e-type=\"container\">\n\t\t\t\t<div class=\"elementor-element elementor-element-4cd8901b elementor-widget elementor-widget-heading\" data-id=\"4cd8901b\" data-element_type=\"widget\" data-e-type=\"widget\" data-widget_type=\"heading.default\">\n\t\t\t\t\t<h2 class=\"elementor-heading-title elementor-size-default\">Inspection Friendly IML<\/h2>\t\t\t\t<\/div>\n\t\t\t\t<div class=\"elementor-element elementor-element-298287b1 elementor-widget elementor-widget-text-editor\" data-id=\"298287b1\" data-element_type=\"widget\" data-e-type=\"widget\" data-widget_type=\"text-editor.default\">\n\t\t\t\t\t\t\t\t\t<div class=\"app-section-c3__content app-wysiwyg-content\"><p>Inspection Friendly IML labels improve quality, production efficiency and save you money.<\/p><\/div>\t\t\t\t\t\t\t\t<\/div>\n\t\t\t\t<\/div>\n\t\t<div class=\"elementor-element elementor-element-4c62fad0 e-con-full e-flex e-con e-child\" data-id=\"4c62fad0\" data-element_type=\"container\" data-e-type=\"container\">\n\t\t\t\t<div class=\"elementor-element elementor-element-5d617783 elementor-widget elementor-widget-image\" data-id=\"5d617783\" data-element_type=\"widget\" data-e-type=\"widget\" data-widget_type=\"image.default\">\n\t\t\t\t\t\t\t\t\t\t\t\t\t\t\t<img fetchpriority=\"high\" decoding=\"async\" width=\"734\" height=\"480\" src=\"https:\/\/www.blackprodesign.dz\/wp-content\/uploads\/2025\/08\/879.png\" class=\"attachment-large size-large wp-image-923\" alt=\"\" srcset=\"https:\/\/www.blackprodesign.dz\/wp-content\/uploads\/2025\/08\/879.png 734w, https:\/\/www.blackprodesign.dz\/wp-content\/uploads\/2025\/08\/879-300x196.png 300w, https:\/\/www.blackprodesign.dz\/wp-content\/uploads\/2025\/08\/879-18x12.png 18w\" sizes=\"(max-width: 734px) 100vw, 734px\" \/>\t\t\t\t\t\t\t\t\t\t\t\t\t\t\t<\/div>\n\t\t\t\t<\/div>\n\t\t\t\t\t<\/div>\n\t\t\t\t<\/div>\n\t\t<div class=\"elementor-element elementor-element-75e9f28a e-flex e-con-boxed e-con e-parent\" data-id=\"75e9f28a\" data-element_type=\"container\" data-e-type=\"container\">\n\t\t\t\t\t<div class=\"e-con-inner\">\n\t\t<div class=\"elementor-element elementor-element-646eb421 e-con-full e-flex e-con e-child\" data-id=\"646eb421\" data-element_type=\"container\" data-e-type=\"container\">\n\t\t\t\t<\/div>\n\t\t<div class=\"elementor-element elementor-element-7bc6496e e-con-full e-flex e-con e-child\" data-id=\"7bc6496e\" data-element_type=\"container\" data-e-type=\"container\">\n\t\t\t\t<div class=\"elementor-element elementor-element-1e28e0cb elementor-widget elementor-widget-text-editor\" data-id=\"1e28e0cb\" data-element_type=\"widget\" data-e-type=\"widget\" data-widget_type=\"text-editor.default\">\n\t\t\t\t\t\t\t\t\t<p>Converters use high-tech camera inspection systems to monitor the quality of each package and reduce reject rates. These vision systems verify the presence and position of the label on the tray, detect blow-by, and ensure the correct SKU label is used.<\/p>\t\t\t\t\t\t\t\t<\/div>\n\t\t\t\t<div class=\"elementor-element elementor-element-4183446c elementor-widget elementor-widget-text-editor\" data-id=\"4183446c\" data-element_type=\"widget\" data-e-type=\"widget\" data-widget_type=\"text-editor.default\">\n\t\t\t\t\t\t\t\t\t<p>Clear labels on clear packaging, or white labels on white packaging without printing on critical areas of the label, make it difficult for vision systems to identify the actual sharp edges of the label, often resulting in false negatives that end up in the trash.<\/p>\t\t\t\t\t\t\t\t<\/div>\n\t\t\t\t<div class=\"elementor-element elementor-element-3ddb2872 elementor-widget elementor-widget-text-editor\" data-id=\"3ddb2872\" data-element_type=\"widget\" data-e-type=\"widget\" data-widget_type=\"text-editor.default\">\n\t\t\t\t\t\t\t\t\t<p>This problem could be solved by adding visible data matrix or QR codes to the label design, allowing camera inspection systems to verify the label's reference. However, these codes take up space on the label and impact the overall appearance of the design. By printing these QR or data matrix codes in invisible ink, they remain imperceptible under normal lighting conditions and are only revealed when the camera illuminates them with a special UV light.<\/p>\t\t\t\t\t\t\t\t<\/div>\n\t\t\t\t<\/div>\n\t\t<div class=\"elementor-element elementor-element-7946488 e-con-full e-flex e-con e-child\" data-id=\"7946488\" data-element_type=\"container\" data-e-type=\"container\">\n\t\t\t\t<\/div>\n\t\t\t\t\t<\/div>\n\t\t\t\t<\/div>\n\t\t<div class=\"elementor-element elementor-element-33e6238d e-flex e-con-boxed e-con e-parent\" data-id=\"33e6238d\" data-element_type=\"container\" data-e-type=\"container\">\n\t\t\t\t\t<div class=\"e-con-inner\">\n\t\t<div class=\"elementor-element elementor-element-56738446 e-con-full e-flex e-con e-child\" data-id=\"56738446\" data-element_type=\"container\" data-e-type=\"container\">\n\t\t\t\t<\/div>\n\t\t<div class=\"elementor-element elementor-element-64fc7af3 e-con-full e-flex e-con e-child\" data-id=\"64fc7af3\" data-element_type=\"container\" data-e-type=\"container\">\n\t\t\t\t<div class=\"elementor-element elementor-element-671981e1 elementor-widget elementor-widget-heading\" data-id=\"671981e1\" data-element_type=\"widget\" data-e-type=\"widget\" data-widget_type=\"heading.default\">\n\t\t\t\t\t<h2 class=\"elementor-heading-title elementor-size-default\">Would you like to know more about the Friendly IML Inspection?<\/h2>\t\t\t\t<\/div>\n\t\t\t\t<div class=\"elementor-element elementor-element-64965ddd elementor-widget elementor-widget-text-editor\" data-id=\"64965ddd\" data-element_type=\"widget\" data-e-type=\"widget\" data-widget_type=\"text-editor.default\">\n\t\t\t\t\t\t\t\t\t<p>IML Inspection Friendly etiketlerinin kaliteyi nas\u0131l iyile\u015ftirdi\u011fini, \u00fcretim verimlili\u011fini nas\u0131l art\u0131rd\u0131\u011f\u0131n\u0131 ve size nas\u0131l para kazand\u0131rd\u0131\u011f\u0131n\u0131 ke\u015ffedin.<\/p>\t\t\t\t\t\t\t\t<\/div>\n\t\t\t\t<div class=\"elementor-element elementor-element-39920bb3 elementor-widget elementor-widget-text-editor\" data-id=\"39920bb3\" data-element_type=\"widget\" data-e-type=\"widget\" data-widget_type=\"text-editor.default\">\n\t\t\t\t\t\t\t\t\t<p><strong><span style=\"color: #333333;\"><a style=\"color: #333333;\" href=\"https:\/\/www.blackprodesign.dz\/en\/contact\/\">Request your IML box suitable for inspection<\/a><\/span><\/strong><\/p>\t\t\t\t\t\t\t\t<\/div>\n\t\t\t\t<\/div>\n\t\t<div class=\"elementor-element elementor-element-1143013e e-con-full e-flex e-con e-child\" data-id=\"1143013e\" data-element_type=\"container\" data-e-type=\"container\">\n\t\t\t\t<div class=\"elementor-element elementor-element-d599353 elementor-widget elementor-widget-image\" data-id=\"d599353\" data-element_type=\"widget\" data-e-type=\"widget\" data-widget_type=\"image.default\">\n\t\t\t\t\t\t\t\t\t\t\t\t\t\t\t<img decoding=\"async\" width=\"480\" height=\"312\" src=\"https:\/\/www.blackprodesign.dz\/wp-content\/uploads\/2025\/08\/09_InspectionFriendlyIML_Samplekit_20250806_FR.png\" class=\"attachment-large size-large wp-image-1182\" alt=\"\" srcset=\"https:\/\/www.blackprodesign.dz\/wp-content\/uploads\/2025\/08\/09_InspectionFriendlyIML_Samplekit_20250806_FR.png 480w, https:\/\/www.blackprodesign.dz\/wp-content\/uploads\/2025\/08\/09_InspectionFriendlyIML_Samplekit_20250806_FR-300x195.png 300w, https:\/\/www.blackprodesign.dz\/wp-content\/uploads\/2025\/08\/09_InspectionFriendlyIML_Samplekit_20250806_FR-18x12.png 18w\" sizes=\"(max-width: 480px) 100vw, 480px\" \/>\t\t\t\t\t\t\t\t\t\t\t\t\t\t\t<\/div>\n\t\t\t\t<\/div>\n\t\t<div class=\"elementor-element elementor-element-d09e06d e-con-full e-flex e-con e-child\" data-id=\"d09e06d\" data-element_type=\"container\" data-e-type=\"container\">\n\t\t\t\t<\/div>\n\t\t\t\t\t<\/div>\n\t\t\t\t<\/div>\n\t\t<div class=\"elementor-element elementor-element-7ef47ba7 e-flex e-con-boxed e-con e-parent\" data-id=\"7ef47ba7\" data-element_type=\"container\" data-e-type=\"container\">\n\t\t\t\t\t<div class=\"e-con-inner\">\n\t\t<div class=\"elementor-element elementor-element-c7ee4c6 e-con-full e-flex e-con e-child\" data-id=\"c7ee4c6\" data-element_type=\"container\" data-e-type=\"container\">\n\t\t\t\t<\/div>\n\t\t<div class=\"elementor-element elementor-element-1268be7a e-con-full e-flex e-con e-child\" data-id=\"1268be7a\" data-element_type=\"container\" data-e-type=\"container\">\n\t\t\t\t<div class=\"elementor-element elementor-element-4dff7df9 elementor-widget elementor-widget-heading\" data-id=\"4dff7df9\" data-element_type=\"widget\" data-e-type=\"widget\" data-widget_type=\"heading.default\">\n\t\t\t\t\t<h2 class=\"elementor-heading-title elementor-size-default\">Invisible ink<\/h2>\t\t\t\t<\/div>\n\t\t\t\t<div class=\"elementor-element elementor-element-769ea43b elementor-widget elementor-widget-text-editor\" data-id=\"769ea43b\" data-element_type=\"widget\" data-e-type=\"widget\" data-widget_type=\"text-editor.default\">\n\t\t\t\t\t\t\t\t\t<p>Invisible ink is a specialized ink that is imperceptible under normal lighting conditions, but is visible under specific UV light. The transparent ink absorbs the UV light exposed by the vision inspection system and reflects a specific wavelength so that the camera can see the image. By adding invisible ink all around the edges of the label, the cut edges of the label can be highlighted so that they become visible to camera inspection systems. The camera can now check the position of the label on the bottom of the cup, the alignment, and even blow-by can be detected. Everyone wins!<\/p>\t\t\t\t\t\t\t\t<\/div>\n\t\t\t\t<\/div>\n\t\t<div class=\"elementor-element elementor-element-55cddc2d e-con-full e-flex e-con e-child\" data-id=\"55cddc2d\" data-element_type=\"container\" data-e-type=\"container\">\n\t\t\t\t<\/div>\n\t\t\t\t\t<\/div>\n\t\t\t\t<\/div>\n\t\t<div class=\"elementor-element elementor-element-35f7ffd7 e-flex e-con-boxed e-con e-parent\" data-id=\"35f7ffd7\" data-element_type=\"container\" data-e-type=\"container\">\n\t\t\t\t\t<div class=\"e-con-inner\">\n\t\t<div class=\"elementor-element elementor-element-5250ed40 e-con-full e-flex e-con e-child\" data-id=\"5250ed40\" data-element_type=\"container\" data-e-type=\"container\">\n\t\t\t\t<div class=\"elementor-element elementor-element-2261bdcb elementor-widget elementor-widget-heading\" data-id=\"2261bdcb\" data-element_type=\"widget\" data-e-type=\"widget\" data-widget_type=\"heading.default\">\n\t\t\t\t\t<h2 class=\"elementor-heading-title elementor-size-default\">Discover the benefits of IML Inspection Friendly labels<\/h2>\t\t\t\t<\/div>\n\t\t\t\t<div class=\"elementor-element elementor-element-36179084 elementor-widget elementor-widget-text-editor\" data-id=\"36179084\" data-element_type=\"widget\" data-e-type=\"widget\" data-widget_type=\"text-editor.default\">\n\t\t\t\t\t\t\t\t\t<h3>Improved production quality and efficiency \u2013 what more could you ask for?<\/h3>\t\t\t\t\t\t\t\t<\/div>\n\t\t<div class=\"elementor-element elementor-element-9849a56 e-con-full e-flex e-con e-child\" data-id=\"9849a56\" data-element_type=\"container\" data-e-type=\"container\" data-settings=\"{&quot;background_background&quot;:&quot;classic&quot;}\">\n\t\t\t\t<div class=\"elementor-element elementor-element-2ff8475a elementor-align-center elementor-icon-list--layout-traditional elementor-list-item-link-full_width elementor-widget elementor-widget-icon-list\" data-id=\"2ff8475a\" data-element_type=\"widget\" data-e-type=\"widget\" data-widget_type=\"icon-list.default\">\n\t\t\t\t\t\t\t<ul class=\"elementor-icon-list-items\">\n\t\t\t\t\t\t\t<li class=\"elementor-icon-list-item\">\n\t\t\t\t\t\t\t\t\t\t<span class=\"elementor-icon-list-text\">Get your inspiration box <br> Barrier IML here<\/span>\n\t\t\t\t\t\t\t\t\t<\/li>\n\t\t\t\t\t\t<\/ul>\n\t\t\t\t\t\t<\/div>\n\t\t\t\t<\/div>\n\t\t\t\t<\/div>\n\t\t<div class=\"elementor-element elementor-element-6efc135 e-con-full e-flex e-con e-child\" data-id=\"6efc135\" data-element_type=\"container\" data-e-type=\"container\" data-settings=\"{&quot;background_background&quot;:&quot;classic&quot;}\">\n\t\t\t\t<div class=\"elementor-element elementor-element-647ab82a elementor-widget elementor-widget-image\" data-id=\"647ab82a\" data-element_type=\"widget\" data-e-type=\"widget\" data-widget_type=\"image.default\">\n\t\t\t\t\t\t\t\t\t\t\t\t\t\t\t<img decoding=\"async\" width=\"480\" height=\"312\" src=\"https:\/\/www.blackprodesign.dz\/wp-content\/uploads\/2025\/08\/09_InspectionFriendlyIML_Samplekit_20250806_FR.png\" class=\"attachment-large size-large wp-image-1182\" alt=\"\" srcset=\"https:\/\/www.blackprodesign.dz\/wp-content\/uploads\/2025\/08\/09_InspectionFriendlyIML_Samplekit_20250806_FR.png 480w, https:\/\/www.blackprodesign.dz\/wp-content\/uploads\/2025\/08\/09_InspectionFriendlyIML_Samplekit_20250806_FR-300x195.png 300w, https:\/\/www.blackprodesign.dz\/wp-content\/uploads\/2025\/08\/09_InspectionFriendlyIML_Samplekit_20250806_FR-18x12.png 18w\" sizes=\"(max-width: 480px) 100vw, 480px\" \/>\t\t\t\t\t\t\t\t\t\t\t\t\t\t\t<\/div>\n\t\t\t\t<\/div>\n\t\t\t\t\t<\/div>\n\t\t\t\t<\/div>\n\t\t<div class=\"elementor-element elementor-element-70a405f7 e-flex e-con-boxed e-con e-parent\" data-id=\"70a405f7\" data-element_type=\"container\" data-e-type=\"container\">\n\t\t\t\t\t<div class=\"e-con-inner\">\n\t\t<div class=\"elementor-element elementor-element-23343adf e-con-full e-flex e-con e-child\" data-id=\"23343adf\" data-element_type=\"container\" data-e-type=\"container\" data-settings=\"{&quot;background_background&quot;:&quot;classic&quot;}\">\n\t\t\t\t<div class=\"elementor-element elementor-element-4fe3bdcc elementor-widget elementor-widget-heading\" data-id=\"4fe3bdcc\" data-element_type=\"widget\" data-e-type=\"widget\" data-widget_type=\"heading.default\">\n\t\t\t\t\t<h2 class=\"elementor-heading-title elementor-size-default\">Want to know more ?<\/h2>\t\t\t\t<\/div>\n\t\t\t\t<div class=\"elementor-element elementor-element-4f7c0bd7 elementor-widget elementor-widget-text-editor\" data-id=\"4f7c0bd7\" data-element_type=\"widget\" data-e-type=\"widget\" data-widget_type=\"text-editor.default\">\n\t\t\t\t\t\t\t\t\t<p>Contact us and together we can make your project a success.<\/p>\t\t\t\t\t\t\t\t<\/div>\n\t\t\t\t<\/div>\n\t\t<div class=\"elementor-element elementor-element-688ad436 e-con-full e-flex e-con e-child\" data-id=\"688ad436\" data-element_type=\"container\" data-e-type=\"container\" data-settings=\"{&quot;background_background&quot;:&quot;classic&quot;}\">\n\t\t<div class=\"elementor-element elementor-element-4c10cd57 e-con-full e-flex e-con e-child\" data-id=\"4c10cd57\" data-element_type=\"container\" data-e-type=\"container\" data-settings=\"{&quot;background_background&quot;:&quot;classic&quot;}\">\n\t\t\t\t<div class=\"elementor-element elementor-element-4a00f24c elementor-align-center elementor-icon-list--layout-traditional elementor-list-item-link-full_width elementor-widget elementor-widget-icon-list\" data-id=\"4a00f24c\" data-element_type=\"widget\" data-e-type=\"widget\" data-widget_type=\"icon-list.default\">\n\t\t\t\t\t\t\t<ul class=\"elementor-icon-list-items\">\n\t\t\t\t\t\t\t<li class=\"elementor-icon-list-item\">\n\t\t\t\t\t\t\t\t\t\t\t<a href=\"https:\/\/www.blackprodesign.dz\/en\/contact\/\">\n\n\t\t\t\t\t\t\t\t\t\t\t<span class=\"elementor-icon-list-text\">Get in touch <br> with us<\/span>\n\t\t\t\t\t\t\t\t\t\t\t<\/a>\n\t\t\t\t\t\t\t\t\t<\/li>\n\t\t\t\t\t\t<\/ul>\n\t\t\t\t\t\t<\/div>\n\t\t\t\t<\/div>\n\t\t\t\t<\/div>\n\t\t\t\t\t<\/div>\n\t\t\t\t<\/div>\n\t\t\t\t<\/div>","protected":false},"excerpt":{"rendered":"<p>Inspection Friendly IML Des \u00e9tiquettes Inspection Friendly IML am\u00e9liorent la qualit\u00e9, l&rsquo;efficacit\u00e9 de votre production et vous font \u00e9conomiser de l&rsquo;argent. Les transformateurs utilisent des syst\u00e8mes d&rsquo;inspection par cam\u00e9ra de haute technologie pour contr\u00f4ler la qualit\u00e9 de chaque emballage et r\u00e9duire le taux de rebut. Ces syst\u00e8mes de vision v\u00e9rifient la pr\u00e9sence et la position [&hellip;]<\/p>\n","protected":false},"author":1,"featured_media":0,"parent":0,"menu_order":0,"comment_status":"closed","ping_status":"closed","template":"elementor_header_footer","meta":{"footnotes":""},"class_list":["post-972","page","type-page","status-publish","hentry"],"_links":{"self":[{"href":"https:\/\/www.blackprodesign.dz\/en\/wp-json\/wp\/v2\/pages\/972","targetHints":{"allow":["GET"]}}],"collection":[{"href":"https:\/\/www.blackprodesign.dz\/en\/wp-json\/wp\/v2\/pages"}],"about":[{"href":"https:\/\/www.blackprodesign.dz\/en\/wp-json\/wp\/v2\/types\/page"}],"author":[{"embeddable":true,"href":"https:\/\/www.blackprodesign.dz\/en\/wp-json\/wp\/v2\/users\/1"}],"replies":[{"embeddable":true,"href":"https:\/\/www.blackprodesign.dz\/en\/wp-json\/wp\/v2\/comments?post=972"}],"version-history":[{"count":19,"href":"https:\/\/www.blackprodesign.dz\/en\/wp-json\/wp\/v2\/pages\/972\/revisions"}],"predecessor-version":[{"id":1201,"href":"https:\/\/www.blackprodesign.dz\/en\/wp-json\/wp\/v2\/pages\/972\/revisions\/1201"}],"wp:attachment":[{"href":"https:\/\/www.blackprodesign.dz\/en\/wp-json\/wp\/v2\/media?parent=972"}],"curies":[{"name":"wp","href":"https:\/\/api.w.org\/{rel}","templated":true}]}}