{"id":815,"date":"2025-08-11T17:25:25","date_gmt":"2025-08-11T17:25:25","guid":{"rendered":"https:\/\/www.blackprodesign.dz\/?page_id=815"},"modified":"2025-09-11T08:13:41","modified_gmt":"2025-09-11T08:13:41","slug":"sleeve-pvc","status":"publish","type":"page","link":"https:\/\/www.blackprodesign.dz\/en\/sleeve-pvc\/","title":{"rendered":"SLEEVE PVC"},"content":{"rendered":"<div data-elementor-type=\"wp-page\" data-elementor-id=\"815\" class=\"elementor elementor-815\" data-elementor-post-type=\"page\">\n\t\t\t\t<div class=\"elementor-element elementor-element-cf5e6fa e-flex e-con-boxed e-con e-parent\" data-id=\"cf5e6fa\" data-element_type=\"container\" data-e-type=\"container\">\n\t\t\t\t\t<div class=\"e-con-inner\">\n\t\t<div class=\"elementor-element elementor-element-6cafa62 e-con-full e-flex e-con e-child\" data-id=\"6cafa62\" data-element_type=\"container\" data-e-type=\"container\">\n\t\t\t\t<div class=\"elementor-element elementor-element-b1f5e7b elementor-widget elementor-widget-heading\" data-id=\"b1f5e7b\" data-element_type=\"widget\" data-e-type=\"widget\" data-widget_type=\"heading.default\">\n\t\t\t\t\t<h2 class=\"elementor-heading-title elementor-size-default\">Sleeve PVC \u00e9tiquette\n<\/h2>\t\t\t\t<\/div>\n\t\t\t\t<div class=\"elementor-element elementor-element-73a3f6e elementor-widget elementor-widget-heading\" data-id=\"73a3f6e\" data-element_type=\"widget\" data-e-type=\"widget\" data-widget_type=\"heading.default\">\n\t\t\t\t\t<h2 class=\"elementor-heading-title elementor-size-default\">Sleeve \n<\/h2>\t\t\t\t<\/div>\n\t\t\t\t<div class=\"elementor-element elementor-element-1e9a9ac elementor-widget elementor-widget-text-editor\" data-id=\"1e9a9ac\" data-element_type=\"widget\" data-e-type=\"widget\" data-widget_type=\"text-editor.default\">\n\t\t\t\t\t\t\t\t\t<ul><li>Manchon thermo r\u00e9tractable utilis\u00e9 pour d\u00e9corer tout type de ontenant en offrant une surface d&rsquo;affichage optimale \u00e0 360\u00b0.<\/li><li>Nos sleeves disponibles en plusieurs taux de r\u00e9traction,\u00e9pousent parfaitement la forme de vos bouteilles, canettes et boites en mettant en valeur leurs courbes et lignes.<\/li><li>Ils sont adapt\u00e9s pour tout type de tunnel : vapeur, air chaud et infrarouge et peuvent \u00eatre munis de perforation longitudinale pour ouverture facile<\/li><\/ul>\t\t\t\t\t\t\t\t<\/div>\n\t\t\t\t<\/div>\n\t\t<div class=\"elementor-element elementor-element-071f607 e-con-full e-flex e-con e-child\" data-id=\"071f607\" data-element_type=\"container\" data-e-type=\"container\">\n\t\t\t\t<div class=\"elementor-element elementor-element-61b912f elementor-invisible elementor-widget elementor-widget-image\" data-id=\"61b912f\" data-element_type=\"widget\" data-e-type=\"widget\" data-settings=\"{&quot;_animation&quot;:&quot;fadeInRight&quot;}\" data-widget_type=\"image.default\">\n\t\t\t\t\t\t\t\t\t\t\t\t\t\t\t<img fetchpriority=\"high\" decoding=\"async\" width=\"768\" height=\"768\" src=\"https:\/\/www.blackprodesign.dz\/wp-content\/uploads\/2025\/09\/image_viber_2025-09-10_19-08-22-450.jpg\" class=\"attachment-large size-large wp-image-2175\" alt=\"\" srcset=\"https:\/\/www.blackprodesign.dz\/wp-content\/uploads\/2025\/09\/image_viber_2025-09-10_19-08-22-450.jpg 768w, https:\/\/www.blackprodesign.dz\/wp-content\/uploads\/2025\/09\/image_viber_2025-09-10_19-08-22-450-300x300.jpg 300w, https:\/\/www.blackprodesign.dz\/wp-content\/uploads\/2025\/09\/image_viber_2025-09-10_19-08-22-450-150x150.jpg 150w, https:\/\/www.blackprodesign.dz\/wp-content\/uploads\/2025\/09\/image_viber_2025-09-10_19-08-22-450-12x12.jpg 12w\" sizes=\"(max-width: 768px) 100vw, 768px\" \/>\t\t\t\t\t\t\t\t\t\t\t\t\t\t\t<\/div>\n\t\t\t\t<\/div>\n\t\t\t\t\t<\/div>\n\t\t\t\t<\/div>\n\t\t<div class=\"elementor-element elementor-element-f3be858 e-flex e-con-boxed e-con e-parent\" data-id=\"f3be858\" data-element_type=\"container\" data-e-type=\"container\">\n\t\t\t\t\t<div class=\"e-con-inner\">\n\t\t<div class=\"elementor-element elementor-element-c886bff e-con-full e-flex e-con e-child\" data-id=\"c886bff\" data-element_type=\"container\" data-e-type=\"container\">\n\t\t\t\t<div class=\"elementor-element elementor-element-9be08a8 elementor-widget elementor-widget-heading\" data-id=\"9be08a8\" data-element_type=\"widget\" data-e-type=\"widget\" data-widget_type=\"heading.default\">\n\t\t\t\t\t<h2 class=\"elementor-heading-title elementor-size-default\">Features\n<\/h2>\t\t\t\t<\/div>\n\t\t\t\t<div class=\"elementor-element elementor-element-783d9d4 elementor-widget elementor-widget-text-editor\" data-id=\"783d9d4\" data-element_type=\"widget\" data-e-type=\"widget\" data-widget_type=\"text-editor.default\">\n\t\t\t\t\t\t\t\t\t<ul><li>Manchon r\u00e9tractable disponible en plusieurs niveaux de r\u00e9traction et convenant \u00e0 tout type de contenant.<\/li><li>R\u00e9siste \u00e0 l&rsquo;humidit\u00e9,\u00e9gratignures et frottements.<\/li><li>Possibilit\u00e9 de perforation longitudinale pour une ouverture facile.<\/li><li>Possibilit\u00e9 d&rsquo;effets brillants.<\/li><li>Livrables en Bobines<\/li><\/ul>\t\t\t\t\t\t\t\t<\/div>\n\t\t\t\t<\/div>\n\t\t<div class=\"elementor-element elementor-element-c3cdd2f e-con-full e-flex e-con e-child\" data-id=\"c3cdd2f\" data-element_type=\"container\" data-e-type=\"container\">\n\t\t\t\t<div class=\"elementor-element elementor-element-3036f6b elementor-invisible elementor-widget elementor-widget-image\" data-id=\"3036f6b\" data-element_type=\"widget\" data-e-type=\"widget\" data-settings=\"{&quot;_animation&quot;:&quot;fadeInLeft&quot;}\" data-widget_type=\"image.default\">\n\t\t\t\t\t\t\t\t\t\t\t\t<figure class=\"wp-caption\">\n\t\t\t\t\t\t\t\t\t\t\t<a href=\"https:\/\/www.blackprodesign.dz\/wp-content\/uploads\/2025\/09\/19-08-21-304.jpg\" data-elementor-open-lightbox=\"yes\" data-elementor-lightbox-title=\"_19-08-21-304\" data-e-action-hash=\"#elementor-action%3Aaction%3Dlightbox%26settings%3DeyJpZCI6MjE4MiwidXJsIjoiaHR0cHM6XC9cL3d3dy5ibGFja3Byb2Rlc2lnbi5kelwvd3AtY29udGVudFwvdXBsb2Fkc1wvMjAyNVwvMDlcLzE5LTA4LTIxLTMwNC5qcGcifQ%3D%3D\">\n\t\t\t\t\t\t\t<img decoding=\"async\" width=\"800\" height=\"800\" src=\"https:\/\/www.blackprodesign.dz\/wp-content\/uploads\/2025\/09\/19-08-21-304.jpg\" class=\"attachment-large size-large wp-image-2182\" alt=\"\" srcset=\"https:\/\/www.blackprodesign.dz\/wp-content\/uploads\/2025\/09\/19-08-21-304.jpg 1024w, https:\/\/www.blackprodesign.dz\/wp-content\/uploads\/2025\/09\/19-08-21-304-300x300.jpg 300w, https:\/\/www.blackprodesign.dz\/wp-content\/uploads\/2025\/09\/19-08-21-304-150x150.jpg 150w, https:\/\/www.blackprodesign.dz\/wp-content\/uploads\/2025\/09\/19-08-21-304-768x768.jpg 768w, https:\/\/www.blackprodesign.dz\/wp-content\/uploads\/2025\/09\/19-08-21-304-12x12.jpg 12w\" sizes=\"(max-width: 800px) 100vw, 800px\" \/>\t\t\t\t\t\t\t\t<\/a>\n\t\t\t\t\t\t\t\t\t\t\t<figcaption class=\"widget-image-caption wp-caption-text\"><\/figcaption>\n\t\t\t\t\t\t\t\t\t\t<\/figure>\n\t\t\t\t\t\t\t\t\t<\/div>\n\t\t\t\t<\/div>\n\t\t\t\t\t<\/div>\n\t\t\t\t<\/div>\n\t\t<div class=\"elementor-element elementor-element-9a98773 e-flex e-con-boxed e-con e-parent\" data-id=\"9a98773\" data-element_type=\"container\" data-e-type=\"container\">\n\t\t\t\t\t<div class=\"e-con-inner\">\n\t\t<div class=\"elementor-element elementor-element-4d0ec2f e-con-full e-flex e-con e-child\" data-id=\"4d0ec2f\" data-element_type=\"container\" data-e-type=\"container\">\n\t\t\t\t<div class=\"elementor-element elementor-element-41362cb elementor-invisible elementor-widget elementor-widget-image\" data-id=\"41362cb\" data-element_type=\"widget\" data-e-type=\"widget\" data-settings=\"{&quot;_animation&quot;:&quot;fadeInRight&quot;}\" data-widget_type=\"image.default\">\n\t\t\t\t\t\t\t\t\t\t\t\t<figure class=\"wp-caption\">\n\t\t\t\t\t\t\t\t\t\t\t<a href=\"https:\/\/www.blackprodesign.dz\/wp-content\/uploads\/2025\/09\/image_viber_2025-09-10_19-08-22-824.jpg\" data-elementor-open-lightbox=\"yes\" data-elementor-lightbox-title=\"image_viber_2025-09-10_19-08-22-824\" data-e-action-hash=\"#elementor-action%3Aaction%3Dlightbox%26settings%3DeyJpZCI6MjE5MSwidXJsIjoiaHR0cHM6XC9cL3d3dy5ibGFja3Byb2Rlc2lnbi5kelwvd3AtY29udGVudFwvdXBsb2Fkc1wvMjAyNVwvMDlcL2ltYWdlX3ZpYmVyXzIwMjUtMDktMTBfMTktMDgtMjItODI0LmpwZyJ9\">\n\t\t\t\t\t\t\t<img decoding=\"async\" width=\"385\" height=\"530\" src=\"https:\/\/www.blackprodesign.dz\/wp-content\/uploads\/2025\/09\/image_viber_2025-09-10_19-08-22-824.jpg\" class=\"attachment-large size-large wp-image-2191\" alt=\"\" srcset=\"https:\/\/www.blackprodesign.dz\/wp-content\/uploads\/2025\/09\/image_viber_2025-09-10_19-08-22-824.jpg 385w, https:\/\/www.blackprodesign.dz\/wp-content\/uploads\/2025\/09\/image_viber_2025-09-10_19-08-22-824-218x300.jpg 218w, https:\/\/www.blackprodesign.dz\/wp-content\/uploads\/2025\/09\/image_viber_2025-09-10_19-08-22-824-9x12.jpg 9w\" sizes=\"(max-width: 385px) 100vw, 385px\" \/>\t\t\t\t\t\t\t\t<\/a>\n\t\t\t\t\t\t\t\t\t\t\t<figcaption class=\"widget-image-caption wp-caption-text\"><\/figcaption>\n\t\t\t\t\t\t\t\t\t\t<\/figure>\n\t\t\t\t\t\t\t\t\t<\/div>\n\t\t\t\t<\/div>\n\t\t<div class=\"elementor-element elementor-element-21a2367 e-con-full e-flex e-con e-child\" data-id=\"21a2367\" data-element_type=\"container\" data-e-type=\"container\">\n\t\t\t\t<div class=\"elementor-element elementor-element-2e93801 elementor-widget elementor-widget-heading\" data-id=\"2e93801\" data-element_type=\"widget\" data-e-type=\"widget\" data-widget_type=\"heading.default\">\n\t\t\t\t\t<h2 class=\"elementor-heading-title elementor-size-default\">Applications\n<\/h2>\t\t\t\t<\/div>\n\t\t\t\t<div class=\"elementor-element elementor-element-3cc170c elementor-widget elementor-widget-text-editor\" data-id=\"3cc170c\" data-element_type=\"widget\" data-e-type=\"widget\" data-widget_type=\"text-editor.default\">\n\t\t\t\t\t\t\t\t\t<ul><li><strong>Laitier :<\/strong> Yaourt \u00e0 boire, ou lait en bouteille, \u2026<\/li><li><strong>Boissons :<\/strong> Eau, jus et boissons gazeuses en bouteille ou canettes.<\/li><li><strong>Biscuit &amp; confiserie :<\/strong> Pots chocolat ou confiserie.<\/li><li><strong>Hygi\u00e8ne :<\/strong> D\u00e9tergents, shampoing\u2026<\/li><\/ul>\t\t\t\t\t\t\t\t<\/div>\n\t\t\t\t<\/div>\n\t\t\t\t\t<\/div>\n\t\t\t\t<\/div>\n\t\t\t\t<\/div>","protected":false},"excerpt":{"rendered":"<p>Sleeve PVC \u00e9tiquette Sleeve Manchon thermo r\u00e9tractable utilis\u00e9 pour d\u00e9corer tout type de ontenant en offrant une surface d&rsquo;affichage optimale \u00e0 360\u00b0. Nos sleeves disponibles en plusieurs taux de r\u00e9traction,\u00e9pousent parfaitement la forme de vos bouteilles, canettes et boites en mettant en valeur leurs courbes et lignes. Ils sont adapt\u00e9s pour tout type de tunnel [&hellip;]<\/p>\n","protected":false},"author":1,"featured_media":0,"parent":0,"menu_order":0,"comment_status":"closed","ping_status":"closed","template":"elementor_header_footer","meta":{"footnotes":""},"class_list":["post-815","page","type-page","status-publish","hentry"],"_links":{"self":[{"href":"https:\/\/www.blackprodesign.dz\/en\/wp-json\/wp\/v2\/pages\/815","targetHints":{"allow":["GET"]}}],"collection":[{"href":"https:\/\/www.blackprodesign.dz\/en\/wp-json\/wp\/v2\/pages"}],"about":[{"href":"https:\/\/www.blackprodesign.dz\/en\/wp-json\/wp\/v2\/types\/page"}],"author":[{"embeddable":true,"href":"https:\/\/www.blackprodesign.dz\/en\/wp-json\/wp\/v2\/users\/1"}],"replies":[{"embeddable":true,"href":"https:\/\/www.blackprodesign.dz\/en\/wp-json\/wp\/v2\/comments?post=815"}],"version-history":[{"count":25,"href":"https:\/\/www.blackprodesign.dz\/en\/wp-json\/wp\/v2\/pages\/815\/revisions"}],"predecessor-version":[{"id":2200,"href":"https:\/\/www.blackprodesign.dz\/en\/wp-json\/wp\/v2\/pages\/815\/revisions\/2200"}],"wp:attachment":[{"href":"https:\/\/www.blackprodesign.dz\/en\/wp-json\/wp\/v2\/media?parent=815"}],"curies":[{"name":"wp","href":"https:\/\/api.w.org\/{rel}","templated":true}]}}