{"id":810,"date":"2025-08-11T17:24:38","date_gmt":"2025-08-11T17:24:38","guid":{"rendered":"https:\/\/www.blackprodesign.dz\/?page_id=810"},"modified":"2025-09-10T07:43:10","modified_gmt":"2025-09-10T07:43:10","slug":"pet","status":"publish","type":"page","link":"https:\/\/www.blackprodesign.dz\/en\/pet\/","title":{"rendered":"PET"},"content":{"rendered":"<div data-elementor-type=\"wp-page\" data-elementor-id=\"810\" class=\"elementor elementor-810\" data-elementor-post-type=\"page\">\n\t\t\t\t<div class=\"elementor-element elementor-element-819af92 e-flex e-con-boxed e-con e-parent\" data-id=\"819af92\" data-element_type=\"container\" data-e-type=\"container\">\n\t\t\t\t\t<div class=\"e-con-inner\">\n\t\t<div class=\"elementor-element elementor-element-c7301ab e-con-full e-flex e-con e-child\" data-id=\"c7301ab\" data-element_type=\"container\" data-e-type=\"container\">\n\t\t\t\t<div class=\"elementor-element elementor-element-b1eace1 elementor-widget elementor-widget-image\" data-id=\"b1eace1\" data-element_type=\"widget\" data-e-type=\"widget\" data-widget_type=\"image.default\">\n\t\t\t\t\t\t\t\t\t\t\t\t\t\t\t<img fetchpriority=\"high\" decoding=\"async\" width=\"440\" height=\"452\" src=\"https:\/\/www.blackprodesign.dz\/wp-content\/uploads\/2025\/09\/5-09-09_12-02-07-623.png\" class=\"attachment-large size-large wp-image-2154\" alt=\"\" srcset=\"https:\/\/www.blackprodesign.dz\/wp-content\/uploads\/2025\/09\/5-09-09_12-02-07-623.png 440w, https:\/\/www.blackprodesign.dz\/wp-content\/uploads\/2025\/09\/5-09-09_12-02-07-623-292x300.png 292w, https:\/\/www.blackprodesign.dz\/wp-content\/uploads\/2025\/09\/5-09-09_12-02-07-623-12x12.png 12w\" sizes=\"(max-width: 440px) 100vw, 440px\" \/>\t\t\t\t\t\t\t\t\t\t\t\t\t\t\t<\/div>\n\t\t\t\t<\/div>\n\t\t<div class=\"elementor-element elementor-element-d7dfc71 e-con-full e-flex e-con e-child\" data-id=\"d7dfc71\" data-element_type=\"container\" data-e-type=\"container\">\n\t\t\t\t<div class=\"elementor-element elementor-element-9b7a3fa elementor-widget elementor-widget-text-editor\" data-id=\"9b7a3fa\" data-element_type=\"widget\" data-e-type=\"widget\" data-widget_type=\"text-editor.default\">\n\t\t\t\t\t\t\t\t\t<p>White PET labels<br \/>Introducing the BLACK PRO DESIGN white PET barcode label, a reliable choice for identifying your products in various industrial settings. Its durability, impressive strength, and strong adhesion make this label a clear standout from standard labeling solutions on the market.<\/p>\t\t\t\t\t\t\t\t<\/div>\n\t\t\t\t<\/div>\n\t\t\t\t\t<\/div>\n\t\t\t\t<\/div>\n\t\t<div class=\"elementor-element elementor-element-26be581 e-flex e-con-boxed e-con e-parent\" data-id=\"26be581\" data-element_type=\"container\" data-e-type=\"container\">\n\t\t\t\t\t<div class=\"e-con-inner\">\n\t\t\t\t<div class=\"elementor-element elementor-element-517c4ef elementor-widget elementor-widget-text-editor\" data-id=\"517c4ef\" data-element_type=\"widget\" data-e-type=\"widget\" data-widget_type=\"text-editor.default\">\n\t\t\t\t\t\t\t\t\t<p>1. Exceptional Durability: Made of white PET, a material known for its strength, this label effectively resists external aggressions. Incorporating a protective lamination, it is designed to resist abrasion, dirt and ultraviolet rays. Its acrylic adhesive provides durable and reliable adhesion, making these labels a cost-effective choice in the long term.<\/p>\t\t\t\t\t\t\t\t<\/div>\n\t\t\t\t\t<\/div>\n\t\t\t\t<\/div>\n\t\t<div class=\"elementor-element elementor-element-ba96737 e-flex e-con-boxed e-con e-parent\" data-id=\"ba96737\" data-element_type=\"container\" data-e-type=\"container\">\n\t\t\t\t\t<div class=\"e-con-inner\">\n\t\t<div class=\"elementor-element elementor-element-641c656 e-con-full e-flex e-con e-child\" data-id=\"641c656\" data-element_type=\"container\" data-e-type=\"container\">\n\t\t\t\t<div class=\"elementor-element elementor-element-b7c5090 elementor-widget elementor-widget-text-editor\" data-id=\"b7c5090\" data-element_type=\"widget\" data-e-type=\"widget\" data-widget_type=\"text-editor.default\">\n\t\t\t\t\t\t\t\t\t<p>2. Customizable and practical:<br \/>PET labels are available in several formats to meet your specific needs. Whether you prefer a custom die-cut to precisely fit the label to your product, or corners<br \/>Estetik a\u00e7\u0131dan ho\u015f bir g\u00f6r\u00fcn\u00fcm i\u00e7in yuvarlat\u0131lm\u0131\u015f BLACK PRO DESIGN sizin i\u00e7in bir \u00e7\u00f6z\u00fcme sahip. Ayr\u0131ca, bu etiket barkod taray\u0131c\u0131lar\u0131 taraf\u0131ndan m\u00fckemmel bir \u015fekilde okunabilecek \u015fekilde tasarlanm\u0131\u015ft\u0131r ve envanterinizin verimli bir \u015fekilde y\u00f6netilmesini sa\u011flar.<\/p>\t\t\t\t\t\t\t\t<\/div>\n\t\t\t\t<\/div>\n\t\t<div class=\"elementor-element elementor-element-eaf570b e-con-full e-flex e-con e-child\" data-id=\"eaf570b\" data-element_type=\"container\" data-e-type=\"container\">\n\t\t\t\t<div class=\"elementor-element elementor-element-5abe181 elementor-widget elementor-widget-image\" data-id=\"5abe181\" data-element_type=\"widget\" data-e-type=\"widget\" data-widget_type=\"image.default\">\n\t\t\t\t\t\t\t\t\t\t\t\t\t\t\t<img decoding=\"async\" width=\"225\" height=\"225\" src=\"https:\/\/www.blackprodesign.dz\/wp-content\/uploads\/2025\/09\/232.jpg\" class=\"attachment-large size-large wp-image-2158\" alt=\"\" srcset=\"https:\/\/www.blackprodesign.dz\/wp-content\/uploads\/2025\/09\/232.jpg 225w, https:\/\/www.blackprodesign.dz\/wp-content\/uploads\/2025\/09\/232-150x150.jpg 150w, https:\/\/www.blackprodesign.dz\/wp-content\/uploads\/2025\/09\/232-12x12.jpg 12w\" sizes=\"(max-width: 225px) 100vw, 225px\" \/>\t\t\t\t\t\t\t\t\t\t\t\t\t\t\t<\/div>\n\t\t\t\t<\/div>\n\t\t\t\t\t<\/div>\n\t\t\t\t<\/div>\n\t\t<div class=\"elementor-element elementor-element-3210e3b e-flex e-con-boxed e-con e-parent\" data-id=\"3210e3b\" data-element_type=\"container\" data-e-type=\"container\">\n\t\t\t\t\t<div class=\"e-con-inner\">\n\t\t\t\t<div class=\"elementor-element elementor-element-28fa217 elementor-widget elementor-widget-text-editor\" data-id=\"28fa217\" data-element_type=\"widget\" data-e-type=\"widget\" data-widget_type=\"text-editor.default\">\n\t\t\t\t\t\t\t\t\t<p>3. Versatility: In addition to product labeling, these labels can be used in a variety of industrial applications, including part tracking, asset identification, and even product information display. Regardless of your industry, whether you work in logistics, food, cosmetics, or pharmaceuticals, you\u2019ll find valuable uses for these labels.<\/p>\t\t\t\t\t\t\t\t<\/div>\n\t\t\t\t\t<\/div>\n\t\t\t\t<\/div>\n\t\t<div class=\"elementor-element elementor-element-91fba36 e-flex e-con-boxed e-con e-parent\" data-id=\"91fba36\" data-element_type=\"container\" data-e-type=\"container\">\n\t\t\t\t\t<div class=\"e-con-inner\">\n\t\t<div class=\"elementor-element elementor-element-f27c2f0 e-con-full e-flex e-con e-child\" data-id=\"f27c2f0\" data-element_type=\"container\" data-e-type=\"container\">\n\t\t\t\t<div class=\"elementor-element elementor-element-adf9b64 elementor-widget elementor-widget-image\" data-id=\"adf9b64\" data-element_type=\"widget\" data-e-type=\"widget\" data-widget_type=\"image.default\">\n\t\t\t\t\t\t\t\t\t\t\t\t\t\t\t<img decoding=\"async\" width=\"372\" height=\"496\" src=\"https:\/\/www.blackprodesign.dz\/wp-content\/uploads\/2025\/09\/12-02-03-926.jpg\" class=\"attachment-large size-large wp-image-2164\" alt=\"\" srcset=\"https:\/\/www.blackprodesign.dz\/wp-content\/uploads\/2025\/09\/12-02-03-926.jpg 372w, https:\/\/www.blackprodesign.dz\/wp-content\/uploads\/2025\/09\/12-02-03-926-225x300.jpg 225w, https:\/\/www.blackprodesign.dz\/wp-content\/uploads\/2025\/09\/12-02-03-926-9x12.jpg 9w\" sizes=\"(max-width: 372px) 100vw, 372px\" \/>\t\t\t\t\t\t\t\t\t\t\t\t\t\t\t<\/div>\n\t\t\t\t<\/div>\n\t\t<div class=\"elementor-element elementor-element-3b1cf87 e-con-full e-flex e-con e-child\" data-id=\"3b1cf87\" data-element_type=\"container\" data-e-type=\"container\">\n\t\t\t\t<div class=\"elementor-element elementor-element-b00b91a elementor-widget elementor-widget-text-editor\" data-id=\"b00b91a\" data-element_type=\"widget\" data-e-type=\"widget\" data-widget_type=\"text-editor.default\">\n\t\t\t\t\t\t\t\t\t<p>Custom printing film laminated PET laminated with PA PE EVOH high barrier film for VFFS\/bag making\/covering<\/p>\t\t\t\t\t\t\t\t<\/div>\n\t\t\t\t<div class=\"elementor-element elementor-element-608f36d elementor-widget elementor-widget-text-editor\" data-id=\"608f36d\" data-element_type=\"widget\" data-e-type=\"widget\" data-widget_type=\"text-editor.default\">\n\t\t\t\t\t\t\t\t\t<p>Custom printing film laminated PET laminated with PA PE EVOH high barrier film for VFFS\/manufacturing <\/p>\t\t\t\t\t\t\t\t<\/div>\n\t\t\t\t<\/div>\n\t\t\t\t\t<\/div>\n\t\t\t\t<\/div>\n\t\t<div class=\"elementor-element elementor-element-ec34427 e-flex e-con-boxed e-con e-parent\" data-id=\"ec34427\" data-element_type=\"container\" data-e-type=\"container\">\n\t\t\t\t\t<div class=\"e-con-inner\">\n\t\t\t\t<div class=\"elementor-element elementor-element-7365532 elementor-widget elementor-widget-text-editor\" data-id=\"7365532\" data-element_type=\"widget\" data-e-type=\"widget\" data-widget_type=\"text-editor.default\">\n\t\t\t\t\t\t\t\t\t<p><span class=\"fontstyle0\">4. Increased resistance: PET labels offer exceptional resistance to heat and chemicals, thanks to the possibility of additional processing. Whether in a high-temperature environment or exposure to chemicals, your labels will remain intact and legible, offering a consistent level of performance.<\/span> <\/p><p><span class=\"fontstyle0\">By leveraging the durable, versatile, and resistant qualities of PET barcode labels, your business will quickly recognize their multifaceted utility. Ensure your products are clearly identified and protected from external influences by choosing the white PET barcode label from BLACK PRO DESIGN.<\/span> <\/p>\t\t\t\t\t\t\t\t<\/div>\n\t\t\t\t\t<\/div>\n\t\t\t\t<\/div>\n\t\t<div class=\"elementor-element elementor-element-c37cabb e-flex e-con-boxed e-con e-parent\" data-id=\"c37cabb\" data-element_type=\"container\" data-e-type=\"container\">\n\t\t\t\t\t<div class=\"e-con-inner\">\n\t\t<div class=\"elementor-element elementor-element-4379d4f e-con-full e-flex e-con e-child\" data-id=\"4379d4f\" data-element_type=\"container\" data-e-type=\"container\">\n\t\t\t\t<div class=\"elementor-element elementor-element-83acaa0 elementor-widget elementor-widget-heading\" data-id=\"83acaa0\" data-element_type=\"widget\" data-e-type=\"widget\" data-widget_type=\"heading.default\">\n\t\t\t\t\t<h2 class=\"elementor-heading-title elementor-size-default\">Features\n<\/h2>\t\t\t\t<\/div>\n\t\t\t\t<div class=\"elementor-element elementor-element-465eaa3 elementor-widget elementor-widget-text-editor\" data-id=\"465eaa3\" data-element_type=\"widget\" data-e-type=\"widget\" data-widget_type=\"text-editor.default\">\n\t\t\t\t\t\t\t\t\t<p>Material: white PET<br \/>Lamination: Protection against abrasion, dirt and rays<br \/>UV Cutting: Custom or rounded corners<br \/>Glue: High strength acrylic<br \/>Possible treatment: Resistance to heat or chemical agents<br \/>Adapted: Barcodes<br \/>Resistance: Durable and resistant<br \/>Format : Standard<\/p>\t\t\t\t\t\t\t\t<\/div>\n\t\t\t\t<div class=\"elementor-element elementor-element-36fb8db elementor-widget elementor-widget-heading\" data-id=\"36fb8db\" data-element_type=\"widget\" data-e-type=\"widget\" data-widget_type=\"heading.default\">\n\t\t\t\t\t<h2 class=\"elementor-heading-title elementor-size-default\">Areas of application\n\n<\/h2>\t\t\t\t<\/div>\n\t\t\t\t<div class=\"elementor-element elementor-element-d06760a elementor-widget elementor-widget-text-editor\" data-id=\"d06760a\" data-element_type=\"widget\" data-e-type=\"widget\" data-widget_type=\"text-editor.default\">\n\t\t\t\t\t\t\t\t\t<p><span class=\"fontstyle0\">*Automotive *Aerospace *Pharmaceutical *Food *Chemical *Electronics<\/span> <\/p>\t\t\t\t\t\t\t\t<\/div>\n\t\t\t\t<\/div>\n\t\t<div class=\"elementor-element elementor-element-9e4c0ac e-con-full e-flex e-con e-child\" data-id=\"9e4c0ac\" data-element_type=\"container\" data-e-type=\"container\">\n\t\t\t\t<\/div>\n\t\t\t\t\t<\/div>\n\t\t\t\t<\/div>\n\t\t\t\t<\/div>","protected":false},"excerpt":{"rendered":"<p>Etiquettes PET blancPr\u00e9sentons l&rsquo;\u00e9tiquette PET blanc pour codes-barres par BLACK PRO DESIGN, un choix fiable pour identifier vos produits dans divers contextes industriels. Gr\u00e2ce \u00e0 sa durabilit\u00e9, sa r\u00e9sistance impressionnante et sa forte adh\u00e9rence, cette \u00e9tiquette se distingue nettement des solutions d&rsquo;\u00e9tiquetage standard du march\u00e9 1. Durabilit\u00e9 exceptionnelle : Fabriqu\u00e9e en PET blanc, un mat\u00e9riau [&hellip;]<\/p>\n","protected":false},"author":1,"featured_media":0,"parent":0,"menu_order":0,"comment_status":"closed","ping_status":"closed","template":"elementor_header_footer","meta":{"footnotes":""},"class_list":["post-810","page","type-page","status-publish","hentry"],"_links":{"self":[{"href":"https:\/\/www.blackprodesign.dz\/en\/wp-json\/wp\/v2\/pages\/810","targetHints":{"allow":["GET"]}}],"collection":[{"href":"https:\/\/www.blackprodesign.dz\/en\/wp-json\/wp\/v2\/pages"}],"about":[{"href":"https:\/\/www.blackprodesign.dz\/en\/wp-json\/wp\/v2\/types\/page"}],"author":[{"embeddable":true,"href":"https:\/\/www.blackprodesign.dz\/en\/wp-json\/wp\/v2\/users\/1"}],"replies":[{"embeddable":true,"href":"https:\/\/www.blackprodesign.dz\/en\/wp-json\/wp\/v2\/comments?post=810"}],"version-history":[{"count":16,"href":"https:\/\/www.blackprodesign.dz\/en\/wp-json\/wp\/v2\/pages\/810\/revisions"}],"predecessor-version":[{"id":2170,"href":"https:\/\/www.blackprodesign.dz\/en\/wp-json\/wp\/v2\/pages\/810\/revisions\/2170"}],"wp:attachment":[{"href":"https:\/\/www.blackprodesign.dz\/en\/wp-json\/wp\/v2\/media?parent=810"}],"curies":[{"name":"wp","href":"https:\/\/api.w.org\/{rel}","templated":true}]}}