{"id":805,"date":"2025-08-11T17:22:59","date_gmt":"2025-08-11T17:22:59","guid":{"rendered":"https:\/\/www.blackprodesign.dz\/?page_id=805"},"modified":"2025-09-08T22:21:58","modified_gmt":"2025-09-08T22:21:58","slug":"opp-metallise","status":"publish","type":"page","link":"https:\/\/www.blackprodesign.dz\/en\/opp-metallise\/","title":{"rendered":"OPP m\u00e9tallis\u00e9"},"content":{"rendered":"<div data-elementor-type=\"wp-page\" data-elementor-id=\"805\" class=\"elementor elementor-805\" data-elementor-post-type=\"page\">\n\t\t\t\t<div class=\"elementor-element elementor-element-dfda2dd e-flex e-con-boxed e-con e-parent\" data-id=\"dfda2dd\" data-element_type=\"container\" data-e-type=\"container\">\n\t\t\t\t\t<div class=\"e-con-inner\">\n\t\t<div class=\"elementor-element elementor-element-5e09518 e-con-full e-flex e-con e-child\" data-id=\"5e09518\" data-element_type=\"container\" data-e-type=\"container\">\n\t\t\t\t<div class=\"elementor-element elementor-element-38838f8 elementor-widget elementor-widget-text-editor\" data-id=\"38838f8\" data-element_type=\"widget\" data-e-type=\"widget\" data-widget_type=\"text-editor.default\">\n\t\t\t\t\t\t\t\t\t<p><strong>A metallized OPP<\/strong> is a type of oriented polypropylene (OPP) plastic film that has been coated with a thin layer of metal, most commonly aluminum, to give it a shiny, metallic appearance while reducing its weight and cost compared to aluminum foil. This material is widely used in food packaging and decorative applications due to its gloss, rigidity, and ability to provide better protection against moisture and oxygen.<\/p>\t\t\t\t\t\t\t\t<\/div>\n\t\t\t\t<\/div>\n\t\t<div class=\"elementor-element elementor-element-93a9000 e-con-full e-flex e-con e-child\" data-id=\"93a9000\" data-element_type=\"container\" data-e-type=\"container\">\n\t\t\t\t<div class=\"elementor-element elementor-element-7c45dbd elementor-widget elementor-widget-image\" data-id=\"7c45dbd\" data-element_type=\"widget\" data-e-type=\"widget\" data-widget_type=\"image.default\">\n\t\t\t\t\t\t\t\t\t\t\t\t\t\t\t<img fetchpriority=\"high\" decoding=\"async\" width=\"792\" height=\"660\" src=\"https:\/\/www.blackprodesign.dz\/wp-content\/uploads\/2025\/09\/image_viber_2025-09-08_13-36-46-152.png\" class=\"attachment-large size-large wp-image-2126\" alt=\"\" srcset=\"https:\/\/www.blackprodesign.dz\/wp-content\/uploads\/2025\/09\/image_viber_2025-09-08_13-36-46-152.png 792w, https:\/\/www.blackprodesign.dz\/wp-content\/uploads\/2025\/09\/image_viber_2025-09-08_13-36-46-152-300x250.png 300w, https:\/\/www.blackprodesign.dz\/wp-content\/uploads\/2025\/09\/image_viber_2025-09-08_13-36-46-152-768x640.png 768w, https:\/\/www.blackprodesign.dz\/wp-content\/uploads\/2025\/09\/image_viber_2025-09-08_13-36-46-152-14x12.png 14w\" sizes=\"(max-width: 792px) 100vw, 792px\" \/>\t\t\t\t\t\t\t\t\t\t\t\t\t\t\t<\/div>\n\t\t\t\t<\/div>\n\t\t\t\t\t<\/div>\n\t\t\t\t<\/div>\n\t\t<div class=\"elementor-element elementor-element-23879ae e-flex e-con-boxed e-con e-parent\" data-id=\"23879ae\" data-element_type=\"container\" data-e-type=\"container\">\n\t\t\t\t\t<div class=\"e-con-inner\">\n\t\t<div class=\"elementor-element elementor-element-3352b2e e-con-full e-flex e-con e-child\" data-id=\"3352b2e\" data-element_type=\"container\" data-e-type=\"container\">\n\t\t\t\t<\/div>\n\t\t<div class=\"elementor-element elementor-element-4399a53 e-con-full e-flex e-con e-child\" data-id=\"4399a53\" data-element_type=\"container\" data-e-type=\"container\">\n\t\t\t\t<div class=\"elementor-element elementor-element-449a379 elementor-widget elementor-widget-image\" data-id=\"449a379\" data-element_type=\"widget\" data-e-type=\"widget\" data-widget_type=\"image.default\">\n\t\t\t\t\t\t\t\t\t\t\t\t\t\t\t<img decoding=\"async\" width=\"662\" height=\"647\" src=\"https:\/\/www.blackprodesign.dz\/wp-content\/uploads\/2025\/09\/image_viber_2025-09-08_13-36-51-308.jpg\" class=\"attachment-large size-large wp-image-2130\" alt=\"\" srcset=\"https:\/\/www.blackprodesign.dz\/wp-content\/uploads\/2025\/09\/image_viber_2025-09-08_13-36-51-308.jpg 662w, https:\/\/www.blackprodesign.dz\/wp-content\/uploads\/2025\/09\/image_viber_2025-09-08_13-36-51-308-300x293.jpg 300w, https:\/\/www.blackprodesign.dz\/wp-content\/uploads\/2025\/09\/image_viber_2025-09-08_13-36-51-308-12x12.jpg 12w\" sizes=\"(max-width: 662px) 100vw, 662px\" \/>\t\t\t\t\t\t\t\t\t\t\t\t\t\t\t<\/div>\n\t\t\t\t<\/div>\n\t\t<div class=\"elementor-element elementor-element-1dd6cfd e-con-full e-flex e-con e-child\" data-id=\"1dd6cfd\" data-element_type=\"container\" data-e-type=\"container\">\n\t\t\t\t<\/div>\n\t\t\t\t\t<\/div>\n\t\t\t\t<\/div>\n\t\t<div class=\"elementor-element elementor-element-56a92f6 e-flex e-con-boxed e-con e-parent\" data-id=\"56a92f6\" data-element_type=\"container\" data-e-type=\"container\">\n\t\t\t\t\t<div class=\"e-con-inner\">\n\t\t<div class=\"elementor-element elementor-element-d05e938 e-con-full e-flex e-con e-child\" data-id=\"d05e938\" data-element_type=\"container\" data-e-type=\"container\">\n\t\t\t\t<div class=\"elementor-element elementor-element-3ef4206 elementor-widget elementor-widget-image\" data-id=\"3ef4206\" data-element_type=\"widget\" data-e-type=\"widget\" data-widget_type=\"image.default\">\n\t\t\t\t\t\t\t\t\t\t\t\t\t\t\t<img decoding=\"async\" width=\"445\" height=\"370\" src=\"https:\/\/www.blackprodesign.dz\/wp-content\/uploads\/2025\/09\/image_viber_2025-09-08_13-36-52-903.png\" class=\"attachment-large size-large wp-image-2134\" alt=\"\" srcset=\"https:\/\/www.blackprodesign.dz\/wp-content\/uploads\/2025\/09\/image_viber_2025-09-08_13-36-52-903.png 445w, https:\/\/www.blackprodesign.dz\/wp-content\/uploads\/2025\/09\/image_viber_2025-09-08_13-36-52-903-300x249.png 300w, https:\/\/www.blackprodesign.dz\/wp-content\/uploads\/2025\/09\/image_viber_2025-09-08_13-36-52-903-14x12.png 14w\" sizes=\"(max-width: 445px) 100vw, 445px\" \/>\t\t\t\t\t\t\t\t\t\t\t\t\t\t\t<\/div>\n\t\t\t\t<\/div>\n\t\t<div class=\"elementor-element elementor-element-ea7ede4 e-con-full e-flex e-con e-child\" data-id=\"ea7ede4\" data-element_type=\"container\" data-e-type=\"container\">\n\t\t\t\t<div class=\"elementor-element elementor-element-b40ca10 elementor-widget elementor-widget-text-editor\" data-id=\"b40ca10\" data-element_type=\"widget\" data-e-type=\"widget\" data-widget_type=\"text-editor.default\">\n\t\t\t\t\t\t\t\t\t<p>A common application of polypropylene is oriented polypropylene <strong>(OPP)<\/strong>This film has excellent moisture resistance properties, making it ideal for the use of normal inks which produces a very clear printing result.<\/p><p>A metallized film is a plastic film coated with a thin layer of metal, usually aluminum. It offers the shiny metallic appearance of aluminum foil at a reduced weight and cost. Metallized films are widely used for decorative purposes and in food packaging.<\/p>\t\t\t\t\t\t\t\t<\/div>\n\t\t\t\t<\/div>\n\t\t\t\t\t<\/div>\n\t\t\t\t<\/div>\n\t\t<div class=\"elementor-element elementor-element-bd398ea e-flex e-con-boxed e-con e-parent\" data-id=\"bd398ea\" data-element_type=\"container\" data-e-type=\"container\">\n\t\t\t\t\t<div class=\"e-con-inner\">\n\t\t<div class=\"elementor-element elementor-element-330abd1 e-con-full e-flex e-con e-child\" data-id=\"330abd1\" data-element_type=\"container\" data-e-type=\"container\">\n\t\t\t\t<div class=\"elementor-element elementor-element-75ce99e elementor-widget elementor-widget-heading\" data-id=\"75ce99e\" data-element_type=\"widget\" data-e-type=\"widget\" data-widget_type=\"heading.default\">\n\t\t\t\t\t<h2 class=\"elementor-heading-title elementor-size-default\">Double OPP Metallic<\/h2>\t\t\t\t<\/div>\n\t\t\t\t<div class=\"elementor-element elementor-element-2d3ee8d elementor-widget elementor-widget-text-editor\" data-id=\"2d3ee8d\" data-element_type=\"widget\" data-e-type=\"widget\" data-widget_type=\"text-editor.default\">\n\t\t\t\t\t\t\t\t\t<p>Custom printed snack bag in metallized OPP film for automatic packaging machine<\/p>\t\t\t\t\t\t\t\t<\/div>\n\t\t\t\t<div class=\"elementor-element elementor-element-2bb2d4b elementor-widget elementor-widget-image\" data-id=\"2bb2d4b\" data-element_type=\"widget\" data-e-type=\"widget\" data-widget_type=\"image.default\">\n\t\t\t\t\t\t\t\t\t\t\t\t\t\t\t<img loading=\"lazy\" decoding=\"async\" width=\"800\" height=\"258\" src=\"https:\/\/www.blackprodesign.dz\/wp-content\/uploads\/2025\/09\/2025-09-08-231241.png\" class=\"attachment-large size-large wp-image-2140\" alt=\"\" srcset=\"https:\/\/www.blackprodesign.dz\/wp-content\/uploads\/2025\/09\/2025-09-08-231241.png 991w, https:\/\/www.blackprodesign.dz\/wp-content\/uploads\/2025\/09\/2025-09-08-231241-300x97.png 300w, https:\/\/www.blackprodesign.dz\/wp-content\/uploads\/2025\/09\/2025-09-08-231241-768x247.png 768w, https:\/\/www.blackprodesign.dz\/wp-content\/uploads\/2025\/09\/2025-09-08-231241-18x6.png 18w\" sizes=\"(max-width: 800px) 100vw, 800px\" \/>\t\t\t\t\t\t\t\t\t\t\t\t\t\t\t<\/div>\n\t\t\t\t<\/div>\n\t\t<div class=\"elementor-element elementor-element-bffef39 e-con-full e-flex e-con e-child\" data-id=\"bffef39\" data-element_type=\"container\" data-e-type=\"container\">\n\t\t\t\t<div class=\"elementor-element elementor-element-36303b7 elementor-widget elementor-widget-image\" data-id=\"36303b7\" data-element_type=\"widget\" data-e-type=\"widget\" data-widget_type=\"image.default\">\n\t\t\t\t\t\t\t\t\t\t\t\t\t\t\t<img loading=\"lazy\" decoding=\"async\" width=\"484\" height=\"304\" src=\"https:\/\/www.blackprodesign.dz\/wp-content\/uploads\/2025\/09\/image_viber_2025-09-08_13-36-44-638.jpg\" class=\"attachment-large size-large wp-image-2138\" alt=\"\" srcset=\"https:\/\/www.blackprodesign.dz\/wp-content\/uploads\/2025\/09\/image_viber_2025-09-08_13-36-44-638.jpg 484w, https:\/\/www.blackprodesign.dz\/wp-content\/uploads\/2025\/09\/image_viber_2025-09-08_13-36-44-638-300x188.jpg 300w, https:\/\/www.blackprodesign.dz\/wp-content\/uploads\/2025\/09\/image_viber_2025-09-08_13-36-44-638-18x12.jpg 18w\" sizes=\"(max-width: 484px) 100vw, 484px\" \/>\t\t\t\t\t\t\t\t\t\t\t\t\t\t\t<\/div>\n\t\t\t\t<\/div>\n\t\t\t\t\t<\/div>\n\t\t\t\t<\/div>\n\t\t\t\t<\/div>","protected":false},"excerpt":{"rendered":"<p>Un OPP m\u00e9tallis\u00e9 est un type de film plastique en polypropyl\u00e8ne orient\u00e9 (OPP) qui a \u00e9t\u00e9 recouvert d&rsquo;une fine couche de m\u00e9tal, le plus souvent de l&rsquo;aluminium, pour lui donner un aspect brillant et m\u00e9tallique tout en r\u00e9duisant son poids et son co\u00fbt par rapport au papier aluminium. Ce mat\u00e9riau est largement utilis\u00e9 dans les [&hellip;]<\/p>\n","protected":false},"author":1,"featured_media":0,"parent":0,"menu_order":0,"comment_status":"closed","ping_status":"closed","template":"elementor_header_footer","meta":{"footnotes":""},"class_list":["post-805","page","type-page","status-publish","hentry"],"_links":{"self":[{"href":"https:\/\/www.blackprodesign.dz\/en\/wp-json\/wp\/v2\/pages\/805","targetHints":{"allow":["GET"]}}],"collection":[{"href":"https:\/\/www.blackprodesign.dz\/en\/wp-json\/wp\/v2\/pages"}],"about":[{"href":"https:\/\/www.blackprodesign.dz\/en\/wp-json\/wp\/v2\/types\/page"}],"author":[{"embeddable":true,"href":"https:\/\/www.blackprodesign.dz\/en\/wp-json\/wp\/v2\/users\/1"}],"replies":[{"embeddable":true,"href":"https:\/\/www.blackprodesign.dz\/en\/wp-json\/wp\/v2\/comments?post=805"}],"version-history":[{"count":19,"href":"https:\/\/www.blackprodesign.dz\/en\/wp-json\/wp\/v2\/pages\/805\/revisions"}],"predecessor-version":[{"id":2149,"href":"https:\/\/www.blackprodesign.dz\/en\/wp-json\/wp\/v2\/pages\/805\/revisions\/2149"}],"wp:attachment":[{"href":"https:\/\/www.blackprodesign.dz\/en\/wp-json\/wp\/v2\/media?parent=805"}],"curies":[{"name":"wp","href":"https:\/\/api.w.org\/{rel}","templated":true}]}}