{"id":751,"date":"2025-08-10T10:46:37","date_gmt":"2025-08-10T10:46:37","guid":{"rendered":"https:\/\/www.blackprodesign.dz\/?page_id=751"},"modified":"2025-09-28T14:11:14","modified_gmt":"2025-09-28T14:11:14","slug":"pp-vernis-selectif","status":"publish","type":"page","link":"https:\/\/www.blackprodesign.dz\/en\/pp-vernis-selectif\/","title":{"rendered":"PP+ Vernis s\u00e9lectif"},"content":{"rendered":"<div data-elementor-type=\"wp-page\" data-elementor-id=\"751\" class=\"elementor elementor-751\" data-elementor-post-type=\"page\">\n\t\t\t\t<div class=\"elementor-element elementor-element-1175292 e-flex e-con-boxed e-con e-parent\" data-id=\"1175292\" data-element_type=\"container\" data-e-type=\"container\">\n\t\t\t\t\t<div class=\"e-con-inner\">\n\t\t<div class=\"elementor-element elementor-element-6e30bb0 e-con-full e-flex e-con e-child\" data-id=\"6e30bb0\" data-element_type=\"container\" data-e-type=\"container\">\n\t\t\t\t<div class=\"elementor-element elementor-element-87184c0 elementor-widget elementor-widget-heading\" data-id=\"87184c0\" data-element_type=\"widget\" data-e-type=\"widget\" data-widget_type=\"heading.default\">\n\t\t\t\t\t<h2 class=\"elementor-heading-title elementor-size-default\">PP + Vernis s\u00e9lectif<\/h2>\t\t\t\t<\/div>\n\t\t\t\t<div class=\"elementor-element elementor-element-f4cecd9 elementor-widget elementor-widget-text-editor\" data-id=\"f4cecd9\" data-element_type=\"widget\" data-e-type=\"widget\" data-widget_type=\"text-editor.default\">\n\t\t\t\t\t\t\t\t\t<p>Vernis s\u00e9lectif digital pour vos \u00e9tiquettes.<br \/>Des techniques de finition modernes pour rendre vos \u00e9tiquettes uniques.<br \/>\u00c9tiquettes avec vernis s\u00e9lectif digital et vos avantages avec <strong>BLACK PRO DESIGN<\/strong><\/p><p>Mise en valeur avec style<br \/>Effet unique<br \/>Toucher particulier<br \/>Forme et design libres<br \/>Nombreux mat\u00e9riaux<\/p><p><strong><span style=\"color: #0f75bc;\">\u00c9tiquettes avec vernis s\u00e9lectif<\/span> <\/strong>digital de nouveaux standards Les \u00e9tiquettes avec vernis s\u00e9lectif digital se d\u00e9marquent de la concurrence. Compar\u00e9es \u00e0 des \u00e9tiquettes traditionnelles sans finition, les \u00e9tiquettes avec une finition digitale s\u00e9duisent par leur aspect unique. Alors que les \u00e9tiquettes avec des finitions classiques n\u00e9cessitent des outils sp\u00e9ciaux, les \u00e9tiquettes avec vernis s\u00e9lectif digital n\u2019en ont pas besoin.<br \/>insi, labelletiquette.fr propose des \u00e9tiquettes uniques et de haute qualit\u00e9 avec finition \u00c9tiquettes avec vernis s\u00e9lectif digital : de nouveaux standards.<br \/>Les \u00e9tiquettes avec vernis s\u00e9lectif digital se d\u00e9marquent de la concurrence.<br \/>Compar\u00e9es \u00e0 des \u00e9tiquettes traditionnelles sans finition, les \u00e9tiquettes avec une finition digitale s\u00e9duisent par leur aspect unique. Alors que les \u00e9tiquettes avec des finitions classiques n\u00e9cessitent des outils sp\u00e9ciaux, les \u00e9tiquettes avec vernis s\u00e9lectif digital n\u2019en ont pas besoin. Ainsi, labelletiquette.fr propose des \u00e9tiquettes uniques et de haute qualit\u00e9 avec finition \u00e0 des prix r\u00e9duits, qui sont r\u00e9alis\u00e9es de mani\u00e8re extr\u00eamement \u00e9conomique en temps, en co\u00fbts et en ressources. Le vernis s\u00e9lectif digital est donc flexible et adapt\u00e9 \u00e0 diff\u00e9rentes exigences et applications, m\u00eame pour les petits volumes d\u2019\u00e9tiquettes ! Qu\u2019il s\u2019agisse d\u2019\u00e9tiquettes pour spiritueux, d\u2019\u00e9tiquettes pour cosm\u00e9tiques ou d\u2019autres produits de luxe tels que le vin, les \u00e9tiquettes avec vernis s\u00e9lectif digital soulignent dans tous les cas le caract\u00e8re unique de votre produit !<\/p>\t\t\t\t\t\t\t\t<\/div>\n\t\t\t\t<\/div>\n\t\t<div class=\"elementor-element elementor-element-ad58061 e-con-full e-flex e-con e-child\" data-id=\"ad58061\" data-element_type=\"container\" data-e-type=\"container\">\n\t\t\t\t<div class=\"elementor-element elementor-element-babc7a7 elementor-widget elementor-widget-image\" data-id=\"babc7a7\" data-element_type=\"widget\" data-e-type=\"widget\" data-widget_type=\"image.default\">\n\t\t\t\t\t\t\t\t\t\t\t\t\t\t\t<img fetchpriority=\"high\" decoding=\"async\" width=\"800\" height=\"520\" src=\"https:\/\/www.blackprodesign.dz\/wp-content\/uploads\/2025\/09\/101.jpg\" class=\"attachment-large size-large wp-image-2783\" alt=\"\" srcset=\"https:\/\/www.blackprodesign.dz\/wp-content\/uploads\/2025\/09\/101.jpg 835w, https:\/\/www.blackprodesign.dz\/wp-content\/uploads\/2025\/09\/101-300x195.jpg 300w, https:\/\/www.blackprodesign.dz\/wp-content\/uploads\/2025\/09\/101-768x499.jpg 768w, https:\/\/www.blackprodesign.dz\/wp-content\/uploads\/2025\/09\/101-18x12.jpg 18w\" sizes=\"(max-width: 800px) 100vw, 800px\" \/>\t\t\t\t\t\t\t\t\t\t\t\t\t\t\t<\/div>\n\t\t\t\t<div class=\"elementor-element elementor-element-c1313bc elementor-widget elementor-widget-image\" data-id=\"c1313bc\" data-element_type=\"widget\" data-e-type=\"widget\" data-widget_type=\"image.default\">\n\t\t\t\t\t\t\t\t\t\t\t\t\t\t\t<img decoding=\"async\" width=\"800\" height=\"430\" src=\"https:\/\/www.blackprodesign.dz\/wp-content\/uploads\/2025\/09\/5021.jpg\" class=\"attachment-large size-large wp-image-2792\" alt=\"\" srcset=\"https:\/\/www.blackprodesign.dz\/wp-content\/uploads\/2025\/09\/5021.jpg 835w, https:\/\/www.blackprodesign.dz\/wp-content\/uploads\/2025\/09\/5021-300x161.jpg 300w, https:\/\/www.blackprodesign.dz\/wp-content\/uploads\/2025\/09\/5021-768x413.jpg 768w, https:\/\/www.blackprodesign.dz\/wp-content\/uploads\/2025\/09\/5021-18x10.jpg 18w\" sizes=\"(max-width: 800px) 100vw, 800px\" \/>\t\t\t\t\t\t\t\t\t\t\t\t\t\t\t<\/div>\n\t\t\t\t<\/div>\n\t\t\t\t\t<\/div>\n\t\t\t\t<\/div>\n\t\t\t\t<\/div>","protected":false},"excerpt":{"rendered":"<p>PP + Vernis s\u00e9lectif Vernis s\u00e9lectif digital pour vos \u00e9tiquettes.Des techniques de finition modernes pour rendre vos \u00e9tiquettes uniques.\u00c9tiquettes avec vernis s\u00e9lectif digital et vos avantages avec BLACK PRO DESIGN Mise en valeur avec styleEffet uniqueToucher particulierForme et design libresNombreux mat\u00e9riaux \u00c9tiquettes avec vernis s\u00e9lectif digital de nouveaux standards Les \u00e9tiquettes avec vernis s\u00e9lectif digital [&hellip;]<\/p>\n","protected":false},"author":1,"featured_media":0,"parent":0,"menu_order":0,"comment_status":"closed","ping_status":"closed","template":"elementor_header_footer","meta":{"footnotes":""},"class_list":["post-751","page","type-page","status-publish","hentry"],"_links":{"self":[{"href":"https:\/\/www.blackprodesign.dz\/en\/wp-json\/wp\/v2\/pages\/751","targetHints":{"allow":["GET"]}}],"collection":[{"href":"https:\/\/www.blackprodesign.dz\/en\/wp-json\/wp\/v2\/pages"}],"about":[{"href":"https:\/\/www.blackprodesign.dz\/en\/wp-json\/wp\/v2\/types\/page"}],"author":[{"embeddable":true,"href":"https:\/\/www.blackprodesign.dz\/en\/wp-json\/wp\/v2\/users\/1"}],"replies":[{"embeddable":true,"href":"https:\/\/www.blackprodesign.dz\/en\/wp-json\/wp\/v2\/comments?post=751"}],"version-history":[{"count":25,"href":"https:\/\/www.blackprodesign.dz\/en\/wp-json\/wp\/v2\/pages\/751\/revisions"}],"predecessor-version":[{"id":2868,"href":"https:\/\/www.blackprodesign.dz\/en\/wp-json\/wp\/v2\/pages\/751\/revisions\/2868"}],"wp:attachment":[{"href":"https:\/\/www.blackprodesign.dz\/en\/wp-json\/wp\/v2\/media?parent=751"}],"curies":[{"name":"wp","href":"https:\/\/api.w.org\/{rel}","templated":true}]}}