{"id":746,"date":"2025-08-10T10:45:50","date_gmt":"2025-08-10T10:45:50","guid":{"rendered":"https:\/\/www.blackprodesign.dz\/?page_id=746"},"modified":"2025-09-28T14:08:10","modified_gmt":"2025-09-28T14:08:10","slug":"pp-gaufrage","status":"publish","type":"page","link":"https:\/\/www.blackprodesign.dz\/en\/pp-gaufrage\/","title":{"rendered":"PP + Gaufrage"},"content":{"rendered":"<div data-elementor-type=\"wp-page\" data-elementor-id=\"746\" class=\"elementor elementor-746\" data-elementor-post-type=\"page\">\n\t\t\t\t<div class=\"elementor-element elementor-element-214f0d0a e-flex e-con-boxed e-con e-parent\" data-id=\"214f0d0a\" data-element_type=\"container\" data-e-type=\"container\">\n\t\t\t\t\t<div class=\"e-con-inner\">\n\t\t\t\t<div class=\"elementor-element elementor-element-8471e85 elementor-widget elementor-widget-heading\" data-id=\"8471e85\" data-element_type=\"widget\" data-e-type=\"widget\" data-widget_type=\"heading.default\">\n\t\t\t\t\t<h2 class=\"elementor-heading-title elementor-size-default\">PP Goufre\n<\/h2>\t\t\t\t<\/div>\n\t\t\t\t\t<\/div>\n\t\t\t\t<\/div>\n\t\t<div class=\"elementor-element elementor-element-43e7aa20 e-flex e-con-boxed e-con e-parent\" data-id=\"43e7aa20\" data-element_type=\"container\" data-e-type=\"container\">\n\t\t\t\t\t<div class=\"e-con-inner\">\n\t\t<div class=\"elementor-element elementor-element-2fcbc3a e-con-full e-flex e-con e-child\" data-id=\"2fcbc3a\" data-element_type=\"container\" data-e-type=\"container\">\n\t\t\t\t<div class=\"elementor-element elementor-element-4208786d elementor-widget elementor-widget-image\" data-id=\"4208786d\" data-element_type=\"widget\" data-e-type=\"widget\" data-widget_type=\"image.default\">\n\t\t\t\t\t\t\t\t\t\t\t\t\t\t\t<img fetchpriority=\"high\" decoding=\"async\" width=\"443\" height=\"447\" src=\"https:\/\/www.blackprodesign.dz\/wp-content\/uploads\/2025\/09\/0112.jpg\" class=\"attachment-large size-large wp-image-2741\" alt=\"\" srcset=\"https:\/\/www.blackprodesign.dz\/wp-content\/uploads\/2025\/09\/0112.jpg 443w, https:\/\/www.blackprodesign.dz\/wp-content\/uploads\/2025\/09\/0112-297x300.jpg 297w, https:\/\/www.blackprodesign.dz\/wp-content\/uploads\/2025\/09\/0112-150x150.jpg 150w, https:\/\/www.blackprodesign.dz\/wp-content\/uploads\/2025\/09\/0112-12x12.jpg 12w\" sizes=\"(max-width: 443px) 100vw, 443px\" \/>\t\t\t\t\t\t\t\t\t\t\t\t\t\t\t<\/div>\n\t\t\t\t<\/div>\n\t\t<div class=\"elementor-element elementor-element-3a1166f3 e-con-full e-flex e-con e-child\" data-id=\"3a1166f3\" data-element_type=\"container\" data-e-type=\"container\">\n\t\t\t\t<div class=\"elementor-element elementor-element-4a1705fc elementor-widget elementor-widget-image\" data-id=\"4a1705fc\" data-element_type=\"widget\" data-e-type=\"widget\" data-widget_type=\"image.default\">\n\t\t\t\t\t\t\t\t\t\t\t\t\t\t\t<img decoding=\"async\" width=\"443\" height=\"447\" src=\"https:\/\/www.blackprodesign.dz\/wp-content\/uploads\/2025\/09\/0233.jpg\" class=\"attachment-large size-large wp-image-2742\" alt=\"\" srcset=\"https:\/\/www.blackprodesign.dz\/wp-content\/uploads\/2025\/09\/0233.jpg 443w, https:\/\/www.blackprodesign.dz\/wp-content\/uploads\/2025\/09\/0233-297x300.jpg 297w, https:\/\/www.blackprodesign.dz\/wp-content\/uploads\/2025\/09\/0233-150x150.jpg 150w, https:\/\/www.blackprodesign.dz\/wp-content\/uploads\/2025\/09\/0233-12x12.jpg 12w\" sizes=\"(max-width: 443px) 100vw, 443px\" \/>\t\t\t\t\t\t\t\t\t\t\t\t\t\t\t<\/div>\n\t\t\t\t<\/div>\n\t\t<div class=\"elementor-element elementor-element-1e26281d e-con-full e-flex e-con e-child\" data-id=\"1e26281d\" data-element_type=\"container\" data-e-type=\"container\">\n\t\t\t\t<div class=\"elementor-element elementor-element-775a550d elementor-widget elementor-widget-image\" data-id=\"775a550d\" data-element_type=\"widget\" data-e-type=\"widget\" data-widget_type=\"image.default\">\n\t\t\t\t\t\t\t\t\t\t\t\t\t\t\t<img decoding=\"async\" width=\"443\" height=\"447\" src=\"https:\/\/www.blackprodesign.dz\/wp-content\/uploads\/2025\/09\/0244.jpg\" class=\"attachment-large size-large wp-image-2746\" alt=\"\" srcset=\"https:\/\/www.blackprodesign.dz\/wp-content\/uploads\/2025\/09\/0244.jpg 443w, https:\/\/www.blackprodesign.dz\/wp-content\/uploads\/2025\/09\/0244-297x300.jpg 297w, https:\/\/www.blackprodesign.dz\/wp-content\/uploads\/2025\/09\/0244-150x150.jpg 150w, https:\/\/www.blackprodesign.dz\/wp-content\/uploads\/2025\/09\/0244-12x12.jpg 12w\" sizes=\"(max-width: 443px) 100vw, 443px\" \/>\t\t\t\t\t\t\t\t\t\t\t\t\t\t\t<\/div>\n\t\t\t\t<\/div>\n\t\t<div class=\"elementor-element elementor-element-b2d36e5 e-con-full e-flex e-con e-child\" data-id=\"b2d36e5\" data-element_type=\"container\" data-e-type=\"container\">\n\t\t\t\t<div class=\"elementor-element elementor-element-5122d3f1 elementor-widget elementor-widget-image\" data-id=\"5122d3f1\" data-element_type=\"widget\" data-e-type=\"widget\" data-widget_type=\"image.default\">\n\t\t\t\t\t\t\t\t\t\t\t\t\t\t\t<img loading=\"lazy\" decoding=\"async\" width=\"443\" height=\"447\" src=\"https:\/\/www.blackprodesign.dz\/wp-content\/uploads\/2025\/09\/06.jpg\" class=\"attachment-large size-large wp-image-2730\" alt=\"\" srcset=\"https:\/\/www.blackprodesign.dz\/wp-content\/uploads\/2025\/09\/06.jpg 443w, https:\/\/www.blackprodesign.dz\/wp-content\/uploads\/2025\/09\/06-297x300.jpg 297w, https:\/\/www.blackprodesign.dz\/wp-content\/uploads\/2025\/09\/06-150x150.jpg 150w, https:\/\/www.blackprodesign.dz\/wp-content\/uploads\/2025\/09\/06-12x12.jpg 12w\" sizes=\"(max-width: 443px) 100vw, 443px\" \/>\t\t\t\t\t\t\t\t\t\t\t\t\t\t\t<\/div>\n\t\t\t\t<\/div>\n\t\t\t\t\t<\/div>\n\t\t\t\t<\/div>\n\t\t<div class=\"elementor-element elementor-element-6e36e6ef e-flex e-con-boxed e-con e-parent\" data-id=\"6e36e6ef\" data-element_type=\"container\" data-e-type=\"container\">\n\t\t\t\t\t<div class=\"e-con-inner\">\n\t\t\t\t<div class=\"elementor-element elementor-element-585ce58 elementor-widget elementor-widget-heading\" data-id=\"585ce58\" data-element_type=\"widget\" data-e-type=\"widget\" data-widget_type=\"heading.default\">\n\t\t\t\t\t<h2 class=\"elementor-heading-title elementor-size-default\">Production, pression et surface de gaufrage<\/h2>\t\t\t\t<\/div>\n\t\t\t\t<div class=\"elementor-element elementor-element-1bc76811 elementor-widget elementor-widget-text-editor\" data-id=\"1bc76811\" data-element_type=\"widget\" data-e-type=\"widget\" data-widget_type=\"text-editor.default\">\n\t\t\t\t\t\t\t\t\t<p>e gaufrage est r\u00e9alis\u00e9 \u00e0 l\u2019aide d\u2019un outil sp\u00e9cial, de chaleur et de pression. Le m\u00eame outil est utilis\u00e9 plusieurs fois et permet de r\u00e9aliser une d\u00e9formation \u00e0 l\u2019endroit souhait\u00e9 sur l\u2019\u00e9tiquette. Chez labelletiquette.fr, nous utilisons un outil en magn\u00e9sium, mais vous avez bien s\u00fbr le choix entre un outil en magn\u00e9sium et un outil en laiton sur demande.<br \/>\u00c9tiquettes avec gaufrage et vos avantages avec <strong><span style=\"color: #0f75bc;\">BLACK PRO DESIGN<\/span><\/strong><\/p><ul><li>Effet 3D perceptible.<\/li><li>\u00c9l\u00e9gance unique.<\/li><li>Toucher particulier.<\/li><li>Forme et design libres.<\/li><li>Nombreux mat\u00e9riaux.<\/li><\/ul>\t\t\t\t\t\t\t\t<\/div>\n\t\t\t\t<div class=\"elementor-element elementor-element-fa16d14 elementor-widget elementor-widget-heading\" data-id=\"fa16d14\" data-element_type=\"widget\" data-e-type=\"widget\" data-widget_type=\"heading.default\">\n\t\t\t\t\t<h2 class=\"elementor-heading-title elementor-size-default\">Supports et adh\u00e9sifs pour \u00e9tiquettes avec gaufrage<\/h2>\t\t\t\t<\/div>\n\t\t\t\t<div class=\"elementor-element elementor-element-5cbcc914 elementor-widget elementor-widget-text-editor\" data-id=\"5cbcc914\" data-element_type=\"widget\" data-e-type=\"widget\" data-widget_type=\"text-editor.default\">\n\t\t\t\t\t\t\t\t\t<p>Le gaufrage en relief ne peut \u00eatre appliqu\u00e9 que sur des \u00e9tiquettes en papier. Nous avons les papiers adapt\u00e9s \u00e0 vos \u00e9tiquettes avec gaufrage,qui correspondent \u00e0 vos besoins. Par exemple, nous proposons diverses solutions durables pour vos \u00e9tiquettes gaufr\u00e9es. Bien e ntendu, vous n\u2019avez pas \u00e0 faire de compromis sur l\u2019esth\u00e9tique ou la fonctionnalit\u00e9. Selon l\u2019utilisation de vos \u00e9tiquettes, vous aurez besoin de l\u2019adh\u00e9sif ad\u00e9quat.<\/p>\t\t\t\t\t\t\t\t<\/div>\n\t\t\t\t\t<\/div>\n\t\t\t\t<\/div>\n\t\t<div class=\"elementor-element elementor-element-79f6274 e-flex e-con-boxed e-con e-parent\" data-id=\"79f6274\" data-element_type=\"container\" data-e-type=\"container\">\n\t\t\t\t\t<div class=\"e-con-inner\">\n\t\t<div class=\"elementor-element elementor-element-eb13aa6 e-con-full e-flex e-con e-child\" data-id=\"eb13aa6\" data-element_type=\"container\" data-e-type=\"container\">\n\t\t\t\t<div class=\"elementor-element elementor-element-e709da8 elementor-widget elementor-widget-image\" data-id=\"e709da8\" data-element_type=\"widget\" data-e-type=\"widget\" data-widget_type=\"image.default\">\n\t\t\t\t\t\t\t\t\t\t\t\t\t\t\t<img loading=\"lazy\" decoding=\"async\" width=\"443\" height=\"447\" src=\"https:\/\/www.blackprodesign.dz\/wp-content\/uploads\/2025\/09\/021.jpg\" class=\"attachment-large size-large wp-image-2759\" alt=\"\" srcset=\"https:\/\/www.blackprodesign.dz\/wp-content\/uploads\/2025\/09\/021.jpg 443w, https:\/\/www.blackprodesign.dz\/wp-content\/uploads\/2025\/09\/021-297x300.jpg 297w, https:\/\/www.blackprodesign.dz\/wp-content\/uploads\/2025\/09\/021-150x150.jpg 150w, https:\/\/www.blackprodesign.dz\/wp-content\/uploads\/2025\/09\/021-12x12.jpg 12w\" sizes=\"(max-width: 443px) 100vw, 443px\" \/>\t\t\t\t\t\t\t\t\t\t\t\t\t\t\t<\/div>\n\t\t\t\t<\/div>\n\t\t<div class=\"elementor-element elementor-element-09dfb87 e-con-full e-flex e-con e-child\" data-id=\"09dfb87\" data-element_type=\"container\" data-e-type=\"container\">\n\t\t\t\t<div class=\"elementor-element elementor-element-e8cfedf elementor-widget elementor-widget-image\" data-id=\"e8cfedf\" data-element_type=\"widget\" data-e-type=\"widget\" data-widget_type=\"image.default\">\n\t\t\t\t\t\t\t\t\t\t\t\t\t\t\t<img loading=\"lazy\" decoding=\"async\" width=\"443\" height=\"447\" src=\"https:\/\/www.blackprodesign.dz\/wp-content\/uploads\/2025\/09\/031.jpg\" class=\"attachment-large size-large wp-image-2761\" alt=\"\" srcset=\"https:\/\/www.blackprodesign.dz\/wp-content\/uploads\/2025\/09\/031.jpg 443w, https:\/\/www.blackprodesign.dz\/wp-content\/uploads\/2025\/09\/031-297x300.jpg 297w, https:\/\/www.blackprodesign.dz\/wp-content\/uploads\/2025\/09\/031-150x150.jpg 150w, https:\/\/www.blackprodesign.dz\/wp-content\/uploads\/2025\/09\/031-12x12.jpg 12w\" sizes=\"(max-width: 443px) 100vw, 443px\" \/>\t\t\t\t\t\t\t\t\t\t\t\t\t\t\t<\/div>\n\t\t\t\t<\/div>\n\t\t<div class=\"elementor-element elementor-element-b5fb6d5 e-con-full e-flex e-con e-child\" data-id=\"b5fb6d5\" data-element_type=\"container\" data-e-type=\"container\">\n\t\t\t\t<div class=\"elementor-element elementor-element-c7fefeb elementor-widget elementor-widget-image\" data-id=\"c7fefeb\" data-element_type=\"widget\" data-e-type=\"widget\" data-widget_type=\"image.default\">\n\t\t\t\t\t\t\t\t\t\t\t\t\t\t\t<img loading=\"lazy\" decoding=\"async\" width=\"443\" height=\"447\" src=\"https:\/\/www.blackprodesign.dz\/wp-content\/uploads\/2025\/09\/081.jpg\" class=\"attachment-large size-large wp-image-2765\" alt=\"\" srcset=\"https:\/\/www.blackprodesign.dz\/wp-content\/uploads\/2025\/09\/081.jpg 443w, https:\/\/www.blackprodesign.dz\/wp-content\/uploads\/2025\/09\/081-297x300.jpg 297w, https:\/\/www.blackprodesign.dz\/wp-content\/uploads\/2025\/09\/081-150x150.jpg 150w, https:\/\/www.blackprodesign.dz\/wp-content\/uploads\/2025\/09\/081-12x12.jpg 12w\" sizes=\"(max-width: 443px) 100vw, 443px\" \/>\t\t\t\t\t\t\t\t\t\t\t\t\t\t\t<\/div>\n\t\t\t\t<\/div>\n\t\t<div class=\"elementor-element elementor-element-791c4f1 e-con-full e-flex e-con e-child\" data-id=\"791c4f1\" data-element_type=\"container\" data-e-type=\"container\">\n\t\t\t\t<div class=\"elementor-element elementor-element-844fd21 elementor-widget elementor-widget-image\" data-id=\"844fd21\" data-element_type=\"widget\" data-e-type=\"widget\" data-widget_type=\"image.default\">\n\t\t\t\t\t\t\t\t\t\t\t\t\t\t\t<img loading=\"lazy\" decoding=\"async\" width=\"443\" height=\"447\" src=\"https:\/\/www.blackprodesign.dz\/wp-content\/uploads\/2025\/09\/013.jpg\" class=\"attachment-large size-large wp-image-2769\" alt=\"\" srcset=\"https:\/\/www.blackprodesign.dz\/wp-content\/uploads\/2025\/09\/013.jpg 443w, https:\/\/www.blackprodesign.dz\/wp-content\/uploads\/2025\/09\/013-297x300.jpg 297w, https:\/\/www.blackprodesign.dz\/wp-content\/uploads\/2025\/09\/013-150x150.jpg 150w, https:\/\/www.blackprodesign.dz\/wp-content\/uploads\/2025\/09\/013-12x12.jpg 12w\" sizes=\"(max-width: 443px) 100vw, 443px\" \/>\t\t\t\t\t\t\t\t\t\t\t\t\t\t\t<\/div>\n\t\t\t\t<\/div>\n\t\t<div class=\"elementor-element elementor-element-ce7b9c4 e-con-full e-flex e-con e-child\" data-id=\"ce7b9c4\" data-element_type=\"container\" data-e-type=\"container\">\n\t\t\t\t<div class=\"elementor-element elementor-element-484370a elementor-widget elementor-widget-heading\" data-id=\"484370a\" data-element_type=\"widget\" data-e-type=\"widget\" data-widget_type=\"heading.default\">\n\t\t\t\t\t<h2 class=\"elementor-heading-title elementor-size-default\">Dorure \u00e0 chaud et dorure galb\u00e9e en compl\u00e9ment<\/h2>\t\t\t\t<\/div>\n\t\t\t\t<div class=\"elementor-element elementor-element-e7978a6 elementor-widget elementor-widget-text-editor\" data-id=\"e7978a6\" data-element_type=\"widget\" data-e-type=\"widget\" data-widget_type=\"text-editor.default\">\n\t\t\t\t\t\t\t\t\t<p>Bien entendu, votre \u00e9tiquette peut \u00eatre dot\u00e9e d\u2019une finition autre que le gaufrage ou m\u00eame de plusieurs finitions ! Comme expliqu\u00e9 pr\u00e9c\u00e9demment,le gaufrage est une d\u00e9formation partielle de l\u2019\u00e9tiquette. Si vous optez pour <span style=\"color: #0f75bc;\"><strong>une dorure \u00e0 chaud<\/strong><\/span>, un film (sans d\u00e9formation partielle) est appliqu\u00e9 \u00e0 certains endroits \u00e0 l\u2019aide de chaleur, de pression et d\u2019un outil. Vous pouvez \u00e9galement embellir votre \u00e9tiquette avec <strong><span style=\"color: #0f75bc;\">une dorure galb\u00e9e<\/span><\/strong>, qui est une combinaison de gaufrage et de dorure \u00e0 chaud : certains endroits de l\u2019\u00e9tiquette sont non seulement d\u00e9form\u00e9s, mais \u00e9galement recouverts d\u2019un film color\u00e9.<br \/>Une protection suppl\u00e9mentaire pour vos \u00e9tiquettes.<br \/>Parmi les finitions ayant une fonction protectrice, on compte le <strong><span style=\"color: #0f75bc;\">pelliculage<\/span><\/strong> et le<strong><span style=\"color: #0f75bc;\"> vernis de protection<\/span><\/strong>. Le vernis de protection donne \u00e0 votre \u00e9tiquette une surface de meilleure qualit\u00e9 et la prot\u00e8ge de l\u2019abrasion. Les propri\u00e9t\u00e9s du vernis de protection doivent \u00eatre a dapt\u00e9es au support de votre \u00e9tiquette. Dans le cas du pelliculage, en revanche, ce n\u2019est pas un vernis qui est appliqu\u00e9 sur l\u2019\u00e9tiquette, mais un fi lm transparent.<br \/>En raison de la d\u00e9formation caract\u00e9ristique du gaufrage, il n\u2019est pas possible d\u2019appliquer un film de protection suppl\u00e9mentaire. Le gaufrage ne peut donc pas \u00eatre combin\u00e9 avec le pelliculage. Dans ce cas, nous recommandons le vernis de protection.<\/p>\t\t\t\t\t\t\t\t<\/div>\n\t\t\t\t<\/div>\n\t\t\t\t\t<\/div>\n\t\t\t\t<\/div>\n\t\t\t\t<\/div>","protected":false},"excerpt":{"rendered":"<p>PP Goufre Production, pression et surface de gaufrage e gaufrage est r\u00e9alis\u00e9 \u00e0 l\u2019aide d\u2019un outil sp\u00e9cial, de chaleur et de pression. Le m\u00eame outil est utilis\u00e9 plusieurs fois et permet de r\u00e9aliser une d\u00e9formation \u00e0 l\u2019endroit souhait\u00e9 sur l\u2019\u00e9tiquette. Chez labelletiquette.fr, nous utilisons un outil en magn\u00e9sium, mais vous avez bien s\u00fbr le choix [&hellip;]<\/p>\n","protected":false},"author":1,"featured_media":0,"parent":0,"menu_order":0,"comment_status":"closed","ping_status":"closed","template":"elementor_header_footer","meta":{"footnotes":""},"class_list":["post-746","page","type-page","status-publish","hentry"],"_links":{"self":[{"href":"https:\/\/www.blackprodesign.dz\/en\/wp-json\/wp\/v2\/pages\/746","targetHints":{"allow":["GET"]}}],"collection":[{"href":"https:\/\/www.blackprodesign.dz\/en\/wp-json\/wp\/v2\/pages"}],"about":[{"href":"https:\/\/www.blackprodesign.dz\/en\/wp-json\/wp\/v2\/types\/page"}],"author":[{"embeddable":true,"href":"https:\/\/www.blackprodesign.dz\/en\/wp-json\/wp\/v2\/users\/1"}],"replies":[{"embeddable":true,"href":"https:\/\/www.blackprodesign.dz\/en\/wp-json\/wp\/v2\/comments?post=746"}],"version-history":[{"count":40,"href":"https:\/\/www.blackprodesign.dz\/en\/wp-json\/wp\/v2\/pages\/746\/revisions"}],"predecessor-version":[{"id":2865,"href":"https:\/\/www.blackprodesign.dz\/en\/wp-json\/wp\/v2\/pages\/746\/revisions\/2865"}],"wp:attachment":[{"href":"https:\/\/www.blackprodesign.dz\/en\/wp-json\/wp\/v2\/media?parent=746"}],"curies":[{"name":"wp","href":"https:\/\/api.w.org\/{rel}","templated":true}]}}